{"id":126,"date":"2018-05-07T13:04:36","date_gmt":"2018-05-07T11:04:36","guid":{"rendered":"https:\/\/shop.velopa.ch\/?page_id=126"},"modified":"2026-01-27T08:29:50","modified_gmt":"2026-01-27T08:29:50","slug":"boutique","status":"publish","type":"page","link":"https:\/\/shop.velopa.ch\/fr\/","title":{"rendered":"Shop"},"content":{"rendered":"<p>[et_pb_section fb_built=\u00a0\u00bb1&Prime; _builder_version=\u00a0\u00bb4.16&Prime; custom_padding=\u00a0\u00bb30px|0px|120px|0px|false|false\u00a0\u00bb global_colors_info=\u00a0\u00bb{}\u00a0\u00bb][et_pb_row _builder_version=\u00a0\u00bb4.16&Prime; custom_padding=\u00a0\u00bb27px|0px|0|0px|false|false\u00a0\u00bb global_colors_info=\u00a0\u00bb{}\u00a0\u00bb][et_pb_column type=\u00a0\u00bb4_4&Prime; _builder_version=\u00a0\u00bb4.16&Prime; custom_padding=\u00a0\u00bb|||\u00a0\u00bb global_colors_info=\u00a0\u00bb{}\u00a0\u00bb custom_padding__hover=\u00a0\u00bb|||\u00a0\u00bb][et_pb_text _builder_version=\u00a0\u00bb4.27.4&Prime; hover_enabled=\u00a0\u00bb0&Prime; global_colors_info=\u00a0\u00bb{}\u00a0\u00bb sticky_enabled=\u00a0\u00bb0&Prime;]<\/p>\n<h1>Shop<\/h1>\n<p>[\/et_pb_text][\/et_pb_column][\/et_pb_row][et_pb_row _builder_version=\u00a0\u00bb4.16&Prime; custom_padding=\u00a0\u00bb30px|0px|0|0px|false|false\u00a0\u00bb global_colors_info=\u00a0\u00bb{}\u00a0\u00bb][et_pb_column type=\u00a0\u00bb4_4&Prime; _builder_version=\u00a0\u00bb4.16&Prime; custom_padding=\u00a0\u00bb|||\u00a0\u00bb global_colors_info=\u00a0\u00bb{}\u00a0\u00bb custom_padding__hover=\u00a0\u00bb|||\u00a0\u00bb][et_pb_text _builder_version=\u00a0\u00bb4.16&Prime; global_colors_info=\u00a0\u00bb{}\u00a0\u00bb]<\/p>\n<div class=\"shopcats\"><div class=\"et_pb_column et_pb_column_1_3     et_pb_css_mix_blend_mode_passthrough\"><div class=\"et_pb_module et_pb_code \"><div class=\"et_pb_code_inner\"><a class=\"ds-hover-5\" href=\"https:\/\/shop.velopa.ch\/fr\/categorie-produit\/systemes-de-stationnement\/\" ds-title=\"\u25ba Syst\u00e8mes de stationnement\" ds-desc=\"En principe on peut stationner son v\u00e9lo partout : le long d\u2019un mur, d\u2019une balustrade ou simplement sur le trottoir sans l\u2019attacher.\"\"><img decoding=\"async\" src=\"https:\/\/shop.velopa.ch\/wp-content\/uploads\/2020\/06\/Parkiersysteme-1.jpg\" alt=\"Alt text Here\"><\/a><\/div><\/div><\/div><div class=\"et_pb_column et_pb_column_1_3     et_pb_css_mix_blend_mode_passthrough\"><div class=\"et_pb_module et_pb_code \"><div class=\"et_pb_code_inner\"><a class=\"ds-hover-5\" href=\"https:\/\/shop.velopa.ch\/fr\/categorie-produit\/clients-prives\/\" ds-title=\"\u25ba Produits pour particuliers\" ds-desc=\"Nous proposons l\u2019assortiment le plus vaste sur le march\u00e9 suisse d\u2019abris pour v\u00e9los verrouillables ou ouverts pour les m\u00e9nages et am\u00e9nageons \r\nvotre cave \u00e0 v\u00e9los avec des syst\u00e8mes de parcage intelligents.\"><img decoding=\"async\" src=\"https:\/\/shop.velopa.ch\/wp-content\/uploads\/2020\/06\/Schurter.jpg\" alt=\"Alt text Here\"><\/a><\/div><\/div><\/div><div class=\"et_pb_column et_pb_column_1_3 last    et_pb_css_mix_blend_mode_passthrough\"><div class=\"et_pb_module et_pb_code \"><div class=\"et_pb_code_inner\"><a class=\"ds-hover-5\" href=\"https:\/\/shop.velopa.ch\/fr\/categorie-produit\/systemes-de-delimitation-manuels\/\" ds-title=\"\u25ba Syst\u00e8mes de d\u00e9limitation manuels\" ds-desc=\"D\u00e9limiter les lieux publics et priv\u00e9s est une pratique de plus en plus fr\u00e9quente et appr\u00e9ci\u00e9e.\"><img decoding=\"async\" src=\"https:\/\/shop.velopa.ch\/wp-content\/uploads\/2020\/06\/manuelle-absperrsysteme-2.jpg\" alt=\"Alt text Here\"><\/a><\/div><\/div><\/div><div class=\"et_pb_column et_pb_column_1_3     et_pb_css_mix_blend_mode_passthrough\"><div class=\"et_pb_module et_pb_code \"><div class=\"et_pb_code_inner\"><a class=\"ds-hover-5\" href=\"https:\/\/shop.velopa.ch\/fr\/categorie-produit\/etriers-dappui\/\" ds-title=\"\u25ba \u00c9triers d\u2019appui\" ds-desc=\"Que ce soit pour une utilisation ponctuelle ou en tant que solution fixe : les diff\u00e9rents \u00e9triers d\u2019appui offrent un espace de stationnement optimal pour les v\u00e9los de toute taille au sein de l\u2019espace public.\"\"><img decoding=\"async\" src=\"https:\/\/shop.velopa.ch\/wp-content\/uploads\/2020\/06\/anlehnbuegel.jpg\" alt=\"Alt text Here\"><\/a><\/div><\/div><\/div><div class=\"et_pb_column et_pb_column_1_3     et_pb_css_mix_blend_mode_passthrough\"><div class=\"et_pb_module et_pb_code \"><div class=\"et_pb_code_inner\"><a class=\"ds-hover-5\" href=\"https:\/\/shop.velopa.ch\/fr\/categorie-produit\/abris-a-velos\/\" ds-title=\"\u25ba Abris \u00e0 v\u00e9los\" ds-desc=\"L\u2019abri \u00e0 v\u00e9los ne se limite pas uniquement \u00e0 son aspect esth\u00e9tique, il prot\u00e8ge \u00e9galement les v\u00e9los et autres objets contre les intemp\u00e9ries et offrent un espace de rangement pratique.\"><img decoding=\"async\" src=\"https:\/\/shop.velopa.ch\/wp-content\/uploads\/2020\/06\/Unterstaende.jpg\" alt=\"Alt text Here\"><\/a><\/div><\/div><\/div><div class=\"et_pb_column et_pb_column_1_3 last    et_pb_css_mix_blend_mode_passthrough\"><div class=\"et_pb_module et_pb_code \"><div class=\"et_pb_code_inner\"><a class=\"ds-hover-5\" href=\"https:\/\/shop.velopa.ch\/fr\/categorie-produit\/bancs-sieges-tables\/\" ds-title=\"\u25ba Bancs \u2013 Si\u00e8ges \u2013 Tables\" ds-desc=\"Un r\u00e9seau de transports en public efficace, des bars et restaurants branch\u00e9s et une belle rue commer\u00e7ante rendent une ville attrayante. Mais ce qu\u2019il faut surtout en nombre suffisant, ce sont des lieux paisibles o\u00f9 l\u2019on peut se poser et se reposer.\"><img decoding=\"async\" src=\"https:\/\/shop.velopa.ch\/wp-content\/uploads\/2019\/08\/baenke-sitze-tische.jpg\" alt=\"Alt text Here\"><\/a><\/div><\/div><\/div><div class=\"et_pb_column et_pb_column_1_3     et_pb_css_mix_blend_mode_passthrough\"><div class=\"et_pb_module et_pb_code \"><div class=\"et_pb_code_inner\"><a class=\"ds-hover-5\" href=\"https:\/\/shop.velopa.ch\/fr\/categorie-produit\/poubelles-et-cendriers\/\" ds-title=\"\u25ba Poubelles et Cendriers\" ds-desc=\"Pas de lieux publics sans poubelles ni cendriers. D\u2019apparence classique ou innovante dans leur forme, ils s\u2019int\u00e8grent \u00e0 tout environnement.\"><img decoding=\"async\" src=\"https:\/\/shop.velopa.ch\/wp-content\/uploads\/2022\/06\/Aschenbecher.jpg\" alt=\"Alt text Here\"><\/a><\/div><\/div><\/div><div class=\"et_pb_column et_pb_column_1_3     et_pb_css_mix_blend_mode_passthrough\"><div class=\"et_pb_module et_pb_code \"><div class=\"et_pb_code_inner\"><a class=\"ds-hover-5\" href=\"https:\/\/shop.velopa.ch\/fr\/categorie-produit\/promotions\/\" ds-title=\"\u25ba Promotions\" ds-desc=\"Vous trouverez ici, \u00e0 des conditions pr\u00e9f\u00e9rentielles, des articles en fin de stock ou des produits utilis\u00e9s comme mod\u00e8les d\u2019exposition dans notre showroom ou lors de salons. Nous vous conseillons \u00e9galement volontiers par t\u00e9l\u00e9phone!\"><img decoding=\"async\" src=\"https:\/\/shop.velopa.ch\/wp-content\/uploads\/2025\/02\/Sonderangebote-small-front-1.jpg\" alt=\"Alt text Here\"><\/a><\/div><\/div><\/div><\/div>\n<p>[\/et_pb_text][\/et_pb_column][\/et_pb_row][\/et_pb_section]<\/p>\n","protected":false},"excerpt":{"rendered":"<p>Shop<div class=\"shopcats\"><div class=\"et_pb_column et_pb_column_1_3     et_pb_css_mix_blend_mode_passthrough\"><div class=\"et_pb_module et_pb_code \"><div class=\"et_pb_code_inner\"><a class=\"ds-hover-5\" href=\"https:\/\/shop.velopa.ch\/fr\/categorie-produit\/systemes-de-stationnement\/\" ds-title=\"\u25ba Syst\u00e8mes de stationnement\" ds-desc=\"En principe on peut stationner son v\u00e9lo partout : le long d\u2019un mur, d\u2019une balustrade ou simplement sur le trottoir sans l\u2019attacher.\"\"><img decoding=\"async\" src=\"https:\/\/shop.velopa.ch\/wp-content\/uploads\/2020\/06\/Parkiersysteme-1.jpg\" alt=\"Alt text Here\"><\/a><\/div><\/div><\/div><div class=\"et_pb_column et_pb_column_1_3     et_pb_css_mix_blend_mode_passthrough\"><div class=\"et_pb_module et_pb_code \"><div class=\"et_pb_code_inner\"><a class=\"ds-hover-5\" href=\"https:\/\/shop.velopa.ch\/fr\/categorie-produit\/clients-prives\/\" ds-title=\"\u25ba Produits pour particuliers\" ds-desc=\"Nous proposons l\u2019assortiment le plus vaste sur le march\u00e9 suisse d\u2019abris pour v\u00e9los verrouillables ou ouverts pour les m\u00e9nages et am\u00e9nageons \r\nvotre cave \u00e0 v\u00e9los avec des syst\u00e8mes de parcage intelligents.\"><img decoding=\"async\" src=\"https:\/\/shop.velopa.ch\/wp-content\/uploads\/2020\/06\/Schurter.jpg\" alt=\"Alt text Here\"><\/a><\/div><\/div><\/div><div class=\"et_pb_column et_pb_column_1_3 last    et_pb_css_mix_blend_mode_passthrough\"><div class=\"et_pb_module et_pb_code \"><div class=\"et_pb_code_inner\"><a class=\"ds-hover-5\" href=\"https:\/\/shop.velopa.ch\/fr\/categorie-produit\/systemes-de-delimitation-manuels\/\" ds-title=\"\u25ba Syst\u00e8mes de d\u00e9limitation manuels\" ds-desc=\"D\u00e9limiter les lieux publics et priv\u00e9s est une pratique de plus en plus fr\u00e9quente et appr\u00e9ci\u00e9e.\"><img decoding=\"async\" src=\"https:\/\/shop.velopa.ch\/wp-content\/uploads\/2020\/06\/manuelle-absperrsysteme-2.jpg\" alt=\"Alt text Here\"><\/a><\/div><\/div><\/div><div class=\"et_pb_column et_pb_column_1_3     et_pb_css_mix_blend_mode_passthrough\"><div class=\"et_pb_module et_pb_code \"><div class=\"et_pb_code_inner\"><a class=\"ds-hover-5\" href=\"https:\/\/shop.velopa.ch\/fr\/categorie-produit\/etriers-dappui\/\" ds-title=\"\u25ba \u00c9triers d\u2019appui\" ds-desc=\"Que ce soit pour une utilisation ponctuelle ou en tant que solution fixe : les diff\u00e9rents \u00e9triers d\u2019appui offrent un espace de stationnement optimal pour les v\u00e9los de toute taille au sein de l\u2019espace public.\"\"><img decoding=\"async\" src=\"https:\/\/shop.velopa.ch\/wp-content\/uploads\/2020\/06\/anlehnbuegel.jpg\" alt=\"Alt text Here\"><\/a><\/div><\/div><\/div><div class=\"et_pb_column et_pb_column_1_3     et_pb_css_mix_blend_mode_passthrough\"><div class=\"et_pb_module et_pb_code \"><div class=\"et_pb_code_inner\"><a class=\"ds-hover-5\" href=\"https:\/\/shop.velopa.ch\/fr\/categorie-produit\/abris-a-velos\/\" ds-title=\"\u25ba Abris \u00e0 v\u00e9los\" ds-desc=\"L\u2019abri \u00e0 v\u00e9los ne se limite pas uniquement \u00e0 son aspect esth\u00e9tique, il prot\u00e8ge \u00e9galement les v\u00e9los et autres objets contre les intemp\u00e9ries et offrent un espace de rangement pratique.\"><img decoding=\"async\" src=\"https:\/\/shop.velopa.ch\/wp-content\/uploads\/2020\/06\/Unterstaende.jpg\" alt=\"Alt text Here\"><\/a><\/div><\/div><\/div><div class=\"et_pb_column et_pb_column_1_3 last    et_pb_css_mix_blend_mode_passthrough\"><div class=\"et_pb_module et_pb_code \"><div class=\"et_pb_code_inner\"><a class=\"ds-hover-5\" href=\"https:\/\/shop.velopa.ch\/fr\/categorie-produit\/bancs-sieges-tables\/\" ds-title=\"\u25ba Bancs \u2013 Si\u00e8ges \u2013 Tables\" ds-desc=\"Un r\u00e9seau de transports en public efficace, des bars et restaurants branch\u00e9s et une belle rue commer\u00e7ante rendent une ville attrayante. Mais ce qu\u2019il faut surtout en nombre suffisant, ce sont des lieux paisibles o\u00f9 l\u2019on peut se poser et se reposer.\"><img decoding=\"async\" src=\"https:\/\/shop.velopa.ch\/wp-content\/uploads\/2019\/08\/baenke-sitze-tische.jpg\" alt=\"Alt text Here\"><\/a><\/div><\/div><\/div><div class=\"et_pb_column et_pb_column_1_3     et_pb_css_mix_blend_mode_passthrough\"><div class=\"et_pb_module et_pb_code \"><div class=\"et_pb_code_inner\"><a class=\"ds-hover-5\" href=\"https:\/\/shop.velopa.ch\/fr\/categorie-produit\/poubelles-et-cendriers\/\" ds-title=\"\u25ba Poubelles et Cendriers\" ds-desc=\"Pas de lieux publics sans poubelles ni cendriers. D\u2019apparence classique ou innovante dans leur forme, ils s\u2019int\u00e8grent \u00e0 tout environnement.\"><img decoding=\"async\" src=\"https:\/\/shop.velopa.ch\/wp-content\/uploads\/2022\/06\/Aschenbecher.jpg\" alt=\"Alt text Here\"><\/a><\/div><\/div><\/div><div class=\"et_pb_column et_pb_column_1_3     et_pb_css_mix_blend_mode_passthrough\"><div class=\"et_pb_module et_pb_code \"><div class=\"et_pb_code_inner\"><a class=\"ds-hover-5\" href=\"https:\/\/shop.velopa.ch\/fr\/categorie-produit\/promotions\/\" ds-title=\"\u25ba Promotions\" ds-desc=\"Vous trouverez ici, \u00e0 des conditions pr\u00e9f\u00e9rentielles, des articles en fin de stock ou des produits utilis\u00e9s comme mod\u00e8les d\u2019exposition dans notre showroom ou lors de salons. Nous vous conseillons \u00e9galement volontiers par t\u00e9l\u00e9phone!\"><img decoding=\"async\" src=\"https:\/\/shop.velopa.ch\/wp-content\/uploads\/2025\/02\/Sonderangebote-small-front-1.jpg\" alt=\"Alt text Here\"><\/a><\/div><\/div><\/div><\/div><\/p>\n","protected":false},"author":3,"featured_media":0,"parent":0,"menu_order":0,"comment_status":"closed","ping_status":"closed","template":"","meta":{"_acf_changed":false,"_et_pb_use_builder":"on","_et_pb_old_content":"","_et_gb_content_width":"","footnotes":""},"class_list":["post-126","page","type-page","status-publish","hentry"],"acf":[],"yoast_head":"<!-- This site is optimized with the Yoast SEO plugin v27.2 - https:\/\/yoast.com\/product\/yoast-seo-wordpress\/ -->\n<title>Shop - Velopa Shop<\/title>\n<meta name=\"robots\" content=\"index, follow, max-snippet:-1, max-image-preview:large, max-video-preview:-1\" \/>\n<link rel=\"canonical\" href=\"https:\/\/shop.velopa.ch\/fr\/\" \/>\n<meta property=\"og:locale\" content=\"fr_FR\" \/>\n<meta property=\"og:type\" content=\"article\" \/>\n<meta property=\"og:title\" content=\"Shop - Velopa Shop\" \/>\n<meta property=\"og:description\" content=\"Shop\" \/>\n<meta property=\"og:url\" content=\"https:\/\/shop.velopa.ch\/fr\/\" \/>\n<meta property=\"og:site_name\" content=\"Velopa Shop\" \/>\n<meta property=\"article:modified_time\" content=\"2026-01-27T08:29:50+00:00\" \/>\n<meta name=\"twitter:card\" content=\"summary_large_image\" \/>\n<meta name=\"twitter:label1\" content=\"Dur\u00e9e de lecture estim\u00e9e\" \/>\n\t<meta name=\"twitter:data1\" content=\"2 minutes\" \/>\n<script type=\"application\/ld+json\" class=\"yoast-schema-graph\">{\"@context\":\"https:\/\/schema.org\",\"@graph\":[{\"@type\":\"WebPage\",\"@id\":\"https:\/\/shop.velopa.ch\/fr\/\",\"url\":\"https:\/\/shop.velopa.ch\/fr\/\",\"name\":\"Shop - Velopa Shop\",\"isPartOf\":{\"@id\":\"https:\/\/shop.velopa.ch\/#website\"},\"datePublished\":\"2018-05-07T11:04:36+00:00\",\"dateModified\":\"2026-01-27T08:29:50+00:00\",\"breadcrumb\":{\"@id\":\"https:\/\/shop.velopa.ch\/fr\/#breadcrumb\"},\"inLanguage\":\"fr-FR\",\"potentialAction\":[{\"@type\":\"ReadAction\",\"target\":[\"https:\/\/shop.velopa.ch\/fr\/\"]}]},{\"@type\":\"BreadcrumbList\",\"@id\":\"https:\/\/shop.velopa.ch\/fr\/#breadcrumb\",\"itemListElement\":[{\"@type\":\"ListItem\",\"position\":1,\"name\":\"Home\",\"item\":\"https:\/\/shop.velopa.ch\/fr\/\"},{\"@type\":\"ListItem\",\"position\":2,\"name\":\"Shop\"}]},{\"@type\":\"WebSite\",\"@id\":\"https:\/\/shop.velopa.ch\/#website\",\"url\":\"https:\/\/shop.velopa.ch\/\",\"name\":\"Velopa Shop\",\"description\":\"\",\"potentialAction\":[{\"@type\":\"SearchAction\",\"target\":{\"@type\":\"EntryPoint\",\"urlTemplate\":\"https:\/\/shop.velopa.ch\/?s={search_term_string}\"},\"query-input\":{\"@type\":\"PropertyValueSpecification\",\"valueRequired\":true,\"valueName\":\"search_term_string\"}}],\"inLanguage\":\"fr-FR\"}]}<\/script>\n<!-- \/ Yoast SEO plugin. -->","yoast_head_json":{"title":"Shop - Velopa Shop","robots":{"index":"index","follow":"follow","max-snippet":"max-snippet:-1","max-image-preview":"max-image-preview:large","max-video-preview":"max-video-preview:-1"},"canonical":"https:\/\/shop.velopa.ch\/fr\/","og_locale":"fr_FR","og_type":"article","og_title":"Shop - Velopa Shop","og_description":"Shop","og_url":"https:\/\/shop.velopa.ch\/fr\/","og_site_name":"Velopa Shop","article_modified_time":"2026-01-27T08:29:50+00:00","twitter_card":"summary_large_image","twitter_misc":{"Dur\u00e9e de lecture estim\u00e9e":"2 minutes"},"schema":{"@context":"https:\/\/schema.org","@graph":[{"@type":"WebPage","@id":"https:\/\/shop.velopa.ch\/fr\/","url":"https:\/\/shop.velopa.ch\/fr\/","name":"Shop - Velopa Shop","isPartOf":{"@id":"https:\/\/shop.velopa.ch\/#website"},"datePublished":"2018-05-07T11:04:36+00:00","dateModified":"2026-01-27T08:29:50+00:00","breadcrumb":{"@id":"https:\/\/shop.velopa.ch\/fr\/#breadcrumb"},"inLanguage":"fr-FR","potentialAction":[{"@type":"ReadAction","target":["https:\/\/shop.velopa.ch\/fr\/"]}]},{"@type":"BreadcrumbList","@id":"https:\/\/shop.velopa.ch\/fr\/#breadcrumb","itemListElement":[{"@type":"ListItem","position":1,"name":"Home","item":"https:\/\/shop.velopa.ch\/fr\/"},{"@type":"ListItem","position":2,"name":"Shop"}]},{"@type":"WebSite","@id":"https:\/\/shop.velopa.ch\/#website","url":"https:\/\/shop.velopa.ch\/","name":"Velopa Shop","description":"","potentialAction":[{"@type":"SearchAction","target":{"@type":"EntryPoint","urlTemplate":"https:\/\/shop.velopa.ch\/?s={search_term_string}"},"query-input":{"@type":"PropertyValueSpecification","valueRequired":true,"valueName":"search_term_string"}}],"inLanguage":"fr-FR"}]}},"_links":{"self":[{"href":"https:\/\/shop.velopa.ch\/fr\/wp-json\/wp\/v2\/pages\/126","targetHints":{"allow":["GET"]}}],"collection":[{"href":"https:\/\/shop.velopa.ch\/fr\/wp-json\/wp\/v2\/pages"}],"about":[{"href":"https:\/\/shop.velopa.ch\/fr\/wp-json\/wp\/v2\/types\/page"}],"author":[{"embeddable":true,"href":"https:\/\/shop.velopa.ch\/fr\/wp-json\/wp\/v2\/users\/3"}],"replies":[{"embeddable":true,"href":"https:\/\/shop.velopa.ch\/fr\/wp-json\/wp\/v2\/comments?post=126"}],"version-history":[{"count":10,"href":"https:\/\/shop.velopa.ch\/fr\/wp-json\/wp\/v2\/pages\/126\/revisions"}],"predecessor-version":[{"id":41082,"href":"https:\/\/shop.velopa.ch\/fr\/wp-json\/wp\/v2\/pages\/126\/revisions\/41082"}],"wp:attachment":[{"href":"https:\/\/shop.velopa.ch\/fr\/wp-json\/wp\/v2\/media?parent=126"}],"curies":[{"name":"wp","href":"https:\/\/api.w.org\/{rel}","templated":true}]}}