{"id":1074,"date":"2019-01-02T14:44:29","date_gmt":"2019-01-02T13:44:29","guid":{"rendered":"https:\/\/shop.velopa.ch\/product\/velobox\/"},"modified":"2023-08-24T07:26:52","modified_gmt":"2023-08-24T07:26:52","slug":"velobox","status":"publish","type":"product","link":"https:\/\/shop.velopa.ch\/fr\/produit\/velobox\/","title":{"rendered":"VeloBox"},"content":{"rendered":"<p>Une protection int\u00e9grale pour vos v\u00e9los<\/p>\n<p>Le VeloBox est fabriqu\u00e9 avec des tubes en acier et habill\u00e9 de t\u00f4les en aluminium. Cette installation solide prot\u00e8ge votre v\u00e9lo contre le vol et le vandalisme. Le mod\u00e8le de base comprend une serrure avec poign\u00e9e rotative. Sur demande, il est possible de l\u2019adapter \u00e0 votre propre syst\u00e8me de fermeture (type de cylindre appropri\u00e9 : 1008 C\/25). Nous avons privil\u00e9gi\u00e9 une utilisation simple, la trappe en aluminium s\u2019ouvre donc tr\u00e8s facilement.<\/p>\n<p>Les options suivantes sont disponibles pour notre abri \u00e0 v\u00e9los VeloBox :<\/p>\n<p>Clef suppl\u00e9mentaire<br \/>\nSupport \u00e0 v\u00e9los, \u00e9triers altern\u00e9s haut\/bas, nombre d\u2019\u00e9triers au choix, distance des axes minimale conseill\u00e9e : 35 cm<br \/>\nRev\u00eatement en poudre<br \/>\nAstuces :<br \/>\nComme le BikeSafe, le VeloBox est multifonctionnel et permet \u00e9galement de ranger facilement des outils de jardin volumineux ou des jouets. Les petites irr\u00e9gularit\u00e9s du sol peuvent \u00eatre compens\u00e9es gr\u00e2ce aux pieds r\u00e9glables. Nous recommandons d\u2019installer le BikeSafe sur une surface plane et dure.<\/p>\n","protected":false},"excerpt":{"rendered":"<p>L\u2019abri VeloBox \u00e9quip\u00e9 d\u2019une serrure \u00e0 cylindre et d\u2019une poign\u00e9e rotative est enti\u00e8rement ferm\u00e9. La protection id\u00e9ale contre les intemp\u00e9ries et les vols ! Prix de base, tube en acier galvanis\u00e9 \u00e0 chaud, les deux parois lat\u00e9rales de couleur standard. Sur choix la poign\u00e9e peut \u00eatre adapt\u00e9e avec votre serrure d\u2019habitation<\/p>\n","protected":false},"featured_media":2139,"template":"","meta":{"_acf_changed":false,"_et_pb_use_builder":"","_et_pb_old_content":"","_et_gb_content_width":""},"product_brand":[],"product_cat":[44,45],"product_tag":[],"class_list":{"0":"post-1074","1":"product","2":"type-product","3":"status-publish","4":"has-post-thumbnail","6":"product_cat-abris-a-velos","7":"product_cat-clients-prives","8":"product_shipping_class-velobox-minivit-engadin-bikesafe-fr","10":"first","11":"instock","12":"sold-individually","13":"taxable","14":"shipping-taxable","15":"purchasable","16":"product-type-variable"},"exclude_global_add_ons":false,"addons":[{"name":"Syst\u00e8mes de stationnement","type":"multiple_choice","position":0,"required":false,"title_format":"heading","default":"","description_enable":false,"description":"","placeholder_enable":false,"placeholder":"","display":"select","restrictions_type":"any_text","adjust_price":false,"price":"","price_type":"flat_fee","restrictions":false,"min":"0","max":"0","options":[{"label":"Type 120, 2 v\u00e9los: VS2010 supports \u00e0 v\u00e9los type 85\/2, 1b 1 m","price":"138","price_type":"quantity_based","image":0,"visibility":true},{"label":"Type 160, 3 v\u00e9los: VS2021 supports \u00e0 v\u00e9los type 140\/3, 2b 1m","price":"207","price_type":"quantity_based","image":0,"visibility":true},{"label":"Type 200, 4 v\u00e9los: VS2039 supports \u00e0 v\u00e9los type 180\/4, 2b 2m","price":"276","price_type":"quantity_based","image":0,"visibility":true}],"id":1692862013},{"name":"Cl\u00e9s suppl\u00e9mentaires","type":"checkbox","position":1,"required":false,"title_format":"heading","default":"","description_enable":true,"description":"2 cl\u00e9s sont livr\u00e9es en standard","placeholder_enable":false,"placeholder":"","display":"select","restrictions_type":"any_text","adjust_price":false,"price":"","price_type":"flat_fee","restrictions":false,"min":"0","max":"0","options":[{"label":"Cylindre fourni par vous-m\u00eame","price":"","price_type":"quantity_based","image":0,"visibility":true},{"label":"1 pc.","price":"9","price_type":"quantity_based","image":0,"visibility":true},{"label":"1 pcs.","price":"18","price_type":"quantity_based","image":0,"visibility":true}],"id":1692862014},{"name":"Avec assemblage","type":"checkbox","position":2,"required":false,"title_format":"heading","default":"","description_enable":true,"description":"<a href=\"https:\/\/velopa.ch\/wp-content\/uploads\/Produktinformation\/FR\/Montagepreise_FR.pdf\" target=\"_blank\">*liste de prix livraison et montage<\/a>","placeholder_enable":false,"placeholder":"","display":"select","restrictions_type":"any_text","adjust_price":false,"price":"","price_type":"flat_fee","restrictions":false,"min":"0","max":"0","options":[{"label":"frais de montage","price":"360","price_type":"quantity_based","image":0,"visibility":true}],"id":1692862015}],"acf":[],"yoast_head":"<!-- This site is optimized with the Yoast SEO plugin v27.2 - https:\/\/yoast.com\/product\/yoast-seo-wordpress\/ -->\n<title>VeloBox - Velopa Shop<\/title>\n<meta name=\"robots\" content=\"index, follow, max-snippet:-1, max-image-preview:large, max-video-preview:-1\" \/>\n<link rel=\"canonical\" href=\"https:\/\/shop.velopa.ch\/fr\/produit\/velobox\/\" \/>\n<meta property=\"og:locale\" content=\"fr_FR\" \/>\n<meta property=\"og:type\" content=\"article\" \/>\n<meta property=\"og:title\" content=\"VeloBox - Velopa Shop\" \/>\n<meta property=\"og:description\" content=\"L\u2019abri VeloBox \u00e9quip\u00e9 d\u2019une serrure \u00e0 cylindre et d\u2019une poign\u00e9e rotative est enti\u00e8rement ferm\u00e9. La protection id\u00e9ale contre les intemp\u00e9ries et les vols ! Prix de base, tube en acier galvanis\u00e9 \u00e0 chaud, les deux parois lat\u00e9rales de couleur standard. Sur choix la poign\u00e9e peut \u00eatre adapt\u00e9e avec votre serrure d\u2019habitation\" \/>\n<meta property=\"og:url\" content=\"https:\/\/shop.velopa.ch\/fr\/produit\/velobox\/\" \/>\n<meta property=\"og:site_name\" content=\"Velopa Shop\" \/>\n<meta property=\"article:modified_time\" content=\"2023-08-24T07:26:52+00:00\" \/>\n<meta property=\"og:image\" content=\"https:\/\/shop.velopa.ch\/wp-content\/uploads\/2019\/01\/VeloBox.jpg\" \/>\n\t<meta property=\"og:image:width\" content=\"600\" \/>\n\t<meta property=\"og:image:height\" content=\"600\" \/>\n\t<meta property=\"og:image:type\" content=\"image\/jpeg\" \/>\n<meta name=\"twitter:card\" content=\"summary_large_image\" \/>\n<meta name=\"twitter:label1\" content=\"Dur\u00e9e de lecture estim\u00e9e\" \/>\n\t<meta name=\"twitter:data1\" content=\"1 minute\" \/>\n<script type=\"application\/ld+json\" class=\"yoast-schema-graph\">{\"@context\":\"https:\/\/schema.org\",\"@graph\":[{\"@type\":\"WebPage\",\"@id\":\"https:\/\/shop.velopa.ch\/fr\/produit\/velobox\/\",\"url\":\"https:\/\/shop.velopa.ch\/fr\/produit\/velobox\/\",\"name\":\"VeloBox - Velopa Shop\",\"isPartOf\":{\"@id\":\"https:\/\/shop.velopa.ch\/#website\"},\"primaryImageOfPage\":{\"@id\":\"https:\/\/shop.velopa.ch\/fr\/produit\/velobox\/#primaryimage\"},\"image\":{\"@id\":\"https:\/\/shop.velopa.ch\/fr\/produit\/velobox\/#primaryimage\"},\"thumbnailUrl\":\"https:\/\/shop.velopa.ch\/wp-content\/uploads\/2019\/01\/VeloBox.jpg\",\"datePublished\":\"2019-01-02T13:44:29+00:00\",\"dateModified\":\"2023-08-24T07:26:52+00:00\",\"breadcrumb\":{\"@id\":\"https:\/\/shop.velopa.ch\/fr\/produit\/velobox\/#breadcrumb\"},\"inLanguage\":\"fr-FR\",\"potentialAction\":[{\"@type\":\"ReadAction\",\"target\":[\"https:\/\/shop.velopa.ch\/fr\/produit\/velobox\/\"]}]},{\"@type\":\"ImageObject\",\"inLanguage\":\"fr-FR\",\"@id\":\"https:\/\/shop.velopa.ch\/fr\/produit\/velobox\/#primaryimage\",\"url\":\"https:\/\/shop.velopa.ch\/wp-content\/uploads\/2019\/01\/VeloBox.jpg\",\"contentUrl\":\"https:\/\/shop.velopa.ch\/wp-content\/uploads\/2019\/01\/VeloBox.jpg\",\"width\":600,\"height\":600},{\"@type\":\"BreadcrumbList\",\"@id\":\"https:\/\/shop.velopa.ch\/fr\/produit\/velobox\/#breadcrumb\",\"itemListElement\":[{\"@type\":\"ListItem\",\"position\":1,\"name\":\"Home\",\"item\":\"https:\/\/shop.velopa.ch\/fr\/\"},{\"@type\":\"ListItem\",\"position\":2,\"name\":\"Shop\",\"item\":\"https:\/\/shop.velopa.ch\/fr\/\"},{\"@type\":\"ListItem\",\"position\":3,\"name\":\"VeloBox\"}]},{\"@type\":\"WebSite\",\"@id\":\"https:\/\/shop.velopa.ch\/#website\",\"url\":\"https:\/\/shop.velopa.ch\/\",\"name\":\"Velopa Shop\",\"description\":\"\",\"potentialAction\":[{\"@type\":\"SearchAction\",\"target\":{\"@type\":\"EntryPoint\",\"urlTemplate\":\"https:\/\/shop.velopa.ch\/?s={search_term_string}\"},\"query-input\":{\"@type\":\"PropertyValueSpecification\",\"valueRequired\":true,\"valueName\":\"search_term_string\"}}],\"inLanguage\":\"fr-FR\"}]}<\/script>\n<!-- \/ Yoast SEO plugin. -->","yoast_head_json":{"title":"VeloBox - Velopa Shop","robots":{"index":"index","follow":"follow","max-snippet":"max-snippet:-1","max-image-preview":"max-image-preview:large","max-video-preview":"max-video-preview:-1"},"canonical":"https:\/\/shop.velopa.ch\/fr\/produit\/velobox\/","og_locale":"fr_FR","og_type":"article","og_title":"VeloBox - Velopa Shop","og_description":"L\u2019abri VeloBox \u00e9quip\u00e9 d\u2019une serrure \u00e0 cylindre et d\u2019une poign\u00e9e rotative est enti\u00e8rement ferm\u00e9. La protection id\u00e9ale contre les intemp\u00e9ries et les vols ! Prix de base, tube en acier galvanis\u00e9 \u00e0 chaud, les deux parois lat\u00e9rales de couleur standard. Sur choix la poign\u00e9e peut \u00eatre adapt\u00e9e avec votre serrure d\u2019habitation","og_url":"https:\/\/shop.velopa.ch\/fr\/produit\/velobox\/","og_site_name":"Velopa Shop","article_modified_time":"2023-08-24T07:26:52+00:00","og_image":[{"width":600,"height":600,"url":"https:\/\/shop.velopa.ch\/wp-content\/uploads\/2019\/01\/VeloBox.jpg","type":"image\/jpeg"}],"twitter_card":"summary_large_image","twitter_misc":{"Dur\u00e9e de lecture estim\u00e9e":"1 minute"},"schema":{"@context":"https:\/\/schema.org","@graph":[{"@type":"WebPage","@id":"https:\/\/shop.velopa.ch\/fr\/produit\/velobox\/","url":"https:\/\/shop.velopa.ch\/fr\/produit\/velobox\/","name":"VeloBox - Velopa Shop","isPartOf":{"@id":"https:\/\/shop.velopa.ch\/#website"},"primaryImageOfPage":{"@id":"https:\/\/shop.velopa.ch\/fr\/produit\/velobox\/#primaryimage"},"image":{"@id":"https:\/\/shop.velopa.ch\/fr\/produit\/velobox\/#primaryimage"},"thumbnailUrl":"https:\/\/shop.velopa.ch\/wp-content\/uploads\/2019\/01\/VeloBox.jpg","datePublished":"2019-01-02T13:44:29+00:00","dateModified":"2023-08-24T07:26:52+00:00","breadcrumb":{"@id":"https:\/\/shop.velopa.ch\/fr\/produit\/velobox\/#breadcrumb"},"inLanguage":"fr-FR","potentialAction":[{"@type":"ReadAction","target":["https:\/\/shop.velopa.ch\/fr\/produit\/velobox\/"]}]},{"@type":"ImageObject","inLanguage":"fr-FR","@id":"https:\/\/shop.velopa.ch\/fr\/produit\/velobox\/#primaryimage","url":"https:\/\/shop.velopa.ch\/wp-content\/uploads\/2019\/01\/VeloBox.jpg","contentUrl":"https:\/\/shop.velopa.ch\/wp-content\/uploads\/2019\/01\/VeloBox.jpg","width":600,"height":600},{"@type":"BreadcrumbList","@id":"https:\/\/shop.velopa.ch\/fr\/produit\/velobox\/#breadcrumb","itemListElement":[{"@type":"ListItem","position":1,"name":"Home","item":"https:\/\/shop.velopa.ch\/fr\/"},{"@type":"ListItem","position":2,"name":"Shop","item":"https:\/\/shop.velopa.ch\/fr\/"},{"@type":"ListItem","position":3,"name":"VeloBox"}]},{"@type":"WebSite","@id":"https:\/\/shop.velopa.ch\/#website","url":"https:\/\/shop.velopa.ch\/","name":"Velopa Shop","description":"","potentialAction":[{"@type":"SearchAction","target":{"@type":"EntryPoint","urlTemplate":"https:\/\/shop.velopa.ch\/?s={search_term_string}"},"query-input":{"@type":"PropertyValueSpecification","valueRequired":true,"valueName":"search_term_string"}}],"inLanguage":"fr-FR"}]}},"_links":{"self":[{"href":"https:\/\/shop.velopa.ch\/fr\/wp-json\/wp\/v2\/product\/1074","targetHints":{"allow":["GET"]}}],"collection":[{"href":"https:\/\/shop.velopa.ch\/fr\/wp-json\/wp\/v2\/product"}],"about":[{"href":"https:\/\/shop.velopa.ch\/fr\/wp-json\/wp\/v2\/types\/product"}],"wp:featuredmedia":[{"embeddable":true,"href":"https:\/\/shop.velopa.ch\/fr\/wp-json\/wp\/v2\/media\/2139"}],"wp:attachment":[{"href":"https:\/\/shop.velopa.ch\/fr\/wp-json\/wp\/v2\/media?parent=1074"}],"wp:term":[{"taxonomy":"product_brand","embeddable":true,"href":"https:\/\/shop.velopa.ch\/fr\/wp-json\/wp\/v2\/product_brand?post=1074"},{"taxonomy":"product_cat","embeddable":true,"href":"https:\/\/shop.velopa.ch\/fr\/wp-json\/wp\/v2\/product_cat?post=1074"},{"taxonomy":"product_tag","embeddable":true,"href":"https:\/\/shop.velopa.ch\/fr\/wp-json\/wp\/v2\/product_tag?post=1074"}],"curies":[{"name":"wp","href":"https:\/\/api.w.org\/{rel}","templated":true}]}}