{"id":1120,"date":"2019-01-02T15:08:40","date_gmt":"2019-01-02T14:08:40","guid":{"rendered":"https:\/\/shop.velopa.ch\/product\/lightroof\/"},"modified":"2021-07-19T08:54:31","modified_gmt":"2021-07-19T08:54:31","slug":"lightroof","status":"publish","type":"product","link":"https:\/\/shop.velopa.ch\/fr\/produit\/lightroof\/","title":{"rendered":"LightRoof"},"content":{"rendered":"<p>Facile \u00e0 monter \u2013 robuste lors des manipulations<\/p>\n<p>Le LightRoof est un objet d\u2019ameublement esth\u00e9tique et styl\u00e9 permettant le rangement de vos v\u00e9los. Tout en retenue et \u00e9l\u00e9gant, il s\u2019adapte \u00e0 votre jardin de devant et \u00e0 vos go\u00fbts personnels.<\/p>\n<p>La structure du toit du LightRoof est repli\u00e9e en un tour de main, de mani\u00e8re \u00e0 ce qu\u2019on n\u2019ait pas \u00e0 se pencher lorsqu\u2019on entre et on sort les v\u00e9los.<\/p>\n<p>La flexibilit\u00e9 de cet abri de v\u00e9lo intelligent permet son adaptation \u00e0 des besoins diff\u00e9rents. Les parois arri\u00e8re et lat\u00e9rales ou le parc \u00e0 v\u00e9los BikeClick\u00ae bien con\u00e7u peuvent \u00e9galement \u00eatre int\u00e9gr\u00e9s ult\u00e9rieurement.<\/p>\n<p>La structure en aluminium anodis\u00e9 est particuli\u00e8rement r\u00e9sistante aux intemp\u00e9ries et pr\u00e9sente une grande dur\u00e9e de vie.<\/p>\n<p>Gr\u00e2ce \u00e0 la faible hauteur, le LightRoof peut \u00eatre install\u00e9 discr\u00e8tement derri\u00e8re une haie ou dans le jardin de devant.<\/p>\n<p>Dimensions (Lxpxh): 210x200x149 cm, poids: 47,5 kg<\/p>\n","protected":false},"excerpt":{"rendered":"<p>La structure du LightRoof est r\u00e9alis\u00e9e \u00e0 partir de profil\u00e9s sp\u00e9ciaux en aluminium et du syst\u00e8me brevet\u00e9 d\u2019assemblage de profil\u00e9s. Les raccords sont d\u00e9j\u00e0 int\u00e9gr\u00e9s dans les profil\u00e9s, de fa\u00e7on \u00e0 ce que le montage soit particuli\u00e8rement simple et rapide.<\/p>\n","protected":false},"featured_media":1085,"template":"","meta":{"_acf_changed":false,"_et_pb_use_builder":"","_et_pb_old_content":"","_et_gb_content_width":""},"product_brand":[],"product_cat":[44,45],"product_tag":[],"class_list":{"0":"post-1120","1":"product","2":"type-product","3":"status-publish","4":"has-post-thumbnail","6":"product_cat-abris-a-velos","7":"product_cat-clients-prives","8":"product_shipping_class-gardenbox-fr","10":"first","11":"instock","12":"taxable","13":"shipping-taxable","14":"purchasable","15":"product-type-variable","16":"has-default-attributes"},"exclude_global_add_ons":[],"addons":[],"acf":[],"yoast_head":"<!-- This site is optimized with the Yoast SEO plugin v27.2 - https:\/\/yoast.com\/product\/yoast-seo-wordpress\/ -->\n<title>LightRoof - Velopa Shop<\/title>\n<meta name=\"robots\" content=\"index, follow, max-snippet:-1, max-image-preview:large, max-video-preview:-1\" \/>\n<link rel=\"canonical\" href=\"https:\/\/shop.velopa.ch\/fr\/produit\/lightroof\/\" \/>\n<meta property=\"og:locale\" content=\"fr_FR\" \/>\n<meta property=\"og:type\" content=\"article\" \/>\n<meta property=\"og:title\" content=\"LightRoof - Velopa Shop\" \/>\n<meta property=\"og:description\" content=\"La structure du LightRoof est r\u00e9alis\u00e9e \u00e0 partir de profil\u00e9s sp\u00e9ciaux en aluminium et du syst\u00e8me brevet\u00e9 d\u2019assemblage de profil\u00e9s. Les raccords sont d\u00e9j\u00e0 int\u00e9gr\u00e9s dans les profil\u00e9s, de fa\u00e7on \u00e0 ce que le montage soit particuli\u00e8rement simple et rapide.\" \/>\n<meta property=\"og:url\" content=\"https:\/\/shop.velopa.ch\/fr\/produit\/lightroof\/\" \/>\n<meta property=\"og:site_name\" content=\"Velopa Shop\" \/>\n<meta property=\"article:modified_time\" content=\"2021-07-19T08:54:31+00:00\" \/>\n<meta property=\"og:image\" content=\"https:\/\/shop.velopa.ch\/wp-content\/uploads\/2019\/01\/lightroof.jpg\" \/>\n\t<meta property=\"og:image:width\" content=\"600\" \/>\n\t<meta property=\"og:image:height\" content=\"600\" \/>\n\t<meta property=\"og:image:type\" content=\"image\/jpeg\" \/>\n<meta name=\"twitter:card\" content=\"summary_large_image\" \/>\n<meta name=\"twitter:label1\" content=\"Dur\u00e9e de lecture estim\u00e9e\" \/>\n\t<meta name=\"twitter:data1\" content=\"1 minute\" \/>\n<script type=\"application\/ld+json\" class=\"yoast-schema-graph\">{\"@context\":\"https:\/\/schema.org\",\"@graph\":[{\"@type\":\"WebPage\",\"@id\":\"https:\/\/shop.velopa.ch\/fr\/produit\/lightroof\/\",\"url\":\"https:\/\/shop.velopa.ch\/fr\/produit\/lightroof\/\",\"name\":\"LightRoof - Velopa Shop\",\"isPartOf\":{\"@id\":\"https:\/\/shop.velopa.ch\/#website\"},\"primaryImageOfPage\":{\"@id\":\"https:\/\/shop.velopa.ch\/fr\/produit\/lightroof\/#primaryimage\"},\"image\":{\"@id\":\"https:\/\/shop.velopa.ch\/fr\/produit\/lightroof\/#primaryimage\"},\"thumbnailUrl\":\"https:\/\/shop.velopa.ch\/wp-content\/uploads\/2019\/01\/lightroof.jpg\",\"datePublished\":\"2019-01-02T14:08:40+00:00\",\"dateModified\":\"2021-07-19T08:54:31+00:00\",\"breadcrumb\":{\"@id\":\"https:\/\/shop.velopa.ch\/fr\/produit\/lightroof\/#breadcrumb\"},\"inLanguage\":\"fr-FR\",\"potentialAction\":[{\"@type\":\"ReadAction\",\"target\":[\"https:\/\/shop.velopa.ch\/fr\/produit\/lightroof\/\"]}]},{\"@type\":\"ImageObject\",\"inLanguage\":\"fr-FR\",\"@id\":\"https:\/\/shop.velopa.ch\/fr\/produit\/lightroof\/#primaryimage\",\"url\":\"https:\/\/shop.velopa.ch\/wp-content\/uploads\/2019\/01\/lightroof.jpg\",\"contentUrl\":\"https:\/\/shop.velopa.ch\/wp-content\/uploads\/2019\/01\/lightroof.jpg\",\"width\":600,\"height\":600},{\"@type\":\"BreadcrumbList\",\"@id\":\"https:\/\/shop.velopa.ch\/fr\/produit\/lightroof\/#breadcrumb\",\"itemListElement\":[{\"@type\":\"ListItem\",\"position\":1,\"name\":\"Home\",\"item\":\"https:\/\/shop.velopa.ch\/fr\/\"},{\"@type\":\"ListItem\",\"position\":2,\"name\":\"Shop\",\"item\":\"https:\/\/shop.velopa.ch\/fr\/\"},{\"@type\":\"ListItem\",\"position\":3,\"name\":\"LightRoof\"}]},{\"@type\":\"WebSite\",\"@id\":\"https:\/\/shop.velopa.ch\/#website\",\"url\":\"https:\/\/shop.velopa.ch\/\",\"name\":\"Velopa Shop\",\"description\":\"\",\"potentialAction\":[{\"@type\":\"SearchAction\",\"target\":{\"@type\":\"EntryPoint\",\"urlTemplate\":\"https:\/\/shop.velopa.ch\/?s={search_term_string}\"},\"query-input\":{\"@type\":\"PropertyValueSpecification\",\"valueRequired\":true,\"valueName\":\"search_term_string\"}}],\"inLanguage\":\"fr-FR\"}]}<\/script>\n<!-- \/ Yoast SEO plugin. -->","yoast_head_json":{"title":"LightRoof - Velopa Shop","robots":{"index":"index","follow":"follow","max-snippet":"max-snippet:-1","max-image-preview":"max-image-preview:large","max-video-preview":"max-video-preview:-1"},"canonical":"https:\/\/shop.velopa.ch\/fr\/produit\/lightroof\/","og_locale":"fr_FR","og_type":"article","og_title":"LightRoof - Velopa Shop","og_description":"La structure du LightRoof est r\u00e9alis\u00e9e \u00e0 partir de profil\u00e9s sp\u00e9ciaux en aluminium et du syst\u00e8me brevet\u00e9 d\u2019assemblage de profil\u00e9s. Les raccords sont d\u00e9j\u00e0 int\u00e9gr\u00e9s dans les profil\u00e9s, de fa\u00e7on \u00e0 ce que le montage soit particuli\u00e8rement simple et rapide.","og_url":"https:\/\/shop.velopa.ch\/fr\/produit\/lightroof\/","og_site_name":"Velopa Shop","article_modified_time":"2021-07-19T08:54:31+00:00","og_image":[{"width":600,"height":600,"url":"https:\/\/shop.velopa.ch\/wp-content\/uploads\/2019\/01\/lightroof.jpg","type":"image\/jpeg"}],"twitter_card":"summary_large_image","twitter_misc":{"Dur\u00e9e de lecture estim\u00e9e":"1 minute"},"schema":{"@context":"https:\/\/schema.org","@graph":[{"@type":"WebPage","@id":"https:\/\/shop.velopa.ch\/fr\/produit\/lightroof\/","url":"https:\/\/shop.velopa.ch\/fr\/produit\/lightroof\/","name":"LightRoof - Velopa Shop","isPartOf":{"@id":"https:\/\/shop.velopa.ch\/#website"},"primaryImageOfPage":{"@id":"https:\/\/shop.velopa.ch\/fr\/produit\/lightroof\/#primaryimage"},"image":{"@id":"https:\/\/shop.velopa.ch\/fr\/produit\/lightroof\/#primaryimage"},"thumbnailUrl":"https:\/\/shop.velopa.ch\/wp-content\/uploads\/2019\/01\/lightroof.jpg","datePublished":"2019-01-02T14:08:40+00:00","dateModified":"2021-07-19T08:54:31+00:00","breadcrumb":{"@id":"https:\/\/shop.velopa.ch\/fr\/produit\/lightroof\/#breadcrumb"},"inLanguage":"fr-FR","potentialAction":[{"@type":"ReadAction","target":["https:\/\/shop.velopa.ch\/fr\/produit\/lightroof\/"]}]},{"@type":"ImageObject","inLanguage":"fr-FR","@id":"https:\/\/shop.velopa.ch\/fr\/produit\/lightroof\/#primaryimage","url":"https:\/\/shop.velopa.ch\/wp-content\/uploads\/2019\/01\/lightroof.jpg","contentUrl":"https:\/\/shop.velopa.ch\/wp-content\/uploads\/2019\/01\/lightroof.jpg","width":600,"height":600},{"@type":"BreadcrumbList","@id":"https:\/\/shop.velopa.ch\/fr\/produit\/lightroof\/#breadcrumb","itemListElement":[{"@type":"ListItem","position":1,"name":"Home","item":"https:\/\/shop.velopa.ch\/fr\/"},{"@type":"ListItem","position":2,"name":"Shop","item":"https:\/\/shop.velopa.ch\/fr\/"},{"@type":"ListItem","position":3,"name":"LightRoof"}]},{"@type":"WebSite","@id":"https:\/\/shop.velopa.ch\/#website","url":"https:\/\/shop.velopa.ch\/","name":"Velopa Shop","description":"","potentialAction":[{"@type":"SearchAction","target":{"@type":"EntryPoint","urlTemplate":"https:\/\/shop.velopa.ch\/?s={search_term_string}"},"query-input":{"@type":"PropertyValueSpecification","valueRequired":true,"valueName":"search_term_string"}}],"inLanguage":"fr-FR"}]}},"_links":{"self":[{"href":"https:\/\/shop.velopa.ch\/fr\/wp-json\/wp\/v2\/product\/1120","targetHints":{"allow":["GET"]}}],"collection":[{"href":"https:\/\/shop.velopa.ch\/fr\/wp-json\/wp\/v2\/product"}],"about":[{"href":"https:\/\/shop.velopa.ch\/fr\/wp-json\/wp\/v2\/types\/product"}],"wp:featuredmedia":[{"embeddable":true,"href":"https:\/\/shop.velopa.ch\/fr\/wp-json\/wp\/v2\/media\/1085"}],"wp:attachment":[{"href":"https:\/\/shop.velopa.ch\/fr\/wp-json\/wp\/v2\/media?parent=1120"}],"wp:term":[{"taxonomy":"product_brand","embeddable":true,"href":"https:\/\/shop.velopa.ch\/fr\/wp-json\/wp\/v2\/product_brand?post=1120"},{"taxonomy":"product_cat","embeddable":true,"href":"https:\/\/shop.velopa.ch\/fr\/wp-json\/wp\/v2\/product_cat?post=1120"},{"taxonomy":"product_tag","embeddable":true,"href":"https:\/\/shop.velopa.ch\/fr\/wp-json\/wp\/v2\/product_tag?post=1120"}],"curies":[{"name":"wp","href":"https:\/\/api.w.org\/{rel}","templated":true}]}}