{"id":1407,"date":"2019-01-03T14:40:12","date_gmt":"2019-01-03T13:40:12","guid":{"rendered":"https:\/\/shop.velopa.ch\/product\/miniroof\/"},"modified":"2023-08-24T07:32:25","modified_gmt":"2023-08-24T07:32:25","slug":"miniroof","status":"publish","type":"product","link":"https:\/\/shop.velopa.ch\/fr\/produit\/miniroof\/","title":{"rendered":"MiniRoof"},"content":{"rendered":"<p>MiniRoof : id\u00e9al pour 2 v\u00e9los !<\/p>\n<p>Le MiniRoof est un abri petit et solide, sa structure est en acier galvanis\u00e9 \u00e0 chaud et son cadre est en acier. Les \u00e9l\u00e9ments de raccord sont en acier inoxydable. Ce produit b\u00e9n\u00e9ficie du m\u00eame rev\u00eatement en verre acrylique que le BikeRoof. Vous pourrez par la suite facilement ajouter tous nos accessoires pour abri \u00e0 v\u00e9los. Le MiniRoof est id\u00e9al en cas d\u2019espace restreint.<\/p>\n<p>Les options suivantes sont disponibles pour notre abri \u00e0 v\u00e9los MiniRoof :<\/p>\n<p>Parois lat\u00e9rales en verre acrylique de 3 mm, structure en alu<br \/>\nParoi arri\u00e8re en verre acrylique de 3 mm, structure en alu<br \/>\nSupport \u00e0 v\u00e9lo, \u00e9triers altern\u00e9s bas et haut, nombre d\u2019\u00e9triers au choix, distance des axes minimale conseill\u00e9e : 35 cm<br \/>\nRampe d\u2019acc\u00e8s pour faciliter le stationnement des v\u00e9los<br \/>\nRev\u00eatement en poudre<br \/>\nConseil :<br \/>\nLe MiniRoof ne n\u00e9cessite aucune fondation sp\u00e9cifique. L\u2019abri \u00e0 v\u00e9los peut facilement \u00eatre fix\u00e9 sur des dalles ou avec des piquets dans du gravier ou m\u00eame du gazon. Les irr\u00e9gularit\u00e9s du sol peuvent \u00e9galement \u00eatre compens\u00e9es gr\u00e2ce \u00e0 des supports adapt\u00e9s.<\/p>\n","protected":false},"excerpt":{"rendered":"<p>L\u2019abri \u00e0 v\u00e9los MiniRoof est la solution id\u00e9ale pour les espaces particuli\u00e8rement restreints. Cet abri \u00e0 v\u00e9los existe maintenant aussi avec une b\u00e2che lat\u00e9rale de protection contre les intemp\u00e9ries.<\/p>\n","protected":false},"featured_media":1406,"template":"","meta":{"_acf_changed":false,"_et_pb_use_builder":"","_et_pb_old_content":"","_et_gb_content_width":""},"product_brand":[],"product_cat":[44,45],"product_tag":[],"class_list":{"0":"post-1407","1":"product","2":"type-product","3":"status-publish","4":"has-post-thumbnail","6":"product_cat-abris-a-velos","7":"product_cat-clients-prives","8":"product_shipping_class-bikeroof-1-50-fr","10":"first","11":"instock","12":"sold-individually","13":"taxable","14":"shipping-taxable","15":"purchasable","16":"product-type-variable","17":"has-default-attributes"},"exclude_global_add_ons":false,"addons":[{"name":"Syst\u00e8mes de stationnement","type":"multiple_choice","position":0,"required":false,"title_format":"heading","default":"","description_enable":false,"description":"","placeholder_enable":false,"placeholder":"","display":"select","restrictions_type":"any_text","adjust_price":false,"price":"","price_type":"flat_fee","restrictions":false,"min":"0","max":"0","options":[{"label":"VS2011 supports \u00e0 v\u00e9lo type 85\/2, 1b 1 h","price":"138","price_type":"quantity_based","image":0,"visibility":true}],"id":1692862345},{"name":"Rampe d\u2019acc\u00e8s pour support","type":"multiple_choice","position":1,"required":false,"title_format":"heading","default":"","description_enable":true,"description":"Pour un stationnement du v\u00e9lo simple et confortable.","placeholder_enable":false,"placeholder":"","display":"select","restrictions_type":"any_text","adjust_price":false,"price":"","price_type":"flat_fee","restrictions":false,"min":"0","max":"0","options":[{"label":"VS1015 rampe d\u2019acc\u00e8s pour support bas","price":"35","price_type":"quantity_based","image":0,"visibility":true},{"label":"VS1017 rampe d\u2019acc\u00e8s pour support haut","price":"35","price_type":"quantity_based","image":0,"visibility":true}],"id":1692862346},{"name":"Avec assemblage","type":"checkbox","position":2,"required":false,"title_format":"heading","default":"","description_enable":true,"description":"<a href=\"https:\/\/velopa.ch\/wp-content\/uploads\/Produktinformation\/FR\/Montagepreise_FR.pdf\" target=\"_blank\">*liste de prix livraison et montage<\/a>","placeholder_enable":false,"placeholder":"","display":"select","restrictions_type":"any_text","adjust_price":false,"price":"","price_type":"flat_fee","restrictions":false,"min":"0","max":"0","options":[{"label":"frais de assemblage","price":"260","price_type":"quantity_based","image":0,"visibility":true}],"id":1692862347}],"acf":[],"yoast_head":"<!-- This site is optimized with the Yoast SEO plugin v27.2 - https:\/\/yoast.com\/product\/yoast-seo-wordpress\/ -->\n<title>MiniRoof - Velopa Shop<\/title>\n<meta name=\"robots\" content=\"index, follow, max-snippet:-1, max-image-preview:large, max-video-preview:-1\" \/>\n<link rel=\"canonical\" href=\"https:\/\/shop.velopa.ch\/fr\/produit\/miniroof\/\" \/>\n<meta property=\"og:locale\" content=\"fr_FR\" \/>\n<meta property=\"og:type\" content=\"article\" \/>\n<meta property=\"og:title\" content=\"MiniRoof - Velopa Shop\" \/>\n<meta property=\"og:description\" content=\"L\u2019abri \u00e0 v\u00e9los MiniRoof est la solution id\u00e9ale pour les espaces particuli\u00e8rement restreints. Cet abri \u00e0 v\u00e9los existe maintenant aussi avec une b\u00e2che lat\u00e9rale de protection contre les intemp\u00e9ries.\" \/>\n<meta property=\"og:url\" content=\"https:\/\/shop.velopa.ch\/fr\/produit\/miniroof\/\" \/>\n<meta property=\"og:site_name\" content=\"Velopa Shop\" \/>\n<meta property=\"article:modified_time\" content=\"2023-08-24T07:32:25+00:00\" \/>\n<meta property=\"og:image\" content=\"https:\/\/shop.velopa.ch\/wp-content\/uploads\/2019\/01\/miniroof.jpg\" \/>\n\t<meta property=\"og:image:width\" content=\"600\" \/>\n\t<meta property=\"og:image:height\" content=\"600\" \/>\n\t<meta property=\"og:image:type\" content=\"image\/jpeg\" \/>\n<meta name=\"twitter:card\" content=\"summary_large_image\" \/>\n<meta name=\"twitter:label1\" content=\"Dur\u00e9e de lecture estim\u00e9e\" \/>\n\t<meta name=\"twitter:data1\" content=\"1 minute\" \/>\n<script type=\"application\/ld+json\" class=\"yoast-schema-graph\">{\"@context\":\"https:\/\/schema.org\",\"@graph\":[{\"@type\":\"WebPage\",\"@id\":\"https:\/\/shop.velopa.ch\/fr\/produit\/miniroof\/\",\"url\":\"https:\/\/shop.velopa.ch\/fr\/produit\/miniroof\/\",\"name\":\"MiniRoof - Velopa Shop\",\"isPartOf\":{\"@id\":\"https:\/\/shop.velopa.ch\/#website\"},\"primaryImageOfPage\":{\"@id\":\"https:\/\/shop.velopa.ch\/fr\/produit\/miniroof\/#primaryimage\"},\"image\":{\"@id\":\"https:\/\/shop.velopa.ch\/fr\/produit\/miniroof\/#primaryimage\"},\"thumbnailUrl\":\"https:\/\/shop.velopa.ch\/wp-content\/uploads\/2019\/01\/miniroof.jpg\",\"datePublished\":\"2019-01-03T13:40:12+00:00\",\"dateModified\":\"2023-08-24T07:32:25+00:00\",\"breadcrumb\":{\"@id\":\"https:\/\/shop.velopa.ch\/fr\/produit\/miniroof\/#breadcrumb\"},\"inLanguage\":\"fr-FR\",\"potentialAction\":[{\"@type\":\"ReadAction\",\"target\":[\"https:\/\/shop.velopa.ch\/fr\/produit\/miniroof\/\"]}]},{\"@type\":\"ImageObject\",\"inLanguage\":\"fr-FR\",\"@id\":\"https:\/\/shop.velopa.ch\/fr\/produit\/miniroof\/#primaryimage\",\"url\":\"https:\/\/shop.velopa.ch\/wp-content\/uploads\/2019\/01\/miniroof.jpg\",\"contentUrl\":\"https:\/\/shop.velopa.ch\/wp-content\/uploads\/2019\/01\/miniroof.jpg\",\"width\":600,\"height\":600},{\"@type\":\"BreadcrumbList\",\"@id\":\"https:\/\/shop.velopa.ch\/fr\/produit\/miniroof\/#breadcrumb\",\"itemListElement\":[{\"@type\":\"ListItem\",\"position\":1,\"name\":\"Home\",\"item\":\"https:\/\/shop.velopa.ch\/fr\/\"},{\"@type\":\"ListItem\",\"position\":2,\"name\":\"Shop\",\"item\":\"https:\/\/shop.velopa.ch\/fr\/\"},{\"@type\":\"ListItem\",\"position\":3,\"name\":\"MiniRoof\"}]},{\"@type\":\"WebSite\",\"@id\":\"https:\/\/shop.velopa.ch\/#website\",\"url\":\"https:\/\/shop.velopa.ch\/\",\"name\":\"Velopa Shop\",\"description\":\"\",\"potentialAction\":[{\"@type\":\"SearchAction\",\"target\":{\"@type\":\"EntryPoint\",\"urlTemplate\":\"https:\/\/shop.velopa.ch\/?s={search_term_string}\"},\"query-input\":{\"@type\":\"PropertyValueSpecification\",\"valueRequired\":true,\"valueName\":\"search_term_string\"}}],\"inLanguage\":\"fr-FR\"}]}<\/script>\n<!-- \/ Yoast SEO plugin. -->","yoast_head_json":{"title":"MiniRoof - Velopa Shop","robots":{"index":"index","follow":"follow","max-snippet":"max-snippet:-1","max-image-preview":"max-image-preview:large","max-video-preview":"max-video-preview:-1"},"canonical":"https:\/\/shop.velopa.ch\/fr\/produit\/miniroof\/","og_locale":"fr_FR","og_type":"article","og_title":"MiniRoof - Velopa Shop","og_description":"L\u2019abri \u00e0 v\u00e9los MiniRoof est la solution id\u00e9ale pour les espaces particuli\u00e8rement restreints. Cet abri \u00e0 v\u00e9los existe maintenant aussi avec une b\u00e2che lat\u00e9rale de protection contre les intemp\u00e9ries.","og_url":"https:\/\/shop.velopa.ch\/fr\/produit\/miniroof\/","og_site_name":"Velopa Shop","article_modified_time":"2023-08-24T07:32:25+00:00","og_image":[{"width":600,"height":600,"url":"https:\/\/shop.velopa.ch\/wp-content\/uploads\/2019\/01\/miniroof.jpg","type":"image\/jpeg"}],"twitter_card":"summary_large_image","twitter_misc":{"Dur\u00e9e de lecture estim\u00e9e":"1 minute"},"schema":{"@context":"https:\/\/schema.org","@graph":[{"@type":"WebPage","@id":"https:\/\/shop.velopa.ch\/fr\/produit\/miniroof\/","url":"https:\/\/shop.velopa.ch\/fr\/produit\/miniroof\/","name":"MiniRoof - Velopa Shop","isPartOf":{"@id":"https:\/\/shop.velopa.ch\/#website"},"primaryImageOfPage":{"@id":"https:\/\/shop.velopa.ch\/fr\/produit\/miniroof\/#primaryimage"},"image":{"@id":"https:\/\/shop.velopa.ch\/fr\/produit\/miniroof\/#primaryimage"},"thumbnailUrl":"https:\/\/shop.velopa.ch\/wp-content\/uploads\/2019\/01\/miniroof.jpg","datePublished":"2019-01-03T13:40:12+00:00","dateModified":"2023-08-24T07:32:25+00:00","breadcrumb":{"@id":"https:\/\/shop.velopa.ch\/fr\/produit\/miniroof\/#breadcrumb"},"inLanguage":"fr-FR","potentialAction":[{"@type":"ReadAction","target":["https:\/\/shop.velopa.ch\/fr\/produit\/miniroof\/"]}]},{"@type":"ImageObject","inLanguage":"fr-FR","@id":"https:\/\/shop.velopa.ch\/fr\/produit\/miniroof\/#primaryimage","url":"https:\/\/shop.velopa.ch\/wp-content\/uploads\/2019\/01\/miniroof.jpg","contentUrl":"https:\/\/shop.velopa.ch\/wp-content\/uploads\/2019\/01\/miniroof.jpg","width":600,"height":600},{"@type":"BreadcrumbList","@id":"https:\/\/shop.velopa.ch\/fr\/produit\/miniroof\/#breadcrumb","itemListElement":[{"@type":"ListItem","position":1,"name":"Home","item":"https:\/\/shop.velopa.ch\/fr\/"},{"@type":"ListItem","position":2,"name":"Shop","item":"https:\/\/shop.velopa.ch\/fr\/"},{"@type":"ListItem","position":3,"name":"MiniRoof"}]},{"@type":"WebSite","@id":"https:\/\/shop.velopa.ch\/#website","url":"https:\/\/shop.velopa.ch\/","name":"Velopa Shop","description":"","potentialAction":[{"@type":"SearchAction","target":{"@type":"EntryPoint","urlTemplate":"https:\/\/shop.velopa.ch\/?s={search_term_string}"},"query-input":{"@type":"PropertyValueSpecification","valueRequired":true,"valueName":"search_term_string"}}],"inLanguage":"fr-FR"}]}},"_links":{"self":[{"href":"https:\/\/shop.velopa.ch\/fr\/wp-json\/wp\/v2\/product\/1407","targetHints":{"allow":["GET"]}}],"collection":[{"href":"https:\/\/shop.velopa.ch\/fr\/wp-json\/wp\/v2\/product"}],"about":[{"href":"https:\/\/shop.velopa.ch\/fr\/wp-json\/wp\/v2\/types\/product"}],"wp:featuredmedia":[{"embeddable":true,"href":"https:\/\/shop.velopa.ch\/fr\/wp-json\/wp\/v2\/media\/1406"}],"wp:attachment":[{"href":"https:\/\/shop.velopa.ch\/fr\/wp-json\/wp\/v2\/media?parent=1407"}],"wp:term":[{"taxonomy":"product_brand","embeddable":true,"href":"https:\/\/shop.velopa.ch\/fr\/wp-json\/wp\/v2\/product_brand?post=1407"},{"taxonomy":"product_cat","embeddable":true,"href":"https:\/\/shop.velopa.ch\/fr\/wp-json\/wp\/v2\/product_cat?post=1407"},{"taxonomy":"product_tag","embeddable":true,"href":"https:\/\/shop.velopa.ch\/fr\/wp-json\/wp\/v2\/product_tag?post=1407"}],"curies":[{"name":"wp","href":"https:\/\/api.w.org\/{rel}","templated":true}]}}