{"id":1429,"date":"2019-01-05T17:48:24","date_gmt":"2019-01-05T16:48:24","guid":{"rendered":"https:\/\/shop.velopa.ch\/product\/bikesafe\/"},"modified":"2025-02-10T13:23:00","modified_gmt":"2025-02-10T13:23:00","slug":"bikesafe","status":"publish","type":"product","link":"https:\/\/shop.velopa.ch\/fr\/produit\/bikesafe\/","title":{"rendered":"BikeSafe"},"content":{"rendered":"<p>BikeSafe : la s\u00e9curit\u00e9 avant tout<br \/>\nLe caisson du BikeSafe se ferme \u00e0 clef, comme le VeloBox. Mais il se diff\u00e9rencie par sa forme et par le choix de mat\u00e9riaux utilis\u00e9s. Les parois lat\u00e9rales et arri\u00e8re du BikeSafe sont en HPL (stratifi\u00e9 haute pression). La toiture est en t\u00f4le d\u2019aluminium. Le BikeSafe existe en version gris ardoise ou gris argent\u00e9.<\/p>\n<p>Les options suivantes sont disponibles pour notre abri \u00e0 v\u00e9los BikeSafe :<\/p>\n<p>Clef suppl\u00e9mentaire<br \/>\nSupport \u00e0 v\u00e9los, \u00e9triers altern\u00e9s haut\/bas, nombre d\u2019\u00e9triers au choix, distance des axes minimale conseill\u00e9e : 35 cm<br \/>\nAstuces :<br \/>\nComme le VeloBox, le BikeSafe est multifonctionnel et permet \u00e9galement de ranger facilement des outils de jardin volumineux ou des jouets. Les petites irr\u00e9gularit\u00e9s du sol peuvent \u00eatre compens\u00e9es gr\u00e2ce aux pieds r\u00e9glables. Nous recommandons d\u2019installer le BikeSafe sur une surface plane et dure.<\/p>\n","protected":false},"excerpt":{"rendered":"<p>Le BikeSafe, de part sa structure robuste, offre une protection optimale contre le vol et le vandalisme. Sur demande, l\u2019abri est livr\u00e9 avec votre serrure \u00e0 barillet personnelle. Prix de base, les parois lat\u00e9rales en couleur standard (argent ou gris ardoise), le couvercle en aluminium anodis\u00e9.<\/p>\n","protected":false},"featured_media":2143,"template":"","meta":{"_acf_changed":false,"_et_pb_use_builder":"","_et_pb_old_content":"","_et_gb_content_width":""},"product_brand":[],"product_cat":[44,45],"product_tag":[],"class_list":{"0":"post-1429","1":"product","2":"type-product","3":"status-publish","4":"has-post-thumbnail","6":"product_cat-abris-a-velos","7":"product_cat-clients-prives","8":"product_shipping_class-velobox-minivit-engadin-bikesafe-fr","10":"first","11":"instock","12":"sold-individually","13":"taxable","14":"shipping-taxable","15":"purchasable","16":"product-type-variable","17":"has-default-attributes"},"exclude_global_add_ons":false,"addons":[{"name":"Cl\u00e9s suppl\u00e9mentaires","type":"checkbox","position":0,"required":false,"title_format":"heading","default":"","description_enable":true,"description":"2 cl\u00e9s sont livr\u00e9es en standard.","placeholder_enable":false,"placeholder":"","display":"select","restrictions_type":"any_text","adjust_price":false,"price":"","price_type":"flat_fee","restrictions":false,"min":"0","max":"0","options":[{"label":"Cylindre fourni par vous-m\u00eame (pas de cl\u00e9s suppl\u00e9mentaires possibles)","price":"","price_type":"quantity_based","image":0,"visibility":true},{"label":"1 pc.","price":"9","price_type":"quantity_based","image":0,"visibility":true},{"label":"2 pcs.","price":"18","price_type":"quantity_based","image":0,"visibility":true}],"id":1692862178},{"name":"Syst\u00e8mes de stationnement","type":"multiple_choice","position":1,"required":false,"title_format":"label","default":"","description_enable":false,"description":"","placeholder_enable":false,"placeholder":"","display":"select","restrictions_type":"any_text","adjust_price":false,"price":"","price_type":"flat_fee","restrictions":false,"min":"0","max":"0","options":[{"label":"BikeSafe 150, VS2062, supports \u00e0 v\u00e9los type 140\/3, 2t 1m","price":"207","price_type":"quantity_based","image":0,"visibility":true},{"label":"BikeSafe 190, VS2039, supports \u00e0 v\u00e9los type 180\/5, 2t 2m","price":"276","price_type":"quantity_based","image":0,"visibility":true},{"label":"BikeSafe 230, VS2062, supports \u00e0 v\u00e9los type 200\/5, 3t 2m","price":"345","price_type":"quantity_based","image":0,"visibility":true}],"id":1692862179},{"name":"Avec assemblage","type":"checkbox","position":2,"required":false,"title_format":"heading","default":"","description_enable":true,"description":"<a href=\"https:\/\/velopa.ch\/wp-content\/uploads\/Produktinformation\/FR\/Montagepreise_FR.pdf\" target=\"_blank\">*liste de prix livraison et montage<\/a>","placeholder_enable":false,"placeholder":"","display":"select","restrictions_type":"any_text","adjust_price":false,"price":"","price_type":"flat_fee","restrictions":false,"min":"0","max":"0","options":[{"label":"frais de assemblage","price":"360","price_type":"quantity_based","image":0,"visibility":true}],"id":1692862180}],"acf":[],"yoast_head":"<!-- This site is optimized with the Yoast SEO plugin v27.2 - https:\/\/yoast.com\/product\/yoast-seo-wordpress\/ -->\n<title>BikeSafe - Velopa Shop<\/title>\n<meta name=\"robots\" content=\"index, follow, max-snippet:-1, max-image-preview:large, max-video-preview:-1\" \/>\n<link rel=\"canonical\" href=\"https:\/\/shop.velopa.ch\/fr\/produit\/bikesafe\/\" \/>\n<meta property=\"og:locale\" content=\"fr_FR\" \/>\n<meta property=\"og:type\" content=\"article\" \/>\n<meta property=\"og:title\" content=\"BikeSafe - Velopa Shop\" \/>\n<meta property=\"og:description\" content=\"Le BikeSafe, de part sa structure robuste, offre une protection optimale contre le vol et le vandalisme. Sur demande, l\u2019abri est livr\u00e9 avec votre serrure \u00e0 barillet personnelle. Prix de base, les parois lat\u00e9rales en couleur standard (argent ou gris ardoise), le couvercle en aluminium anodis\u00e9.\" \/>\n<meta property=\"og:url\" content=\"https:\/\/shop.velopa.ch\/fr\/produit\/bikesafe\/\" \/>\n<meta property=\"og:site_name\" content=\"Velopa Shop\" \/>\n<meta property=\"article:modified_time\" content=\"2025-02-10T13:23:00+00:00\" \/>\n<meta property=\"og:image\" content=\"https:\/\/shop.velopa.ch\/wp-content\/uploads\/2019\/01\/BikeSafe.jpg\" \/>\n\t<meta property=\"og:image:width\" content=\"600\" \/>\n\t<meta property=\"og:image:height\" content=\"600\" \/>\n\t<meta property=\"og:image:type\" content=\"image\/jpeg\" \/>\n<meta name=\"twitter:card\" content=\"summary_large_image\" \/>\n<meta name=\"twitter:label1\" content=\"Dur\u00e9e de lecture estim\u00e9e\" \/>\n\t<meta name=\"twitter:data1\" content=\"1 minute\" \/>\n<script type=\"application\/ld+json\" class=\"yoast-schema-graph\">{\"@context\":\"https:\/\/schema.org\",\"@graph\":[{\"@type\":\"WebPage\",\"@id\":\"https:\/\/shop.velopa.ch\/fr\/produit\/bikesafe\/\",\"url\":\"https:\/\/shop.velopa.ch\/fr\/produit\/bikesafe\/\",\"name\":\"BikeSafe - Velopa Shop\",\"isPartOf\":{\"@id\":\"https:\/\/shop.velopa.ch\/#website\"},\"primaryImageOfPage\":{\"@id\":\"https:\/\/shop.velopa.ch\/fr\/produit\/bikesafe\/#primaryimage\"},\"image\":{\"@id\":\"https:\/\/shop.velopa.ch\/fr\/produit\/bikesafe\/#primaryimage\"},\"thumbnailUrl\":\"https:\/\/shop.velopa.ch\/wp-content\/uploads\/2019\/01\/BikeSafe.jpg\",\"datePublished\":\"2019-01-05T16:48:24+00:00\",\"dateModified\":\"2025-02-10T13:23:00+00:00\",\"breadcrumb\":{\"@id\":\"https:\/\/shop.velopa.ch\/fr\/produit\/bikesafe\/#breadcrumb\"},\"inLanguage\":\"fr-FR\",\"potentialAction\":[{\"@type\":\"ReadAction\",\"target\":[\"https:\/\/shop.velopa.ch\/fr\/produit\/bikesafe\/\"]}]},{\"@type\":\"ImageObject\",\"inLanguage\":\"fr-FR\",\"@id\":\"https:\/\/shop.velopa.ch\/fr\/produit\/bikesafe\/#primaryimage\",\"url\":\"https:\/\/shop.velopa.ch\/wp-content\/uploads\/2019\/01\/BikeSafe.jpg\",\"contentUrl\":\"https:\/\/shop.velopa.ch\/wp-content\/uploads\/2019\/01\/BikeSafe.jpg\",\"width\":600,\"height\":600},{\"@type\":\"BreadcrumbList\",\"@id\":\"https:\/\/shop.velopa.ch\/fr\/produit\/bikesafe\/#breadcrumb\",\"itemListElement\":[{\"@type\":\"ListItem\",\"position\":1,\"name\":\"Home\",\"item\":\"https:\/\/shop.velopa.ch\/fr\/\"},{\"@type\":\"ListItem\",\"position\":2,\"name\":\"Shop\",\"item\":\"https:\/\/shop.velopa.ch\/fr\/\"},{\"@type\":\"ListItem\",\"position\":3,\"name\":\"BikeSafe\"}]},{\"@type\":\"WebSite\",\"@id\":\"https:\/\/shop.velopa.ch\/#website\",\"url\":\"https:\/\/shop.velopa.ch\/\",\"name\":\"Velopa Shop\",\"description\":\"\",\"potentialAction\":[{\"@type\":\"SearchAction\",\"target\":{\"@type\":\"EntryPoint\",\"urlTemplate\":\"https:\/\/shop.velopa.ch\/?s={search_term_string}\"},\"query-input\":{\"@type\":\"PropertyValueSpecification\",\"valueRequired\":true,\"valueName\":\"search_term_string\"}}],\"inLanguage\":\"fr-FR\"}]}<\/script>\n<!-- \/ Yoast SEO plugin. -->","yoast_head_json":{"title":"BikeSafe - Velopa Shop","robots":{"index":"index","follow":"follow","max-snippet":"max-snippet:-1","max-image-preview":"max-image-preview:large","max-video-preview":"max-video-preview:-1"},"canonical":"https:\/\/shop.velopa.ch\/fr\/produit\/bikesafe\/","og_locale":"fr_FR","og_type":"article","og_title":"BikeSafe - Velopa Shop","og_description":"Le BikeSafe, de part sa structure robuste, offre une protection optimale contre le vol et le vandalisme. Sur demande, l\u2019abri est livr\u00e9 avec votre serrure \u00e0 barillet personnelle. Prix de base, les parois lat\u00e9rales en couleur standard (argent ou gris ardoise), le couvercle en aluminium anodis\u00e9.","og_url":"https:\/\/shop.velopa.ch\/fr\/produit\/bikesafe\/","og_site_name":"Velopa Shop","article_modified_time":"2025-02-10T13:23:00+00:00","og_image":[{"width":600,"height":600,"url":"https:\/\/shop.velopa.ch\/wp-content\/uploads\/2019\/01\/BikeSafe.jpg","type":"image\/jpeg"}],"twitter_card":"summary_large_image","twitter_misc":{"Dur\u00e9e de lecture estim\u00e9e":"1 minute"},"schema":{"@context":"https:\/\/schema.org","@graph":[{"@type":"WebPage","@id":"https:\/\/shop.velopa.ch\/fr\/produit\/bikesafe\/","url":"https:\/\/shop.velopa.ch\/fr\/produit\/bikesafe\/","name":"BikeSafe - Velopa Shop","isPartOf":{"@id":"https:\/\/shop.velopa.ch\/#website"},"primaryImageOfPage":{"@id":"https:\/\/shop.velopa.ch\/fr\/produit\/bikesafe\/#primaryimage"},"image":{"@id":"https:\/\/shop.velopa.ch\/fr\/produit\/bikesafe\/#primaryimage"},"thumbnailUrl":"https:\/\/shop.velopa.ch\/wp-content\/uploads\/2019\/01\/BikeSafe.jpg","datePublished":"2019-01-05T16:48:24+00:00","dateModified":"2025-02-10T13:23:00+00:00","breadcrumb":{"@id":"https:\/\/shop.velopa.ch\/fr\/produit\/bikesafe\/#breadcrumb"},"inLanguage":"fr-FR","potentialAction":[{"@type":"ReadAction","target":["https:\/\/shop.velopa.ch\/fr\/produit\/bikesafe\/"]}]},{"@type":"ImageObject","inLanguage":"fr-FR","@id":"https:\/\/shop.velopa.ch\/fr\/produit\/bikesafe\/#primaryimage","url":"https:\/\/shop.velopa.ch\/wp-content\/uploads\/2019\/01\/BikeSafe.jpg","contentUrl":"https:\/\/shop.velopa.ch\/wp-content\/uploads\/2019\/01\/BikeSafe.jpg","width":600,"height":600},{"@type":"BreadcrumbList","@id":"https:\/\/shop.velopa.ch\/fr\/produit\/bikesafe\/#breadcrumb","itemListElement":[{"@type":"ListItem","position":1,"name":"Home","item":"https:\/\/shop.velopa.ch\/fr\/"},{"@type":"ListItem","position":2,"name":"Shop","item":"https:\/\/shop.velopa.ch\/fr\/"},{"@type":"ListItem","position":3,"name":"BikeSafe"}]},{"@type":"WebSite","@id":"https:\/\/shop.velopa.ch\/#website","url":"https:\/\/shop.velopa.ch\/","name":"Velopa Shop","description":"","potentialAction":[{"@type":"SearchAction","target":{"@type":"EntryPoint","urlTemplate":"https:\/\/shop.velopa.ch\/?s={search_term_string}"},"query-input":{"@type":"PropertyValueSpecification","valueRequired":true,"valueName":"search_term_string"}}],"inLanguage":"fr-FR"}]}},"_links":{"self":[{"href":"https:\/\/shop.velopa.ch\/fr\/wp-json\/wp\/v2\/product\/1429","targetHints":{"allow":["GET"]}}],"collection":[{"href":"https:\/\/shop.velopa.ch\/fr\/wp-json\/wp\/v2\/product"}],"about":[{"href":"https:\/\/shop.velopa.ch\/fr\/wp-json\/wp\/v2\/types\/product"}],"wp:featuredmedia":[{"embeddable":true,"href":"https:\/\/shop.velopa.ch\/fr\/wp-json\/wp\/v2\/media\/2143"}],"wp:attachment":[{"href":"https:\/\/shop.velopa.ch\/fr\/wp-json\/wp\/v2\/media?parent=1429"}],"wp:term":[{"taxonomy":"product_brand","embeddable":true,"href":"https:\/\/shop.velopa.ch\/fr\/wp-json\/wp\/v2\/product_brand?post=1429"},{"taxonomy":"product_cat","embeddable":true,"href":"https:\/\/shop.velopa.ch\/fr\/wp-json\/wp\/v2\/product_cat?post=1429"},{"taxonomy":"product_tag","embeddable":true,"href":"https:\/\/shop.velopa.ch\/fr\/wp-json\/wp\/v2\/product_tag?post=1429"}],"curies":[{"name":"wp","href":"https:\/\/api.w.org\/{rel}","templated":true}]}}