{"id":1588,"date":"2019-01-06T14:58:19","date_gmt":"2019-01-06T13:58:19","guid":{"rendered":"https:\/\/shop.velopa.ch\/product\/pinguinparc-pour-2-trottinettes\/"},"modified":"2019-04-10T09:35:13","modified_gmt":"2019-04-10T07:35:13","slug":"pinguinparc-pour-2-trottinettes","status":"publish","type":"product","link":"https:\/\/shop.velopa.ch\/fr\/produit\/pinguinparc-pour-2-trottinettes\/","title":{"rendered":"PinguinParc pour 2 trottinettes"},"content":{"rendered":"<p>Un support simple !<br \/>\nLe PinguinParc repr\u00e9sente une solution de stationnement pratique et solide pour vos trottinettes dans les espaces publics, les \u00e9coles, les cr\u00e8ches et le domicile priv\u00e9. Le bec du pingouin vous permet d\u2019entreposer vos trottinettes en toute s\u00e9curit\u00e9 et de les garder en bon \u00e9tat. Gr\u00e2ce \u00e0 ce dispositif, plus de chutes accidentelles ou d\u2019acc\u00e8s bloqu\u00e9s ! Vous \u00e9vitez les disputes entre voisins \u00e0 cause des trottinettes abandonn\u00e9es sur le sol. Un syst\u00e8me 100 % s\u00e9curit\u00e9 !<\/p>\n","protected":false},"excerpt":{"rendered":"<p>Les emplacements de ce r\u00e2telier \u00e0 trottinettes qui rappellent le profil d\u2019un pingouin accueilleront tous les types de trottinettes modernes. Stationnez facilement vos trottinettes gr\u00e2ce \u00e0 ce syst\u00e8me simple d\u2019utilisation au design attrayant.<\/p>\n<p>PinguinParc pour 2 trottinettes : Longueur : 400 mm, hauteur : 310 mm, profondeur : 215 mm<\/p>\n","protected":false},"featured_media":1574,"template":"","meta":{"_acf_changed":false,"_et_pb_use_builder":"","_et_pb_old_content":"","_et_gb_content_width":""},"product_brand":[],"product_cat":[45,43],"product_tag":[],"class_list":{"0":"post-1588","1":"product","2":"type-product","3":"status-publish","4":"has-post-thumbnail","6":"product_cat-clients-prives","7":"product_cat-systemes-de-stationnement","8":"product_shipping_class-pinguinparc-fr","10":"first","11":"instock","12":"taxable","13":"shipping-taxable","14":"purchasable","15":"product-type-variable"},"exclude_global_add_ons":[],"addons":[],"acf":[],"yoast_head":"<!-- This site is optimized with the Yoast SEO plugin v27.2 - https:\/\/yoast.com\/product\/yoast-seo-wordpress\/ -->\n<title>PinguinParc pour 2 trottinettes - Velopa Shop<\/title>\n<meta name=\"robots\" content=\"index, follow, max-snippet:-1, max-image-preview:large, max-video-preview:-1\" \/>\n<link rel=\"canonical\" href=\"https:\/\/shop.velopa.ch\/fr\/produit\/pinguinparc-pour-2-trottinettes\/\" \/>\n<meta property=\"og:locale\" content=\"fr_FR\" \/>\n<meta property=\"og:type\" content=\"article\" \/>\n<meta property=\"og:title\" content=\"PinguinParc pour 2 trottinettes - Velopa Shop\" \/>\n<meta property=\"og:description\" content=\"Les emplacements de ce r\u00e2telier \u00e0 trottinettes qui rappellent le profil d\u2019un pingouin accueilleront tous les types de trottinettes modernes. Stationnez facilement vos trottinettes gr\u00e2ce \u00e0 ce syst\u00e8me simple d\u2019utilisation au design attrayant.  PinguinParc pour 2 trottinettes : Longueur : 400 mm, hauteur : 310 mm, profondeur : 215 mm\" \/>\n<meta property=\"og:url\" content=\"https:\/\/shop.velopa.ch\/fr\/produit\/pinguinparc-pour-2-trottinettes\/\" \/>\n<meta property=\"og:site_name\" content=\"Velopa Shop\" \/>\n<meta property=\"article:modified_time\" content=\"2019-04-10T07:35:13+00:00\" \/>\n<meta property=\"og:image\" content=\"https:\/\/shop.velopa.ch\/wp-content\/uploads\/2019\/01\/PinguinParc2.jpg\" \/>\n\t<meta property=\"og:image:width\" content=\"600\" \/>\n\t<meta property=\"og:image:height\" content=\"600\" \/>\n\t<meta property=\"og:image:type\" content=\"image\/jpeg\" \/>\n<meta name=\"twitter:card\" content=\"summary_large_image\" \/>\n<script type=\"application\/ld+json\" class=\"yoast-schema-graph\">{\"@context\":\"https:\/\/schema.org\",\"@graph\":[{\"@type\":\"WebPage\",\"@id\":\"https:\/\/shop.velopa.ch\/fr\/produit\/pinguinparc-pour-2-trottinettes\/\",\"url\":\"https:\/\/shop.velopa.ch\/fr\/produit\/pinguinparc-pour-2-trottinettes\/\",\"name\":\"PinguinParc pour 2 trottinettes - Velopa Shop\",\"isPartOf\":{\"@id\":\"https:\/\/shop.velopa.ch\/#website\"},\"primaryImageOfPage\":{\"@id\":\"https:\/\/shop.velopa.ch\/fr\/produit\/pinguinparc-pour-2-trottinettes\/#primaryimage\"},\"image\":{\"@id\":\"https:\/\/shop.velopa.ch\/fr\/produit\/pinguinparc-pour-2-trottinettes\/#primaryimage\"},\"thumbnailUrl\":\"https:\/\/shop.velopa.ch\/wp-content\/uploads\/2019\/01\/PinguinParc2.jpg\",\"datePublished\":\"2019-01-06T13:58:19+00:00\",\"dateModified\":\"2019-04-10T07:35:13+00:00\",\"breadcrumb\":{\"@id\":\"https:\/\/shop.velopa.ch\/fr\/produit\/pinguinparc-pour-2-trottinettes\/#breadcrumb\"},\"inLanguage\":\"fr-FR\",\"potentialAction\":[{\"@type\":\"ReadAction\",\"target\":[\"https:\/\/shop.velopa.ch\/fr\/produit\/pinguinparc-pour-2-trottinettes\/\"]}]},{\"@type\":\"ImageObject\",\"inLanguage\":\"fr-FR\",\"@id\":\"https:\/\/shop.velopa.ch\/fr\/produit\/pinguinparc-pour-2-trottinettes\/#primaryimage\",\"url\":\"https:\/\/shop.velopa.ch\/wp-content\/uploads\/2019\/01\/PinguinParc2.jpg\",\"contentUrl\":\"https:\/\/shop.velopa.ch\/wp-content\/uploads\/2019\/01\/PinguinParc2.jpg\",\"width\":600,\"height\":600},{\"@type\":\"BreadcrumbList\",\"@id\":\"https:\/\/shop.velopa.ch\/fr\/produit\/pinguinparc-pour-2-trottinettes\/#breadcrumb\",\"itemListElement\":[{\"@type\":\"ListItem\",\"position\":1,\"name\":\"Home\",\"item\":\"https:\/\/shop.velopa.ch\/fr\/\"},{\"@type\":\"ListItem\",\"position\":2,\"name\":\"Shop\",\"item\":\"https:\/\/shop.velopa.ch\/fr\/\"},{\"@type\":\"ListItem\",\"position\":3,\"name\":\"PinguinParc pour 2 trottinettes\"}]},{\"@type\":\"WebSite\",\"@id\":\"https:\/\/shop.velopa.ch\/#website\",\"url\":\"https:\/\/shop.velopa.ch\/\",\"name\":\"Velopa Shop\",\"description\":\"\",\"potentialAction\":[{\"@type\":\"SearchAction\",\"target\":{\"@type\":\"EntryPoint\",\"urlTemplate\":\"https:\/\/shop.velopa.ch\/?s={search_term_string}\"},\"query-input\":{\"@type\":\"PropertyValueSpecification\",\"valueRequired\":true,\"valueName\":\"search_term_string\"}}],\"inLanguage\":\"fr-FR\"}]}<\/script>\n<!-- \/ Yoast SEO plugin. -->","yoast_head_json":{"title":"PinguinParc pour 2 trottinettes - Velopa Shop","robots":{"index":"index","follow":"follow","max-snippet":"max-snippet:-1","max-image-preview":"max-image-preview:large","max-video-preview":"max-video-preview:-1"},"canonical":"https:\/\/shop.velopa.ch\/fr\/produit\/pinguinparc-pour-2-trottinettes\/","og_locale":"fr_FR","og_type":"article","og_title":"PinguinParc pour 2 trottinettes - Velopa Shop","og_description":"Les emplacements de ce r\u00e2telier \u00e0 trottinettes qui rappellent le profil d\u2019un pingouin accueilleront tous les types de trottinettes modernes. Stationnez facilement vos trottinettes gr\u00e2ce \u00e0 ce syst\u00e8me simple d\u2019utilisation au design attrayant.  PinguinParc pour 2 trottinettes : Longueur : 400 mm, hauteur : 310 mm, profondeur : 215 mm","og_url":"https:\/\/shop.velopa.ch\/fr\/produit\/pinguinparc-pour-2-trottinettes\/","og_site_name":"Velopa Shop","article_modified_time":"2019-04-10T07:35:13+00:00","og_image":[{"width":600,"height":600,"url":"https:\/\/shop.velopa.ch\/wp-content\/uploads\/2019\/01\/PinguinParc2.jpg","type":"image\/jpeg"}],"twitter_card":"summary_large_image","schema":{"@context":"https:\/\/schema.org","@graph":[{"@type":"WebPage","@id":"https:\/\/shop.velopa.ch\/fr\/produit\/pinguinparc-pour-2-trottinettes\/","url":"https:\/\/shop.velopa.ch\/fr\/produit\/pinguinparc-pour-2-trottinettes\/","name":"PinguinParc pour 2 trottinettes - Velopa Shop","isPartOf":{"@id":"https:\/\/shop.velopa.ch\/#website"},"primaryImageOfPage":{"@id":"https:\/\/shop.velopa.ch\/fr\/produit\/pinguinparc-pour-2-trottinettes\/#primaryimage"},"image":{"@id":"https:\/\/shop.velopa.ch\/fr\/produit\/pinguinparc-pour-2-trottinettes\/#primaryimage"},"thumbnailUrl":"https:\/\/shop.velopa.ch\/wp-content\/uploads\/2019\/01\/PinguinParc2.jpg","datePublished":"2019-01-06T13:58:19+00:00","dateModified":"2019-04-10T07:35:13+00:00","breadcrumb":{"@id":"https:\/\/shop.velopa.ch\/fr\/produit\/pinguinparc-pour-2-trottinettes\/#breadcrumb"},"inLanguage":"fr-FR","potentialAction":[{"@type":"ReadAction","target":["https:\/\/shop.velopa.ch\/fr\/produit\/pinguinparc-pour-2-trottinettes\/"]}]},{"@type":"ImageObject","inLanguage":"fr-FR","@id":"https:\/\/shop.velopa.ch\/fr\/produit\/pinguinparc-pour-2-trottinettes\/#primaryimage","url":"https:\/\/shop.velopa.ch\/wp-content\/uploads\/2019\/01\/PinguinParc2.jpg","contentUrl":"https:\/\/shop.velopa.ch\/wp-content\/uploads\/2019\/01\/PinguinParc2.jpg","width":600,"height":600},{"@type":"BreadcrumbList","@id":"https:\/\/shop.velopa.ch\/fr\/produit\/pinguinparc-pour-2-trottinettes\/#breadcrumb","itemListElement":[{"@type":"ListItem","position":1,"name":"Home","item":"https:\/\/shop.velopa.ch\/fr\/"},{"@type":"ListItem","position":2,"name":"Shop","item":"https:\/\/shop.velopa.ch\/fr\/"},{"@type":"ListItem","position":3,"name":"PinguinParc pour 2 trottinettes"}]},{"@type":"WebSite","@id":"https:\/\/shop.velopa.ch\/#website","url":"https:\/\/shop.velopa.ch\/","name":"Velopa Shop","description":"","potentialAction":[{"@type":"SearchAction","target":{"@type":"EntryPoint","urlTemplate":"https:\/\/shop.velopa.ch\/?s={search_term_string}"},"query-input":{"@type":"PropertyValueSpecification","valueRequired":true,"valueName":"search_term_string"}}],"inLanguage":"fr-FR"}]}},"_links":{"self":[{"href":"https:\/\/shop.velopa.ch\/fr\/wp-json\/wp\/v2\/product\/1588","targetHints":{"allow":["GET"]}}],"collection":[{"href":"https:\/\/shop.velopa.ch\/fr\/wp-json\/wp\/v2\/product"}],"about":[{"href":"https:\/\/shop.velopa.ch\/fr\/wp-json\/wp\/v2\/types\/product"}],"wp:featuredmedia":[{"embeddable":true,"href":"https:\/\/shop.velopa.ch\/fr\/wp-json\/wp\/v2\/media\/1574"}],"wp:attachment":[{"href":"https:\/\/shop.velopa.ch\/fr\/wp-json\/wp\/v2\/media?parent=1588"}],"wp:term":[{"taxonomy":"product_brand","embeddable":true,"href":"https:\/\/shop.velopa.ch\/fr\/wp-json\/wp\/v2\/product_brand?post=1588"},{"taxonomy":"product_cat","embeddable":true,"href":"https:\/\/shop.velopa.ch\/fr\/wp-json\/wp\/v2\/product_cat?post=1588"},{"taxonomy":"product_tag","embeddable":true,"href":"https:\/\/shop.velopa.ch\/fr\/wp-json\/wp\/v2\/product_tag?post=1588"}],"curies":[{"name":"wp","href":"https:\/\/api.w.org\/{rel}","templated":true}]}}