{"id":1631,"date":"2019-01-06T15:36:48","date_gmt":"2019-01-06T14:36:48","guid":{"rendered":"https:\/\/shop.velopa.ch\/product\/borne-city-type-2-couvercle-pivotant\/"},"modified":"2019-04-18T15:13:21","modified_gmt":"2019-04-18T13:13:21","slug":"borne-city-type-2-couvercle-pivotant","status":"publish","type":"product","link":"https:\/\/shop.velopa.ch\/fr\/produit\/borne-city-type-2-couvercle-pivotant\/","title":{"rendered":"Borne City type 2 (couvercle pivotant)"},"content":{"rendered":"<p>Point de rupture, moins de d\u00e9g\u00e2ts<br \/>\nPour limiter autant que possible les d\u00e9g\u00e2ts en cas de collision, la borne City est munie d\u2019un point de rupture. La douille de sol scell\u00e9e dans le b\u00e9ton reste intacte, ce qui \u00e9vite d\u2019avoir \u00e0 retravailler les fondations ou le rev\u00eatement. Pour d\u00e9terminer la charge de rupture, des tests de r\u00e9sistance \u00e0 la torsion statique ont \u00e9t\u00e9 effectu\u00e9s par l\u2019EMPA (Laboratoire f\u00e9d\u00e9ral d\u2019essai des mat\u00e9riaux et de recherche) ; les contr\u00f4les de r\u00e9sistance aux chocs ont \u00e9galement confirm\u00e9 l\u2019efficacit\u00e9 du point de rupture. En cas de sinistre, le c\u00e2ble de s\u00e9curit\u00e9 innovant* retient la borne et emp\u00eache que les personnes qui se trouvent \u00e0 proximit\u00e9 de l\u2019incident ne soient bless\u00e9es. Le test pratique a confirm\u00e9 l\u2019efficacit\u00e9 du point de rupture et du c\u00e2ble de s\u00e9curit\u00e9. La mise en service du produit correspond aux normes PMR.<\/p>\n<p>Disponible dans les variantes verrouillables suivantes :<\/p>\n<p>Serrure \u00e0 clef triangulaire<br \/>\nKABA 5000 (fermeture d\u2019urgence)<br \/>\nConvient au syst\u00e8me de fermeture du client (KABA, Keso, SEA)<br \/>\nMontage de 1 ou 2 serrures \u00e0 cylindre (acc\u00e8s s\u00e9curit\u00e9, par ex. avec SAFOS)<br \/>\nDiam\u00e8tre des bornes : 101 mm<br \/>\nHauteur \u00e0 partir du sol : 1000 mm<\/p>\n","protected":false},"excerpt":{"rendered":"<p>Borne City, avec douille de sol type 2 (couvercle pivotant)<br \/>\nLa borne City est un poteau de d\u00e9limitation ind\u00e9modable qui b\u00e9n\u00e9ficie d\u2019une technologie sophistiqu\u00e9e. Son apparence sobre et sa conception d\u2019excellente qualit\u00e9 permettent de l\u2019utiliser aussi bien dans les espaces urbains tels que les places et les parkings, que pour d\u00e9limiter efficacement les zones pi\u00e9tonnes et les rues.<\/p>\n","protected":false},"featured_media":1620,"template":"","meta":{"_acf_changed":false,"_et_pb_use_builder":"","_et_pb_old_content":"","_et_gb_content_width":""},"product_brand":[],"product_cat":[42],"product_tag":[],"class_list":{"0":"post-1631","1":"product","2":"type-product","3":"status-publish","4":"has-post-thumbnail","6":"product_cat-systemes-de-delimitation-manuels","7":"product_shipping_class-flatbike-165-fr","9":"first","10":"instock","11":"taxable","12":"shipping-taxable","13":"purchasable","14":"product-type-variable"},"exclude_global_add_ons":[],"addons":[],"acf":[],"yoast_head":"<!-- This site is optimized with the Yoast SEO plugin v27.2 - https:\/\/yoast.com\/product\/yoast-seo-wordpress\/ -->\n<title>Borne City type 2 (couvercle pivotant) - Velopa Shop<\/title>\n<meta name=\"robots\" content=\"index, follow, max-snippet:-1, max-image-preview:large, max-video-preview:-1\" \/>\n<link rel=\"canonical\" href=\"https:\/\/shop.velopa.ch\/fr\/produit\/borne-city-type-2-couvercle-pivotant\/\" \/>\n<meta property=\"og:locale\" content=\"fr_FR\" \/>\n<meta property=\"og:type\" content=\"article\" \/>\n<meta property=\"og:title\" content=\"Borne City type 2 (couvercle pivotant) - Velopa Shop\" \/>\n<meta property=\"og:description\" content=\"Borne City, avec douille de sol type 2 (couvercle pivotant) La borne City est un poteau de d\u00e9limitation ind\u00e9modable qui b\u00e9n\u00e9ficie d\u2019une technologie sophistiqu\u00e9e. Son apparence sobre et sa conception d\u2019excellente qualit\u00e9 permettent de l\u2019utiliser aussi bien dans les espaces urbains tels que les places et les parkings, que pour d\u00e9limiter efficacement les zones pi\u00e9tonnes et les rues.\" \/>\n<meta property=\"og:url\" content=\"https:\/\/shop.velopa.ch\/fr\/produit\/borne-city-type-2-couvercle-pivotant\/\" \/>\n<meta property=\"og:site_name\" content=\"Velopa Shop\" \/>\n<meta property=\"article:modified_time\" content=\"2019-04-18T13:13:21+00:00\" \/>\n<meta property=\"og:image\" content=\"https:\/\/shop.velopa.ch\/wp-content\/uploads\/2019\/01\/pollercity-typ2.jpg\" \/>\n\t<meta property=\"og:image:width\" content=\"600\" \/>\n\t<meta property=\"og:image:height\" content=\"600\" \/>\n\t<meta property=\"og:image:type\" content=\"image\/jpeg\" \/>\n<meta name=\"twitter:card\" content=\"summary_large_image\" \/>\n<meta name=\"twitter:label1\" content=\"Dur\u00e9e de lecture estim\u00e9e\" \/>\n\t<meta name=\"twitter:data1\" content=\"1 minute\" \/>\n<script type=\"application\/ld+json\" class=\"yoast-schema-graph\">{\"@context\":\"https:\/\/schema.org\",\"@graph\":[{\"@type\":\"WebPage\",\"@id\":\"https:\/\/shop.velopa.ch\/fr\/produit\/borne-city-type-2-couvercle-pivotant\/\",\"url\":\"https:\/\/shop.velopa.ch\/fr\/produit\/borne-city-type-2-couvercle-pivotant\/\",\"name\":\"Borne City type 2 (couvercle pivotant) - Velopa Shop\",\"isPartOf\":{\"@id\":\"https:\/\/shop.velopa.ch\/#website\"},\"primaryImageOfPage\":{\"@id\":\"https:\/\/shop.velopa.ch\/fr\/produit\/borne-city-type-2-couvercle-pivotant\/#primaryimage\"},\"image\":{\"@id\":\"https:\/\/shop.velopa.ch\/fr\/produit\/borne-city-type-2-couvercle-pivotant\/#primaryimage\"},\"thumbnailUrl\":\"https:\/\/shop.velopa.ch\/wp-content\/uploads\/2019\/01\/pollercity-typ2.jpg\",\"datePublished\":\"2019-01-06T14:36:48+00:00\",\"dateModified\":\"2019-04-18T13:13:21+00:00\",\"breadcrumb\":{\"@id\":\"https:\/\/shop.velopa.ch\/fr\/produit\/borne-city-type-2-couvercle-pivotant\/#breadcrumb\"},\"inLanguage\":\"fr-FR\",\"potentialAction\":[{\"@type\":\"ReadAction\",\"target\":[\"https:\/\/shop.velopa.ch\/fr\/produit\/borne-city-type-2-couvercle-pivotant\/\"]}]},{\"@type\":\"ImageObject\",\"inLanguage\":\"fr-FR\",\"@id\":\"https:\/\/shop.velopa.ch\/fr\/produit\/borne-city-type-2-couvercle-pivotant\/#primaryimage\",\"url\":\"https:\/\/shop.velopa.ch\/wp-content\/uploads\/2019\/01\/pollercity-typ2.jpg\",\"contentUrl\":\"https:\/\/shop.velopa.ch\/wp-content\/uploads\/2019\/01\/pollercity-typ2.jpg\",\"width\":600,\"height\":600},{\"@type\":\"BreadcrumbList\",\"@id\":\"https:\/\/shop.velopa.ch\/fr\/produit\/borne-city-type-2-couvercle-pivotant\/#breadcrumb\",\"itemListElement\":[{\"@type\":\"ListItem\",\"position\":1,\"name\":\"Home\",\"item\":\"https:\/\/shop.velopa.ch\/fr\/\"},{\"@type\":\"ListItem\",\"position\":2,\"name\":\"Shop\",\"item\":\"https:\/\/shop.velopa.ch\/fr\/\"},{\"@type\":\"ListItem\",\"position\":3,\"name\":\"Borne City type 2 (couvercle pivotant)\"}]},{\"@type\":\"WebSite\",\"@id\":\"https:\/\/shop.velopa.ch\/#website\",\"url\":\"https:\/\/shop.velopa.ch\/\",\"name\":\"Velopa Shop\",\"description\":\"\",\"potentialAction\":[{\"@type\":\"SearchAction\",\"target\":{\"@type\":\"EntryPoint\",\"urlTemplate\":\"https:\/\/shop.velopa.ch\/?s={search_term_string}\"},\"query-input\":{\"@type\":\"PropertyValueSpecification\",\"valueRequired\":true,\"valueName\":\"search_term_string\"}}],\"inLanguage\":\"fr-FR\"}]}<\/script>\n<!-- \/ Yoast SEO plugin. -->","yoast_head_json":{"title":"Borne City type 2 (couvercle pivotant) - Velopa Shop","robots":{"index":"index","follow":"follow","max-snippet":"max-snippet:-1","max-image-preview":"max-image-preview:large","max-video-preview":"max-video-preview:-1"},"canonical":"https:\/\/shop.velopa.ch\/fr\/produit\/borne-city-type-2-couvercle-pivotant\/","og_locale":"fr_FR","og_type":"article","og_title":"Borne City type 2 (couvercle pivotant) - Velopa Shop","og_description":"Borne City, avec douille de sol type 2 (couvercle pivotant) La borne City est un poteau de d\u00e9limitation ind\u00e9modable qui b\u00e9n\u00e9ficie d\u2019une technologie sophistiqu\u00e9e. Son apparence sobre et sa conception d\u2019excellente qualit\u00e9 permettent de l\u2019utiliser aussi bien dans les espaces urbains tels que les places et les parkings, que pour d\u00e9limiter efficacement les zones pi\u00e9tonnes et les rues.","og_url":"https:\/\/shop.velopa.ch\/fr\/produit\/borne-city-type-2-couvercle-pivotant\/","og_site_name":"Velopa Shop","article_modified_time":"2019-04-18T13:13:21+00:00","og_image":[{"width":600,"height":600,"url":"https:\/\/shop.velopa.ch\/wp-content\/uploads\/2019\/01\/pollercity-typ2.jpg","type":"image\/jpeg"}],"twitter_card":"summary_large_image","twitter_misc":{"Dur\u00e9e de lecture estim\u00e9e":"1 minute"},"schema":{"@context":"https:\/\/schema.org","@graph":[{"@type":"WebPage","@id":"https:\/\/shop.velopa.ch\/fr\/produit\/borne-city-type-2-couvercle-pivotant\/","url":"https:\/\/shop.velopa.ch\/fr\/produit\/borne-city-type-2-couvercle-pivotant\/","name":"Borne City type 2 (couvercle pivotant) - Velopa Shop","isPartOf":{"@id":"https:\/\/shop.velopa.ch\/#website"},"primaryImageOfPage":{"@id":"https:\/\/shop.velopa.ch\/fr\/produit\/borne-city-type-2-couvercle-pivotant\/#primaryimage"},"image":{"@id":"https:\/\/shop.velopa.ch\/fr\/produit\/borne-city-type-2-couvercle-pivotant\/#primaryimage"},"thumbnailUrl":"https:\/\/shop.velopa.ch\/wp-content\/uploads\/2019\/01\/pollercity-typ2.jpg","datePublished":"2019-01-06T14:36:48+00:00","dateModified":"2019-04-18T13:13:21+00:00","breadcrumb":{"@id":"https:\/\/shop.velopa.ch\/fr\/produit\/borne-city-type-2-couvercle-pivotant\/#breadcrumb"},"inLanguage":"fr-FR","potentialAction":[{"@type":"ReadAction","target":["https:\/\/shop.velopa.ch\/fr\/produit\/borne-city-type-2-couvercle-pivotant\/"]}]},{"@type":"ImageObject","inLanguage":"fr-FR","@id":"https:\/\/shop.velopa.ch\/fr\/produit\/borne-city-type-2-couvercle-pivotant\/#primaryimage","url":"https:\/\/shop.velopa.ch\/wp-content\/uploads\/2019\/01\/pollercity-typ2.jpg","contentUrl":"https:\/\/shop.velopa.ch\/wp-content\/uploads\/2019\/01\/pollercity-typ2.jpg","width":600,"height":600},{"@type":"BreadcrumbList","@id":"https:\/\/shop.velopa.ch\/fr\/produit\/borne-city-type-2-couvercle-pivotant\/#breadcrumb","itemListElement":[{"@type":"ListItem","position":1,"name":"Home","item":"https:\/\/shop.velopa.ch\/fr\/"},{"@type":"ListItem","position":2,"name":"Shop","item":"https:\/\/shop.velopa.ch\/fr\/"},{"@type":"ListItem","position":3,"name":"Borne City type 2 (couvercle pivotant)"}]},{"@type":"WebSite","@id":"https:\/\/shop.velopa.ch\/#website","url":"https:\/\/shop.velopa.ch\/","name":"Velopa Shop","description":"","potentialAction":[{"@type":"SearchAction","target":{"@type":"EntryPoint","urlTemplate":"https:\/\/shop.velopa.ch\/?s={search_term_string}"},"query-input":{"@type":"PropertyValueSpecification","valueRequired":true,"valueName":"search_term_string"}}],"inLanguage":"fr-FR"}]}},"_links":{"self":[{"href":"https:\/\/shop.velopa.ch\/fr\/wp-json\/wp\/v2\/product\/1631","targetHints":{"allow":["GET"]}}],"collection":[{"href":"https:\/\/shop.velopa.ch\/fr\/wp-json\/wp\/v2\/product"}],"about":[{"href":"https:\/\/shop.velopa.ch\/fr\/wp-json\/wp\/v2\/types\/product"}],"wp:featuredmedia":[{"embeddable":true,"href":"https:\/\/shop.velopa.ch\/fr\/wp-json\/wp\/v2\/media\/1620"}],"wp:attachment":[{"href":"https:\/\/shop.velopa.ch\/fr\/wp-json\/wp\/v2\/media?parent=1631"}],"wp:term":[{"taxonomy":"product_brand","embeddable":true,"href":"https:\/\/shop.velopa.ch\/fr\/wp-json\/wp\/v2\/product_brand?post=1631"},{"taxonomy":"product_cat","embeddable":true,"href":"https:\/\/shop.velopa.ch\/fr\/wp-json\/wp\/v2\/product_cat?post=1631"},{"taxonomy":"product_tag","embeddable":true,"href":"https:\/\/shop.velopa.ch\/fr\/wp-json\/wp\/v2\/product_tag?post=1631"}],"curies":[{"name":"wp","href":"https:\/\/api.w.org\/{rel}","templated":true}]}}