{"id":2342,"date":"2019-04-26T13:25:27","date_gmt":"2019-04-26T11:27:38","guid":{"rendered":"https:\/\/shop.velopa.ch\/?post_type=product&#038;p=2342"},"modified":"2025-02-10T13:21:42","modified_gmt":"2025-02-10T13:21:42","slug":"bikeroof-150","status":"publish","type":"product","link":"https:\/\/shop.velopa.ch\/fr\/produit\/bikeroof-150\/","title":{"rendered":"BikeRoof 1.50m"},"content":{"rendered":"<p>La hauteur minimale du BikeRoof est de 143 cm, il peut donc \u00eatre plac\u00e9 devant la plupart des fen\u00eatres et convient \u00e0 tout type d\u2019entr\u00e9e. La partie avant du toit coulisse facilement, ceci permet de ranger et sortir le v\u00e9lo sans effort malgr\u00e9 la faible hauteur de l\u2019abri. L\u2019abri \u00e0 v\u00e9los BikeRoof est fix\u00e9 sur un cadre massif. Toutes les pi\u00e8ces sont en acier galvanis\u00e9 \u00e0 chaud. Pour les parois et le toit, nous utilisons exclusivement un verre acrylique r\u00e9sistant aux intemp\u00e9ries, \u00e0 la lumi\u00e8re et aux UV.<\/p>\n<p>B\u00e2ches de protection adapt\u00e9es \u00e0 l\u2019abri \u00e0 v\u00e9los BikeRoof<br \/>\nLes b\u00e2ches de protection sont disponibles dans diff\u00e9rentes couleurs, variantes et tailles. Elles sont simples \u00e0 installer gr\u00e2ce \u00e0 leur syst\u00e8me de bouton-pression et s\u2019adaptent parfaitement aux abris d\u00e9j\u00e0 existants.<\/p>\n<p>Astuces<br \/>\nL\u2019abri \u00e0 v\u00e9los BikeRoof est souvent trop bas pour les scooters et les motos. Il est possible d\u2019\u00e9lever le cadre de 80 \u00e0 100 mm. Si cela ne suffit pas, nous vous conseillons d\u2019opter pour les mod\u00e8les BigRoof, Engadin ou MiniVit. Normalement, le BikeRoof ne n\u00e9cessite aucune fondation pour l\u2019ancrage au sol. Cependant, nous vous conseillons de pr\u00e9voir des fondations dans les lieux particuli\u00e8rement expos\u00e9s. L\u2019abri \u00e0 v\u00e9los BikeRoof peut facilement \u00eatre fix\u00e9 sur des dalles ou avec des piquets dans du gravier ou m\u00eame du gazon. Nous pouvons \u00e9galement aplanir les asp\u00e9rit\u00e9s du sol gr\u00e2ce \u00e0 des supports adapt\u00e9s.<\/p>\n","protected":false},"excerpt":{"rendered":"<p>Des dimensions minimales, mais un maximum d\u2019avantages : l\u2019abri \u00e0 v\u00e9los BikeRoof peut \u00eatre install\u00e9 presque partout. Il se manipule facilement et offre \u00e0 vos v\u00e9los une protection adapt\u00e9e. Longueur d&rsquo;el\u00e9ment 1.60 m<\/p>\n","protected":false},"featured_media":176,"template":"","meta":{"_acf_changed":false,"_et_pb_use_builder":"off","_et_pb_old_content":"BikeRoof: Schutz & Komfort\r\nMit seiner minimalen Bauh\u00f6he von 143 cm passt der Velounterstand BikeRoof unter fast jedes Fenster und in jeden Vorgarten. Die vordere Dachh\u00e4lfte l\u00e4sst sich leicht vor- und zur\u00fcckschieben. Dadurch kann das Velo trotz der geringen H\u00f6he des Unterstandes bequem versorgt und wieder herausgeholt werden. Der Velounterstand BikeRoof steht auf einem massiven Grundrahmen. Alle Teile sind aus feuerverzinktem Stahl angefertigt. F\u00fcr die Wand- und Dachteile des Velounterstandes wird ausschliesslich witterungsfestes, lichtechtes und UV-best\u00e4ndiges Acrylglas eingesetzt.\r\n\r\nNeu! Wetterschutzblachen zu Velounterstand BikeRoof\r\nDie Wetterschutzblachen in verschiedenen Farben, Varianten und Gr\u00f6ssen sind mit Druckknopfsystem einfach zu montieren und k\u00f6nnen somit auch bei bestehenden Unterst\u00e4nden nachger\u00fcstet werden.\r\n\r\nNeu! Fertig-Beton-Elemente\r\nVerwenden Sie anstelle von Fundamenten unsere Fertig-Beton-Elemente zum Verankern.\r\n\r\nTipps\r\nF\u00fcr Roller und Motorr\u00e4der ist der Velounterstand BikeRoof oft zu klein. Eine Erh\u00f6hung des Grundrahmens von 80 bis 100 mm schafft manchmal Abhilfe. Sollte der Velounterstand dennoch zu klein sein, empfehlen wir Ihnen das BigRoof, das Engadin oder das MiniVit. Der Velounterstand BikeRoof ben\u00f6tigt in der Regel kein Fundament zur Befestigung im Boden. An exponierten Standorten ist ein Fundament dennoch ratsam. Der Velounterstand BikeRoof l\u00e4sst sich einfach und unkompliziert in Bodenplatten oder mit Erdn\u00e4geln in Kies- und sogar Grasb\u00f6den verankern. Auch Unebenheiten des Untergrunds k\u00f6nnen wir mit entsprechenden Unterlagen ausgleichen.","_et_gb_content_width":""},"product_brand":[],"product_cat":[44,45],"product_tag":[],"class_list":{"0":"post-2342","1":"product","2":"type-product","3":"status-publish","4":"has-post-thumbnail","6":"product_cat-abris-a-velos","7":"product_cat-clients-prives","8":"product_shipping_class-bikeroof-1-50-fr","10":"first","11":"instock","12":"sold-individually","13":"taxable","14":"shipping-taxable","15":"purchasable","16":"product-type-simple"},"exclude_global_add_ons":false,"addons":[{"name":"Parois lat\u00e9ral","type":"multiple_choice","position":0,"required":false,"title_format":"heading","default":"","description_enable":false,"description":"","placeholder_enable":false,"placeholder":"","display":"select","restrictions_type":"any_text","adjust_price":false,"price":"","price_type":"flat_fee","restrictions":false,"min":"0","max":"0","options":[{"label":"Sans parois lat\u00e9ral","price":"","price_type":"quantity_based","image":0,"visibility":true},{"label":"Parois lat\u00e9ral gauche","price":"270","price_type":"quantity_based","image":0,"visibility":true},{"label":"Parois lat\u00e9ral droit","price":"270","price_type":"quantity_based","image":0,"visibility":true},{"label":"Parois lat\u00e9ral gauche et droit","price":"540","price_type":"quantity_based","image":0,"visibility":true}],"id":1692861472},{"name":"Parois arri\u00e8res","type":"multiple_choice","position":1,"required":false,"title_format":"heading","default":"","description_enable":false,"description":"","placeholder_enable":false,"placeholder":"","display":"select","restrictions_type":"any_text","adjust_price":false,"price":"","price_type":"flat_fee","restrictions":false,"min":"0","max":"0","options":[{"label":"Sans parois arri\u00e8res","price":"","price_type":"quantity_based","image":0,"visibility":true},{"label":"Avec parois arri\u00e8res","price":"215","price_type":"quantity_based","image":0,"visibility":true}],"id":1692861473},{"name":"Rev\u00eatement en poudre","type":"multiple_choice","position":2,"required":false,"title_format":"heading","default":"","description_enable":false,"description":"","placeholder_enable":false,"placeholder":"","display":"select","restrictions_type":"any_text","adjust_price":false,"price":"","price_type":"flat_fee","restrictions":false,"min":"0","max":"0","options":[{"label":"galvanis\u00e9 \u00e0 chaud (sans suppl\u00e9ment)","price":"","price_type":"quantity_based","image":0,"visibility":true},{"label":"RAL 3004 \/ rouge poupre","price":"420","price_type":"quantity_based","image":0,"visibility":true},{"label":"RAL 5003 \/ bleu saphir","price":"420","price_type":"quantity_based","image":0,"visibility":true},{"label":"RAL 6009 \/ vert sapin","price":"420","price_type":"quantity_based","image":0,"visibility":true},{"label":"RAL 7016 \/ gris anthracite","price":"420","price_type":"quantity_based","image":0,"visibility":true},{"label":"RAL 9010 \/ blanc pur","price":"420","price_type":"quantity_based","image":0,"visibility":true}],"id":1692861474},{"name":"Syst\u00e8mes de stationnement","type":"multiple_choice","position":3,"required":false,"title_format":"heading","default":"","description_enable":false,"description":"","placeholder_enable":false,"placeholder":"","display":"select","restrictions_type":"any_text","adjust_price":false,"price":"","price_type":"flat_fee","restrictions":false,"min":"0","max":"0","options":[{"label":"Multibike Standard 1 v\u00e9lo","price":"69","price_type":"quantity_based","image":0,"visibility":true},{"label":"Multibike Standard 2 v\u00e9los","price":"138","price_type":"quantity_based","image":0,"visibility":true},{"label":"Multibike Standard 3 v\u00e9los","price":"207","price_type":"quantity_based","image":0,"visibility":true}],"id":1692861475},{"name":"Securit\u00e9 antivol","type":"multiple_choice","position":4,"required":false,"title_format":"heading","default":"","description_enable":false,"description":"","placeholder_enable":false,"placeholder":"","display":"select","restrictions_type":"any_text","adjust_price":false,"price":"","price_type":"flat_fee","restrictions":false,"min":"0","max":"0","options":[{"label":"type liane 1 pc","price":"38","price_type":"quantity_based","image":0,"visibility":true},{"label":"type liane 2 pcs","price":"76","price_type":"quantity_based","image":0,"visibility":true},{"label":"type liane 3 pcs","price":"114","price_type":"quantity_based","image":0,"visibility":true}],"id":1692861476},{"name":"Goutti\u00e8re avec tube d'\u00e9vacuation","type":"multiple_choice","position":5,"required":false,"title_format":"heading","default":"","description_enable":false,"description":"","placeholder_enable":false,"placeholder":"","display":"select","restrictions_type":"any_text","adjust_price":false,"price":"","price_type":"flat_fee","restrictions":false,"min":"0","max":"0","options":[{"label":"Sans goutti\u00e8re avec tube d'\u00e9vacuation","price":"","price_type":"quantity_based","image":0,"visibility":true},{"label":"Goutti\u00e8re avec tube d'\u00e9vacuation \u00e0 gauche","price":"175","price_type":"quantity_based","image":0,"visibility":true},{"label":"Goutti\u00e8re avec tube d'\u00e9vacuation \u00e0 droite","price":"175","price_type":"quantity_based","image":0,"visibility":true}],"id":1692861477},{"name":"B\u00e2che de protection","type":"multiple_choice","position":6,"required":false,"title_format":"heading","default":"","description_enable":false,"description":"","placeholder_enable":false,"placeholder":"","display":"select","restrictions_type":"any_text","adjust_price":false,"price":"","price_type":"flat_fee","restrictions":false,"min":"0","max":"0","options":[{"label":"treillis textile noir","price":"360","price_type":"quantity_based","image":0,"visibility":true}],"id":1692861478},{"name":"Socle en b\u00e9ton","type":"multiple_choice","position":7,"required":false,"title_format":"heading","default":"","description_enable":false,"description":"","placeholder_enable":false,"placeholder":"","display":"select","restrictions_type":"any_text","adjust_price":false,"price":"","price_type":"flat_fee","restrictions":false,"min":"0","max":"0","options":[{"label":"2 socles en b\u00e9ton \u00e0 140 cm (prix par set)","price":"490","price_type":"quantity_based","image":0,"visibility":true}],"id":1692861479},{"name":"Avec assemblage","type":"checkbox","position":8,"required":false,"title_format":"heading","default":"","description_enable":true,"description":"<a href=\"https:\/\/velopa.ch\/wp-content\/uploads\/Produktinformation\/FR\/Montagepreise_FR.pdf\" target=\"_blank\">*liste de prix livraison et montage<\/a>","placeholder_enable":false,"placeholder":"","display":"select","restrictions_type":"any_text","adjust_price":false,"price":"","price_type":"flat_fee","restrictions":false,"min":"0","max":"0","options":[{"label":"frais de montage","price":"290","price_type":"quantity_based","image":0,"visibility":true}],"id":1692861480}],"acf":[],"yoast_head":"<!-- This site is optimized with the Yoast SEO plugin v27.2 - https:\/\/yoast.com\/product\/yoast-seo-wordpress\/ -->\n<title>BikeRoof 1.50m - Velopa Shop<\/title>\n<meta name=\"robots\" content=\"index, follow, max-snippet:-1, max-image-preview:large, max-video-preview:-1\" \/>\n<link rel=\"canonical\" href=\"https:\/\/shop.velopa.ch\/fr\/produit\/bikeroof-150\/\" \/>\n<meta property=\"og:locale\" content=\"fr_FR\" \/>\n<meta property=\"og:type\" content=\"article\" \/>\n<meta property=\"og:title\" content=\"BikeRoof 1.50m - Velopa Shop\" \/>\n<meta property=\"og:description\" content=\"Des dimensions minimales, mais un maximum d\u2019avantages : l\u2019abri \u00e0 v\u00e9los BikeRoof peut \u00eatre install\u00e9 presque partout. Il se manipule facilement et offre \u00e0 vos v\u00e9los une protection adapt\u00e9e. Longueur d&#039;el\u00e9ment 1.60 m\" \/>\n<meta property=\"og:url\" content=\"https:\/\/shop.velopa.ch\/fr\/produit\/bikeroof-150\/\" \/>\n<meta property=\"og:site_name\" content=\"Velopa Shop\" \/>\n<meta property=\"article:modified_time\" content=\"2025-02-10T13:21:42+00:00\" \/>\n<meta property=\"og:image\" content=\"https:\/\/shop.velopa.ch\/wp-content\/uploads\/2018\/08\/Bikeroof.jpg\" \/>\n\t<meta property=\"og:image:width\" content=\"700\" \/>\n\t<meta property=\"og:image:height\" content=\"700\" \/>\n\t<meta property=\"og:image:type\" content=\"image\/jpeg\" \/>\n<meta name=\"twitter:card\" content=\"summary_large_image\" \/>\n<meta name=\"twitter:label1\" content=\"Dur\u00e9e de lecture estim\u00e9e\" \/>\n\t<meta name=\"twitter:data1\" content=\"2 minutes\" \/>\n<script type=\"application\/ld+json\" class=\"yoast-schema-graph\">{\"@context\":\"https:\/\/schema.org\",\"@graph\":[{\"@type\":\"WebPage\",\"@id\":\"https:\/\/shop.velopa.ch\/fr\/produit\/bikeroof-150\/\",\"url\":\"https:\/\/shop.velopa.ch\/fr\/produit\/bikeroof-150\/\",\"name\":\"BikeRoof 1.50m - Velopa Shop\",\"isPartOf\":{\"@id\":\"https:\/\/shop.velopa.ch\/#website\"},\"primaryImageOfPage\":{\"@id\":\"https:\/\/shop.velopa.ch\/fr\/produit\/bikeroof-150\/#primaryimage\"},\"image\":{\"@id\":\"https:\/\/shop.velopa.ch\/fr\/produit\/bikeroof-150\/#primaryimage\"},\"thumbnailUrl\":\"https:\/\/shop.velopa.ch\/wp-content\/uploads\/2018\/08\/Bikeroof.jpg\",\"datePublished\":\"2019-04-26T11:27:38+00:00\",\"dateModified\":\"2025-02-10T13:21:42+00:00\",\"breadcrumb\":{\"@id\":\"https:\/\/shop.velopa.ch\/fr\/produit\/bikeroof-150\/#breadcrumb\"},\"inLanguage\":\"fr-FR\",\"potentialAction\":[{\"@type\":\"ReadAction\",\"target\":[\"https:\/\/shop.velopa.ch\/fr\/produit\/bikeroof-150\/\"]}]},{\"@type\":\"ImageObject\",\"inLanguage\":\"fr-FR\",\"@id\":\"https:\/\/shop.velopa.ch\/fr\/produit\/bikeroof-150\/#primaryimage\",\"url\":\"https:\/\/shop.velopa.ch\/wp-content\/uploads\/2018\/08\/Bikeroof.jpg\",\"contentUrl\":\"https:\/\/shop.velopa.ch\/wp-content\/uploads\/2018\/08\/Bikeroof.jpg\",\"width\":700,\"height\":700},{\"@type\":\"BreadcrumbList\",\"@id\":\"https:\/\/shop.velopa.ch\/fr\/produit\/bikeroof-150\/#breadcrumb\",\"itemListElement\":[{\"@type\":\"ListItem\",\"position\":1,\"name\":\"Home\",\"item\":\"https:\/\/shop.velopa.ch\/fr\/\"},{\"@type\":\"ListItem\",\"position\":2,\"name\":\"Shop\",\"item\":\"https:\/\/shop.velopa.ch\/fr\/\"},{\"@type\":\"ListItem\",\"position\":3,\"name\":\"BikeRoof 1.50m\"}]},{\"@type\":\"WebSite\",\"@id\":\"https:\/\/shop.velopa.ch\/#website\",\"url\":\"https:\/\/shop.velopa.ch\/\",\"name\":\"Velopa Shop\",\"description\":\"\",\"potentialAction\":[{\"@type\":\"SearchAction\",\"target\":{\"@type\":\"EntryPoint\",\"urlTemplate\":\"https:\/\/shop.velopa.ch\/?s={search_term_string}\"},\"query-input\":{\"@type\":\"PropertyValueSpecification\",\"valueRequired\":true,\"valueName\":\"search_term_string\"}}],\"inLanguage\":\"fr-FR\"}]}<\/script>\n<!-- \/ Yoast SEO plugin. -->","yoast_head_json":{"title":"BikeRoof 1.50m - Velopa Shop","robots":{"index":"index","follow":"follow","max-snippet":"max-snippet:-1","max-image-preview":"max-image-preview:large","max-video-preview":"max-video-preview:-1"},"canonical":"https:\/\/shop.velopa.ch\/fr\/produit\/bikeroof-150\/","og_locale":"fr_FR","og_type":"article","og_title":"BikeRoof 1.50m - Velopa Shop","og_description":"Des dimensions minimales, mais un maximum d\u2019avantages : l\u2019abri \u00e0 v\u00e9los BikeRoof peut \u00eatre install\u00e9 presque partout. Il se manipule facilement et offre \u00e0 vos v\u00e9los une protection adapt\u00e9e. Longueur d'el\u00e9ment 1.60 m","og_url":"https:\/\/shop.velopa.ch\/fr\/produit\/bikeroof-150\/","og_site_name":"Velopa Shop","article_modified_time":"2025-02-10T13:21:42+00:00","og_image":[{"width":700,"height":700,"url":"https:\/\/shop.velopa.ch\/wp-content\/uploads\/2018\/08\/Bikeroof.jpg","type":"image\/jpeg"}],"twitter_card":"summary_large_image","twitter_misc":{"Dur\u00e9e de lecture estim\u00e9e":"2 minutes"},"schema":{"@context":"https:\/\/schema.org","@graph":[{"@type":"WebPage","@id":"https:\/\/shop.velopa.ch\/fr\/produit\/bikeroof-150\/","url":"https:\/\/shop.velopa.ch\/fr\/produit\/bikeroof-150\/","name":"BikeRoof 1.50m - Velopa Shop","isPartOf":{"@id":"https:\/\/shop.velopa.ch\/#website"},"primaryImageOfPage":{"@id":"https:\/\/shop.velopa.ch\/fr\/produit\/bikeroof-150\/#primaryimage"},"image":{"@id":"https:\/\/shop.velopa.ch\/fr\/produit\/bikeroof-150\/#primaryimage"},"thumbnailUrl":"https:\/\/shop.velopa.ch\/wp-content\/uploads\/2018\/08\/Bikeroof.jpg","datePublished":"2019-04-26T11:27:38+00:00","dateModified":"2025-02-10T13:21:42+00:00","breadcrumb":{"@id":"https:\/\/shop.velopa.ch\/fr\/produit\/bikeroof-150\/#breadcrumb"},"inLanguage":"fr-FR","potentialAction":[{"@type":"ReadAction","target":["https:\/\/shop.velopa.ch\/fr\/produit\/bikeroof-150\/"]}]},{"@type":"ImageObject","inLanguage":"fr-FR","@id":"https:\/\/shop.velopa.ch\/fr\/produit\/bikeroof-150\/#primaryimage","url":"https:\/\/shop.velopa.ch\/wp-content\/uploads\/2018\/08\/Bikeroof.jpg","contentUrl":"https:\/\/shop.velopa.ch\/wp-content\/uploads\/2018\/08\/Bikeroof.jpg","width":700,"height":700},{"@type":"BreadcrumbList","@id":"https:\/\/shop.velopa.ch\/fr\/produit\/bikeroof-150\/#breadcrumb","itemListElement":[{"@type":"ListItem","position":1,"name":"Home","item":"https:\/\/shop.velopa.ch\/fr\/"},{"@type":"ListItem","position":2,"name":"Shop","item":"https:\/\/shop.velopa.ch\/fr\/"},{"@type":"ListItem","position":3,"name":"BikeRoof 1.50m"}]},{"@type":"WebSite","@id":"https:\/\/shop.velopa.ch\/#website","url":"https:\/\/shop.velopa.ch\/","name":"Velopa Shop","description":"","potentialAction":[{"@type":"SearchAction","target":{"@type":"EntryPoint","urlTemplate":"https:\/\/shop.velopa.ch\/?s={search_term_string}"},"query-input":{"@type":"PropertyValueSpecification","valueRequired":true,"valueName":"search_term_string"}}],"inLanguage":"fr-FR"}]}},"_links":{"self":[{"href":"https:\/\/shop.velopa.ch\/fr\/wp-json\/wp\/v2\/product\/2342","targetHints":{"allow":["GET"]}}],"collection":[{"href":"https:\/\/shop.velopa.ch\/fr\/wp-json\/wp\/v2\/product"}],"about":[{"href":"https:\/\/shop.velopa.ch\/fr\/wp-json\/wp\/v2\/types\/product"}],"wp:featuredmedia":[{"embeddable":true,"href":"https:\/\/shop.velopa.ch\/fr\/wp-json\/wp\/v2\/media\/176"}],"wp:attachment":[{"href":"https:\/\/shop.velopa.ch\/fr\/wp-json\/wp\/v2\/media?parent=2342"}],"wp:term":[{"taxonomy":"product_brand","embeddable":true,"href":"https:\/\/shop.velopa.ch\/fr\/wp-json\/wp\/v2\/product_brand?post=2342"},{"taxonomy":"product_cat","embeddable":true,"href":"https:\/\/shop.velopa.ch\/fr\/wp-json\/wp\/v2\/product_cat?post=2342"},{"taxonomy":"product_tag","embeddable":true,"href":"https:\/\/shop.velopa.ch\/fr\/wp-json\/wp\/v2\/product_tag?post=2342"}],"curies":[{"name":"wp","href":"https:\/\/api.w.org\/{rel}","templated":true}]}}