{"id":2533,"date":"2019-05-03T13:27:10","date_gmt":"2019-05-03T11:27:13","guid":{"rendered":"https:\/\/shop.velopa.ch\/?post_type=product&#038;p=2533"},"modified":"2022-05-06T11:07:03","modified_gmt":"2022-05-06T11:07:03","slug":"omega-2-85-m","status":"publish","type":"product","link":"https:\/\/shop.velopa.ch\/fr\/produit\/omega-2-85-m\/","title":{"rendered":"Omega 2.85 m"},"content":{"rendered":"<p><strong>Abri \u00e0 v\u00e9los Omega : un classique !<\/strong><\/p>\n<p>Sp\u00e9cialement con\u00e7u pour les deux-roues, l\u2019abri \u00e0 v\u00e9los Omega est synonyme de l\u00e9g\u00e8ret\u00e9 et vous s\u00e9duira par son style \u00e9pur\u00e9 totalement transparent. Cet abri \u00e0 v\u00e9los est d\u2019ailleurs un grand classique de la gamme Velopa. La forme de son toit en quart de cercle est facile d\u2019entretien, un atout certain pour les ma\u00eetres d\u2019ouvrage ! Malgr\u00e9 son aspect d\u00e9licat, l\u2019abri \u00e0 v\u00e9los Omega est robuste et garantit une excellente long\u00e9vit\u00e9.<\/p>\n<p>La structure est compos\u00e9e d\u2019\u00e9l\u00e9ments en acier galvanis\u00e9 \u00e0 chaud et de plaques plates transparentes en verre acrylique. Le remplacement de ces plaques ne n\u00e9cessite aucun outil sp\u00e9cifique.<\/p>\n<p>Options disponibles :<br \/>\nParois lat\u00e9rales, portes coulissantes, syst\u00e8me de stationnement pour v\u00e9los, \u00e9clairage LED, rev\u00eatement couleur au choix<\/p>\n","protected":false},"excerpt":{"rendered":"<p>Des toitures + parois translucide en acrylique<br \/>\nAbri \u00e0 v\u00e9los sans syst\u00e8mes de stationnement<\/p>\n<p>Omega est un abri \u00e0 v\u00e9los classique qui s\u2019int\u00e8gre facilement \u00e0 tous les types d\u2019environnement gr\u00e2ce \u00e0 sa toiture transparente. De conception robuste, cet abri offre une long\u00e9vit\u00e9 remarquable et n\u00e9cessite un entretien minimal.<\/p>\n","protected":false},"featured_media":1501,"template":"","meta":{"_acf_changed":false,"_et_pb_use_builder":"","_et_pb_old_content":"","_et_gb_content_width":""},"product_brand":[],"product_cat":[44],"product_tag":[],"class_list":{"0":"post-2533","1":"product","2":"type-product","3":"status-publish","4":"has-post-thumbnail","6":"product_cat-abris-a-velos","8":"first","9":"instock","10":"sold-individually","11":"taxable","12":"shipping-taxable","13":"purchasable","14":"product-type-simple"},"exclude_global_add_ons":false,"addons":[{"name":"Parois lat\u00e9ral","type":"multiple_choice","position":0,"required":false,"title_format":"heading","default":"","description_enable":false,"description":"","placeholder_enable":false,"placeholder":"","display":"select","restrictions_type":"any_text","adjust_price":false,"price":"","price_type":"flat_fee","restrictions":false,"min":"0","max":"0","options":[{"label":"Parois lat\u00e9ral gauche","price":"790","price_type":"quantity_based","image":0,"visibility":true},{"label":"Parois lat\u00e9ral droit","price":"790","price_type":"quantity_based","image":0,"visibility":true},{"label":"Parois lat\u00e9ral gauche et droit","price":"1580","price_type":"quantity_based","image":0,"visibility":true}]},{"name":"Assemblage","type":"checkbox","position":1,"required":false,"title_format":"heading","default":"","description_enable":true,"description":"*Le prix d\u2019installation sera calcul\u00e9 apr\u00e8s la commande.","placeholder_enable":false,"placeholder":"","display":"select","restrictions_type":"any_text","adjust_price":false,"price":"","price_type":"flat_fee","restrictions":false,"min":"0","max":"0","options":[{"label":"Avec assemblage (Sur demande)","price":"","price_type":"quantity_based","image":0,"visibility":true}]}],"acf":[],"yoast_head":"<!-- This site is optimized with the Yoast SEO plugin v27.2 - https:\/\/yoast.com\/product\/yoast-seo-wordpress\/ -->\n<title>Omega 2.85 m - Velopa Shop<\/title>\n<meta name=\"robots\" content=\"index, follow, max-snippet:-1, max-image-preview:large, max-video-preview:-1\" \/>\n<link rel=\"canonical\" href=\"https:\/\/shop.velopa.ch\/fr\/produit\/omega-2-85-m\/\" \/>\n<meta property=\"og:locale\" content=\"fr_FR\" \/>\n<meta property=\"og:type\" content=\"article\" \/>\n<meta property=\"og:title\" content=\"Omega 2.85 m - Velopa Shop\" \/>\n<meta property=\"og:description\" content=\"Des toitures + parois translucide en acrylique Abri \u00e0 v\u00e9los sans syst\u00e8mes de stationnement  Omega est un abri \u00e0 v\u00e9los classique qui s\u2019int\u00e8gre facilement \u00e0 tous les types d\u2019environnement gr\u00e2ce \u00e0 sa toiture transparente. De conception robuste, cet abri offre une long\u00e9vit\u00e9 remarquable et n\u00e9cessite un entretien minimal.\" \/>\n<meta property=\"og:url\" content=\"https:\/\/shop.velopa.ch\/fr\/produit\/omega-2-85-m\/\" \/>\n<meta property=\"og:site_name\" content=\"Velopa Shop\" \/>\n<meta property=\"article:modified_time\" content=\"2022-05-06T11:07:03+00:00\" \/>\n<meta property=\"og:image\" content=\"https:\/\/shop.velopa.ch\/wp-content\/uploads\/2019\/01\/Omega.jpg\" \/>\n\t<meta property=\"og:image:width\" content=\"600\" \/>\n\t<meta property=\"og:image:height\" content=\"600\" \/>\n\t<meta property=\"og:image:type\" content=\"image\/jpeg\" \/>\n<meta name=\"twitter:card\" content=\"summary_large_image\" \/>\n<meta name=\"twitter:label1\" content=\"Dur\u00e9e de lecture estim\u00e9e\" \/>\n\t<meta name=\"twitter:data1\" content=\"1 minute\" \/>\n<script type=\"application\/ld+json\" class=\"yoast-schema-graph\">{\"@context\":\"https:\/\/schema.org\",\"@graph\":[{\"@type\":\"WebPage\",\"@id\":\"https:\/\/shop.velopa.ch\/fr\/produit\/omega-2-85-m\/\",\"url\":\"https:\/\/shop.velopa.ch\/fr\/produit\/omega-2-85-m\/\",\"name\":\"Omega 2.85 m - Velopa Shop\",\"isPartOf\":{\"@id\":\"https:\/\/shop.velopa.ch\/#website\"},\"primaryImageOfPage\":{\"@id\":\"https:\/\/shop.velopa.ch\/fr\/produit\/omega-2-85-m\/#primaryimage\"},\"image\":{\"@id\":\"https:\/\/shop.velopa.ch\/fr\/produit\/omega-2-85-m\/#primaryimage\"},\"thumbnailUrl\":\"https:\/\/shop.velopa.ch\/wp-content\/uploads\/2019\/01\/Omega.jpg\",\"datePublished\":\"2019-05-03T11:27:13+00:00\",\"dateModified\":\"2022-05-06T11:07:03+00:00\",\"breadcrumb\":{\"@id\":\"https:\/\/shop.velopa.ch\/fr\/produit\/omega-2-85-m\/#breadcrumb\"},\"inLanguage\":\"fr-FR\",\"potentialAction\":[{\"@type\":\"ReadAction\",\"target\":[\"https:\/\/shop.velopa.ch\/fr\/produit\/omega-2-85-m\/\"]}]},{\"@type\":\"ImageObject\",\"inLanguage\":\"fr-FR\",\"@id\":\"https:\/\/shop.velopa.ch\/fr\/produit\/omega-2-85-m\/#primaryimage\",\"url\":\"https:\/\/shop.velopa.ch\/wp-content\/uploads\/2019\/01\/Omega.jpg\",\"contentUrl\":\"https:\/\/shop.velopa.ch\/wp-content\/uploads\/2019\/01\/Omega.jpg\",\"width\":600,\"height\":600},{\"@type\":\"BreadcrumbList\",\"@id\":\"https:\/\/shop.velopa.ch\/fr\/produit\/omega-2-85-m\/#breadcrumb\",\"itemListElement\":[{\"@type\":\"ListItem\",\"position\":1,\"name\":\"Home\",\"item\":\"https:\/\/shop.velopa.ch\/fr\/\"},{\"@type\":\"ListItem\",\"position\":2,\"name\":\"Shop\",\"item\":\"https:\/\/shop.velopa.ch\/fr\/\"},{\"@type\":\"ListItem\",\"position\":3,\"name\":\"Omega 2.85 m\"}]},{\"@type\":\"WebSite\",\"@id\":\"https:\/\/shop.velopa.ch\/#website\",\"url\":\"https:\/\/shop.velopa.ch\/\",\"name\":\"Velopa Shop\",\"description\":\"\",\"potentialAction\":[{\"@type\":\"SearchAction\",\"target\":{\"@type\":\"EntryPoint\",\"urlTemplate\":\"https:\/\/shop.velopa.ch\/?s={search_term_string}\"},\"query-input\":{\"@type\":\"PropertyValueSpecification\",\"valueRequired\":true,\"valueName\":\"search_term_string\"}}],\"inLanguage\":\"fr-FR\"}]}<\/script>\n<!-- \/ Yoast SEO plugin. -->","yoast_head_json":{"title":"Omega 2.85 m - Velopa Shop","robots":{"index":"index","follow":"follow","max-snippet":"max-snippet:-1","max-image-preview":"max-image-preview:large","max-video-preview":"max-video-preview:-1"},"canonical":"https:\/\/shop.velopa.ch\/fr\/produit\/omega-2-85-m\/","og_locale":"fr_FR","og_type":"article","og_title":"Omega 2.85 m - Velopa Shop","og_description":"Des toitures + parois translucide en acrylique Abri \u00e0 v\u00e9los sans syst\u00e8mes de stationnement  Omega est un abri \u00e0 v\u00e9los classique qui s\u2019int\u00e8gre facilement \u00e0 tous les types d\u2019environnement gr\u00e2ce \u00e0 sa toiture transparente. De conception robuste, cet abri offre une long\u00e9vit\u00e9 remarquable et n\u00e9cessite un entretien minimal.","og_url":"https:\/\/shop.velopa.ch\/fr\/produit\/omega-2-85-m\/","og_site_name":"Velopa Shop","article_modified_time":"2022-05-06T11:07:03+00:00","og_image":[{"width":600,"height":600,"url":"https:\/\/shop.velopa.ch\/wp-content\/uploads\/2019\/01\/Omega.jpg","type":"image\/jpeg"}],"twitter_card":"summary_large_image","twitter_misc":{"Dur\u00e9e de lecture estim\u00e9e":"1 minute"},"schema":{"@context":"https:\/\/schema.org","@graph":[{"@type":"WebPage","@id":"https:\/\/shop.velopa.ch\/fr\/produit\/omega-2-85-m\/","url":"https:\/\/shop.velopa.ch\/fr\/produit\/omega-2-85-m\/","name":"Omega 2.85 m - Velopa Shop","isPartOf":{"@id":"https:\/\/shop.velopa.ch\/#website"},"primaryImageOfPage":{"@id":"https:\/\/shop.velopa.ch\/fr\/produit\/omega-2-85-m\/#primaryimage"},"image":{"@id":"https:\/\/shop.velopa.ch\/fr\/produit\/omega-2-85-m\/#primaryimage"},"thumbnailUrl":"https:\/\/shop.velopa.ch\/wp-content\/uploads\/2019\/01\/Omega.jpg","datePublished":"2019-05-03T11:27:13+00:00","dateModified":"2022-05-06T11:07:03+00:00","breadcrumb":{"@id":"https:\/\/shop.velopa.ch\/fr\/produit\/omega-2-85-m\/#breadcrumb"},"inLanguage":"fr-FR","potentialAction":[{"@type":"ReadAction","target":["https:\/\/shop.velopa.ch\/fr\/produit\/omega-2-85-m\/"]}]},{"@type":"ImageObject","inLanguage":"fr-FR","@id":"https:\/\/shop.velopa.ch\/fr\/produit\/omega-2-85-m\/#primaryimage","url":"https:\/\/shop.velopa.ch\/wp-content\/uploads\/2019\/01\/Omega.jpg","contentUrl":"https:\/\/shop.velopa.ch\/wp-content\/uploads\/2019\/01\/Omega.jpg","width":600,"height":600},{"@type":"BreadcrumbList","@id":"https:\/\/shop.velopa.ch\/fr\/produit\/omega-2-85-m\/#breadcrumb","itemListElement":[{"@type":"ListItem","position":1,"name":"Home","item":"https:\/\/shop.velopa.ch\/fr\/"},{"@type":"ListItem","position":2,"name":"Shop","item":"https:\/\/shop.velopa.ch\/fr\/"},{"@type":"ListItem","position":3,"name":"Omega 2.85 m"}]},{"@type":"WebSite","@id":"https:\/\/shop.velopa.ch\/#website","url":"https:\/\/shop.velopa.ch\/","name":"Velopa Shop","description":"","potentialAction":[{"@type":"SearchAction","target":{"@type":"EntryPoint","urlTemplate":"https:\/\/shop.velopa.ch\/?s={search_term_string}"},"query-input":{"@type":"PropertyValueSpecification","valueRequired":true,"valueName":"search_term_string"}}],"inLanguage":"fr-FR"}]}},"_links":{"self":[{"href":"https:\/\/shop.velopa.ch\/fr\/wp-json\/wp\/v2\/product\/2533","targetHints":{"allow":["GET"]}}],"collection":[{"href":"https:\/\/shop.velopa.ch\/fr\/wp-json\/wp\/v2\/product"}],"about":[{"href":"https:\/\/shop.velopa.ch\/fr\/wp-json\/wp\/v2\/types\/product"}],"wp:featuredmedia":[{"embeddable":true,"href":"https:\/\/shop.velopa.ch\/fr\/wp-json\/wp\/v2\/media\/1501"}],"wp:attachment":[{"href":"https:\/\/shop.velopa.ch\/fr\/wp-json\/wp\/v2\/media?parent=2533"}],"wp:term":[{"taxonomy":"product_brand","embeddable":true,"href":"https:\/\/shop.velopa.ch\/fr\/wp-json\/wp\/v2\/product_brand?post=2533"},{"taxonomy":"product_cat","embeddable":true,"href":"https:\/\/shop.velopa.ch\/fr\/wp-json\/wp\/v2\/product_cat?post=2533"},{"taxonomy":"product_tag","embeddable":true,"href":"https:\/\/shop.velopa.ch\/fr\/wp-json\/wp\/v2\/product_tag?post=2533"}],"curies":[{"name":"wp","href":"https:\/\/api.w.org\/{rel}","templated":true}]}}