{"id":2592,"date":"2019-05-03T15:15:41","date_gmt":"2019-05-03T13:16:22","guid":{"rendered":"https:\/\/shop.velopa.ch\/?post_type=product&#038;p=2592"},"modified":"2023-10-17T14:25:14","modified_gmt":"2023-10-17T14:25:14","slug":"ratelier-rock","status":"publish","type":"product","link":"https:\/\/shop.velopa.ch\/fr\/produit\/ratelier-rock\/","title":{"rendered":"Rock"},"content":{"rendered":"<p><strong>Rock a fait ses preuves !<br \/>\n<\/strong><br \/>\nLe r\u00e2telier \u00e0 v\u00e9los Rock permet de stationner et de maintenir solidement vos v\u00e9los gr\u00e2ce \u00e0 quelques manipulations simples et logiques. L\u2019espace g\u00e9n\u00e9reux r\u00e9serv\u00e9 \u00e0 la roue avant maintient le v\u00e9lo bien droit et la disposition en \u00e9pi de l\u2019\u00e9trier principal \u00e9vite les frottements avec les parties vernies. Ce r\u00e2telier \u00e0 v\u00e9los est \u00e9galement adapt\u00e9 aux VTT classiques avec une largeur de pneus pouvant aller jusqu\u2019\u00e0 70 mm. Ce r\u00e2telier peut \u00eatre dispos\u00e9 de mani\u00e8re \u00e0 accueillir des v\u00e9los sur un ou deux c\u00f4t\u00e9s et offre une disposition altern\u00e9e haut\/bas. La structure en acier galvanis\u00e9 \u00e0 chaud vous s\u00e9duira par sa robustesse. Rock dispose d\u2019un \u00e9trier de fixation allong\u00e9 ce qui en fait un dispositif id\u00e9al pour accueillir des v\u00e9los dot\u00e9s de cadres aux dimensions modernes.<\/p>\n<p>Vous d\u00e9sirez un r\u00e2telier particuli\u00e8rement esth\u00e9tique visuellement ? Optez d\u00e8s lors pour le coloris RAL de votre choix ! L\u2019une de ses principales qualit\u00e9s ? Son entretien simplissime ! Son ancrage au sol en forme de trap\u00e8ze emp\u00eache les feuilles d\u2019adh\u00e9rer \u00e0 la structure. Il suffit par ailleurs d\u2019un petit jet d\u2019eau pour proc\u00e9der \u00e0 un rapide nettoyage.<\/p>\n","protected":false},"excerpt":{"rendered":"<p>Notre r\u00e2telier \u00e0 v\u00e9los Rock permet de stationner vos v\u00e9los de mani\u00e8re efficace tout en prot\u00e9geant les roues et le cadre de chaque v\u00e9lo. De quoi satisfaire \u00e0 la fois les utilisateurs et les clients !<\/p>\n","protected":false},"featured_media":29756,"template":"","meta":{"_acf_changed":false,"_et_pb_use_builder":"","_et_pb_old_content":"","_et_gb_content_width":""},"product_brand":[],"product_cat":[43],"product_tag":[],"class_list":{"0":"post-2592","1":"product","2":"type-product","3":"status-publish","4":"has-post-thumbnail","6":"product_cat-systemes-de-stationnement","8":"first","9":"instock","10":"taxable","11":"shipping-taxable","12":"purchasable","13":"product-type-variable"},"exclude_global_add_ons":[],"addons":[],"acf":[],"yoast_head":"<!-- This site is optimized with the Yoast SEO plugin v27.2 - https:\/\/yoast.com\/product\/yoast-seo-wordpress\/ -->\n<title>Rock - Velopa Shop<\/title>\n<meta name=\"robots\" content=\"index, follow, max-snippet:-1, max-image-preview:large, max-video-preview:-1\" \/>\n<link rel=\"canonical\" href=\"https:\/\/shop.velopa.ch\/fr\/produit\/ratelier-rock\/\" \/>\n<meta property=\"og:locale\" content=\"fr_FR\" \/>\n<meta property=\"og:type\" content=\"article\" \/>\n<meta property=\"og:title\" content=\"Rock - Velopa Shop\" \/>\n<meta property=\"og:description\" content=\"Notre r\u00e2telier \u00e0 v\u00e9los Rock permet de stationner vos v\u00e9los de mani\u00e8re efficace tout en prot\u00e9geant les roues et le cadre de chaque v\u00e9lo. De quoi satisfaire \u00e0 la fois les utilisateurs et les clients !\" \/>\n<meta property=\"og:url\" content=\"https:\/\/shop.velopa.ch\/fr\/produit\/ratelier-rock\/\" \/>\n<meta property=\"og:site_name\" content=\"Velopa Shop\" \/>\n<meta property=\"article:modified_time\" content=\"2023-10-17T14:25:14+00:00\" \/>\n<meta property=\"og:image\" content=\"https:\/\/shop.velopa.ch\/wp-content\/uploads\/2019\/05\/Rock.jpg\" \/>\n\t<meta property=\"og:image:width\" content=\"494\" \/>\n\t<meta property=\"og:image:height\" content=\"470\" \/>\n\t<meta property=\"og:image:type\" content=\"image\/jpeg\" \/>\n<meta name=\"twitter:card\" content=\"summary_large_image\" \/>\n<meta name=\"twitter:label1\" content=\"Dur\u00e9e de lecture estim\u00e9e\" \/>\n\t<meta name=\"twitter:data1\" content=\"2 minutes\" \/>\n<script type=\"application\/ld+json\" class=\"yoast-schema-graph\">{\"@context\":\"https:\/\/schema.org\",\"@graph\":[{\"@type\":\"WebPage\",\"@id\":\"https:\/\/shop.velopa.ch\/fr\/produit\/ratelier-rock\/\",\"url\":\"https:\/\/shop.velopa.ch\/fr\/produit\/ratelier-rock\/\",\"name\":\"Rock - Velopa Shop\",\"isPartOf\":{\"@id\":\"https:\/\/shop.velopa.ch\/#website\"},\"primaryImageOfPage\":{\"@id\":\"https:\/\/shop.velopa.ch\/fr\/produit\/ratelier-rock\/#primaryimage\"},\"image\":{\"@id\":\"https:\/\/shop.velopa.ch\/fr\/produit\/ratelier-rock\/#primaryimage\"},\"thumbnailUrl\":\"https:\/\/shop.velopa.ch\/wp-content\/uploads\/2019\/05\/Rock.jpg\",\"datePublished\":\"2019-05-03T13:16:22+00:00\",\"dateModified\":\"2023-10-17T14:25:14+00:00\",\"breadcrumb\":{\"@id\":\"https:\/\/shop.velopa.ch\/fr\/produit\/ratelier-rock\/#breadcrumb\"},\"inLanguage\":\"fr-FR\",\"potentialAction\":[{\"@type\":\"ReadAction\",\"target\":[\"https:\/\/shop.velopa.ch\/fr\/produit\/ratelier-rock\/\"]}]},{\"@type\":\"ImageObject\",\"inLanguage\":\"fr-FR\",\"@id\":\"https:\/\/shop.velopa.ch\/fr\/produit\/ratelier-rock\/#primaryimage\",\"url\":\"https:\/\/shop.velopa.ch\/wp-content\/uploads\/2019\/05\/Rock.jpg\",\"contentUrl\":\"https:\/\/shop.velopa.ch\/wp-content\/uploads\/2019\/05\/Rock.jpg\",\"width\":494,\"height\":470},{\"@type\":\"BreadcrumbList\",\"@id\":\"https:\/\/shop.velopa.ch\/fr\/produit\/ratelier-rock\/#breadcrumb\",\"itemListElement\":[{\"@type\":\"ListItem\",\"position\":1,\"name\":\"Home\",\"item\":\"https:\/\/shop.velopa.ch\/fr\/\"},{\"@type\":\"ListItem\",\"position\":2,\"name\":\"Shop\",\"item\":\"https:\/\/shop.velopa.ch\/fr\/\"},{\"@type\":\"ListItem\",\"position\":3,\"name\":\"Rock\"}]},{\"@type\":\"WebSite\",\"@id\":\"https:\/\/shop.velopa.ch\/#website\",\"url\":\"https:\/\/shop.velopa.ch\/\",\"name\":\"Velopa Shop\",\"description\":\"\",\"potentialAction\":[{\"@type\":\"SearchAction\",\"target\":{\"@type\":\"EntryPoint\",\"urlTemplate\":\"https:\/\/shop.velopa.ch\/?s={search_term_string}\"},\"query-input\":{\"@type\":\"PropertyValueSpecification\",\"valueRequired\":true,\"valueName\":\"search_term_string\"}}],\"inLanguage\":\"fr-FR\"}]}<\/script>\n<!-- \/ Yoast SEO plugin. -->","yoast_head_json":{"title":"Rock - Velopa Shop","robots":{"index":"index","follow":"follow","max-snippet":"max-snippet:-1","max-image-preview":"max-image-preview:large","max-video-preview":"max-video-preview:-1"},"canonical":"https:\/\/shop.velopa.ch\/fr\/produit\/ratelier-rock\/","og_locale":"fr_FR","og_type":"article","og_title":"Rock - Velopa Shop","og_description":"Notre r\u00e2telier \u00e0 v\u00e9los Rock permet de stationner vos v\u00e9los de mani\u00e8re efficace tout en prot\u00e9geant les roues et le cadre de chaque v\u00e9lo. De quoi satisfaire \u00e0 la fois les utilisateurs et les clients !","og_url":"https:\/\/shop.velopa.ch\/fr\/produit\/ratelier-rock\/","og_site_name":"Velopa Shop","article_modified_time":"2023-10-17T14:25:14+00:00","og_image":[{"width":494,"height":470,"url":"https:\/\/shop.velopa.ch\/wp-content\/uploads\/2019\/05\/Rock.jpg","type":"image\/jpeg"}],"twitter_card":"summary_large_image","twitter_misc":{"Dur\u00e9e de lecture estim\u00e9e":"2 minutes"},"schema":{"@context":"https:\/\/schema.org","@graph":[{"@type":"WebPage","@id":"https:\/\/shop.velopa.ch\/fr\/produit\/ratelier-rock\/","url":"https:\/\/shop.velopa.ch\/fr\/produit\/ratelier-rock\/","name":"Rock - Velopa Shop","isPartOf":{"@id":"https:\/\/shop.velopa.ch\/#website"},"primaryImageOfPage":{"@id":"https:\/\/shop.velopa.ch\/fr\/produit\/ratelier-rock\/#primaryimage"},"image":{"@id":"https:\/\/shop.velopa.ch\/fr\/produit\/ratelier-rock\/#primaryimage"},"thumbnailUrl":"https:\/\/shop.velopa.ch\/wp-content\/uploads\/2019\/05\/Rock.jpg","datePublished":"2019-05-03T13:16:22+00:00","dateModified":"2023-10-17T14:25:14+00:00","breadcrumb":{"@id":"https:\/\/shop.velopa.ch\/fr\/produit\/ratelier-rock\/#breadcrumb"},"inLanguage":"fr-FR","potentialAction":[{"@type":"ReadAction","target":["https:\/\/shop.velopa.ch\/fr\/produit\/ratelier-rock\/"]}]},{"@type":"ImageObject","inLanguage":"fr-FR","@id":"https:\/\/shop.velopa.ch\/fr\/produit\/ratelier-rock\/#primaryimage","url":"https:\/\/shop.velopa.ch\/wp-content\/uploads\/2019\/05\/Rock.jpg","contentUrl":"https:\/\/shop.velopa.ch\/wp-content\/uploads\/2019\/05\/Rock.jpg","width":494,"height":470},{"@type":"BreadcrumbList","@id":"https:\/\/shop.velopa.ch\/fr\/produit\/ratelier-rock\/#breadcrumb","itemListElement":[{"@type":"ListItem","position":1,"name":"Home","item":"https:\/\/shop.velopa.ch\/fr\/"},{"@type":"ListItem","position":2,"name":"Shop","item":"https:\/\/shop.velopa.ch\/fr\/"},{"@type":"ListItem","position":3,"name":"Rock"}]},{"@type":"WebSite","@id":"https:\/\/shop.velopa.ch\/#website","url":"https:\/\/shop.velopa.ch\/","name":"Velopa Shop","description":"","potentialAction":[{"@type":"SearchAction","target":{"@type":"EntryPoint","urlTemplate":"https:\/\/shop.velopa.ch\/?s={search_term_string}"},"query-input":{"@type":"PropertyValueSpecification","valueRequired":true,"valueName":"search_term_string"}}],"inLanguage":"fr-FR"}]}},"_links":{"self":[{"href":"https:\/\/shop.velopa.ch\/fr\/wp-json\/wp\/v2\/product\/2592","targetHints":{"allow":["GET"]}}],"collection":[{"href":"https:\/\/shop.velopa.ch\/fr\/wp-json\/wp\/v2\/product"}],"about":[{"href":"https:\/\/shop.velopa.ch\/fr\/wp-json\/wp\/v2\/types\/product"}],"wp:featuredmedia":[{"embeddable":true,"href":"https:\/\/shop.velopa.ch\/fr\/wp-json\/wp\/v2\/media\/29756"}],"wp:attachment":[{"href":"https:\/\/shop.velopa.ch\/fr\/wp-json\/wp\/v2\/media?parent=2592"}],"wp:term":[{"taxonomy":"product_brand","embeddable":true,"href":"https:\/\/shop.velopa.ch\/fr\/wp-json\/wp\/v2\/product_brand?post=2592"},{"taxonomy":"product_cat","embeddable":true,"href":"https:\/\/shop.velopa.ch\/fr\/wp-json\/wp\/v2\/product_cat?post=2592"},{"taxonomy":"product_tag","embeddable":true,"href":"https:\/\/shop.velopa.ch\/fr\/wp-json\/wp\/v2\/product_tag?post=2592"}],"curies":[{"name":"wp","href":"https:\/\/api.w.org\/{rel}","templated":true}]}}