{"id":26056,"date":"2022-03-23T14:54:17","date_gmt":"2022-03-23T14:54:17","guid":{"rendered":"https:\/\/shop.velopa.ch\/?post_type=product&#038;p=26056"},"modified":"2023-08-28T15:11:19","modified_gmt":"2023-08-28T15:11:19","slug":"repstation","status":"publish","type":"product","link":"https:\/\/shop.velopa.ch\/fr\/produit\/repstation\/","title":{"rendered":"RepStation"},"content":{"rendered":"<p>Station d\u2019entretien avec pompe \u00e0 air et outils<\/p>\n<p>Le v\u00e9lo est soulev\u00e9 et la selle est pos\u00e9e sur le bras porteur. De cette mani\u00e8re, le v\u00e9lo reste en suspension et il est accessible pour l\u2019entretien de toutes les pi\u00e8ces avec les outils. Les outils sont fix\u00e9s au bo\u00eetier \u00e0 l\u2019aide de c\u00e2bles en acier, ce qui les prot\u00e8ge contre le vol. Les outils sont d\u2019excellente qualit\u00e9 et permettent d\u2019effectuer la plupart des r\u00e9parations sur le v\u00e9lo. La pompe et le manom\u00e8tre de haute qualit\u00e9 permettent de contr\u00f4ler la pression des pneus et de les regonfler si n\u00e9cessaire. Le manom\u00e8tre est rempli de \u00ab glyc\u00e9rine \u00bb pour garantir une indication claire de la pression \u00e0 tout moment.<\/p>\n","protected":false},"excerpt":{"rendered":"<p><strong>Outils<\/strong><br \/>\n\u2022 Unit\u00e9 de pompe avec manom\u00e8tre, tuyau d\u2019air comprim\u00e9 et embout de valve. Pression : max. 8 bar t\u00eate de valve multi-valves avec levier de serrage pour toutes les valves courantes<br \/>\n\u2022 Cl\u00e9 \u00e0 molette<br \/>\n\u2022 Cl\u00e9 \u00e0 fourche SW13<br \/>\n\u2022 Cl\u00e9 \u00e0 fourche SW15<br \/>\n\u2022 2 d\u00e9monte-pneus en acier<br \/>\n\u2022 Multitool avec cl\u00e9s Allen 2,5\/3\/4\/5\/6\/8\/10 mm<br \/>\n\u2022 Tournevis \u00e0 fente 0,8 x 4 x 100<br \/>\n\u2022 Tournevis \u00e0 fente cruciforme PH 2 x 100<\/p>\n","protected":false},"featured_media":29912,"template":"","meta":{"_acf_changed":false,"_et_pb_use_builder":"","_et_pb_old_content":"","_et_gb_content_width":""},"product_brand":[],"product_cat":[45,43],"product_tag":[],"class_list":{"0":"post-26056","1":"product","2":"type-product","3":"status-publish","4":"has-post-thumbnail","6":"product_cat-clients-prives","7":"product_cat-systemes-de-stationnement","8":"product_shipping_class-gardenbox-fr","10":"first","11":"instock","12":"taxable","13":"shipping-taxable","14":"purchasable","15":"product-type-simple"},"exclude_global_add_ons":false,"addons":[{"name":"Options","type":"checkbox","position":0,"required":false,"title_format":"label","default":"","description_enable":false,"description":"","placeholder_enable":false,"placeholder":"","display":"radiobutton","restrictions_type":"any_text","adjust_price":false,"price":"","price_type":"flat_fee","restrictions":false,"min":"0","max":"0","options":[{"label":"Plaque de montage avec roues (pour une installation mobile)","price":"350","price_type":"quantity_based","image":0,"visibility":true},{"label":"Logo du client","price":"120","price_type":"quantity_based","image":0,"visibility":true}],"id":1693235480}],"acf":[],"yoast_head":"<!-- This site is optimized with the Yoast SEO plugin v27.2 - https:\/\/yoast.com\/product\/yoast-seo-wordpress\/ -->\n<title>RepStation - Velopa Shop<\/title>\n<meta name=\"robots\" content=\"index, follow, max-snippet:-1, max-image-preview:large, max-video-preview:-1\" \/>\n<link rel=\"canonical\" href=\"https:\/\/shop.velopa.ch\/fr\/produit\/repstation\/\" \/>\n<meta property=\"og:locale\" content=\"fr_FR\" \/>\n<meta property=\"og:type\" content=\"article\" \/>\n<meta property=\"og:title\" content=\"RepStation - Velopa Shop\" \/>\n<meta property=\"og:description\" content=\"Outils \u2022 Unit\u00e9 de pompe avec manom\u00e8tre, tuyau d\u2019air comprim\u00e9 et embout de valve. Pression : max. 8 bar t\u00eate de valve multi-valves avec levier de serrage pour toutes les valves courantes \u2022 Cl\u00e9 \u00e0 molette \u2022 Cl\u00e9 \u00e0 fourche SW13 \u2022 Cl\u00e9 \u00e0 fourche SW15 \u2022 2 d\u00e9monte-pneus en acier \u2022 Multitool avec cl\u00e9s Allen 2,5\/3\/4\/5\/6\/8\/10 mm \u2022 Tournevis \u00e0 fente 0,8 x 4 x 100 \u2022 Tournevis \u00e0 fente cruciforme PH 2 x 100\" \/>\n<meta property=\"og:url\" content=\"https:\/\/shop.velopa.ch\/fr\/produit\/repstation\/\" \/>\n<meta property=\"og:site_name\" content=\"Velopa Shop\" \/>\n<meta property=\"article:modified_time\" content=\"2023-08-28T15:11:19+00:00\" \/>\n<meta property=\"og:image\" content=\"https:\/\/shop.velopa.ch\/wp-content\/uploads\/2022\/03\/RepStation.jpg\" \/>\n\t<meta property=\"og:image:width\" content=\"300\" \/>\n\t<meta property=\"og:image:height\" content=\"300\" \/>\n\t<meta property=\"og:image:type\" content=\"image\/jpeg\" \/>\n<meta name=\"twitter:card\" content=\"summary_large_image\" \/>\n<meta name=\"twitter:label1\" content=\"Dur\u00e9e de lecture estim\u00e9e\" \/>\n\t<meta name=\"twitter:data1\" content=\"1 minute\" \/>\n<script type=\"application\/ld+json\" class=\"yoast-schema-graph\">{\"@context\":\"https:\/\/schema.org\",\"@graph\":[{\"@type\":\"WebPage\",\"@id\":\"https:\/\/shop.velopa.ch\/fr\/produit\/repstation\/\",\"url\":\"https:\/\/shop.velopa.ch\/fr\/produit\/repstation\/\",\"name\":\"RepStation - Velopa Shop\",\"isPartOf\":{\"@id\":\"https:\/\/shop.velopa.ch\/#website\"},\"primaryImageOfPage\":{\"@id\":\"https:\/\/shop.velopa.ch\/fr\/produit\/repstation\/#primaryimage\"},\"image\":{\"@id\":\"https:\/\/shop.velopa.ch\/fr\/produit\/repstation\/#primaryimage\"},\"thumbnailUrl\":\"https:\/\/shop.velopa.ch\/wp-content\/uploads\/2022\/03\/RepStation_shop.jpg\",\"datePublished\":\"2022-03-23T14:54:17+00:00\",\"dateModified\":\"2023-08-28T15:11:19+00:00\",\"breadcrumb\":{\"@id\":\"https:\/\/shop.velopa.ch\/fr\/produit\/repstation\/#breadcrumb\"},\"inLanguage\":\"fr-FR\",\"potentialAction\":[{\"@type\":\"ReadAction\",\"target\":[\"https:\/\/shop.velopa.ch\/fr\/produit\/repstation\/\"]}]},{\"@type\":\"ImageObject\",\"inLanguage\":\"fr-FR\",\"@id\":\"https:\/\/shop.velopa.ch\/fr\/produit\/repstation\/#primaryimage\",\"url\":\"https:\/\/shop.velopa.ch\/wp-content\/uploads\/2022\/03\/RepStation_shop.jpg\",\"contentUrl\":\"https:\/\/shop.velopa.ch\/wp-content\/uploads\/2022\/03\/RepStation_shop.jpg\",\"width\":600,\"height\":600},{\"@type\":\"BreadcrumbList\",\"@id\":\"https:\/\/shop.velopa.ch\/fr\/produit\/repstation\/#breadcrumb\",\"itemListElement\":[{\"@type\":\"ListItem\",\"position\":1,\"name\":\"Home\",\"item\":\"https:\/\/shop.velopa.ch\/fr\/\"},{\"@type\":\"ListItem\",\"position\":2,\"name\":\"Shop\",\"item\":\"https:\/\/shop.velopa.ch\/fr\/\"},{\"@type\":\"ListItem\",\"position\":3,\"name\":\"RepStation\"}]},{\"@type\":\"WebSite\",\"@id\":\"https:\/\/shop.velopa.ch\/#website\",\"url\":\"https:\/\/shop.velopa.ch\/\",\"name\":\"Velopa Shop\",\"description\":\"\",\"potentialAction\":[{\"@type\":\"SearchAction\",\"target\":{\"@type\":\"EntryPoint\",\"urlTemplate\":\"https:\/\/shop.velopa.ch\/?s={search_term_string}\"},\"query-input\":{\"@type\":\"PropertyValueSpecification\",\"valueRequired\":true,\"valueName\":\"search_term_string\"}}],\"inLanguage\":\"fr-FR\"}]}<\/script>\n<!-- \/ Yoast SEO plugin. -->","yoast_head_json":{"title":"RepStation - Velopa Shop","robots":{"index":"index","follow":"follow","max-snippet":"max-snippet:-1","max-image-preview":"max-image-preview:large","max-video-preview":"max-video-preview:-1"},"canonical":"https:\/\/shop.velopa.ch\/fr\/produit\/repstation\/","og_locale":"fr_FR","og_type":"article","og_title":"RepStation - Velopa Shop","og_description":"Outils \u2022 Unit\u00e9 de pompe avec manom\u00e8tre, tuyau d\u2019air comprim\u00e9 et embout de valve. Pression : max. 8 bar t\u00eate de valve multi-valves avec levier de serrage pour toutes les valves courantes \u2022 Cl\u00e9 \u00e0 molette \u2022 Cl\u00e9 \u00e0 fourche SW13 \u2022 Cl\u00e9 \u00e0 fourche SW15 \u2022 2 d\u00e9monte-pneus en acier \u2022 Multitool avec cl\u00e9s Allen 2,5\/3\/4\/5\/6\/8\/10 mm \u2022 Tournevis \u00e0 fente 0,8 x 4 x 100 \u2022 Tournevis \u00e0 fente cruciforme PH 2 x 100","og_url":"https:\/\/shop.velopa.ch\/fr\/produit\/repstation\/","og_site_name":"Velopa Shop","article_modified_time":"2023-08-28T15:11:19+00:00","og_image":[{"width":300,"height":300,"url":"https:\/\/shop.velopa.ch\/wp-content\/uploads\/2022\/03\/RepStation.jpg","type":"image\/jpeg"}],"twitter_card":"summary_large_image","twitter_misc":{"Dur\u00e9e de lecture estim\u00e9e":"1 minute"},"schema":{"@context":"https:\/\/schema.org","@graph":[{"@type":"WebPage","@id":"https:\/\/shop.velopa.ch\/fr\/produit\/repstation\/","url":"https:\/\/shop.velopa.ch\/fr\/produit\/repstation\/","name":"RepStation - Velopa Shop","isPartOf":{"@id":"https:\/\/shop.velopa.ch\/#website"},"primaryImageOfPage":{"@id":"https:\/\/shop.velopa.ch\/fr\/produit\/repstation\/#primaryimage"},"image":{"@id":"https:\/\/shop.velopa.ch\/fr\/produit\/repstation\/#primaryimage"},"thumbnailUrl":"https:\/\/shop.velopa.ch\/wp-content\/uploads\/2022\/03\/RepStation_shop.jpg","datePublished":"2022-03-23T14:54:17+00:00","dateModified":"2023-08-28T15:11:19+00:00","breadcrumb":{"@id":"https:\/\/shop.velopa.ch\/fr\/produit\/repstation\/#breadcrumb"},"inLanguage":"fr-FR","potentialAction":[{"@type":"ReadAction","target":["https:\/\/shop.velopa.ch\/fr\/produit\/repstation\/"]}]},{"@type":"ImageObject","inLanguage":"fr-FR","@id":"https:\/\/shop.velopa.ch\/fr\/produit\/repstation\/#primaryimage","url":"https:\/\/shop.velopa.ch\/wp-content\/uploads\/2022\/03\/RepStation_shop.jpg","contentUrl":"https:\/\/shop.velopa.ch\/wp-content\/uploads\/2022\/03\/RepStation_shop.jpg","width":600,"height":600},{"@type":"BreadcrumbList","@id":"https:\/\/shop.velopa.ch\/fr\/produit\/repstation\/#breadcrumb","itemListElement":[{"@type":"ListItem","position":1,"name":"Home","item":"https:\/\/shop.velopa.ch\/fr\/"},{"@type":"ListItem","position":2,"name":"Shop","item":"https:\/\/shop.velopa.ch\/fr\/"},{"@type":"ListItem","position":3,"name":"RepStation"}]},{"@type":"WebSite","@id":"https:\/\/shop.velopa.ch\/#website","url":"https:\/\/shop.velopa.ch\/","name":"Velopa Shop","description":"","potentialAction":[{"@type":"SearchAction","target":{"@type":"EntryPoint","urlTemplate":"https:\/\/shop.velopa.ch\/?s={search_term_string}"},"query-input":{"@type":"PropertyValueSpecification","valueRequired":true,"valueName":"search_term_string"}}],"inLanguage":"fr-FR"}]}},"_links":{"self":[{"href":"https:\/\/shop.velopa.ch\/fr\/wp-json\/wp\/v2\/product\/26056","targetHints":{"allow":["GET"]}}],"collection":[{"href":"https:\/\/shop.velopa.ch\/fr\/wp-json\/wp\/v2\/product"}],"about":[{"href":"https:\/\/shop.velopa.ch\/fr\/wp-json\/wp\/v2\/types\/product"}],"wp:featuredmedia":[{"embeddable":true,"href":"https:\/\/shop.velopa.ch\/fr\/wp-json\/wp\/v2\/media\/29912"}],"wp:attachment":[{"href":"https:\/\/shop.velopa.ch\/fr\/wp-json\/wp\/v2\/media?parent=26056"}],"wp:term":[{"taxonomy":"product_brand","embeddable":true,"href":"https:\/\/shop.velopa.ch\/fr\/wp-json\/wp\/v2\/product_brand?post=26056"},{"taxonomy":"product_cat","embeddable":true,"href":"https:\/\/shop.velopa.ch\/fr\/wp-json\/wp\/v2\/product_cat?post=26056"},{"taxonomy":"product_tag","embeddable":true,"href":"https:\/\/shop.velopa.ch\/fr\/wp-json\/wp\/v2\/product_tag?post=26056"}],"curies":[{"name":"wp","href":"https:\/\/api.w.org\/{rel}","templated":true}]}}