{"id":26189,"date":"2021-01-05T15:44:03","date_gmt":"2021-01-05T14:44:04","guid":{"rendered":"https:\/\/shop.velopa.ch\/?post_type=product&#038;p=26189"},"modified":"2021-01-06T09:26:43","modified_gmt":"2021-01-06T08:26:43","slug":"le-banc-toya","status":"publish","type":"product","link":"https:\/\/shop.velopa.ch\/fr\/produit\/le-banc-toya\/","title":{"rendered":"Le banc Toya"},"content":{"rendered":"<p>Inclusif, \u00e9cologique et 100 % Suisse<br \/>\nDans leur mat\u00e9rialit\u00e9 r\u00e9duite, les meubles d\u2019assise Toya ne s\u2019imposent pas, mais s\u2019int\u00e8grent parfaitement \u00e0 l\u2019esth\u00e9tique de nombreuses villes. La traverse tactile, la hauteur d\u2019assise et les accoudoirs r\u00e9pondent aux exigences l\u00e9gales en mati\u00e8re d\u2019accessibilit\u00e9 et de confort pour les personnes \u00e2g\u00e9es. La construction de base en acier galvanis\u00e9 recycl\u00e9 est \u00e9quip\u00e9e de lattes en bois de sapin suisse laqu\u00e9. Des d\u00e9tails de design clairs tels que les \u00e9l\u00e9ments de raccordement et la traverse tactile assurent une grande valeur de reconnaissance des meubles d\u2019assise Toya. Le meuble d\u2019assise Toya est compos\u00e9 de seulement trois \u00e9l\u00e9ments de base (cadre, traverse et lattes), ce qui contribue \u00e0 un rangement peu encombrant et simplifie consid\u00e9rablement l\u2019entretien des chaises et des bancs.<\/p>\n<p>Toya est stable m\u00eame sans ancrage au sol et peut compenser des pentes allant jusqu\u2019\u00e0 5 %.<\/p>\n<p>Options \u00e0 choix :<br \/>\nAccoudoirs<br \/>\nDossier<br \/>\nTraverse tactile<br \/>\nDiff\u00e9rentes longueurs<br \/>\nDiff\u00e9rentes couleurs<br \/>\nDiff\u00e9rents types de bois<\/p>\n","protected":false},"excerpt":{"rendered":"<p>Le banc pour espaces publics: Toya by v\u2011elements\u00ae<\/p>\n<p>Largeur 1800 mm, Hauteur du si\u00e9ge 470 mm<\/p>\n","protected":false},"featured_media":26214,"template":"","meta":{"_acf_changed":false,"_et_pb_use_builder":"","_et_pb_old_content":"","_et_gb_content_width":""},"product_brand":[],"product_cat":[774],"product_tag":[],"class_list":{"0":"post-26189","1":"product","2":"type-product","3":"status-publish","4":"has-post-thumbnail","6":"product_cat-bancs-sieges-tables","8":"first","9":"instock","10":"taxable","11":"shipping-taxable","12":"purchasable","13":"product-type-variable","14":"has-default-attributes"},"exclude_global_add_ons":false,"addons":[{"name":"Accessoires","type":"checkbox","position":0,"required":false,"title_format":"heading","default":"","description_enable":false,"description":"","placeholder_enable":false,"placeholder":"","display":"select","restrictions_type":"any_text","adjust_price":false,"price":"","price_type":"","restrictions":false,"min":"0","max":"0","options":[{"label":"avec traverse tactile","price":"120","price_type":"quantity_based","image":0,"visibility":true},{"label":"avec accoudoirs","price":"260","price_type":"quantity_based","image":0,"visibility":true}]}],"acf":[],"yoast_head":"<!-- This site is optimized with the Yoast SEO plugin v27.2 - https:\/\/yoast.com\/product\/yoast-seo-wordpress\/ -->\n<title>Le banc Toya - Velopa Shop<\/title>\n<meta name=\"robots\" content=\"index, follow, max-snippet:-1, max-image-preview:large, max-video-preview:-1\" \/>\n<link rel=\"canonical\" href=\"https:\/\/shop.velopa.ch\/fr\/produit\/le-banc-toya\/\" \/>\n<meta property=\"og:locale\" content=\"fr_FR\" \/>\n<meta property=\"og:type\" content=\"article\" \/>\n<meta property=\"og:title\" content=\"Le banc Toya - Velopa Shop\" \/>\n<meta property=\"og:description\" content=\"Le banc pour espaces publics: Toya by v\u2011elements\u00ae  Largeur 1800 mm, Hauteur du si\u00e9ge 470 mm\" \/>\n<meta property=\"og:url\" content=\"https:\/\/shop.velopa.ch\/fr\/produit\/le-banc-toya\/\" \/>\n<meta property=\"og:site_name\" content=\"Velopa Shop\" \/>\n<meta property=\"article:modified_time\" content=\"2021-01-06T08:26:43+00:00\" \/>\n<meta property=\"og:image\" content=\"https:\/\/shop.velopa.ch\/wp-content\/uploads\/2021\/01\/Toya-Sitzbank-1.jpg\" \/>\n\t<meta property=\"og:image:width\" content=\"760\" \/>\n\t<meta property=\"og:image:height\" content=\"760\" \/>\n\t<meta property=\"og:image:type\" content=\"image\/jpeg\" \/>\n<meta name=\"twitter:card\" content=\"summary_large_image\" \/>\n<meta name=\"twitter:label1\" content=\"Dur\u00e9e de lecture estim\u00e9e\" \/>\n\t<meta name=\"twitter:data1\" content=\"1 minute\" \/>\n<script type=\"application\/ld+json\" class=\"yoast-schema-graph\">{\"@context\":\"https:\/\/schema.org\",\"@graph\":[{\"@type\":\"WebPage\",\"@id\":\"https:\/\/shop.velopa.ch\/fr\/produit\/le-banc-toya\/\",\"url\":\"https:\/\/shop.velopa.ch\/fr\/produit\/le-banc-toya\/\",\"name\":\"Le banc Toya - Velopa Shop\",\"isPartOf\":{\"@id\":\"https:\/\/shop.velopa.ch\/#website\"},\"primaryImageOfPage\":{\"@id\":\"https:\/\/shop.velopa.ch\/fr\/produit\/le-banc-toya\/#primaryimage\"},\"image\":{\"@id\":\"https:\/\/shop.velopa.ch\/fr\/produit\/le-banc-toya\/#primaryimage\"},\"thumbnailUrl\":\"https:\/\/shop.velopa.ch\/wp-content\/uploads\/2021\/01\/Toya-Sitzbank-1.jpg\",\"datePublished\":\"2021-01-05T14:44:04+00:00\",\"dateModified\":\"2021-01-06T08:26:43+00:00\",\"breadcrumb\":{\"@id\":\"https:\/\/shop.velopa.ch\/fr\/produit\/le-banc-toya\/#breadcrumb\"},\"inLanguage\":\"fr-FR\",\"potentialAction\":[{\"@type\":\"ReadAction\",\"target\":[\"https:\/\/shop.velopa.ch\/fr\/produit\/le-banc-toya\/\"]}]},{\"@type\":\"ImageObject\",\"inLanguage\":\"fr-FR\",\"@id\":\"https:\/\/shop.velopa.ch\/fr\/produit\/le-banc-toya\/#primaryimage\",\"url\":\"https:\/\/shop.velopa.ch\/wp-content\/uploads\/2021\/01\/Toya-Sitzbank-1.jpg\",\"contentUrl\":\"https:\/\/shop.velopa.ch\/wp-content\/uploads\/2021\/01\/Toya-Sitzbank-1.jpg\",\"width\":760,\"height\":760},{\"@type\":\"BreadcrumbList\",\"@id\":\"https:\/\/shop.velopa.ch\/fr\/produit\/le-banc-toya\/#breadcrumb\",\"itemListElement\":[{\"@type\":\"ListItem\",\"position\":1,\"name\":\"Home\",\"item\":\"https:\/\/shop.velopa.ch\/fr\/\"},{\"@type\":\"ListItem\",\"position\":2,\"name\":\"Shop\",\"item\":\"https:\/\/shop.velopa.ch\/fr\/\"},{\"@type\":\"ListItem\",\"position\":3,\"name\":\"Le banc Toya\"}]},{\"@type\":\"WebSite\",\"@id\":\"https:\/\/shop.velopa.ch\/#website\",\"url\":\"https:\/\/shop.velopa.ch\/\",\"name\":\"Velopa Shop\",\"description\":\"\",\"potentialAction\":[{\"@type\":\"SearchAction\",\"target\":{\"@type\":\"EntryPoint\",\"urlTemplate\":\"https:\/\/shop.velopa.ch\/?s={search_term_string}\"},\"query-input\":{\"@type\":\"PropertyValueSpecification\",\"valueRequired\":true,\"valueName\":\"search_term_string\"}}],\"inLanguage\":\"fr-FR\"}]}<\/script>\n<!-- \/ Yoast SEO plugin. -->","yoast_head_json":{"title":"Le banc Toya - Velopa Shop","robots":{"index":"index","follow":"follow","max-snippet":"max-snippet:-1","max-image-preview":"max-image-preview:large","max-video-preview":"max-video-preview:-1"},"canonical":"https:\/\/shop.velopa.ch\/fr\/produit\/le-banc-toya\/","og_locale":"fr_FR","og_type":"article","og_title":"Le banc Toya - Velopa Shop","og_description":"Le banc pour espaces publics: Toya by v\u2011elements\u00ae  Largeur 1800 mm, Hauteur du si\u00e9ge 470 mm","og_url":"https:\/\/shop.velopa.ch\/fr\/produit\/le-banc-toya\/","og_site_name":"Velopa Shop","article_modified_time":"2021-01-06T08:26:43+00:00","og_image":[{"width":760,"height":760,"url":"https:\/\/shop.velopa.ch\/wp-content\/uploads\/2021\/01\/Toya-Sitzbank-1.jpg","type":"image\/jpeg"}],"twitter_card":"summary_large_image","twitter_misc":{"Dur\u00e9e de lecture estim\u00e9e":"1 minute"},"schema":{"@context":"https:\/\/schema.org","@graph":[{"@type":"WebPage","@id":"https:\/\/shop.velopa.ch\/fr\/produit\/le-banc-toya\/","url":"https:\/\/shop.velopa.ch\/fr\/produit\/le-banc-toya\/","name":"Le banc Toya - Velopa Shop","isPartOf":{"@id":"https:\/\/shop.velopa.ch\/#website"},"primaryImageOfPage":{"@id":"https:\/\/shop.velopa.ch\/fr\/produit\/le-banc-toya\/#primaryimage"},"image":{"@id":"https:\/\/shop.velopa.ch\/fr\/produit\/le-banc-toya\/#primaryimage"},"thumbnailUrl":"https:\/\/shop.velopa.ch\/wp-content\/uploads\/2021\/01\/Toya-Sitzbank-1.jpg","datePublished":"2021-01-05T14:44:04+00:00","dateModified":"2021-01-06T08:26:43+00:00","breadcrumb":{"@id":"https:\/\/shop.velopa.ch\/fr\/produit\/le-banc-toya\/#breadcrumb"},"inLanguage":"fr-FR","potentialAction":[{"@type":"ReadAction","target":["https:\/\/shop.velopa.ch\/fr\/produit\/le-banc-toya\/"]}]},{"@type":"ImageObject","inLanguage":"fr-FR","@id":"https:\/\/shop.velopa.ch\/fr\/produit\/le-banc-toya\/#primaryimage","url":"https:\/\/shop.velopa.ch\/wp-content\/uploads\/2021\/01\/Toya-Sitzbank-1.jpg","contentUrl":"https:\/\/shop.velopa.ch\/wp-content\/uploads\/2021\/01\/Toya-Sitzbank-1.jpg","width":760,"height":760},{"@type":"BreadcrumbList","@id":"https:\/\/shop.velopa.ch\/fr\/produit\/le-banc-toya\/#breadcrumb","itemListElement":[{"@type":"ListItem","position":1,"name":"Home","item":"https:\/\/shop.velopa.ch\/fr\/"},{"@type":"ListItem","position":2,"name":"Shop","item":"https:\/\/shop.velopa.ch\/fr\/"},{"@type":"ListItem","position":3,"name":"Le banc Toya"}]},{"@type":"WebSite","@id":"https:\/\/shop.velopa.ch\/#website","url":"https:\/\/shop.velopa.ch\/","name":"Velopa Shop","description":"","potentialAction":[{"@type":"SearchAction","target":{"@type":"EntryPoint","urlTemplate":"https:\/\/shop.velopa.ch\/?s={search_term_string}"},"query-input":{"@type":"PropertyValueSpecification","valueRequired":true,"valueName":"search_term_string"}}],"inLanguage":"fr-FR"}]}},"_links":{"self":[{"href":"https:\/\/shop.velopa.ch\/fr\/wp-json\/wp\/v2\/product\/26189","targetHints":{"allow":["GET"]}}],"collection":[{"href":"https:\/\/shop.velopa.ch\/fr\/wp-json\/wp\/v2\/product"}],"about":[{"href":"https:\/\/shop.velopa.ch\/fr\/wp-json\/wp\/v2\/types\/product"}],"wp:featuredmedia":[{"embeddable":true,"href":"https:\/\/shop.velopa.ch\/fr\/wp-json\/wp\/v2\/media\/26214"}],"wp:attachment":[{"href":"https:\/\/shop.velopa.ch\/fr\/wp-json\/wp\/v2\/media?parent=26189"}],"wp:term":[{"taxonomy":"product_brand","embeddable":true,"href":"https:\/\/shop.velopa.ch\/fr\/wp-json\/wp\/v2\/product_brand?post=26189"},{"taxonomy":"product_cat","embeddable":true,"href":"https:\/\/shop.velopa.ch\/fr\/wp-json\/wp\/v2\/product_cat?post=26189"},{"taxonomy":"product_tag","embeddable":true,"href":"https:\/\/shop.velopa.ch\/fr\/wp-json\/wp\/v2\/product_tag?post=26189"}],"curies":[{"name":"wp","href":"https:\/\/api.w.org\/{rel}","templated":true}]}}