{"id":26559,"date":"2021-03-24T12:44:33","date_gmt":"2021-03-24T11:44:35","guid":{"rendered":"https:\/\/shop.velopa.ch\/?post_type=product&#038;p=26559"},"modified":"2024-02-07T16:40:43","modified_gmt":"2024-02-07T16:40:43","slug":"kit-de-service-bikeroof","status":"publish","type":"product","link":"https:\/\/shop.velopa.ch\/fr\/produit\/kit-de-service-bikeroof\/","title":{"rendered":"Kit de service BikeRoof"},"content":{"rendered":"<p>Avec le kit de service, votre BikeRoof fait peau neuve ! Il contient toutes les pi\u00e8ces d\u2019usure telles que ressort \u00e0 gaz, roue et protection de but\u00e9e. Les nouvelles vis correspondantes sont \u00e9galement incluses. Cela signifie que les pi\u00e8ces us\u00e9es peuvent \u00eatre facilement remplac\u00e9es. Les ressorts \u00e0 gaz peuvent \u00eatre jet\u00e9s dans la benne \u00e0 ferraille.<\/p>\n","protected":false},"excerpt":{"rendered":"<p>Contenu du kit de service BikeRoof :<br \/>\n\u279c 2 ressorts \u00e0 gaz<br \/>\n\u279c 2 roues en caoutchouc dur<br \/>\n\u279c 2 protections de but\u00e9e<\/p>\n","protected":false},"featured_media":26563,"template":"","meta":{"_acf_changed":false,"_et_pb_use_builder":"off","_et_pb_old_content":"Velor\u00e4ume individuell einrichten\r\n\r\nDie Velopa Veloaufh\u00e4ngung ist \u00fcberaus belastbar und bei h\u00f6henversetzter Aufh\u00e4ngung sehr platzsparend. Aufh\u00e4ngehaken werden eingesetzt, um Velor\u00e4ume individuell einzurichten, damit die Platzverh\u00e4ltnisse optimal genutzt werden. Aufh\u00e4ngehaken von Velopa sind f\u00fcr alle Fahrradtypen und Reifenbreiten geeignet und passen hervorragend f\u00fcr die Deckenmontage.\u00a0Der kurze, gekr\u00f6pfte Aufh\u00e4ngehaken ist zudem auch ideal f\u00fcr die Wandmontage geeignet.\r\n\r\nBeide Typen sind perfekt verarbeitet und f\u00fcr den langfristigen Einsatz im Vollbad feuerverzinkt. Zur Schonung der Felgen sind die Haltevorrichtungen mit einer Kunststoffh\u00fclle ummantelt. Durch die optionale Verwendung von Sicherungskabeln kann das Rad fest an der Vorrichtung angeschlossen werden. H\u00e4ngend parkierte Velos erzeugen keinen Druck auf die Reifen, was den Luftverlust verhindert.","_et_gb_content_width":""},"product_brand":[],"product_cat":[45],"product_tag":[],"class_list":{"0":"post-26559","1":"product","2":"type-product","3":"status-publish","4":"has-post-thumbnail","6":"product_cat-clients-prives","7":"product_shipping_class-velo-mat-fr","9":"first","10":"instock","11":"taxable","12":"shipping-taxable","13":"purchasable","14":"product-type-simple"},"exclude_global_add_ons":false,"addons":[{"name":"Quelles sont les dimensions de votre BikeRoof ?","type":"checkbox","position":0,"required":false,"title_format":"label","default":"","description_enable":false,"description":"","placeholder_enable":false,"placeholder":"","display":"select","restrictions_type":"any_text","adjust_price":false,"price":"","price_type":"flat_fee","restrictions":false,"min":"0","max":"0","options":[{"label":"1.50m","price":"","price_type":"flat_fee","image":0,"visibility":true},{"label":"2.00m","price":"","price_type":"flat_fee","image":0,"visibility":true},{"label":"2.50","price":"","price_type":"flat_fee","image":0,"visibility":true}],"id":1707324044}],"acf":[],"yoast_head":"<!-- This site is optimized with the Yoast SEO plugin v27.2 - https:\/\/yoast.com\/product\/yoast-seo-wordpress\/ -->\n<title>Kit de service BikeRoof - Velopa Shop<\/title>\n<meta name=\"robots\" content=\"index, follow, max-snippet:-1, max-image-preview:large, max-video-preview:-1\" \/>\n<link rel=\"canonical\" href=\"https:\/\/shop.velopa.ch\/fr\/produit\/kit-de-service-bikeroof\/\" \/>\n<meta property=\"og:locale\" content=\"fr_FR\" \/>\n<meta property=\"og:type\" content=\"article\" \/>\n<meta property=\"og:title\" content=\"Kit de service BikeRoof - Velopa Shop\" \/>\n<meta property=\"og:description\" content=\"Contenu du kit de service BikeRoof : \u279c 2 ressorts \u00e0 gaz \u279c 2 roues en caoutchouc dur \u279c 2 protections de but\u00e9e\" \/>\n<meta property=\"og:url\" content=\"https:\/\/shop.velopa.ch\/fr\/produit\/kit-de-service-bikeroof\/\" \/>\n<meta property=\"og:site_name\" content=\"Velopa Shop\" \/>\n<meta property=\"article:modified_time\" content=\"2024-02-07T16:40:43+00:00\" \/>\n<meta property=\"og:image\" content=\"https:\/\/shop.velopa.ch\/wp-content\/uploads\/2021\/03\/BikeRoof_SK.jpg\" \/>\n\t<meta property=\"og:image:width\" content=\"600\" \/>\n\t<meta property=\"og:image:height\" content=\"600\" \/>\n\t<meta property=\"og:image:type\" content=\"image\/jpeg\" \/>\n<meta name=\"twitter:card\" content=\"summary_large_image\" \/>\n<meta name=\"twitter:label1\" content=\"Dur\u00e9e de lecture estim\u00e9e\" \/>\n\t<meta name=\"twitter:data1\" content=\"1 minute\" \/>\n<script type=\"application\/ld+json\" class=\"yoast-schema-graph\">{\"@context\":\"https:\/\/schema.org\",\"@graph\":[{\"@type\":\"WebPage\",\"@id\":\"https:\/\/shop.velopa.ch\/fr\/produit\/kit-de-service-bikeroof\/\",\"url\":\"https:\/\/shop.velopa.ch\/fr\/produit\/kit-de-service-bikeroof\/\",\"name\":\"Kit de service BikeRoof - Velopa Shop\",\"isPartOf\":{\"@id\":\"https:\/\/shop.velopa.ch\/#website\"},\"primaryImageOfPage\":{\"@id\":\"https:\/\/shop.velopa.ch\/fr\/produit\/kit-de-service-bikeroof\/#primaryimage\"},\"image\":{\"@id\":\"https:\/\/shop.velopa.ch\/fr\/produit\/kit-de-service-bikeroof\/#primaryimage\"},\"thumbnailUrl\":\"https:\/\/shop.velopa.ch\/wp-content\/uploads\/2021\/03\/BikeRoof_SK.jpg\",\"datePublished\":\"2021-03-24T11:44:35+00:00\",\"dateModified\":\"2024-02-07T16:40:43+00:00\",\"breadcrumb\":{\"@id\":\"https:\/\/shop.velopa.ch\/fr\/produit\/kit-de-service-bikeroof\/#breadcrumb\"},\"inLanguage\":\"fr-FR\",\"potentialAction\":[{\"@type\":\"ReadAction\",\"target\":[\"https:\/\/shop.velopa.ch\/fr\/produit\/kit-de-service-bikeroof\/\"]}]},{\"@type\":\"ImageObject\",\"inLanguage\":\"fr-FR\",\"@id\":\"https:\/\/shop.velopa.ch\/fr\/produit\/kit-de-service-bikeroof\/#primaryimage\",\"url\":\"https:\/\/shop.velopa.ch\/wp-content\/uploads\/2021\/03\/BikeRoof_SK.jpg\",\"contentUrl\":\"https:\/\/shop.velopa.ch\/wp-content\/uploads\/2021\/03\/BikeRoof_SK.jpg\",\"width\":600,\"height\":600},{\"@type\":\"BreadcrumbList\",\"@id\":\"https:\/\/shop.velopa.ch\/fr\/produit\/kit-de-service-bikeroof\/#breadcrumb\",\"itemListElement\":[{\"@type\":\"ListItem\",\"position\":1,\"name\":\"Home\",\"item\":\"https:\/\/shop.velopa.ch\/fr\/\"},{\"@type\":\"ListItem\",\"position\":2,\"name\":\"Shop\",\"item\":\"https:\/\/shop.velopa.ch\/fr\/\"},{\"@type\":\"ListItem\",\"position\":3,\"name\":\"Kit de service BikeRoof\"}]},{\"@type\":\"WebSite\",\"@id\":\"https:\/\/shop.velopa.ch\/#website\",\"url\":\"https:\/\/shop.velopa.ch\/\",\"name\":\"Velopa Shop\",\"description\":\"\",\"potentialAction\":[{\"@type\":\"SearchAction\",\"target\":{\"@type\":\"EntryPoint\",\"urlTemplate\":\"https:\/\/shop.velopa.ch\/?s={search_term_string}\"},\"query-input\":{\"@type\":\"PropertyValueSpecification\",\"valueRequired\":true,\"valueName\":\"search_term_string\"}}],\"inLanguage\":\"fr-FR\"}]}<\/script>\n<!-- \/ Yoast SEO plugin. -->","yoast_head_json":{"title":"Kit de service BikeRoof - Velopa Shop","robots":{"index":"index","follow":"follow","max-snippet":"max-snippet:-1","max-image-preview":"max-image-preview:large","max-video-preview":"max-video-preview:-1"},"canonical":"https:\/\/shop.velopa.ch\/fr\/produit\/kit-de-service-bikeroof\/","og_locale":"fr_FR","og_type":"article","og_title":"Kit de service BikeRoof - Velopa Shop","og_description":"Contenu du kit de service BikeRoof : \u279c 2 ressorts \u00e0 gaz \u279c 2 roues en caoutchouc dur \u279c 2 protections de but\u00e9e","og_url":"https:\/\/shop.velopa.ch\/fr\/produit\/kit-de-service-bikeroof\/","og_site_name":"Velopa Shop","article_modified_time":"2024-02-07T16:40:43+00:00","og_image":[{"width":600,"height":600,"url":"https:\/\/shop.velopa.ch\/wp-content\/uploads\/2021\/03\/BikeRoof_SK.jpg","type":"image\/jpeg"}],"twitter_card":"summary_large_image","twitter_misc":{"Dur\u00e9e de lecture estim\u00e9e":"1 minute"},"schema":{"@context":"https:\/\/schema.org","@graph":[{"@type":"WebPage","@id":"https:\/\/shop.velopa.ch\/fr\/produit\/kit-de-service-bikeroof\/","url":"https:\/\/shop.velopa.ch\/fr\/produit\/kit-de-service-bikeroof\/","name":"Kit de service BikeRoof - Velopa Shop","isPartOf":{"@id":"https:\/\/shop.velopa.ch\/#website"},"primaryImageOfPage":{"@id":"https:\/\/shop.velopa.ch\/fr\/produit\/kit-de-service-bikeroof\/#primaryimage"},"image":{"@id":"https:\/\/shop.velopa.ch\/fr\/produit\/kit-de-service-bikeroof\/#primaryimage"},"thumbnailUrl":"https:\/\/shop.velopa.ch\/wp-content\/uploads\/2021\/03\/BikeRoof_SK.jpg","datePublished":"2021-03-24T11:44:35+00:00","dateModified":"2024-02-07T16:40:43+00:00","breadcrumb":{"@id":"https:\/\/shop.velopa.ch\/fr\/produit\/kit-de-service-bikeroof\/#breadcrumb"},"inLanguage":"fr-FR","potentialAction":[{"@type":"ReadAction","target":["https:\/\/shop.velopa.ch\/fr\/produit\/kit-de-service-bikeroof\/"]}]},{"@type":"ImageObject","inLanguage":"fr-FR","@id":"https:\/\/shop.velopa.ch\/fr\/produit\/kit-de-service-bikeroof\/#primaryimage","url":"https:\/\/shop.velopa.ch\/wp-content\/uploads\/2021\/03\/BikeRoof_SK.jpg","contentUrl":"https:\/\/shop.velopa.ch\/wp-content\/uploads\/2021\/03\/BikeRoof_SK.jpg","width":600,"height":600},{"@type":"BreadcrumbList","@id":"https:\/\/shop.velopa.ch\/fr\/produit\/kit-de-service-bikeroof\/#breadcrumb","itemListElement":[{"@type":"ListItem","position":1,"name":"Home","item":"https:\/\/shop.velopa.ch\/fr\/"},{"@type":"ListItem","position":2,"name":"Shop","item":"https:\/\/shop.velopa.ch\/fr\/"},{"@type":"ListItem","position":3,"name":"Kit de service BikeRoof"}]},{"@type":"WebSite","@id":"https:\/\/shop.velopa.ch\/#website","url":"https:\/\/shop.velopa.ch\/","name":"Velopa Shop","description":"","potentialAction":[{"@type":"SearchAction","target":{"@type":"EntryPoint","urlTemplate":"https:\/\/shop.velopa.ch\/?s={search_term_string}"},"query-input":{"@type":"PropertyValueSpecification","valueRequired":true,"valueName":"search_term_string"}}],"inLanguage":"fr-FR"}]}},"_links":{"self":[{"href":"https:\/\/shop.velopa.ch\/fr\/wp-json\/wp\/v2\/product\/26559","targetHints":{"allow":["GET"]}}],"collection":[{"href":"https:\/\/shop.velopa.ch\/fr\/wp-json\/wp\/v2\/product"}],"about":[{"href":"https:\/\/shop.velopa.ch\/fr\/wp-json\/wp\/v2\/types\/product"}],"wp:featuredmedia":[{"embeddable":true,"href":"https:\/\/shop.velopa.ch\/fr\/wp-json\/wp\/v2\/media\/26563"}],"wp:attachment":[{"href":"https:\/\/shop.velopa.ch\/fr\/wp-json\/wp\/v2\/media?parent=26559"}],"wp:term":[{"taxonomy":"product_brand","embeddable":true,"href":"https:\/\/shop.velopa.ch\/fr\/wp-json\/wp\/v2\/product_brand?post=26559"},{"taxonomy":"product_cat","embeddable":true,"href":"https:\/\/shop.velopa.ch\/fr\/wp-json\/wp\/v2\/product_cat?post=26559"},{"taxonomy":"product_tag","embeddable":true,"href":"https:\/\/shop.velopa.ch\/fr\/wp-json\/wp\/v2\/product_tag?post=26559"}],"curies":[{"name":"wp","href":"https:\/\/api.w.org\/{rel}","templated":true}]}}