{"id":26833,"date":"2021-05-18T10:40:40","date_gmt":"2021-05-18T08:40:45","guid":{"rendered":"https:\/\/shop.velopa.ch\/?post_type=product&#038;p=26833"},"modified":"2021-05-18T11:08:00","modified_gmt":"2021-05-18T09:08:00","slug":"le-banc-portiqoa","status":"publish","type":"product","link":"https:\/\/shop.velopa.ch\/fr\/produit\/le-banc-portiqoa\/","title":{"rendered":"Le banc PORTIQOA"},"content":{"rendered":"<p>Les pieds moul\u00e9s du banc Portiqoa, en fonte d&rsquo;aluminium, font un effet d&rsquo;optique impressionnant. Le banc ne touche le sol qu&rsquo;avec un bord inf\u00e9rieur \u00e9troit, et sous certains angles, des lignes incroyablement fines sont r\u00e9v\u00e9l\u00e9es. Les lames en bois se plient vers le bas sous le si\u00e8ge, ce qui renforce consid\u00e9rablement la structure. L&rsquo;accoudoir peut \u00eatre ajout\u00e9 au millieu et des deux cot\u00e9s pour s&rsquo;asseoir et se relever plus confortablement.Les pieds en alliage d&rsquo;aluminium recycl\u00e9 et enti\u00e8rement recyclable, l&rsquo;assise et les dossiers sont en lames de bois, les accoudoirs en option sont en alliage d&rsquo;aluminium. Pour votre s\u00e9curit\u00e9 nous vous recommandons de fixer le banc au sol.<\/p>\n<p><strong>Options<\/strong><br \/>\nChaise, tabouret, variante mural, banc long et banc courb\u00e9 disponibles sur demande<br \/>\nAutres essences de bois disponibles sur demande<br \/>\nRev\u00eatement en poudre RAL des pi\u00e8ces en aluminium disponible en diff\u00e9rentes couleurs sur demande<br \/>\nMat\u00e9riel de fixation pour chevilles<\/p>\n<p>Plans de fondation, plans techniques, instructions d&rsquo;installation, photos et textes d&rsquo;appel d&rsquo;offres disponibles sur demande<\/p>\n","protected":false},"excerpt":{"rendered":"<p>Largeur du banc 1800 mm<br \/>\nProfondeur d&rsquo;assise 460 mm<br \/>\nHauteur d&rsquo;assise 440 mm<\/p>\n","protected":false},"featured_media":26843,"template":"","meta":{"_acf_changed":false,"_et_pb_use_builder":"","_et_pb_old_content":"","_et_gb_content_width":""},"product_brand":[],"product_cat":[774],"product_tag":[],"class_list":{"0":"post-26833","1":"product","2":"type-product","3":"status-publish","4":"has-post-thumbnail","6":"product_cat-bancs-sieges-tables","8":"first","9":"instock","10":"taxable","11":"shipping-taxable","12":"purchasable","13":"product-type-variable"},"exclude_global_add_ons":[],"addons":[],"acf":[],"yoast_head":"<!-- This site is optimized with the Yoast SEO plugin v27.2 - https:\/\/yoast.com\/product\/yoast-seo-wordpress\/ -->\n<title>Le banc PORTIQOA - Velopa Shop<\/title>\n<meta name=\"robots\" content=\"index, follow, max-snippet:-1, max-image-preview:large, max-video-preview:-1\" \/>\n<link rel=\"canonical\" href=\"https:\/\/shop.velopa.ch\/fr\/produit\/le-banc-portiqoa\/\" \/>\n<meta property=\"og:locale\" content=\"fr_FR\" \/>\n<meta property=\"og:type\" content=\"article\" \/>\n<meta property=\"og:title\" content=\"Le banc PORTIQOA - Velopa Shop\" \/>\n<meta property=\"og:description\" content=\"Largeur du banc 1800 mm Profondeur d&#039;assise 460 mm Hauteur d&#039;assise 440 mm\" \/>\n<meta property=\"og:url\" content=\"https:\/\/shop.velopa.ch\/fr\/produit\/le-banc-portiqoa\/\" \/>\n<meta property=\"og:site_name\" content=\"Velopa Shop\" \/>\n<meta property=\"article:modified_time\" content=\"2021-05-18T09:08:00+00:00\" \/>\n<meta property=\"og:image\" content=\"https:\/\/shop.velopa.ch\/wp-content\/uploads\/2021\/05\/Portiqoa.jpg\" \/>\n\t<meta property=\"og:image:width\" content=\"494\" \/>\n\t<meta property=\"og:image:height\" content=\"470\" \/>\n\t<meta property=\"og:image:type\" content=\"image\/jpeg\" \/>\n<meta name=\"twitter:card\" content=\"summary_large_image\" \/>\n<meta name=\"twitter:label1\" content=\"Dur\u00e9e de lecture estim\u00e9e\" \/>\n\t<meta name=\"twitter:data1\" content=\"1 minute\" \/>\n<script type=\"application\/ld+json\" class=\"yoast-schema-graph\">{\"@context\":\"https:\/\/schema.org\",\"@graph\":[{\"@type\":\"WebPage\",\"@id\":\"https:\/\/shop.velopa.ch\/fr\/produit\/le-banc-portiqoa\/\",\"url\":\"https:\/\/shop.velopa.ch\/fr\/produit\/le-banc-portiqoa\/\",\"name\":\"Le banc PORTIQOA - Velopa Shop\",\"isPartOf\":{\"@id\":\"https:\/\/shop.velopa.ch\/#website\"},\"primaryImageOfPage\":{\"@id\":\"https:\/\/shop.velopa.ch\/fr\/produit\/le-banc-portiqoa\/#primaryimage\"},\"image\":{\"@id\":\"https:\/\/shop.velopa.ch\/fr\/produit\/le-banc-portiqoa\/#primaryimage\"},\"thumbnailUrl\":\"https:\/\/shop.velopa.ch\/wp-content\/uploads\/2021\/05\/Portiqoa.jpg\",\"datePublished\":\"2021-05-18T08:40:45+00:00\",\"dateModified\":\"2021-05-18T09:08:00+00:00\",\"breadcrumb\":{\"@id\":\"https:\/\/shop.velopa.ch\/fr\/produit\/le-banc-portiqoa\/#breadcrumb\"},\"inLanguage\":\"fr-FR\",\"potentialAction\":[{\"@type\":\"ReadAction\",\"target\":[\"https:\/\/shop.velopa.ch\/fr\/produit\/le-banc-portiqoa\/\"]}]},{\"@type\":\"ImageObject\",\"inLanguage\":\"fr-FR\",\"@id\":\"https:\/\/shop.velopa.ch\/fr\/produit\/le-banc-portiqoa\/#primaryimage\",\"url\":\"https:\/\/shop.velopa.ch\/wp-content\/uploads\/2021\/05\/Portiqoa.jpg\",\"contentUrl\":\"https:\/\/shop.velopa.ch\/wp-content\/uploads\/2021\/05\/Portiqoa.jpg\",\"width\":494,\"height\":470},{\"@type\":\"BreadcrumbList\",\"@id\":\"https:\/\/shop.velopa.ch\/fr\/produit\/le-banc-portiqoa\/#breadcrumb\",\"itemListElement\":[{\"@type\":\"ListItem\",\"position\":1,\"name\":\"Home\",\"item\":\"https:\/\/shop.velopa.ch\/fr\/\"},{\"@type\":\"ListItem\",\"position\":2,\"name\":\"Shop\",\"item\":\"https:\/\/shop.velopa.ch\/fr\/\"},{\"@type\":\"ListItem\",\"position\":3,\"name\":\"Le banc PORTIQOA\"}]},{\"@type\":\"WebSite\",\"@id\":\"https:\/\/shop.velopa.ch\/#website\",\"url\":\"https:\/\/shop.velopa.ch\/\",\"name\":\"Velopa Shop\",\"description\":\"\",\"potentialAction\":[{\"@type\":\"SearchAction\",\"target\":{\"@type\":\"EntryPoint\",\"urlTemplate\":\"https:\/\/shop.velopa.ch\/?s={search_term_string}\"},\"query-input\":{\"@type\":\"PropertyValueSpecification\",\"valueRequired\":true,\"valueName\":\"search_term_string\"}}],\"inLanguage\":\"fr-FR\"}]}<\/script>\n<!-- \/ Yoast SEO plugin. -->","yoast_head_json":{"title":"Le banc PORTIQOA - Velopa Shop","robots":{"index":"index","follow":"follow","max-snippet":"max-snippet:-1","max-image-preview":"max-image-preview:large","max-video-preview":"max-video-preview:-1"},"canonical":"https:\/\/shop.velopa.ch\/fr\/produit\/le-banc-portiqoa\/","og_locale":"fr_FR","og_type":"article","og_title":"Le banc PORTIQOA - Velopa Shop","og_description":"Largeur du banc 1800 mm Profondeur d'assise 460 mm Hauteur d'assise 440 mm","og_url":"https:\/\/shop.velopa.ch\/fr\/produit\/le-banc-portiqoa\/","og_site_name":"Velopa Shop","article_modified_time":"2021-05-18T09:08:00+00:00","og_image":[{"width":494,"height":470,"url":"https:\/\/shop.velopa.ch\/wp-content\/uploads\/2021\/05\/Portiqoa.jpg","type":"image\/jpeg"}],"twitter_card":"summary_large_image","twitter_misc":{"Dur\u00e9e de lecture estim\u00e9e":"1 minute"},"schema":{"@context":"https:\/\/schema.org","@graph":[{"@type":"WebPage","@id":"https:\/\/shop.velopa.ch\/fr\/produit\/le-banc-portiqoa\/","url":"https:\/\/shop.velopa.ch\/fr\/produit\/le-banc-portiqoa\/","name":"Le banc PORTIQOA - Velopa Shop","isPartOf":{"@id":"https:\/\/shop.velopa.ch\/#website"},"primaryImageOfPage":{"@id":"https:\/\/shop.velopa.ch\/fr\/produit\/le-banc-portiqoa\/#primaryimage"},"image":{"@id":"https:\/\/shop.velopa.ch\/fr\/produit\/le-banc-portiqoa\/#primaryimage"},"thumbnailUrl":"https:\/\/shop.velopa.ch\/wp-content\/uploads\/2021\/05\/Portiqoa.jpg","datePublished":"2021-05-18T08:40:45+00:00","dateModified":"2021-05-18T09:08:00+00:00","breadcrumb":{"@id":"https:\/\/shop.velopa.ch\/fr\/produit\/le-banc-portiqoa\/#breadcrumb"},"inLanguage":"fr-FR","potentialAction":[{"@type":"ReadAction","target":["https:\/\/shop.velopa.ch\/fr\/produit\/le-banc-portiqoa\/"]}]},{"@type":"ImageObject","inLanguage":"fr-FR","@id":"https:\/\/shop.velopa.ch\/fr\/produit\/le-banc-portiqoa\/#primaryimage","url":"https:\/\/shop.velopa.ch\/wp-content\/uploads\/2021\/05\/Portiqoa.jpg","contentUrl":"https:\/\/shop.velopa.ch\/wp-content\/uploads\/2021\/05\/Portiqoa.jpg","width":494,"height":470},{"@type":"BreadcrumbList","@id":"https:\/\/shop.velopa.ch\/fr\/produit\/le-banc-portiqoa\/#breadcrumb","itemListElement":[{"@type":"ListItem","position":1,"name":"Home","item":"https:\/\/shop.velopa.ch\/fr\/"},{"@type":"ListItem","position":2,"name":"Shop","item":"https:\/\/shop.velopa.ch\/fr\/"},{"@type":"ListItem","position":3,"name":"Le banc PORTIQOA"}]},{"@type":"WebSite","@id":"https:\/\/shop.velopa.ch\/#website","url":"https:\/\/shop.velopa.ch\/","name":"Velopa Shop","description":"","potentialAction":[{"@type":"SearchAction","target":{"@type":"EntryPoint","urlTemplate":"https:\/\/shop.velopa.ch\/?s={search_term_string}"},"query-input":{"@type":"PropertyValueSpecification","valueRequired":true,"valueName":"search_term_string"}}],"inLanguage":"fr-FR"}]}},"_links":{"self":[{"href":"https:\/\/shop.velopa.ch\/fr\/wp-json\/wp\/v2\/product\/26833","targetHints":{"allow":["GET"]}}],"collection":[{"href":"https:\/\/shop.velopa.ch\/fr\/wp-json\/wp\/v2\/product"}],"about":[{"href":"https:\/\/shop.velopa.ch\/fr\/wp-json\/wp\/v2\/types\/product"}],"wp:featuredmedia":[{"embeddable":true,"href":"https:\/\/shop.velopa.ch\/fr\/wp-json\/wp\/v2\/media\/26843"}],"wp:attachment":[{"href":"https:\/\/shop.velopa.ch\/fr\/wp-json\/wp\/v2\/media?parent=26833"}],"wp:term":[{"taxonomy":"product_brand","embeddable":true,"href":"https:\/\/shop.velopa.ch\/fr\/wp-json\/wp\/v2\/product_brand?post=26833"},{"taxonomy":"product_cat","embeddable":true,"href":"https:\/\/shop.velopa.ch\/fr\/wp-json\/wp\/v2\/product_cat?post=26833"},{"taxonomy":"product_tag","embeddable":true,"href":"https:\/\/shop.velopa.ch\/fr\/wp-json\/wp\/v2\/product_tag?post=26833"}],"curies":[{"name":"wp","href":"https:\/\/api.w.org\/{rel}","templated":true}]}}