{"id":2730,"date":"2019-05-08T17:32:38","date_gmt":"2019-05-08T15:32:42","guid":{"rendered":"https:\/\/shop.velopa.ch\/?post_type=product&#038;p=2730"},"modified":"2023-08-24T08:01:48","modified_gmt":"2023-08-24T08:01:48","slug":"minivit-3-00m","status":"publish","type":"product","link":"https:\/\/shop.velopa.ch\/fr\/produit\/minivit-3-00m\/","title":{"rendered":"MiniVit 3.00m"},"content":{"rendered":"<p><strong>MiniVit : l\u2019abri \u00e0 v\u00e9los classique<\/strong><\/p>\n<p>La toiture et les parois lat\u00e9rales du MiniVit sont disponibles dans diff\u00e9rents mat\u00e9riaux. Le mod\u00e8le standard est compos\u00e9 d\u2019une toiture en t\u00f4les ondul\u00e9es en polycarbonate et d\u2019une solide structure en acier galvanis\u00e9 \u00e0 chaud. Autres mat\u00e9riaux disponibles : t\u00f4le ondul\u00e9e, bac acier, verre de s\u00e9curit\u00e9 VSG et plaques alv\u00e9olaires double paroi pour la toiture \u2013 verre acrylique ou grillage pour fleurs pour les parois lat\u00e9rales. Gr\u00e2ce aux pieds r\u00e9glables du MiniVit, vous pourrez choisir sa hauteur (+\/- 30 cm). Pour les rez-de-jardin avec muret ou les fen\u00eatres pr\u00e8s du sol, il existe une variante plus basse. L\u2019abri \u00e0 v\u00e9los MiniVit s\u2019adapte assez facilement \u00e0 tous vos souhaits.<\/p>\n","protected":false},"excerpt":{"rendered":"<p>L\u2019abri \u00e0 v\u00e9los MiniVit doit son vif succ\u00e8s \u00e0 sa grande flexibilit\u00e9 ! Le MiniVit est un abri \u00e0 v\u00e9los classique qui s\u2019adapte \u00e0 toutes les largeurs. Tube en acier galvanis\u00e9 \u00e0 chaud, toiture en t\u00f4les ondul\u00e9es en polycarbonate<\/p>\n<p>Autres longeurs:<br \/>\n<a href=\"https:\/\/shop.velopa.ch\/fr\/produit\/minivit-2-00m\/\">MiniVit 2.00 m<\/a>\u00a0\u2013 <a href=\"https:\/\/shop.velopa.ch\/fr\/produit\/minivit-2-50m\/\">MiniVit 2.50 m<\/a> \u2013 <a href=\"https:\/\/shop.velopa.ch\/fr\/produit\/minivit-3-00m\/\">MiniVit 3.00 m<\/a> \u2013 <a href=\"https:\/\/shop.velopa.ch\/fr\/produit\/minivit-3-50m\/\">MiniVit 3.50 m<\/a>\u2013 <a href=\"https:\/\/shop.velopa.ch\/fr\/produit\/minivit-4-00m\/\">MiniVit 4.00 m<\/a><\/p>\n","protected":false},"featured_media":2724,"template":"","meta":{"_acf_changed":false,"_et_pb_use_builder":"","_et_pb_old_content":"","_et_gb_content_width":""},"product_brand":[],"product_cat":[44,45],"product_tag":[],"class_list":{"0":"post-2730","1":"product","2":"type-product","3":"status-publish","4":"has-post-thumbnail","6":"product_cat-abris-a-velos","7":"product_cat-clients-prives","8":"product_shipping_class-velobox-minivit-engadin-bikesafe-fr","10":"first","11":"instock","12":"sold-individually","13":"taxable","14":"shipping-taxable","15":"purchasable","16":"product-type-simple"},"exclude_global_add_ons":false,"addons":[{"name":"Ex\u00e9cution","type":"multiple_choice","position":0,"required":true,"title_format":"heading","default":"","description_enable":false,"description":"","placeholder_enable":false,"placeholder":"","display":"select","restrictions_type":"any_text","adjust_price":false,"price":"","price_type":"flat_fee","restrictions":false,"min":"0","max":"0","options":[{"label":"Standard haut (hauteur 180 - 210 cm \/ profondeur 200cm)","price":"","price_type":"quantity_based","image":0,"visibility":true},{"label":"\u00c9troit haut (hauteur 180 - 210 cm \/ profondeur 150cm)","price":"","price_type":"quantity_based","image":0,"visibility":true},{"label":"Porte-\u00e0-faux (hauteur 180 - 210 cm \/ profondeur 250cm)","price":"430","price_type":"flat_fee","image":0,"visibility":true},{"label":"Standard bas (hauteur 150 - 180 cm \/ profondeur 200cm)","price":"","price_type":"flat_fee","image":0,"visibility":true}],"id":1692864109},{"name":"Rev\u00eatement en poudre dans les couleurs RAL","type":"multiple_choice","position":1,"required":false,"title_format":"heading","default":"","description_enable":false,"description":"","placeholder_enable":false,"placeholder":"","display":"select","restrictions_type":"any_text","adjust_price":false,"price":"","price_type":"flat_fee","restrictions":false,"min":"0","max":"0","options":[{"label":"galvanis\u00e9 \u00e0 chaud (sans suppl\u00e9ment)","price":"","price_type":"quantity_based","image":0,"visibility":true},{"label":"RAL 3004 \/ rouge poupre","price":"530","price_type":"quantity_based","image":0,"visibility":true},{"label":"RAL 5003 \/ bleu saphir","price":"530","price_type":"quantity_based","image":0,"visibility":true},{"label":"RAL 6009 \/ vert sapin","price":"530","price_type":"quantity_based","image":0,"visibility":true},{"label":"RAL 7016 \/ gris anthracite","price":"530","price_type":"quantity_based","image":0,"visibility":true},{"label":"RAL 9010 \/ blanc pur","price":"530","price_type":"quantity_based","image":0,"visibility":true}],"id":1692864110},{"name":"Toit diff\u00e8rent","type":"multiple_choice","position":2,"required":false,"title_format":"heading","default":"","description_enable":false,"description":"","placeholder_enable":false,"placeholder":"","display":"select","restrictions_type":"any_text","adjust_price":false,"price":"","price_type":"flat_fee","restrictions":false,"min":"0","max":"0","options":[{"label":"T\u00f4le ondul\u00e9e, RAL 9007 (grisalu)","price":"150","price_type":"quantity_based","image":0,"visibility":true},{"label":"T\u00f4le ondul\u00e9e, RAL 9007 (gris anthracite)","price":"150","price_type":"quantity_based","image":0,"visibility":true}],"id":1692864111},{"name":"Paroi lat\u00e9rale","type":"multiple_choice","position":3,"required":false,"title_format":"heading","default":"","description_enable":false,"description":"","placeholder_enable":false,"placeholder":"","display":"select","restrictions_type":"any_text","adjust_price":false,"price":"","price_type":"flat_fee","restrictions":false,"min":"0","max":"0","options":[{"label":"Paroi lat\u00e9rale en verre acrylique gauche","price":"500","price_type":"quantity_based","image":0,"visibility":true},{"label":"Paroi lat\u00e9rale en verre acrylique droit","price":"500","price_type":"quantity_based","image":0,"visibility":true},{"label":"Paroi lat\u00e9rale en verre acrylique gauche et droit","price":"1000","price_type":"quantity_based","image":0,"visibility":true},{"label":"Fa\u00e7ade en grillage pour fleur gauche","price":"450","price_type":"quantity_based","image":0,"visibility":true},{"label":"Fa\u00e7ade en grillage pour fleur droit","price":"450","price_type":"quantity_based","image":0,"visibility":true},{"label":"Fa\u00e7ade en grillage pour fleur gauche et droit","price":"900","price_type":"quantity_based","image":0,"visibility":true}],"id":1692864112},{"name":"Paroi arri\u00e8re","type":"multiple_choice","position":4,"required":false,"title_format":"heading","default":"","description_enable":false,"description":"","placeholder_enable":false,"placeholder":"","display":"select","restrictions_type":"any_text","adjust_price":false,"price":"","price_type":"flat_fee","restrictions":false,"min":"0","max":"0","options":[{"label":"Paroi arri\u00e8re en verre acrylique","price":"750","price_type":"quantity_based","image":0,"visibility":true},{"label":"Paroi arri\u00e8re en grillage pour fleur","price":"800","price_type":"quantity_based","image":0,"visibility":true}],"id":1692864113},{"name":"Goutti\u00e8re de toit","type":"multiple_choice","position":5,"required":false,"title_format":"heading","default":"","description_enable":false,"description":"","placeholder_enable":false,"placeholder":"","display":"select","restrictions_type":"any_text","adjust_price":false,"price":"","price_type":"flat_fee","restrictions":false,"min":"0","max":"0","options":[{"label":"\u00e9coulement \u00e0 gauche","price":"255","price_type":"quantity_based","image":0,"visibility":true},{"label":"\u00e9coulement \u00e0 droite","price":"255","price_type":"quantity_based","image":0,"visibility":true}],"id":1692864114},{"name":"Securit\u00e9 antivol","type":"multiple_choice","position":6,"required":false,"title_format":"heading","default":"","description_enable":false,"description":"","placeholder_enable":false,"placeholder":"","display":"select","restrictions_type":"any_text","adjust_price":false,"price":"","price_type":"flat_fee","restrictions":false,"min":"0","max":"0","options":[{"label":"Console avec c\u00e2bles d\u2019acier suspendu","price":"340","price_type":"quantity_based","image":0,"visibility":true}],"id":1692864115},{"name":"Syst\u00e8mes de stationnement","type":"multiple_choice","position":7,"required":false,"title_format":"heading","default":"","description_enable":false,"description":"","placeholder_enable":false,"placeholder":"","display":"select","restrictions_type":"any_text","adjust_price":false,"price":"","price_type":"flat_fee","restrictions":false,"min":"0","max":"0","options":[{"label":"Multibike Standard 1 v\u00e9lo","price":"69","price_type":"quantity_based","image":0,"visibility":true},{"label":"Multibike Standard 2 v\u00e9los","price":"138","price_type":"quantity_based","image":0,"visibility":true},{"label":"Multibike Standard 3 v\u00e9los","price":"207","price_type":"quantity_based","image":0,"visibility":true},{"label":"Multibike Standard 4 v\u00e9los","price":"276","price_type":"quantity_based","image":0,"visibility":true},{"label":"Multibike Standard 5 v\u00e9los","price":"345","price_type":"quantity_based","image":0,"visibility":true},{"label":"Multibike Standard 6 v\u00e9los","price":"414","price_type":"quantity_based","image":0,"visibility":true}],"id":1692864116},{"name":"Avec assemblage","type":"checkbox","position":8,"required":false,"title_format":"heading","default":"","description_enable":true,"description":"<a href=\"https:\/\/velopa.ch\/wp-content\/uploads\/Produktinformation\/FR\/Montagepreise_FR.pdf\" target=\"_blank\">*liste de prix livraison et montage<\/a>","placeholder_enable":false,"placeholder":"","display":"select","restrictions_type":"any_text","adjust_price":false,"price":"","price_type":"flat_fee","restrictions":false,"min":"0","max":"0","options":[{"label":"frais de montage","price":"360","price_type":"quantity_based","image":0,"visibility":true}],"id":1692864117}],"acf":[],"yoast_head":"<!-- This site is optimized with the Yoast SEO plugin v27.2 - https:\/\/yoast.com\/product\/yoast-seo-wordpress\/ -->\n<title>MiniVit 3.00m - Velopa Shop<\/title>\n<meta name=\"robots\" content=\"index, follow, max-snippet:-1, max-image-preview:large, max-video-preview:-1\" \/>\n<link rel=\"canonical\" href=\"https:\/\/shop.velopa.ch\/fr\/produit\/minivit-3-00m\/\" \/>\n<meta property=\"og:locale\" content=\"fr_FR\" \/>\n<meta property=\"og:type\" content=\"article\" \/>\n<meta property=\"og:title\" content=\"MiniVit 3.00m - Velopa Shop\" \/>\n<meta property=\"og:description\" content=\"L\u2019abri \u00e0 v\u00e9los MiniVit doit son vif succ\u00e8s \u00e0 sa grande flexibilit\u00e9 ! Le MiniVit est un abri \u00e0 v\u00e9los classique qui s\u2019adapte \u00e0 toutes les largeurs. Tube en acier galvanis\u00e9 \u00e0 chaud, toiture en t\u00f4les ondul\u00e9es en polycarbonate  Autres longeurs: MiniVit 2.00 m\u00a0\u2013 MiniVit 2.50 m \u2013 MiniVit 3.00 m \u2013 MiniVit 3.50 m\u2013 MiniVit 4.00 m\" \/>\n<meta property=\"og:url\" content=\"https:\/\/shop.velopa.ch\/fr\/produit\/minivit-3-00m\/\" \/>\n<meta property=\"og:site_name\" content=\"Velopa Shop\" \/>\n<meta property=\"article:modified_time\" content=\"2023-08-24T08:01:48+00:00\" \/>\n<meta property=\"og:image\" content=\"https:\/\/shop.velopa.ch\/wp-content\/uploads\/2019\/05\/MiniVit.jpg\" \/>\n\t<meta property=\"og:image:width\" content=\"600\" \/>\n\t<meta property=\"og:image:height\" content=\"600\" \/>\n\t<meta property=\"og:image:type\" content=\"image\/jpeg\" \/>\n<meta name=\"twitter:card\" content=\"summary_large_image\" \/>\n<meta name=\"twitter:label1\" content=\"Dur\u00e9e de lecture estim\u00e9e\" \/>\n\t<meta name=\"twitter:data1\" content=\"1 minute\" \/>\n<script type=\"application\/ld+json\" class=\"yoast-schema-graph\">{\"@context\":\"https:\/\/schema.org\",\"@graph\":[{\"@type\":\"WebPage\",\"@id\":\"https:\/\/shop.velopa.ch\/fr\/produit\/minivit-3-00m\/\",\"url\":\"https:\/\/shop.velopa.ch\/fr\/produit\/minivit-3-00m\/\",\"name\":\"MiniVit 3.00m - Velopa Shop\",\"isPartOf\":{\"@id\":\"https:\/\/shop.velopa.ch\/#website\"},\"primaryImageOfPage\":{\"@id\":\"https:\/\/shop.velopa.ch\/fr\/produit\/minivit-3-00m\/#primaryimage\"},\"image\":{\"@id\":\"https:\/\/shop.velopa.ch\/fr\/produit\/minivit-3-00m\/#primaryimage\"},\"thumbnailUrl\":\"https:\/\/shop.velopa.ch\/wp-content\/uploads\/2019\/05\/MiniVit.jpg\",\"datePublished\":\"2019-05-08T15:32:42+00:00\",\"dateModified\":\"2023-08-24T08:01:48+00:00\",\"breadcrumb\":{\"@id\":\"https:\/\/shop.velopa.ch\/fr\/produit\/minivit-3-00m\/#breadcrumb\"},\"inLanguage\":\"fr-FR\",\"potentialAction\":[{\"@type\":\"ReadAction\",\"target\":[\"https:\/\/shop.velopa.ch\/fr\/produit\/minivit-3-00m\/\"]}]},{\"@type\":\"ImageObject\",\"inLanguage\":\"fr-FR\",\"@id\":\"https:\/\/shop.velopa.ch\/fr\/produit\/minivit-3-00m\/#primaryimage\",\"url\":\"https:\/\/shop.velopa.ch\/wp-content\/uploads\/2019\/05\/MiniVit.jpg\",\"contentUrl\":\"https:\/\/shop.velopa.ch\/wp-content\/uploads\/2019\/05\/MiniVit.jpg\",\"width\":600,\"height\":600},{\"@type\":\"BreadcrumbList\",\"@id\":\"https:\/\/shop.velopa.ch\/fr\/produit\/minivit-3-00m\/#breadcrumb\",\"itemListElement\":[{\"@type\":\"ListItem\",\"position\":1,\"name\":\"Home\",\"item\":\"https:\/\/shop.velopa.ch\/fr\/\"},{\"@type\":\"ListItem\",\"position\":2,\"name\":\"Shop\",\"item\":\"https:\/\/shop.velopa.ch\/fr\/\"},{\"@type\":\"ListItem\",\"position\":3,\"name\":\"MiniVit 3.00m\"}]},{\"@type\":\"WebSite\",\"@id\":\"https:\/\/shop.velopa.ch\/#website\",\"url\":\"https:\/\/shop.velopa.ch\/\",\"name\":\"Velopa Shop\",\"description\":\"\",\"potentialAction\":[{\"@type\":\"SearchAction\",\"target\":{\"@type\":\"EntryPoint\",\"urlTemplate\":\"https:\/\/shop.velopa.ch\/?s={search_term_string}\"},\"query-input\":{\"@type\":\"PropertyValueSpecification\",\"valueRequired\":true,\"valueName\":\"search_term_string\"}}],\"inLanguage\":\"fr-FR\"}]}<\/script>\n<!-- \/ Yoast SEO plugin. -->","yoast_head_json":{"title":"MiniVit 3.00m - Velopa Shop","robots":{"index":"index","follow":"follow","max-snippet":"max-snippet:-1","max-image-preview":"max-image-preview:large","max-video-preview":"max-video-preview:-1"},"canonical":"https:\/\/shop.velopa.ch\/fr\/produit\/minivit-3-00m\/","og_locale":"fr_FR","og_type":"article","og_title":"MiniVit 3.00m - Velopa Shop","og_description":"L\u2019abri \u00e0 v\u00e9los MiniVit doit son vif succ\u00e8s \u00e0 sa grande flexibilit\u00e9 ! Le MiniVit est un abri \u00e0 v\u00e9los classique qui s\u2019adapte \u00e0 toutes les largeurs. Tube en acier galvanis\u00e9 \u00e0 chaud, toiture en t\u00f4les ondul\u00e9es en polycarbonate  Autres longeurs: MiniVit 2.00 m\u00a0\u2013 MiniVit 2.50 m \u2013 MiniVit 3.00 m \u2013 MiniVit 3.50 m\u2013 MiniVit 4.00 m","og_url":"https:\/\/shop.velopa.ch\/fr\/produit\/minivit-3-00m\/","og_site_name":"Velopa Shop","article_modified_time":"2023-08-24T08:01:48+00:00","og_image":[{"width":600,"height":600,"url":"https:\/\/shop.velopa.ch\/wp-content\/uploads\/2019\/05\/MiniVit.jpg","type":"image\/jpeg"}],"twitter_card":"summary_large_image","twitter_misc":{"Dur\u00e9e de lecture estim\u00e9e":"1 minute"},"schema":{"@context":"https:\/\/schema.org","@graph":[{"@type":"WebPage","@id":"https:\/\/shop.velopa.ch\/fr\/produit\/minivit-3-00m\/","url":"https:\/\/shop.velopa.ch\/fr\/produit\/minivit-3-00m\/","name":"MiniVit 3.00m - Velopa Shop","isPartOf":{"@id":"https:\/\/shop.velopa.ch\/#website"},"primaryImageOfPage":{"@id":"https:\/\/shop.velopa.ch\/fr\/produit\/minivit-3-00m\/#primaryimage"},"image":{"@id":"https:\/\/shop.velopa.ch\/fr\/produit\/minivit-3-00m\/#primaryimage"},"thumbnailUrl":"https:\/\/shop.velopa.ch\/wp-content\/uploads\/2019\/05\/MiniVit.jpg","datePublished":"2019-05-08T15:32:42+00:00","dateModified":"2023-08-24T08:01:48+00:00","breadcrumb":{"@id":"https:\/\/shop.velopa.ch\/fr\/produit\/minivit-3-00m\/#breadcrumb"},"inLanguage":"fr-FR","potentialAction":[{"@type":"ReadAction","target":["https:\/\/shop.velopa.ch\/fr\/produit\/minivit-3-00m\/"]}]},{"@type":"ImageObject","inLanguage":"fr-FR","@id":"https:\/\/shop.velopa.ch\/fr\/produit\/minivit-3-00m\/#primaryimage","url":"https:\/\/shop.velopa.ch\/wp-content\/uploads\/2019\/05\/MiniVit.jpg","contentUrl":"https:\/\/shop.velopa.ch\/wp-content\/uploads\/2019\/05\/MiniVit.jpg","width":600,"height":600},{"@type":"BreadcrumbList","@id":"https:\/\/shop.velopa.ch\/fr\/produit\/minivit-3-00m\/#breadcrumb","itemListElement":[{"@type":"ListItem","position":1,"name":"Home","item":"https:\/\/shop.velopa.ch\/fr\/"},{"@type":"ListItem","position":2,"name":"Shop","item":"https:\/\/shop.velopa.ch\/fr\/"},{"@type":"ListItem","position":3,"name":"MiniVit 3.00m"}]},{"@type":"WebSite","@id":"https:\/\/shop.velopa.ch\/#website","url":"https:\/\/shop.velopa.ch\/","name":"Velopa Shop","description":"","potentialAction":[{"@type":"SearchAction","target":{"@type":"EntryPoint","urlTemplate":"https:\/\/shop.velopa.ch\/?s={search_term_string}"},"query-input":{"@type":"PropertyValueSpecification","valueRequired":true,"valueName":"search_term_string"}}],"inLanguage":"fr-FR"}]}},"_links":{"self":[{"href":"https:\/\/shop.velopa.ch\/fr\/wp-json\/wp\/v2\/product\/2730","targetHints":{"allow":["GET"]}}],"collection":[{"href":"https:\/\/shop.velopa.ch\/fr\/wp-json\/wp\/v2\/product"}],"about":[{"href":"https:\/\/shop.velopa.ch\/fr\/wp-json\/wp\/v2\/types\/product"}],"wp:featuredmedia":[{"embeddable":true,"href":"https:\/\/shop.velopa.ch\/fr\/wp-json\/wp\/v2\/media\/2724"}],"wp:attachment":[{"href":"https:\/\/shop.velopa.ch\/fr\/wp-json\/wp\/v2\/media?parent=2730"}],"wp:term":[{"taxonomy":"product_brand","embeddable":true,"href":"https:\/\/shop.velopa.ch\/fr\/wp-json\/wp\/v2\/product_brand?post=2730"},{"taxonomy":"product_cat","embeddable":true,"href":"https:\/\/shop.velopa.ch\/fr\/wp-json\/wp\/v2\/product_cat?post=2730"},{"taxonomy":"product_tag","embeddable":true,"href":"https:\/\/shop.velopa.ch\/fr\/wp-json\/wp\/v2\/product_tag?post=2730"}],"curies":[{"name":"wp","href":"https:\/\/api.w.org\/{rel}","templated":true}]}}