{"id":2738,"date":"2019-05-08T18:01:34","date_gmt":"2019-05-08T16:01:38","guid":{"rendered":"https:\/\/shop.velopa.ch\/?post_type=product&#038;p=2738"},"modified":"2023-08-24T07:45:41","modified_gmt":"2023-08-24T07:45:41","slug":"bigroof-3-00m","status":"publish","type":"product","link":"https:\/\/shop.velopa.ch\/fr\/produit\/bigroof-3-00m\/","title":{"rendered":"BigRoof 3.00m"},"content":{"rendered":"<p><strong>BigRoof : espace &amp; rangement garantis<br \/>\n<\/strong><br \/>\nAvec une largeur de 2,5 m, le BigRoof accueille jusqu\u2019\u00e0 6 v\u00e9los. Si vous avez besoin de plus d\u2019espace, il est possible d\u2019installer des parties compl\u00e9mentaires. Sa hauteur de 187 cm en fait un produit adapt\u00e9 aux personnes de grande taille. L\u2019abri \u00e0 v\u00e9los BigRoof, malgr\u00e9 sa taille volontairement importante, conviendra parfaitement aux jardins \u00e0 l\u2019entr\u00e9e des maisons. Gr\u00e2ce \u00e0 son design intemporel et \u00e9l\u00e9gant, cet abri restera toujours discret. Le BigRoof est une solution couramment utilis\u00e9e pour les parkings d\u2019entreprises.<\/p>\n","protected":false},"excerpt":{"rendered":"<p>L\u2019abri \u00e0 v\u00e9los BigRoof est plus grand et plus massif que son petit fr\u00e8re BikeRoof. Il est id\u00e9al pour entreposer les scooters et m\u00eame certains types de motos.<\/p>\n<p>Autre longuer:<br \/>\n<a href=\"https:\/\/shop.velopa.ch\/fr\/produit\/bigroof-2-50\/\">BigRoof 2.50 m<\/a><\/p>\n","protected":false},"featured_media":2736,"template":"","meta":{"_acf_changed":false,"_et_pb_use_builder":"","_et_pb_old_content":"","_et_gb_content_width":""},"product_brand":[],"product_cat":[44,45],"product_tag":[],"class_list":{"0":"post-2738","1":"product","2":"type-product","3":"status-publish","4":"has-post-thumbnail","6":"product_cat-abris-a-velos","7":"product_cat-clients-prives","8":"product_shipping_class-bikeroof-1-50-fr","10":"first","11":"instock","12":"sold-individually","13":"taxable","14":"shipping-taxable","15":"purchasable","16":"product-type-simple"},"exclude_global_add_ons":false,"addons":[{"name":"Rev\u00eatement en poudre dans les couleurs RAL","type":"multiple_choice","position":0,"required":false,"title_format":"heading","default":"","description_enable":false,"description":"","placeholder_enable":false,"placeholder":"","display":"select","restrictions_type":"any_text","adjust_price":false,"price":"","price_type":"flat_fee","restrictions":false,"min":"0","max":"0","options":[{"label":"galvanis\u00e9 \u00e0 chaud (sans suppl\u00e9ment)","price":"","price_type":"quantity_based","image":0,"visibility":true},{"label":"RAL 3004 \/ rouge poupre","price":"640","price_type":"quantity_based","image":0,"visibility":true},{"label":"RAL 5003 \/ bleu saphir","price":"640","price_type":"quantity_based","image":0,"visibility":true},{"label":"RAL 6009 \/ vert sapin","price":"640","price_type":"quantity_based","image":0,"visibility":true},{"label":"RAL 7016 \/ gris anthracite","price":"640","price_type":"quantity_based","image":0,"visibility":true},{"label":"RAL 9010 \/ blanc pur","price":"640","price_type":"quantity_based","image":0,"visibility":true}],"id":1692863142},{"name":"Paroi lat\u00e9rale","type":"multiple_choice","position":1,"required":false,"title_format":"heading","default":"","description_enable":false,"description":"","placeholder_enable":false,"placeholder":"","display":"select","restrictions_type":"any_text","adjust_price":false,"price":"","price_type":"flat_fee","restrictions":false,"min":"0","max":"0","options":[{"label":"Paroi lat\u00e9rale en verre acrylique, cadre alu gauche","price":"515","price_type":"quantity_based","image":0,"visibility":true},{"label":"Paroi lat\u00e9rale en verre acrylique, cadre alu droit","price":"515","price_type":"quantity_based","image":0,"visibility":true},{"label":"Paroi lat\u00e9rale en verre acrylique, cadre alu gauche et droit","price":"1030","price_type":"quantity_based","image":0,"visibility":true}],"id":1692863143},{"name":"Paroi arri\u00e8re","type":"multiple_choice","position":2,"required":false,"title_format":"heading","default":"","description_enable":false,"description":"","placeholder_enable":false,"placeholder":"","display":"select","restrictions_type":"any_text","adjust_price":false,"price":"","price_type":"flat_fee","restrictions":false,"min":"0","max":"0","options":[{"label":"Paroi arri\u00e8re en verre acrylique, cadre galvanis\u00e9","price":"630","price_type":"quantity_based","image":0,"visibility":true}],"id":1692863144},{"name":"Goutti\u00e8re de toit","type":"multiple_choice","position":3,"required":false,"title_format":"heading","default":"","description_enable":false,"description":"","placeholder_enable":false,"placeholder":"","display":"select","restrictions_type":"any_text","adjust_price":false,"price":"","price_type":"flat_fee","restrictions":false,"min":"0","max":"0","options":[{"label":"\u00e9coulement \u00e0 gauche","price":"220","price_type":"quantity_based","image":0,"visibility":true},{"label":"\u00e9coulement \u00e0 droite","price":"220","price_type":"quantity_based","image":0,"visibility":true}],"id":1692863145},{"name":"Securit\u00e9 antivol","type":"multiple_choice","position":4,"required":false,"title_format":"heading","default":"","description_enable":false,"description":"","placeholder_enable":false,"placeholder":"","display":"select","restrictions_type":"any_text","adjust_price":false,"price":"","price_type":"flat_fee","restrictions":false,"min":"0","max":"0","options":[{"label":"Console avec c\u00e2bles d\u2019acier suspendu","price":"386","price_type":"quantity_based","image":0,"visibility":true}],"id":1692863146},{"name":"Syst\u00e8mes de stationnement","type":"multiple_choice","position":5,"required":false,"title_format":"heading","default":"","description_enable":false,"description":"","placeholder_enable":false,"placeholder":"","display":"select","restrictions_type":"any_text","adjust_price":false,"price":"","price_type":"flat_fee","restrictions":false,"min":"0","max":"0","options":[{"label":"Multibike Standard 1 v\u00e9lo","price":"69","price_type":"quantity_based","image":0,"visibility":true},{"label":"Multibike Standard 2 v\u00e9los","price":"138","price_type":"quantity_based","image":0,"visibility":true},{"label":"Multibike Standard 3 v\u00e9los","price":"207","price_type":"quantity_based","image":0,"visibility":true},{"label":"Multibike Standard 4 v\u00e9los","price":"276","price_type":"quantity_based","image":0,"visibility":true},{"label":"Multibike Standard 5 v\u00e9los","price":"345","price_type":"quantity_based","image":0,"visibility":true},{"label":"Multibike Standard 6 v\u00e9los","price":"414","price_type":"quantity_based","image":0,"visibility":true}],"id":1692863147},{"name":"Avec assemblage","type":"checkbox","position":6,"required":false,"title_format":"heading","default":"","description_enable":true,"description":"<a href=\"https:\/\/velopa.ch\/wp-content\/uploads\/Produktinformation\/FR\/Montagepreise_FR.pdf\" target=\"_blank\">*liste de prix livraison et montage<\/a>","placeholder_enable":false,"placeholder":"","display":"select","restrictions_type":"any_text","adjust_price":false,"price":"","price_type":"flat_fee","restrictions":false,"min":"0","max":"0","options":[{"label":"frais de montage","price":"330","price_type":"quantity_based","image":0,"visibility":true}],"id":1692863148}],"acf":[],"yoast_head":"<!-- This site is optimized with the Yoast SEO plugin v27.2 - https:\/\/yoast.com\/product\/yoast-seo-wordpress\/ -->\n<title>BigRoof 3.00m - Velopa Shop<\/title>\n<meta name=\"robots\" content=\"index, follow, max-snippet:-1, max-image-preview:large, max-video-preview:-1\" \/>\n<link rel=\"canonical\" href=\"https:\/\/shop.velopa.ch\/fr\/produit\/bigroof-3-00m\/\" \/>\n<meta property=\"og:locale\" content=\"fr_FR\" \/>\n<meta property=\"og:type\" content=\"article\" \/>\n<meta property=\"og:title\" content=\"BigRoof 3.00m - Velopa Shop\" \/>\n<meta property=\"og:description\" content=\"L\u2019abri \u00e0 v\u00e9los BigRoof est plus grand et plus massif que son petit fr\u00e8re BikeRoof. Il est id\u00e9al pour entreposer les scooters et m\u00eame certains types de motos.  Autre longuer: BigRoof 2.50 m\" \/>\n<meta property=\"og:url\" content=\"https:\/\/shop.velopa.ch\/fr\/produit\/bigroof-3-00m\/\" \/>\n<meta property=\"og:site_name\" content=\"Velopa Shop\" \/>\n<meta property=\"article:modified_time\" content=\"2023-08-24T07:45:41+00:00\" \/>\n<meta property=\"og:image\" content=\"https:\/\/shop.velopa.ch\/wp-content\/uploads\/2019\/05\/BigRoof.jpg\" \/>\n\t<meta property=\"og:image:width\" content=\"600\" \/>\n\t<meta property=\"og:image:height\" content=\"600\" \/>\n\t<meta property=\"og:image:type\" content=\"image\/jpeg\" \/>\n<meta name=\"twitter:card\" content=\"summary_large_image\" \/>\n<meta name=\"twitter:label1\" content=\"Dur\u00e9e de lecture estim\u00e9e\" \/>\n\t<meta name=\"twitter:data1\" content=\"1 minute\" \/>\n<script type=\"application\/ld+json\" class=\"yoast-schema-graph\">{\"@context\":\"https:\/\/schema.org\",\"@graph\":[{\"@type\":\"WebPage\",\"@id\":\"https:\/\/shop.velopa.ch\/fr\/produit\/bigroof-3-00m\/\",\"url\":\"https:\/\/shop.velopa.ch\/fr\/produit\/bigroof-3-00m\/\",\"name\":\"BigRoof 3.00m - Velopa Shop\",\"isPartOf\":{\"@id\":\"https:\/\/shop.velopa.ch\/#website\"},\"primaryImageOfPage\":{\"@id\":\"https:\/\/shop.velopa.ch\/fr\/produit\/bigroof-3-00m\/#primaryimage\"},\"image\":{\"@id\":\"https:\/\/shop.velopa.ch\/fr\/produit\/bigroof-3-00m\/#primaryimage\"},\"thumbnailUrl\":\"https:\/\/shop.velopa.ch\/wp-content\/uploads\/2019\/05\/BigRoof.jpg\",\"datePublished\":\"2019-05-08T16:01:38+00:00\",\"dateModified\":\"2023-08-24T07:45:41+00:00\",\"breadcrumb\":{\"@id\":\"https:\/\/shop.velopa.ch\/fr\/produit\/bigroof-3-00m\/#breadcrumb\"},\"inLanguage\":\"fr-FR\",\"potentialAction\":[{\"@type\":\"ReadAction\",\"target\":[\"https:\/\/shop.velopa.ch\/fr\/produit\/bigroof-3-00m\/\"]}]},{\"@type\":\"ImageObject\",\"inLanguage\":\"fr-FR\",\"@id\":\"https:\/\/shop.velopa.ch\/fr\/produit\/bigroof-3-00m\/#primaryimage\",\"url\":\"https:\/\/shop.velopa.ch\/wp-content\/uploads\/2019\/05\/BigRoof.jpg\",\"contentUrl\":\"https:\/\/shop.velopa.ch\/wp-content\/uploads\/2019\/05\/BigRoof.jpg\",\"width\":600,\"height\":600},{\"@type\":\"BreadcrumbList\",\"@id\":\"https:\/\/shop.velopa.ch\/fr\/produit\/bigroof-3-00m\/#breadcrumb\",\"itemListElement\":[{\"@type\":\"ListItem\",\"position\":1,\"name\":\"Home\",\"item\":\"https:\/\/shop.velopa.ch\/fr\/\"},{\"@type\":\"ListItem\",\"position\":2,\"name\":\"Shop\",\"item\":\"https:\/\/shop.velopa.ch\/fr\/\"},{\"@type\":\"ListItem\",\"position\":3,\"name\":\"BigRoof 3.00m\"}]},{\"@type\":\"WebSite\",\"@id\":\"https:\/\/shop.velopa.ch\/#website\",\"url\":\"https:\/\/shop.velopa.ch\/\",\"name\":\"Velopa Shop\",\"description\":\"\",\"potentialAction\":[{\"@type\":\"SearchAction\",\"target\":{\"@type\":\"EntryPoint\",\"urlTemplate\":\"https:\/\/shop.velopa.ch\/?s={search_term_string}\"},\"query-input\":{\"@type\":\"PropertyValueSpecification\",\"valueRequired\":true,\"valueName\":\"search_term_string\"}}],\"inLanguage\":\"fr-FR\"}]}<\/script>\n<!-- \/ Yoast SEO plugin. -->","yoast_head_json":{"title":"BigRoof 3.00m - Velopa Shop","robots":{"index":"index","follow":"follow","max-snippet":"max-snippet:-1","max-image-preview":"max-image-preview:large","max-video-preview":"max-video-preview:-1"},"canonical":"https:\/\/shop.velopa.ch\/fr\/produit\/bigroof-3-00m\/","og_locale":"fr_FR","og_type":"article","og_title":"BigRoof 3.00m - Velopa Shop","og_description":"L\u2019abri \u00e0 v\u00e9los BigRoof est plus grand et plus massif que son petit fr\u00e8re BikeRoof. Il est id\u00e9al pour entreposer les scooters et m\u00eame certains types de motos.  Autre longuer: BigRoof 2.50 m","og_url":"https:\/\/shop.velopa.ch\/fr\/produit\/bigroof-3-00m\/","og_site_name":"Velopa Shop","article_modified_time":"2023-08-24T07:45:41+00:00","og_image":[{"width":600,"height":600,"url":"https:\/\/shop.velopa.ch\/wp-content\/uploads\/2019\/05\/BigRoof.jpg","type":"image\/jpeg"}],"twitter_card":"summary_large_image","twitter_misc":{"Dur\u00e9e de lecture estim\u00e9e":"1 minute"},"schema":{"@context":"https:\/\/schema.org","@graph":[{"@type":"WebPage","@id":"https:\/\/shop.velopa.ch\/fr\/produit\/bigroof-3-00m\/","url":"https:\/\/shop.velopa.ch\/fr\/produit\/bigroof-3-00m\/","name":"BigRoof 3.00m - Velopa Shop","isPartOf":{"@id":"https:\/\/shop.velopa.ch\/#website"},"primaryImageOfPage":{"@id":"https:\/\/shop.velopa.ch\/fr\/produit\/bigroof-3-00m\/#primaryimage"},"image":{"@id":"https:\/\/shop.velopa.ch\/fr\/produit\/bigroof-3-00m\/#primaryimage"},"thumbnailUrl":"https:\/\/shop.velopa.ch\/wp-content\/uploads\/2019\/05\/BigRoof.jpg","datePublished":"2019-05-08T16:01:38+00:00","dateModified":"2023-08-24T07:45:41+00:00","breadcrumb":{"@id":"https:\/\/shop.velopa.ch\/fr\/produit\/bigroof-3-00m\/#breadcrumb"},"inLanguage":"fr-FR","potentialAction":[{"@type":"ReadAction","target":["https:\/\/shop.velopa.ch\/fr\/produit\/bigroof-3-00m\/"]}]},{"@type":"ImageObject","inLanguage":"fr-FR","@id":"https:\/\/shop.velopa.ch\/fr\/produit\/bigroof-3-00m\/#primaryimage","url":"https:\/\/shop.velopa.ch\/wp-content\/uploads\/2019\/05\/BigRoof.jpg","contentUrl":"https:\/\/shop.velopa.ch\/wp-content\/uploads\/2019\/05\/BigRoof.jpg","width":600,"height":600},{"@type":"BreadcrumbList","@id":"https:\/\/shop.velopa.ch\/fr\/produit\/bigroof-3-00m\/#breadcrumb","itemListElement":[{"@type":"ListItem","position":1,"name":"Home","item":"https:\/\/shop.velopa.ch\/fr\/"},{"@type":"ListItem","position":2,"name":"Shop","item":"https:\/\/shop.velopa.ch\/fr\/"},{"@type":"ListItem","position":3,"name":"BigRoof 3.00m"}]},{"@type":"WebSite","@id":"https:\/\/shop.velopa.ch\/#website","url":"https:\/\/shop.velopa.ch\/","name":"Velopa Shop","description":"","potentialAction":[{"@type":"SearchAction","target":{"@type":"EntryPoint","urlTemplate":"https:\/\/shop.velopa.ch\/?s={search_term_string}"},"query-input":{"@type":"PropertyValueSpecification","valueRequired":true,"valueName":"search_term_string"}}],"inLanguage":"fr-FR"}]}},"_links":{"self":[{"href":"https:\/\/shop.velopa.ch\/fr\/wp-json\/wp\/v2\/product\/2738","targetHints":{"allow":["GET"]}}],"collection":[{"href":"https:\/\/shop.velopa.ch\/fr\/wp-json\/wp\/v2\/product"}],"about":[{"href":"https:\/\/shop.velopa.ch\/fr\/wp-json\/wp\/v2\/types\/product"}],"wp:featuredmedia":[{"embeddable":true,"href":"https:\/\/shop.velopa.ch\/fr\/wp-json\/wp\/v2\/media\/2736"}],"wp:attachment":[{"href":"https:\/\/shop.velopa.ch\/fr\/wp-json\/wp\/v2\/media?parent=2738"}],"wp:term":[{"taxonomy":"product_brand","embeddable":true,"href":"https:\/\/shop.velopa.ch\/fr\/wp-json\/wp\/v2\/product_brand?post=2738"},{"taxonomy":"product_cat","embeddable":true,"href":"https:\/\/shop.velopa.ch\/fr\/wp-json\/wp\/v2\/product_cat?post=2738"},{"taxonomy":"product_tag","embeddable":true,"href":"https:\/\/shop.velopa.ch\/fr\/wp-json\/wp\/v2\/product_tag?post=2738"}],"curies":[{"name":"wp","href":"https:\/\/api.w.org\/{rel}","templated":true}]}}