{"id":28725,"date":"2022-06-22T08:14:31","date_gmt":"2022-06-22T08:14:25","guid":{"rendered":"https:\/\/shop.velopa.ch\/?post_type=product&#038;p=28725"},"modified":"2023-06-27T11:25:10","modified_gmt":"2023-06-27T11:25:10","slug":"poubelle-kondo-110-l","status":"publish","type":"product","link":"https:\/\/shop.velopa.ch\/fr\/produit\/poubelle-kondo-110-l\/","title":{"rendered":"Poubelle Kondo 110 L"},"content":{"rendered":"<p><img loading=\"lazy\" decoding=\"async\" class=\"alignnone size-full wp-image-28745\" src=\"https:\/\/shop.velopa.ch\/wp-content\/uploads\/2022\/06\/Kondo-110-L.png\" alt=\"\" width=\"716\" height=\"465\" srcset=\"https:\/\/shop.velopa.ch\/wp-content\/uploads\/2022\/06\/Kondo-110-L.png 716w, https:\/\/shop.velopa.ch\/wp-content\/uploads\/2022\/06\/Kondo-110-L-480x312.png 480w\" sizes=\"(min-width: 0px) and (max-width: 480px) 480px, (min-width: 481px) 716px, 100vw\" \/><\/p>\n<p>Le r\u00e9ceptacle \u00e0 d\u00e9chets Kondo de la collection v\u2011elements\u00ae r\u00e9pond \u00e0 bien plus que ces exigences : en tant que composant donnant du style et omnipr\u00e9sent, il contribue aussi \u00e0 fa\u00e7onner l\u2019identit\u00e9 visuelle des zones urbaines.<\/p>\n<p>Kondo combine une fonctionnalit\u00e9 parfaite \u00e0 un design qui se limite \u00e0 l\u2019essentiel. Les lignes verticales et naturelles soulignent la silhouette au caract\u00e8re bien tremp\u00e9 de la poubelle. Des surfaces en acier chrom\u00e9 poli et des contours pr\u00e9cis conf\u00e8rent aux villes et aux collectivit\u00e9s un visage moderne et tourn\u00e9 vers l\u2019avenir.<\/p>\n<p>Collection v\u2011elements\u00ae by Velopa<br \/>\nUtilis\u00e9e comme conteneur individuel ou comme syst\u00e8me complet pour diff\u00e9rents types de d\u00e9chets (point de collecte de bouteilles PET, d\u2019aluminium et de papier, par exemple), Kondo offre une solution de r\u00e9cup\u00e9ration des d\u00e9chets flexible et extr\u00eamement polyvalente. En option, la poubelle Kondo peut \u00eatre \u00e9quip\u00e9e d\u2019un cendrier ou d\u2019un distributeur de sacs affleurant.<\/p>\n","protected":false},"excerpt":{"rendered":"<p>\u279c Variantes en tant que r\u00e9cipients pour mati\u00e8res recyclables pour collecteurs de PET, d\u2019aluminium ou de papier.<br \/>\n\u279c Pour une utilisation avec diff\u00e9rentes capacit\u00e9s de 60 et 110 litres.<br \/>\n\u279c La disposition en tant que centre de collecte peut se faire en ligne, avec introduction \u00e0 l\u2019avant ou de mani\u00e8re diam\u00e9trale, mais aussi circulaire.<\/p>\n","protected":false},"featured_media":28681,"template":"","meta":{"_acf_changed":false,"_et_pb_use_builder":"","_et_pb_old_content":"","_et_gb_content_width":""},"product_brand":[],"product_cat":[959],"product_tag":[],"class_list":{"0":"post-28725","1":"product","2":"type-product","3":"status-publish","4":"has-post-thumbnail","6":"product_cat-poubelles-et-cendriers","8":"first","9":"instock","10":"taxable","11":"shipping-taxable","12":"purchasable","13":"product-type-variable"},"exclude_global_add_ons":false,"addons":[{"name":"Accessoires","type":"checkbox","position":0,"required":false,"title_format":"label","default":"","description_enable":false,"description":"","placeholder_enable":false,"placeholder":"","display":"select","restrictions_type":"any_text","adjust_price":false,"price":"","price_type":"flat_fee","restrictions":false,"min":"0","max":"0","options":[{"label":"Plaque de sol \u00e0 poser librement","price":"790","price_type":"quantity_based","image":0,"visibility":true},{"label":"Tube de sol \u00e0 b\u00e9tonner","price":"390","price_type":"quantity_based","image":0,"visibility":true},{"label":"Pi\u00e8ce d'accouplement \u00e0 visser sur les fondations","price":"290","price_type":"quantity_based","image":0,"visibility":true},{"label":"Plaque de c\u0153ur (plaque de liaison pour le montage de 2 r\u00e9cipients)","price":"550","price_type":"quantity_based","image":0,"visibility":true},{"label":"Sacs poubelle 110 L (15 rouleaux de 10 pces)","price":"190","price_type":"quantity_based","image":0,"visibility":true},{"label":"Sacs \u00e0 d\u00e9jections canines (40 blocs de 50 pces )","price":"120","price_type":"quantity_based","image":0,"visibility":true}]}],"acf":[],"yoast_head":"<!-- This site is optimized with the Yoast SEO plugin v27.2 - https:\/\/yoast.com\/product\/yoast-seo-wordpress\/ -->\n<title>Poubelle Kondo 110 L - Velopa Shop<\/title>\n<meta name=\"robots\" content=\"index, follow, max-snippet:-1, max-image-preview:large, max-video-preview:-1\" \/>\n<link rel=\"canonical\" href=\"https:\/\/shop.velopa.ch\/fr\/produit\/poubelle-kondo-110-l\/\" \/>\n<meta property=\"og:locale\" content=\"fr_FR\" \/>\n<meta property=\"og:type\" content=\"article\" \/>\n<meta property=\"og:title\" content=\"Poubelle Kondo 110 L - Velopa Shop\" \/>\n<meta property=\"og:description\" content=\"\u279c Variantes en tant que r\u00e9cipients pour mati\u00e8res recyclables pour collecteurs de PET, d\u2019aluminium ou de papier. \u279c Pour une utilisation avec diff\u00e9rentes capacit\u00e9s de 60 et 110 litres. \u279c La disposition en tant que centre de collecte peut se faire en ligne, avec introduction \u00e0 l\u2019avant ou de mani\u00e8re diam\u00e9trale, mais aussi circulaire.\" \/>\n<meta property=\"og:url\" content=\"https:\/\/shop.velopa.ch\/fr\/produit\/poubelle-kondo-110-l\/\" \/>\n<meta property=\"og:site_name\" content=\"Velopa Shop\" \/>\n<meta property=\"article:modified_time\" content=\"2023-06-27T11:25:10+00:00\" \/>\n<meta property=\"og:image\" content=\"https:\/\/shop.velopa.ch\/wp-content\/uploads\/2022\/06\/Velopa_Kondo_2-Kopie-1.jpg\" \/>\n\t<meta property=\"og:image:width\" content=\"494\" \/>\n\t<meta property=\"og:image:height\" content=\"470\" \/>\n\t<meta property=\"og:image:type\" content=\"image\/jpeg\" \/>\n<meta name=\"twitter:card\" content=\"summary_large_image\" \/>\n<meta name=\"twitter:label1\" content=\"Dur\u00e9e de lecture estim\u00e9e\" \/>\n\t<meta name=\"twitter:data1\" content=\"1 minute\" \/>\n<script type=\"application\/ld+json\" class=\"yoast-schema-graph\">{\"@context\":\"https:\/\/schema.org\",\"@graph\":[{\"@type\":\"WebPage\",\"@id\":\"https:\/\/shop.velopa.ch\/fr\/produit\/poubelle-kondo-110-l\/\",\"url\":\"https:\/\/shop.velopa.ch\/fr\/produit\/poubelle-kondo-110-l\/\",\"name\":\"Poubelle Kondo 110 L - Velopa Shop\",\"isPartOf\":{\"@id\":\"https:\/\/shop.velopa.ch\/#website\"},\"primaryImageOfPage\":{\"@id\":\"https:\/\/shop.velopa.ch\/fr\/produit\/poubelle-kondo-110-l\/#primaryimage\"},\"image\":{\"@id\":\"https:\/\/shop.velopa.ch\/fr\/produit\/poubelle-kondo-110-l\/#primaryimage\"},\"thumbnailUrl\":\"https:\/\/shop.velopa.ch\/wp-content\/uploads\/2022\/06\/Velopa_Kondo_2-Kopie-1.jpg\",\"datePublished\":\"2022-06-22T08:14:25+00:00\",\"dateModified\":\"2023-06-27T11:25:10+00:00\",\"breadcrumb\":{\"@id\":\"https:\/\/shop.velopa.ch\/fr\/produit\/poubelle-kondo-110-l\/#breadcrumb\"},\"inLanguage\":\"fr-FR\",\"potentialAction\":[{\"@type\":\"ReadAction\",\"target\":[\"https:\/\/shop.velopa.ch\/fr\/produit\/poubelle-kondo-110-l\/\"]}]},{\"@type\":\"ImageObject\",\"inLanguage\":\"fr-FR\",\"@id\":\"https:\/\/shop.velopa.ch\/fr\/produit\/poubelle-kondo-110-l\/#primaryimage\",\"url\":\"https:\/\/shop.velopa.ch\/wp-content\/uploads\/2022\/06\/Velopa_Kondo_2-Kopie-1.jpg\",\"contentUrl\":\"https:\/\/shop.velopa.ch\/wp-content\/uploads\/2022\/06\/Velopa_Kondo_2-Kopie-1.jpg\",\"width\":494,\"height\":470},{\"@type\":\"BreadcrumbList\",\"@id\":\"https:\/\/shop.velopa.ch\/fr\/produit\/poubelle-kondo-110-l\/#breadcrumb\",\"itemListElement\":[{\"@type\":\"ListItem\",\"position\":1,\"name\":\"Home\",\"item\":\"https:\/\/shop.velopa.ch\/fr\/\"},{\"@type\":\"ListItem\",\"position\":2,\"name\":\"Shop\",\"item\":\"https:\/\/shop.velopa.ch\/fr\/\"},{\"@type\":\"ListItem\",\"position\":3,\"name\":\"Poubelle Kondo 110 L\"}]},{\"@type\":\"WebSite\",\"@id\":\"https:\/\/shop.velopa.ch\/#website\",\"url\":\"https:\/\/shop.velopa.ch\/\",\"name\":\"Velopa Shop\",\"description\":\"\",\"potentialAction\":[{\"@type\":\"SearchAction\",\"target\":{\"@type\":\"EntryPoint\",\"urlTemplate\":\"https:\/\/shop.velopa.ch\/?s={search_term_string}\"},\"query-input\":{\"@type\":\"PropertyValueSpecification\",\"valueRequired\":true,\"valueName\":\"search_term_string\"}}],\"inLanguage\":\"fr-FR\"}]}<\/script>\n<!-- \/ Yoast SEO plugin. -->","yoast_head_json":{"title":"Poubelle Kondo 110 L - Velopa Shop","robots":{"index":"index","follow":"follow","max-snippet":"max-snippet:-1","max-image-preview":"max-image-preview:large","max-video-preview":"max-video-preview:-1"},"canonical":"https:\/\/shop.velopa.ch\/fr\/produit\/poubelle-kondo-110-l\/","og_locale":"fr_FR","og_type":"article","og_title":"Poubelle Kondo 110 L - Velopa Shop","og_description":"\u279c Variantes en tant que r\u00e9cipients pour mati\u00e8res recyclables pour collecteurs de PET, d\u2019aluminium ou de papier. \u279c Pour une utilisation avec diff\u00e9rentes capacit\u00e9s de 60 et 110 litres. \u279c La disposition en tant que centre de collecte peut se faire en ligne, avec introduction \u00e0 l\u2019avant ou de mani\u00e8re diam\u00e9trale, mais aussi circulaire.","og_url":"https:\/\/shop.velopa.ch\/fr\/produit\/poubelle-kondo-110-l\/","og_site_name":"Velopa Shop","article_modified_time":"2023-06-27T11:25:10+00:00","og_image":[{"width":494,"height":470,"url":"https:\/\/shop.velopa.ch\/wp-content\/uploads\/2022\/06\/Velopa_Kondo_2-Kopie-1.jpg","type":"image\/jpeg"}],"twitter_card":"summary_large_image","twitter_misc":{"Dur\u00e9e de lecture estim\u00e9e":"1 minute"},"schema":{"@context":"https:\/\/schema.org","@graph":[{"@type":"WebPage","@id":"https:\/\/shop.velopa.ch\/fr\/produit\/poubelle-kondo-110-l\/","url":"https:\/\/shop.velopa.ch\/fr\/produit\/poubelle-kondo-110-l\/","name":"Poubelle Kondo 110 L - Velopa Shop","isPartOf":{"@id":"https:\/\/shop.velopa.ch\/#website"},"primaryImageOfPage":{"@id":"https:\/\/shop.velopa.ch\/fr\/produit\/poubelle-kondo-110-l\/#primaryimage"},"image":{"@id":"https:\/\/shop.velopa.ch\/fr\/produit\/poubelle-kondo-110-l\/#primaryimage"},"thumbnailUrl":"https:\/\/shop.velopa.ch\/wp-content\/uploads\/2022\/06\/Velopa_Kondo_2-Kopie-1.jpg","datePublished":"2022-06-22T08:14:25+00:00","dateModified":"2023-06-27T11:25:10+00:00","breadcrumb":{"@id":"https:\/\/shop.velopa.ch\/fr\/produit\/poubelle-kondo-110-l\/#breadcrumb"},"inLanguage":"fr-FR","potentialAction":[{"@type":"ReadAction","target":["https:\/\/shop.velopa.ch\/fr\/produit\/poubelle-kondo-110-l\/"]}]},{"@type":"ImageObject","inLanguage":"fr-FR","@id":"https:\/\/shop.velopa.ch\/fr\/produit\/poubelle-kondo-110-l\/#primaryimage","url":"https:\/\/shop.velopa.ch\/wp-content\/uploads\/2022\/06\/Velopa_Kondo_2-Kopie-1.jpg","contentUrl":"https:\/\/shop.velopa.ch\/wp-content\/uploads\/2022\/06\/Velopa_Kondo_2-Kopie-1.jpg","width":494,"height":470},{"@type":"BreadcrumbList","@id":"https:\/\/shop.velopa.ch\/fr\/produit\/poubelle-kondo-110-l\/#breadcrumb","itemListElement":[{"@type":"ListItem","position":1,"name":"Home","item":"https:\/\/shop.velopa.ch\/fr\/"},{"@type":"ListItem","position":2,"name":"Shop","item":"https:\/\/shop.velopa.ch\/fr\/"},{"@type":"ListItem","position":3,"name":"Poubelle Kondo 110 L"}]},{"@type":"WebSite","@id":"https:\/\/shop.velopa.ch\/#website","url":"https:\/\/shop.velopa.ch\/","name":"Velopa Shop","description":"","potentialAction":[{"@type":"SearchAction","target":{"@type":"EntryPoint","urlTemplate":"https:\/\/shop.velopa.ch\/?s={search_term_string}"},"query-input":{"@type":"PropertyValueSpecification","valueRequired":true,"valueName":"search_term_string"}}],"inLanguage":"fr-FR"}]}},"_links":{"self":[{"href":"https:\/\/shop.velopa.ch\/fr\/wp-json\/wp\/v2\/product\/28725","targetHints":{"allow":["GET"]}}],"collection":[{"href":"https:\/\/shop.velopa.ch\/fr\/wp-json\/wp\/v2\/product"}],"about":[{"href":"https:\/\/shop.velopa.ch\/fr\/wp-json\/wp\/v2\/types\/product"}],"wp:featuredmedia":[{"embeddable":true,"href":"https:\/\/shop.velopa.ch\/fr\/wp-json\/wp\/v2\/media\/28681"}],"wp:attachment":[{"href":"https:\/\/shop.velopa.ch\/fr\/wp-json\/wp\/v2\/media?parent=28725"}],"wp:term":[{"taxonomy":"product_brand","embeddable":true,"href":"https:\/\/shop.velopa.ch\/fr\/wp-json\/wp\/v2\/product_brand?post=28725"},{"taxonomy":"product_cat","embeddable":true,"href":"https:\/\/shop.velopa.ch\/fr\/wp-json\/wp\/v2\/product_cat?post=28725"},{"taxonomy":"product_tag","embeddable":true,"href":"https:\/\/shop.velopa.ch\/fr\/wp-json\/wp\/v2\/product_tag?post=28725"}],"curies":[{"name":"wp","href":"https:\/\/api.w.org\/{rel}","templated":true}]}}