{"id":29369,"date":"2023-03-13T08:03:03","date_gmt":"2023-03-13T08:04:02","guid":{"rendered":"https:\/\/shop.velopa.ch\/?post_type=product&#038;p=29369"},"modified":"2023-03-13T08:04:02","modified_gmt":"2023-03-13T08:04:02","slug":"poubelle-fire-ex","status":"publish","type":"product","link":"https:\/\/shop.velopa.ch\/fr\/produit\/poubelle-fire-ex\/","title":{"rendered":"Poubelle FIRE EX"},"content":{"rendered":"<p>Poubelle de s\u00e9curit\u00e9 FIRE EX<br \/>\nContenu : 60 litres &#8211; couleur : bleu.<br \/>\nDiam\u00e8tre : 392 mm<br \/>\nHauteur : 630 mm<br \/>\nPoids : 8kg<\/p>\n","protected":false},"excerpt":{"rendered":"<p>Poubelle de s\u00e9curit\u00e9 FIRE EX Contenu : 60 litres &#8211; couleur : bleu. Diam\u00e8tre : 392 mm Hauteur : 630 mm Poids : 8kg<\/p>\n","protected":false},"featured_media":29359,"template":"","meta":{"_acf_changed":false,"_et_pb_use_builder":"","_et_pb_old_content":"","_et_gb_content_width":""},"product_brand":[],"product_cat":[959,834],"product_tag":[],"class_list":{"0":"post-29369","1":"product","2":"type-product","3":"status-publish","4":"has-post-thumbnail","6":"product_cat-poubelles-et-cendriers","7":"product_cat-promotions","9":"first","10":"instock","11":"sale","12":"taxable","13":"shipping-taxable","14":"purchasable","15":"product-type-simple"},"exclude_global_add_ons":[],"addons":[],"acf":[],"yoast_head":"<!-- This site is optimized with the Yoast SEO plugin v27.2 - https:\/\/yoast.com\/product\/yoast-seo-wordpress\/ -->\n<title>Poubelle FIRE EX - Velopa Shop<\/title>\n<meta name=\"robots\" content=\"index, follow, max-snippet:-1, max-image-preview:large, max-video-preview:-1\" \/>\n<link rel=\"canonical\" href=\"https:\/\/shop.velopa.ch\/fr\/produit\/poubelle-fire-ex\/\" \/>\n<meta property=\"og:locale\" content=\"fr_FR\" \/>\n<meta property=\"og:type\" content=\"article\" \/>\n<meta property=\"og:title\" content=\"Poubelle FIRE EX - Velopa Shop\" \/>\n<meta property=\"og:description\" content=\"Poubelle de s\u00e9curit\u00e9 FIRE EX Contenu : 60 litres &#8211; couleur : bleu. Diam\u00e8tre : 392 mm Hauteur : 630 mm Poids : 8kg\" \/>\n<meta property=\"og:url\" content=\"https:\/\/shop.velopa.ch\/fr\/produit\/poubelle-fire-ex\/\" \/>\n<meta property=\"og:site_name\" content=\"Velopa Shop\" \/>\n<meta property=\"og:image\" content=\"https:\/\/shop.velopa.ch\/wp-content\/uploads\/2023\/03\/Fire-Ex-Blau.png\" \/>\n\t<meta property=\"og:image:width\" content=\"390\" \/>\n\t<meta property=\"og:image:height\" content=\"519\" \/>\n\t<meta property=\"og:image:type\" content=\"image\/png\" \/>\n<meta name=\"twitter:card\" content=\"summary_large_image\" \/>\n<meta name=\"twitter:label1\" content=\"Dur\u00e9e de lecture estim\u00e9e\" \/>\n\t<meta name=\"twitter:data1\" content=\"1 minute\" \/>\n<script type=\"application\/ld+json\" class=\"yoast-schema-graph\">{\"@context\":\"https:\/\/schema.org\",\"@graph\":[{\"@type\":\"WebPage\",\"@id\":\"https:\/\/shop.velopa.ch\/fr\/produit\/poubelle-fire-ex\/\",\"url\":\"https:\/\/shop.velopa.ch\/fr\/produit\/poubelle-fire-ex\/\",\"name\":\"Poubelle FIRE EX - Velopa Shop\",\"isPartOf\":{\"@id\":\"https:\/\/shop.velopa.ch\/#website\"},\"primaryImageOfPage\":{\"@id\":\"https:\/\/shop.velopa.ch\/fr\/produit\/poubelle-fire-ex\/#primaryimage\"},\"image\":{\"@id\":\"https:\/\/shop.velopa.ch\/fr\/produit\/poubelle-fire-ex\/#primaryimage\"},\"thumbnailUrl\":\"https:\/\/shop.velopa.ch\/wp-content\/uploads\/2023\/03\/Fire-Ex-Blau.png\",\"datePublished\":\"2023-03-13T08:04:02+00:00\",\"breadcrumb\":{\"@id\":\"https:\/\/shop.velopa.ch\/fr\/produit\/poubelle-fire-ex\/#breadcrumb\"},\"inLanguage\":\"fr-FR\",\"potentialAction\":[{\"@type\":\"ReadAction\",\"target\":[\"https:\/\/shop.velopa.ch\/fr\/produit\/poubelle-fire-ex\/\"]}]},{\"@type\":\"ImageObject\",\"inLanguage\":\"fr-FR\",\"@id\":\"https:\/\/shop.velopa.ch\/fr\/produit\/poubelle-fire-ex\/#primaryimage\",\"url\":\"https:\/\/shop.velopa.ch\/wp-content\/uploads\/2023\/03\/Fire-Ex-Blau.png\",\"contentUrl\":\"https:\/\/shop.velopa.ch\/wp-content\/uploads\/2023\/03\/Fire-Ex-Blau.png\",\"width\":390,\"height\":519},{\"@type\":\"BreadcrumbList\",\"@id\":\"https:\/\/shop.velopa.ch\/fr\/produit\/poubelle-fire-ex\/#breadcrumb\",\"itemListElement\":[{\"@type\":\"ListItem\",\"position\":1,\"name\":\"Home\",\"item\":\"https:\/\/shop.velopa.ch\/fr\/\"},{\"@type\":\"ListItem\",\"position\":2,\"name\":\"Shop\",\"item\":\"https:\/\/shop.velopa.ch\/fr\/\"},{\"@type\":\"ListItem\",\"position\":3,\"name\":\"Poubelle FIRE EX\"}]},{\"@type\":\"WebSite\",\"@id\":\"https:\/\/shop.velopa.ch\/#website\",\"url\":\"https:\/\/shop.velopa.ch\/\",\"name\":\"Velopa Shop\",\"description\":\"\",\"potentialAction\":[{\"@type\":\"SearchAction\",\"target\":{\"@type\":\"EntryPoint\",\"urlTemplate\":\"https:\/\/shop.velopa.ch\/?s={search_term_string}\"},\"query-input\":{\"@type\":\"PropertyValueSpecification\",\"valueRequired\":true,\"valueName\":\"search_term_string\"}}],\"inLanguage\":\"fr-FR\"}]}<\/script>\n<!-- \/ Yoast SEO plugin. -->","yoast_head_json":{"title":"Poubelle FIRE EX - Velopa Shop","robots":{"index":"index","follow":"follow","max-snippet":"max-snippet:-1","max-image-preview":"max-image-preview:large","max-video-preview":"max-video-preview:-1"},"canonical":"https:\/\/shop.velopa.ch\/fr\/produit\/poubelle-fire-ex\/","og_locale":"fr_FR","og_type":"article","og_title":"Poubelle FIRE EX - Velopa Shop","og_description":"Poubelle de s\u00e9curit\u00e9 FIRE EX Contenu : 60 litres &#8211; couleur : bleu. Diam\u00e8tre : 392 mm Hauteur : 630 mm Poids : 8kg","og_url":"https:\/\/shop.velopa.ch\/fr\/produit\/poubelle-fire-ex\/","og_site_name":"Velopa Shop","og_image":[{"width":390,"height":519,"url":"https:\/\/shop.velopa.ch\/wp-content\/uploads\/2023\/03\/Fire-Ex-Blau.png","type":"image\/png"}],"twitter_card":"summary_large_image","twitter_misc":{"Dur\u00e9e de lecture estim\u00e9e":"1 minute"},"schema":{"@context":"https:\/\/schema.org","@graph":[{"@type":"WebPage","@id":"https:\/\/shop.velopa.ch\/fr\/produit\/poubelle-fire-ex\/","url":"https:\/\/shop.velopa.ch\/fr\/produit\/poubelle-fire-ex\/","name":"Poubelle FIRE EX - Velopa Shop","isPartOf":{"@id":"https:\/\/shop.velopa.ch\/#website"},"primaryImageOfPage":{"@id":"https:\/\/shop.velopa.ch\/fr\/produit\/poubelle-fire-ex\/#primaryimage"},"image":{"@id":"https:\/\/shop.velopa.ch\/fr\/produit\/poubelle-fire-ex\/#primaryimage"},"thumbnailUrl":"https:\/\/shop.velopa.ch\/wp-content\/uploads\/2023\/03\/Fire-Ex-Blau.png","datePublished":"2023-03-13T08:04:02+00:00","breadcrumb":{"@id":"https:\/\/shop.velopa.ch\/fr\/produit\/poubelle-fire-ex\/#breadcrumb"},"inLanguage":"fr-FR","potentialAction":[{"@type":"ReadAction","target":["https:\/\/shop.velopa.ch\/fr\/produit\/poubelle-fire-ex\/"]}]},{"@type":"ImageObject","inLanguage":"fr-FR","@id":"https:\/\/shop.velopa.ch\/fr\/produit\/poubelle-fire-ex\/#primaryimage","url":"https:\/\/shop.velopa.ch\/wp-content\/uploads\/2023\/03\/Fire-Ex-Blau.png","contentUrl":"https:\/\/shop.velopa.ch\/wp-content\/uploads\/2023\/03\/Fire-Ex-Blau.png","width":390,"height":519},{"@type":"BreadcrumbList","@id":"https:\/\/shop.velopa.ch\/fr\/produit\/poubelle-fire-ex\/#breadcrumb","itemListElement":[{"@type":"ListItem","position":1,"name":"Home","item":"https:\/\/shop.velopa.ch\/fr\/"},{"@type":"ListItem","position":2,"name":"Shop","item":"https:\/\/shop.velopa.ch\/fr\/"},{"@type":"ListItem","position":3,"name":"Poubelle FIRE EX"}]},{"@type":"WebSite","@id":"https:\/\/shop.velopa.ch\/#website","url":"https:\/\/shop.velopa.ch\/","name":"Velopa Shop","description":"","potentialAction":[{"@type":"SearchAction","target":{"@type":"EntryPoint","urlTemplate":"https:\/\/shop.velopa.ch\/?s={search_term_string}"},"query-input":{"@type":"PropertyValueSpecification","valueRequired":true,"valueName":"search_term_string"}}],"inLanguage":"fr-FR"}]}},"_links":{"self":[{"href":"https:\/\/shop.velopa.ch\/fr\/wp-json\/wp\/v2\/product\/29369","targetHints":{"allow":["GET"]}}],"collection":[{"href":"https:\/\/shop.velopa.ch\/fr\/wp-json\/wp\/v2\/product"}],"about":[{"href":"https:\/\/shop.velopa.ch\/fr\/wp-json\/wp\/v2\/types\/product"}],"wp:featuredmedia":[{"embeddable":true,"href":"https:\/\/shop.velopa.ch\/fr\/wp-json\/wp\/v2\/media\/29359"}],"wp:attachment":[{"href":"https:\/\/shop.velopa.ch\/fr\/wp-json\/wp\/v2\/media?parent=29369"}],"wp:term":[{"taxonomy":"product_brand","embeddable":true,"href":"https:\/\/shop.velopa.ch\/fr\/wp-json\/wp\/v2\/product_brand?post=29369"},{"taxonomy":"product_cat","embeddable":true,"href":"https:\/\/shop.velopa.ch\/fr\/wp-json\/wp\/v2\/product_cat?post=29369"},{"taxonomy":"product_tag","embeddable":true,"href":"https:\/\/shop.velopa.ch\/fr\/wp-json\/wp\/v2\/product_tag?post=29369"}],"curies":[{"name":"wp","href":"https:\/\/api.w.org\/{rel}","templated":true}]}}