{"id":3271,"date":"2019-08-05T13:58:11","date_gmt":"2019-08-07T09:43:33","guid":{"rendered":"https:\/\/shop.velopa.ch\/?post_type=product&#038;p=3271"},"modified":"2021-04-06T13:57:55","modified_gmt":"2021-04-06T11:57:55","slug":"luxembourg-la-chaise-sans-accoudoir","status":"publish","type":"product","link":"https:\/\/shop.velopa.ch\/fr\/produit\/luxembourg-la-chaise-sans-accoudoir\/","title":{"rendered":"Luxembourg La Chaise sans accoudoir"},"content":{"rendered":"<p><strong>Une chaise charg\u00e9e d\u2019histoire<\/strong><\/p>\n<p>Dans les ann\u00e9es 2000, Fermob r\u00e9invente cette c\u00e9l\u00e8bre chaise. Un accent particulier est mis sur le confort gr\u00e2ce \u00e0 une structure en aluminium plus l\u00e9g\u00e8re et plus r\u00e9sistantes aux intemp\u00e9ries. En outre, les chaises doivent \u00eatre empilables. La l\u00e9gende de la chaise LUXEMBOURG sort alors des fronti\u00e8res de Paris et devient c\u00e9l\u00e8bre \u00e0 l\u2019\u00e9chelle mondiale dans ses 24 coloris.<\/p>\n<p><img loading=\"lazy\" decoding=\"async\" class=\"alignnone size-full wp-image-26640\" src=\"https:\/\/shop.velopa.ch\/wp-content\/uploads\/2019\/07\/Farbkarte.jpg\" alt=\"\" width=\"1024\" height=\"694\" srcset=\"https:\/\/shop.velopa.ch\/wp-content\/uploads\/2019\/07\/Farbkarte.jpg 1024w, https:\/\/shop.velopa.ch\/wp-content\/uploads\/2019\/07\/Farbkarte-980x664.jpg 980w, https:\/\/shop.velopa.ch\/wp-content\/uploads\/2019\/07\/Farbkarte-480x325.jpg 480w\" sizes=\"(min-width: 0px) and (max-width: 480px) 480px, (min-width: 481px) and (max-width: 980px) 980px, (min-width: 981px) 1024px, 100vw\" \/><\/p>\n","protected":false},"excerpt":{"rendered":"<p>La chaise Luxembourg est une r\u00e9f\u00e9rence au pass\u00e9, mais enti\u00e8rement modernis\u00e9e ; elle embellit des places et des parcs publics dans le monde entier.<\/p>\n","protected":false},"featured_media":3168,"template":"","meta":{"_acf_changed":false,"_et_pb_use_builder":"","_et_pb_old_content":"","_et_gb_content_width":""},"product_brand":[],"product_cat":[774],"product_tag":[],"class_list":{"0":"post-3271","1":"product","2":"type-product","3":"status-publish","4":"has-post-thumbnail","6":"product_cat-bancs-sieges-tables","8":"first","9":"instock","10":"taxable","11":"shipping-taxable","12":"purchasable","13":"product-type-simple"},"exclude_global_add_ons":false,"addons":[{"name":"Ex\u00e9cution","type":"checkbox","position":0,"required":false,"title_format":"heading","default":"","description_enable":false,"description":"","placeholder_enable":false,"placeholder":"","display":"select","restrictions_type":"any_text","adjust_price":false,"price":"","price_type":"flat_fee","restrictions":false,"min":"0","max":"0","options":[{"label":"Acier","price":"","price_type":"quantity_based","image":0,"visibility":true},{"label":"Aluminium","price":"","price_type":"quantity_based","image":0,"visibility":true}]},{"name":"Couleur","type":"custom_textarea","position":1,"required":true,"title_format":"label","default":"","description_enable":false,"description":"","placeholder_enable":false,"placeholder":"","display":"select","restrictions_type":"any_text","adjust_price":false,"price":"","price_type":"flat_fee","restrictions":false,"min":"0","max":"0","options":[]}],"acf":[],"yoast_head":"<!-- This site is optimized with the Yoast SEO plugin v27.2 - https:\/\/yoast.com\/product\/yoast-seo-wordpress\/ -->\n<title>Luxembourg La Chaise sans accoudoir - Velopa Shop<\/title>\n<meta name=\"robots\" content=\"index, follow, max-snippet:-1, max-image-preview:large, max-video-preview:-1\" \/>\n<link rel=\"canonical\" href=\"https:\/\/shop.velopa.ch\/fr\/produit\/luxembourg-la-chaise-sans-accoudoir\/\" \/>\n<meta property=\"og:locale\" content=\"fr_FR\" \/>\n<meta property=\"og:type\" content=\"article\" \/>\n<meta property=\"og:title\" content=\"Luxembourg La Chaise sans accoudoir - Velopa Shop\" \/>\n<meta property=\"og:description\" content=\"La chaise Luxembourg est une r\u00e9f\u00e9rence au pass\u00e9, mais enti\u00e8rement modernis\u00e9e ; elle embellit des places et des parcs publics dans le monde entier.\" \/>\n<meta property=\"og:url\" content=\"https:\/\/shop.velopa.ch\/fr\/produit\/luxembourg-la-chaise-sans-accoudoir\/\" \/>\n<meta property=\"og:site_name\" content=\"Velopa Shop\" \/>\n<meta property=\"article:modified_time\" content=\"2021-04-06T11:57:55+00:00\" \/>\n<meta property=\"og:image\" content=\"https:\/\/shop.velopa.ch\/wp-content\/uploads\/2019\/07\/fermob_luxembourg_stuhl_stapelbar-20.png\" \/>\n\t<meta property=\"og:image:width\" content=\"600\" \/>\n\t<meta property=\"og:image:height\" content=\"600\" \/>\n\t<meta property=\"og:image:type\" content=\"image\/png\" \/>\n<meta name=\"twitter:card\" content=\"summary_large_image\" \/>\n<meta name=\"twitter:label1\" content=\"Dur\u00e9e de lecture estim\u00e9e\" \/>\n\t<meta name=\"twitter:data1\" content=\"1 minute\" \/>\n<script type=\"application\/ld+json\" class=\"yoast-schema-graph\">{\"@context\":\"https:\/\/schema.org\",\"@graph\":[{\"@type\":\"WebPage\",\"@id\":\"https:\/\/shop.velopa.ch\/fr\/produit\/luxembourg-la-chaise-sans-accoudoir\/\",\"url\":\"https:\/\/shop.velopa.ch\/fr\/produit\/luxembourg-la-chaise-sans-accoudoir\/\",\"name\":\"Luxembourg La Chaise sans accoudoir - Velopa Shop\",\"isPartOf\":{\"@id\":\"https:\/\/shop.velopa.ch\/#website\"},\"primaryImageOfPage\":{\"@id\":\"https:\/\/shop.velopa.ch\/fr\/produit\/luxembourg-la-chaise-sans-accoudoir\/#primaryimage\"},\"image\":{\"@id\":\"https:\/\/shop.velopa.ch\/fr\/produit\/luxembourg-la-chaise-sans-accoudoir\/#primaryimage\"},\"thumbnailUrl\":\"https:\/\/shop.velopa.ch\/wp-content\/uploads\/2019\/07\/fermob_luxembourg_stuhl_stapelbar-20.png\",\"datePublished\":\"2019-08-07T09:43:33+00:00\",\"dateModified\":\"2021-04-06T11:57:55+00:00\",\"breadcrumb\":{\"@id\":\"https:\/\/shop.velopa.ch\/fr\/produit\/luxembourg-la-chaise-sans-accoudoir\/#breadcrumb\"},\"inLanguage\":\"fr-FR\",\"potentialAction\":[{\"@type\":\"ReadAction\",\"target\":[\"https:\/\/shop.velopa.ch\/fr\/produit\/luxembourg-la-chaise-sans-accoudoir\/\"]}]},{\"@type\":\"ImageObject\",\"inLanguage\":\"fr-FR\",\"@id\":\"https:\/\/shop.velopa.ch\/fr\/produit\/luxembourg-la-chaise-sans-accoudoir\/#primaryimage\",\"url\":\"https:\/\/shop.velopa.ch\/wp-content\/uploads\/2019\/07\/fermob_luxembourg_stuhl_stapelbar-20.png\",\"contentUrl\":\"https:\/\/shop.velopa.ch\/wp-content\/uploads\/2019\/07\/fermob_luxembourg_stuhl_stapelbar-20.png\",\"width\":600,\"height\":600},{\"@type\":\"BreadcrumbList\",\"@id\":\"https:\/\/shop.velopa.ch\/fr\/produit\/luxembourg-la-chaise-sans-accoudoir\/#breadcrumb\",\"itemListElement\":[{\"@type\":\"ListItem\",\"position\":1,\"name\":\"Home\",\"item\":\"https:\/\/shop.velopa.ch\/fr\/\"},{\"@type\":\"ListItem\",\"position\":2,\"name\":\"Shop\",\"item\":\"https:\/\/shop.velopa.ch\/fr\/\"},{\"@type\":\"ListItem\",\"position\":3,\"name\":\"Luxembourg La Chaise sans accoudoir\"}]},{\"@type\":\"WebSite\",\"@id\":\"https:\/\/shop.velopa.ch\/#website\",\"url\":\"https:\/\/shop.velopa.ch\/\",\"name\":\"Velopa Shop\",\"description\":\"\",\"potentialAction\":[{\"@type\":\"SearchAction\",\"target\":{\"@type\":\"EntryPoint\",\"urlTemplate\":\"https:\/\/shop.velopa.ch\/?s={search_term_string}\"},\"query-input\":{\"@type\":\"PropertyValueSpecification\",\"valueRequired\":true,\"valueName\":\"search_term_string\"}}],\"inLanguage\":\"fr-FR\"}]}<\/script>\n<!-- \/ Yoast SEO plugin. -->","yoast_head_json":{"title":"Luxembourg La Chaise sans accoudoir - Velopa Shop","robots":{"index":"index","follow":"follow","max-snippet":"max-snippet:-1","max-image-preview":"max-image-preview:large","max-video-preview":"max-video-preview:-1"},"canonical":"https:\/\/shop.velopa.ch\/fr\/produit\/luxembourg-la-chaise-sans-accoudoir\/","og_locale":"fr_FR","og_type":"article","og_title":"Luxembourg La Chaise sans accoudoir - Velopa Shop","og_description":"La chaise Luxembourg est une r\u00e9f\u00e9rence au pass\u00e9, mais enti\u00e8rement modernis\u00e9e ; elle embellit des places et des parcs publics dans le monde entier.","og_url":"https:\/\/shop.velopa.ch\/fr\/produit\/luxembourg-la-chaise-sans-accoudoir\/","og_site_name":"Velopa Shop","article_modified_time":"2021-04-06T11:57:55+00:00","og_image":[{"width":600,"height":600,"url":"https:\/\/shop.velopa.ch\/wp-content\/uploads\/2019\/07\/fermob_luxembourg_stuhl_stapelbar-20.png","type":"image\/png"}],"twitter_card":"summary_large_image","twitter_misc":{"Dur\u00e9e de lecture estim\u00e9e":"1 minute"},"schema":{"@context":"https:\/\/schema.org","@graph":[{"@type":"WebPage","@id":"https:\/\/shop.velopa.ch\/fr\/produit\/luxembourg-la-chaise-sans-accoudoir\/","url":"https:\/\/shop.velopa.ch\/fr\/produit\/luxembourg-la-chaise-sans-accoudoir\/","name":"Luxembourg La Chaise sans accoudoir - Velopa Shop","isPartOf":{"@id":"https:\/\/shop.velopa.ch\/#website"},"primaryImageOfPage":{"@id":"https:\/\/shop.velopa.ch\/fr\/produit\/luxembourg-la-chaise-sans-accoudoir\/#primaryimage"},"image":{"@id":"https:\/\/shop.velopa.ch\/fr\/produit\/luxembourg-la-chaise-sans-accoudoir\/#primaryimage"},"thumbnailUrl":"https:\/\/shop.velopa.ch\/wp-content\/uploads\/2019\/07\/fermob_luxembourg_stuhl_stapelbar-20.png","datePublished":"2019-08-07T09:43:33+00:00","dateModified":"2021-04-06T11:57:55+00:00","breadcrumb":{"@id":"https:\/\/shop.velopa.ch\/fr\/produit\/luxembourg-la-chaise-sans-accoudoir\/#breadcrumb"},"inLanguage":"fr-FR","potentialAction":[{"@type":"ReadAction","target":["https:\/\/shop.velopa.ch\/fr\/produit\/luxembourg-la-chaise-sans-accoudoir\/"]}]},{"@type":"ImageObject","inLanguage":"fr-FR","@id":"https:\/\/shop.velopa.ch\/fr\/produit\/luxembourg-la-chaise-sans-accoudoir\/#primaryimage","url":"https:\/\/shop.velopa.ch\/wp-content\/uploads\/2019\/07\/fermob_luxembourg_stuhl_stapelbar-20.png","contentUrl":"https:\/\/shop.velopa.ch\/wp-content\/uploads\/2019\/07\/fermob_luxembourg_stuhl_stapelbar-20.png","width":600,"height":600},{"@type":"BreadcrumbList","@id":"https:\/\/shop.velopa.ch\/fr\/produit\/luxembourg-la-chaise-sans-accoudoir\/#breadcrumb","itemListElement":[{"@type":"ListItem","position":1,"name":"Home","item":"https:\/\/shop.velopa.ch\/fr\/"},{"@type":"ListItem","position":2,"name":"Shop","item":"https:\/\/shop.velopa.ch\/fr\/"},{"@type":"ListItem","position":3,"name":"Luxembourg La Chaise sans accoudoir"}]},{"@type":"WebSite","@id":"https:\/\/shop.velopa.ch\/#website","url":"https:\/\/shop.velopa.ch\/","name":"Velopa Shop","description":"","potentialAction":[{"@type":"SearchAction","target":{"@type":"EntryPoint","urlTemplate":"https:\/\/shop.velopa.ch\/?s={search_term_string}"},"query-input":{"@type":"PropertyValueSpecification","valueRequired":true,"valueName":"search_term_string"}}],"inLanguage":"fr-FR"}]}},"_links":{"self":[{"href":"https:\/\/shop.velopa.ch\/fr\/wp-json\/wp\/v2\/product\/3271","targetHints":{"allow":["GET"]}}],"collection":[{"href":"https:\/\/shop.velopa.ch\/fr\/wp-json\/wp\/v2\/product"}],"about":[{"href":"https:\/\/shop.velopa.ch\/fr\/wp-json\/wp\/v2\/types\/product"}],"wp:featuredmedia":[{"embeddable":true,"href":"https:\/\/shop.velopa.ch\/fr\/wp-json\/wp\/v2\/media\/3168"}],"wp:attachment":[{"href":"https:\/\/shop.velopa.ch\/fr\/wp-json\/wp\/v2\/media?parent=3271"}],"wp:term":[{"taxonomy":"product_brand","embeddable":true,"href":"https:\/\/shop.velopa.ch\/fr\/wp-json\/wp\/v2\/product_brand?post=3271"},{"taxonomy":"product_cat","embeddable":true,"href":"https:\/\/shop.velopa.ch\/fr\/wp-json\/wp\/v2\/product_cat?post=3271"},{"taxonomy":"product_tag","embeddable":true,"href":"https:\/\/shop.velopa.ch\/fr\/wp-json\/wp\/v2\/product_tag?post=3271"}],"curies":[{"name":"wp","href":"https:\/\/api.w.org\/{rel}","templated":true}]}}