{"id":3367,"date":"2019-08-27T10:03:52","date_gmt":"2019-08-27T08:03:56","guid":{"rendered":"https:\/\/shop.velopa.ch\/?post_type=product&#038;p=3367"},"modified":"2023-08-24T07:24:44","modified_gmt":"2023-08-24T07:24:44","slug":"igloo-2-40m","status":"publish","type":"product","link":"https:\/\/shop.velopa.ch\/fr\/produit\/igloo-2-40m\/","title":{"rendered":"Igloo 2.40m"},"content":{"rendered":"<p>L\u2019abri transparent de 150 cm de hauteur et 220 de profondeur avec son design intemporel est pratique, solide et prot\u00e8ge vos v\u00e9los du vol, de la pluie et de la neige.<\/p>\n<p>\u00c0 l\u2019ouverture et \u00e0 la fermeture, le panneau avant coulisse en douceur dans les deux arceaux en aluminium afin de permettre un rangement rapide et facile de marchandises de tout genre. Chaque caisson permet d\u2019abriter 2 \u00e0 3 v\u00e9los sans difficult\u00e9. Selon le nombre d\u2019arceaux et de panneaux, on peut r\u00e9aliser une construction modulaire ayant diff\u00e9rentes largeurs.<\/p>\n<p>Le mod\u00e8le Igloo est fabriqu\u00e9 \u00e0 partir d\u2019arceaux en aluminium et de profil\u00e9s thermolaqu\u00e9s, entre lesquels une plaque mobile en polycarbonate est enserr\u00e9e. Les pi\u00e8ces de raccordement\u00a0et\u00a0de fixation sont en acier inoxydable. Les panneaux lat\u00e9raux et le toit sont en polycarbonate r\u00e9sistant aux chocs. Gr\u00e2ce \u00e0 l\u2019empi\u00e8tement r\u00e9glable en hauteur, il est possible de compenser sans probl\u00e8me les in\u00e9galit\u00e9s du terrain lors du montage.<\/p>\n<p>Le caisson est verrouillable gr\u00e2ce \u00e0 un cadenas ou c\u00e2ble usuel qui garantit une protection optimale contre le vol.<\/p>\n","protected":false},"excerpt":{"rendered":"<p>Le caisson verrouillable associe un design haut de gamme \u00e0 la fonctionnalit\u00e9 et \u00e0 l\u2019\u00e9l\u00e9gance. Gr\u00e2ce \u00e0 sa construction puriste et transparente, il embellit chaque emplacement, que ce soit au jardin ou devant la propri\u00e9t\u00e9 tout en prot\u00e9geant du vol. Igloo est uniquement disponible dans la couleur standard \u00ab\u00a0anthracite\u00a0\u00bb.<\/p>\n<p>Autre longuer:<br \/>\n<a href=\"https:\/\/shop.velopa.ch\/fr\/produit\/igloo-1-20m\/\">Igloo 1.20 m<\/a>\u00a0\u2013\u00a0<a href=\"https:\/\/shop.velopa.ch\/fr\/produit\/igloo-3-60m\/\">Igloo 3.60 m<\/a><\/p>\n","protected":false},"featured_media":3369,"template":"","meta":{"_acf_changed":false,"_et_pb_use_builder":"","_et_pb_old_content":"","_et_gb_content_width":""},"product_brand":[],"product_cat":[44,45],"product_tag":[],"class_list":{"0":"post-3367","1":"product","2":"type-product","3":"status-publish","4":"has-post-thumbnail","6":"product_cat-abris-a-velos","7":"product_cat-clients-prives","9":"first","10":"instock","11":"taxable","12":"shipping-taxable","13":"purchasable","14":"product-type-simple"},"exclude_global_add_ons":false,"addons":[{"name":"Syst\u00e8mes de stationnement","type":"multiple_choice","position":0,"required":false,"title_format":"heading","default":"","description_enable":false,"description":"","placeholder_enable":false,"placeholder":"","display":"select","restrictions_type":"any_text","adjust_price":false,"price":"","price_type":"flat_fee","restrictions":false,"min":"0","max":"0","options":[{"label":"Multibike Standard 1 v\u00e9lo","price":"68","price_type":"quantity_based","image":0,"visibility":true},{"label":"Multibike Standard 2 v\u00e9los","price":"138","price_type":"quantity_based","image":0,"visibility":true},{"label":"Multibike Standard 3 v\u00e9los","price":"207","price_type":"quantity_based","image":0,"visibility":true},{"label":"Multibike Standard 4 v\u00e9los","price":"276","price_type":"quantity_based","image":0,"visibility":true},{"label":"Multibike Standard 5 v\u00e9los","price":"345","price_type":"quantity_based","image":0,"visibility":true}],"id":1692861885},{"name":"Avec assemblage","type":"checkbox","position":1,"required":false,"title_format":"heading","default":"","description_enable":true,"description":"<a href=\"https:\/\/velopa.ch\/wp-content\/uploads\/Produktinformation\/FR\/Montagepreise_FR.pdf\" target=\"_blank\">*liste de prix livraison et montage<\/a>","placeholder_enable":false,"placeholder":"","display":"select","restrictions_type":"any_text","adjust_price":false,"price":"","price_type":"flat_fee","restrictions":false,"min":"0","max":"0","options":[{"label":"frais de montage","price":"670","price_type":"quantity_based","image":0,"visibility":true}],"id":1692861886}],"acf":[],"yoast_head":"<!-- This site is optimized with the Yoast SEO plugin v27.2 - https:\/\/yoast.com\/product\/yoast-seo-wordpress\/ -->\n<title>Igloo 2.40m - Velopa Shop<\/title>\n<meta name=\"robots\" content=\"index, follow, max-snippet:-1, max-image-preview:large, max-video-preview:-1\" \/>\n<link rel=\"canonical\" href=\"https:\/\/shop.velopa.ch\/fr\/produit\/igloo-2-40m\/\" \/>\n<meta property=\"og:locale\" content=\"fr_FR\" \/>\n<meta property=\"og:type\" content=\"article\" \/>\n<meta property=\"og:title\" content=\"Igloo 2.40m - Velopa Shop\" \/>\n<meta property=\"og:description\" content=\"Le caisson verrouillable associe un design haut de gamme \u00e0 la fonctionnalit\u00e9 et \u00e0 l\u2019\u00e9l\u00e9gance. Gr\u00e2ce \u00e0 sa construction puriste et transparente, il embellit chaque emplacement, que ce soit au jardin ou devant la propri\u00e9t\u00e9 tout en prot\u00e9geant du vol. Igloo est uniquement disponible dans la couleur standard &quot;anthracite&quot;.  Autre longuer: Igloo 1.20 m\u00a0\u2013\u00a0Igloo 3.60 m\" \/>\n<meta property=\"og:url\" content=\"https:\/\/shop.velopa.ch\/fr\/produit\/igloo-2-40m\/\" \/>\n<meta property=\"og:site_name\" content=\"Velopa Shop\" \/>\n<meta property=\"article:modified_time\" content=\"2023-08-24T07:24:44+00:00\" \/>\n<meta property=\"og:image\" content=\"https:\/\/shop.velopa.ch\/wp-content\/uploads\/2019\/08\/Igloo2.40.jpg\" \/>\n\t<meta property=\"og:image:width\" content=\"600\" \/>\n\t<meta property=\"og:image:height\" content=\"600\" \/>\n\t<meta property=\"og:image:type\" content=\"image\/jpeg\" \/>\n<meta name=\"twitter:card\" content=\"summary_large_image\" \/>\n<meta name=\"twitter:label1\" content=\"Dur\u00e9e de lecture estim\u00e9e\" \/>\n\t<meta name=\"twitter:data1\" content=\"1 minute\" \/>\n<script type=\"application\/ld+json\" class=\"yoast-schema-graph\">{\"@context\":\"https:\/\/schema.org\",\"@graph\":[{\"@type\":\"WebPage\",\"@id\":\"https:\/\/shop.velopa.ch\/fr\/produit\/igloo-2-40m\/\",\"url\":\"https:\/\/shop.velopa.ch\/fr\/produit\/igloo-2-40m\/\",\"name\":\"Igloo 2.40m - Velopa Shop\",\"isPartOf\":{\"@id\":\"https:\/\/shop.velopa.ch\/#website\"},\"primaryImageOfPage\":{\"@id\":\"https:\/\/shop.velopa.ch\/fr\/produit\/igloo-2-40m\/#primaryimage\"},\"image\":{\"@id\":\"https:\/\/shop.velopa.ch\/fr\/produit\/igloo-2-40m\/#primaryimage\"},\"thumbnailUrl\":\"https:\/\/shop.velopa.ch\/wp-content\/uploads\/2019\/08\/Igloo2.40.jpg\",\"datePublished\":\"2019-08-27T08:03:56+00:00\",\"dateModified\":\"2023-08-24T07:24:44+00:00\",\"breadcrumb\":{\"@id\":\"https:\/\/shop.velopa.ch\/fr\/produit\/igloo-2-40m\/#breadcrumb\"},\"inLanguage\":\"fr-FR\",\"potentialAction\":[{\"@type\":\"ReadAction\",\"target\":[\"https:\/\/shop.velopa.ch\/fr\/produit\/igloo-2-40m\/\"]}]},{\"@type\":\"ImageObject\",\"inLanguage\":\"fr-FR\",\"@id\":\"https:\/\/shop.velopa.ch\/fr\/produit\/igloo-2-40m\/#primaryimage\",\"url\":\"https:\/\/shop.velopa.ch\/wp-content\/uploads\/2019\/08\/Igloo2.40.jpg\",\"contentUrl\":\"https:\/\/shop.velopa.ch\/wp-content\/uploads\/2019\/08\/Igloo2.40.jpg\",\"width\":600,\"height\":600},{\"@type\":\"BreadcrumbList\",\"@id\":\"https:\/\/shop.velopa.ch\/fr\/produit\/igloo-2-40m\/#breadcrumb\",\"itemListElement\":[{\"@type\":\"ListItem\",\"position\":1,\"name\":\"Home\",\"item\":\"https:\/\/shop.velopa.ch\/fr\/\"},{\"@type\":\"ListItem\",\"position\":2,\"name\":\"Shop\",\"item\":\"https:\/\/shop.velopa.ch\/fr\/\"},{\"@type\":\"ListItem\",\"position\":3,\"name\":\"Igloo 2.40m\"}]},{\"@type\":\"WebSite\",\"@id\":\"https:\/\/shop.velopa.ch\/#website\",\"url\":\"https:\/\/shop.velopa.ch\/\",\"name\":\"Velopa Shop\",\"description\":\"\",\"potentialAction\":[{\"@type\":\"SearchAction\",\"target\":{\"@type\":\"EntryPoint\",\"urlTemplate\":\"https:\/\/shop.velopa.ch\/?s={search_term_string}\"},\"query-input\":{\"@type\":\"PropertyValueSpecification\",\"valueRequired\":true,\"valueName\":\"search_term_string\"}}],\"inLanguage\":\"fr-FR\"}]}<\/script>\n<!-- \/ Yoast SEO plugin. -->","yoast_head_json":{"title":"Igloo 2.40m - Velopa Shop","robots":{"index":"index","follow":"follow","max-snippet":"max-snippet:-1","max-image-preview":"max-image-preview:large","max-video-preview":"max-video-preview:-1"},"canonical":"https:\/\/shop.velopa.ch\/fr\/produit\/igloo-2-40m\/","og_locale":"fr_FR","og_type":"article","og_title":"Igloo 2.40m - Velopa Shop","og_description":"Le caisson verrouillable associe un design haut de gamme \u00e0 la fonctionnalit\u00e9 et \u00e0 l\u2019\u00e9l\u00e9gance. Gr\u00e2ce \u00e0 sa construction puriste et transparente, il embellit chaque emplacement, que ce soit au jardin ou devant la propri\u00e9t\u00e9 tout en prot\u00e9geant du vol. Igloo est uniquement disponible dans la couleur standard \"anthracite\".  Autre longuer: Igloo 1.20 m\u00a0\u2013\u00a0Igloo 3.60 m","og_url":"https:\/\/shop.velopa.ch\/fr\/produit\/igloo-2-40m\/","og_site_name":"Velopa Shop","article_modified_time":"2023-08-24T07:24:44+00:00","og_image":[{"width":600,"height":600,"url":"https:\/\/shop.velopa.ch\/wp-content\/uploads\/2019\/08\/Igloo2.40.jpg","type":"image\/jpeg"}],"twitter_card":"summary_large_image","twitter_misc":{"Dur\u00e9e de lecture estim\u00e9e":"1 minute"},"schema":{"@context":"https:\/\/schema.org","@graph":[{"@type":"WebPage","@id":"https:\/\/shop.velopa.ch\/fr\/produit\/igloo-2-40m\/","url":"https:\/\/shop.velopa.ch\/fr\/produit\/igloo-2-40m\/","name":"Igloo 2.40m - Velopa Shop","isPartOf":{"@id":"https:\/\/shop.velopa.ch\/#website"},"primaryImageOfPage":{"@id":"https:\/\/shop.velopa.ch\/fr\/produit\/igloo-2-40m\/#primaryimage"},"image":{"@id":"https:\/\/shop.velopa.ch\/fr\/produit\/igloo-2-40m\/#primaryimage"},"thumbnailUrl":"https:\/\/shop.velopa.ch\/wp-content\/uploads\/2019\/08\/Igloo2.40.jpg","datePublished":"2019-08-27T08:03:56+00:00","dateModified":"2023-08-24T07:24:44+00:00","breadcrumb":{"@id":"https:\/\/shop.velopa.ch\/fr\/produit\/igloo-2-40m\/#breadcrumb"},"inLanguage":"fr-FR","potentialAction":[{"@type":"ReadAction","target":["https:\/\/shop.velopa.ch\/fr\/produit\/igloo-2-40m\/"]}]},{"@type":"ImageObject","inLanguage":"fr-FR","@id":"https:\/\/shop.velopa.ch\/fr\/produit\/igloo-2-40m\/#primaryimage","url":"https:\/\/shop.velopa.ch\/wp-content\/uploads\/2019\/08\/Igloo2.40.jpg","contentUrl":"https:\/\/shop.velopa.ch\/wp-content\/uploads\/2019\/08\/Igloo2.40.jpg","width":600,"height":600},{"@type":"BreadcrumbList","@id":"https:\/\/shop.velopa.ch\/fr\/produit\/igloo-2-40m\/#breadcrumb","itemListElement":[{"@type":"ListItem","position":1,"name":"Home","item":"https:\/\/shop.velopa.ch\/fr\/"},{"@type":"ListItem","position":2,"name":"Shop","item":"https:\/\/shop.velopa.ch\/fr\/"},{"@type":"ListItem","position":3,"name":"Igloo 2.40m"}]},{"@type":"WebSite","@id":"https:\/\/shop.velopa.ch\/#website","url":"https:\/\/shop.velopa.ch\/","name":"Velopa Shop","description":"","potentialAction":[{"@type":"SearchAction","target":{"@type":"EntryPoint","urlTemplate":"https:\/\/shop.velopa.ch\/?s={search_term_string}"},"query-input":{"@type":"PropertyValueSpecification","valueRequired":true,"valueName":"search_term_string"}}],"inLanguage":"fr-FR"}]}},"_links":{"self":[{"href":"https:\/\/shop.velopa.ch\/fr\/wp-json\/wp\/v2\/product\/3367","targetHints":{"allow":["GET"]}}],"collection":[{"href":"https:\/\/shop.velopa.ch\/fr\/wp-json\/wp\/v2\/product"}],"about":[{"href":"https:\/\/shop.velopa.ch\/fr\/wp-json\/wp\/v2\/types\/product"}],"wp:featuredmedia":[{"embeddable":true,"href":"https:\/\/shop.velopa.ch\/fr\/wp-json\/wp\/v2\/media\/3369"}],"wp:attachment":[{"href":"https:\/\/shop.velopa.ch\/fr\/wp-json\/wp\/v2\/media?parent=3367"}],"wp:term":[{"taxonomy":"product_brand","embeddable":true,"href":"https:\/\/shop.velopa.ch\/fr\/wp-json\/wp\/v2\/product_brand?post=3367"},{"taxonomy":"product_cat","embeddable":true,"href":"https:\/\/shop.velopa.ch\/fr\/wp-json\/wp\/v2\/product_cat?post=3367"},{"taxonomy":"product_tag","embeddable":true,"href":"https:\/\/shop.velopa.ch\/fr\/wp-json\/wp\/v2\/product_tag?post=3367"}],"curies":[{"name":"wp","href":"https:\/\/api.w.org\/{rel}","templated":true}]}}