{"id":37274,"date":"2025-06-25T05:28:21","date_gmt":"2025-06-25T05:28:22","guid":{"rendered":"https:\/\/shop.velopa.ch\/?post_type=product&#038;p=37274"},"modified":"2025-06-25T07:22:55","modified_gmt":"2025-06-25T07:22:55","slug":"bikeroof-2-0-2-50-m","status":"publish","type":"product","link":"https:\/\/shop.velopa.ch\/fr\/produit\/bikeroof-2-0-2-50-m\/","title":{"rendered":"BikeRoof\u00ae 2.0 2.50 m"},"content":{"rendered":"<p>Peu de place, mais des exigences \u00e9lev\u00e9es? L\u2019abri \u00e0 v\u00e9los <strong>BikeRoof\u00ae 2.0<\/strong> allie un design bien pens\u00e9\u00a0<span class=\"lookup-word\" data-slate-leaf=\"true\"><span data-slate-string=\"true\">avec<\/span><\/span>\u00a0<span class=\"lookup-word\" data-slate-leaf=\"true\"><span data-slate-string=\"true\">un<\/span><\/span>\u00a0<span class=\"lookup-word\" data-slate-leaf=\"true\"><span data-slate-string=\"true\">maximum<\/span><\/span>\u00a0<span class=\"lookup-word\" data-slate-leaf=\"true\"><span data-slate-string=\"true\">d\u2019utilit\u00e9<\/span><\/span>\u00a0<span class=\"lookup-word\" data-slate-leaf=\"true\"><span data-slate-string=\"true\">dans<\/span><\/span>\u00a0<span class=\"lookup-word\" data-slate-leaf=\"true\"><span data-slate-string=\"true\">un<\/span><\/span>\u00a0<span class=\"lookup-word\" data-slate-leaf=\"true\"><span data-slate-string=\"true\">petit<\/span><\/span>\u00a0<span class=\"lookup-word\" data-slate-leaf=\"true\"><span data-slate-string=\"true\">espace<\/span><\/span>. Gr\u00e2ce \u00e0 l\u2019\u00e9l\u00e9ment de toit mobile, les v\u00e9los sont prot\u00e9g\u00e9s encore plus contre les intemp\u00e9ries \u2013 id\u00e9al pour une utilisation dans le domaine priv\u00e9, par exemple dans les jardins ou dans des espaces \u00e9troits. Disponible en trois tailles, l\u2019abri peut \u00eatre combin\u00e9 individuellement avec des \u00e9l\u00e9ments muraux optionnels et des syst\u00e8mes de stationnement pour v\u00e9los adapt\u00e9s.<\/p>\n","protected":false},"excerpt":{"rendered":"<p>Une protection efficace des v\u00e9los avec un grand confort \u2013 L\u2019abri convainc par sa construction peu encombrante, ses mat\u00e9riaux de haute qualit\u00e9 et son utilisation simple.<br \/>\nPlus d\u2019informations sur le produit :\u00a0<a href=\"https:\/\/www.velopa.ch\/fr\/abris-a-velos\/bikeroof-2\/\">BikeRoof<\/a>\u00a0|\u00a0<a href=\"https:\/\/www.velopa.ch\/wp-content\/uploads\/Produktinformation\/FR\/DB_BikeRoof%202.0%20FR.pdf\" target=\"_blank\" rel=\"noopener\">Fiche technique<\/a><\/p>\n<p>Autres tailles :<br \/>\n<a href=\"https:\/\/shop.velopa.ch\/fr\/produit\/bikeroof-2-0-1-50-m\">BikeRoof 1.50 m<\/a>\u00a0\u2013\u00a0<a href=\"https:\/\/shop.velopa.ch\/fr\/produit\/bikeroof-2-0-2-00-m\/\">BikeRoof 2.00 m<\/a><\/p>\n","protected":false},"featured_media":37230,"template":"","meta":{"_acf_changed":false,"_et_pb_use_builder":"off","_et_pb_old_content":"BikeRoof: Schutz & Komfort\r\nMit seiner minimalen Bauh\u00f6he von 143 cm passt der Velounterstand BikeRoof unter fast jedes Fenster und in jeden Vorgarten. Die vordere Dachh\u00e4lfte l\u00e4sst sich leicht vor- und zur\u00fcckschieben. Dadurch kann das Velo trotz der geringen H\u00f6he des Unterstandes bequem versorgt und wieder herausgeholt werden. Der Velounterstand BikeRoof steht auf einem massiven Grundrahmen. Alle Teile sind aus feuerverzinktem Stahl angefertigt. F\u00fcr die Wand- und Dachteile des Velounterstandes wird ausschliesslich witterungsfestes, lichtechtes und UV-best\u00e4ndiges Acrylglas eingesetzt.\r\n\r\nNeu! Wetterschutzblachen zu Velounterstand BikeRoof\r\nDie Wetterschutzblachen in verschiedenen Farben, Varianten und Gr\u00f6ssen sind mit Druckknopfsystem einfach zu montieren und k\u00f6nnen somit auch bei bestehenden Unterst\u00e4nden nachger\u00fcstet werden.\r\n\r\nNeu! Fertig-Beton-Elemente\r\nVerwenden Sie anstelle von Fundamenten unsere Fertig-Beton-Elemente zum Verankern.\r\n\r\nTipps\r\nF\u00fcr Roller und Motorr\u00e4der ist der Velounterstand BikeRoof oft zu klein. Eine Erh\u00f6hung des Grundrahmens von 80 bis 100 mm schafft manchmal Abhilfe. Sollte der Velounterstand dennoch zu klein sein, empfehlen wir Ihnen das BigRoof, das Engadin oder das MiniVit. Der Velounterstand BikeRoof ben\u00f6tigt in der Regel kein Fundament zur Befestigung im Boden. An exponierten Standorten ist ein Fundament dennoch ratsam. Der Velounterstand BikeRoof l\u00e4sst sich einfach und unkompliziert in Bodenplatten oder mit Erdn\u00e4geln in Kies- und sogar Grasb\u00f6den verankern. Auch Unebenheiten des Untergrunds k\u00f6nnen wir mit entsprechenden Unterlagen ausgleichen.","_et_gb_content_width":""},"product_brand":[],"product_cat":[44,45],"product_tag":[],"class_list":{"0":"post-37274","1":"product","2":"type-product","3":"status-publish","4":"has-post-thumbnail","6":"product_cat-abris-a-velos","7":"product_cat-clients-prives","8":"product_shipping_class-velobox-minivit-engadin-bikesafe-fr","10":"first","11":"instock","12":"sold-individually","13":"taxable","14":"shipping-taxable","15":"purchasable","16":"product-type-simple"},"exclude_global_add_ons":false,"addons":[{"name":"Parois lat\u00e9ral","type":"multiple_choice","position":0,"required":false,"title_format":"heading","default":"","description_enable":false,"description":"","placeholder_enable":false,"placeholder":"","display":"select","restrictions_type":"any_text","adjust_price":false,"price":"","price_type":"flat_fee","restrictions":false,"min":"0","max":"0","options":[{"label":"Sans parois lat\u00e9ral","price":"","price_type":"quantity_based","image":0,"visibility":true},{"label":"Parois lat\u00e9ral gauche","price":"400","price_type":"quantity_based","image":0,"visibility":true},{"label":"Parois lat\u00e9ral droit","price":"400","price_type":"quantity_based","image":0,"visibility":true},{"label":"Parois lat\u00e9ral gauche et droit","price":"800","price_type":"quantity_based","image":0,"visibility":true}],"id":1692861472},{"name":"Parois arri\u00e8res","type":"multiple_choice","position":1,"required":false,"title_format":"heading","default":"","description_enable":false,"description":"","placeholder_enable":false,"placeholder":"","display":"select","restrictions_type":"any_text","adjust_price":false,"price":"","price_type":"flat_fee","restrictions":false,"min":"0","max":"0","options":[{"label":"Sans parois arri\u00e8res","price":"","price_type":"quantity_based","image":0,"visibility":true},{"label":"Avec parois arri\u00e8res","price":"300","price_type":"quantity_based","image":0,"visibility":true}],"id":1692861473},{"name":"Rev\u00eatement en poudre","type":"multiple_choice","position":2,"required":false,"title_format":"heading","default":"","description_enable":false,"description":"","placeholder_enable":false,"placeholder":"","display":"select","restrictions_type":"any_text","adjust_price":false,"price":"","price_type":"flat_fee","restrictions":false,"min":"0","max":"0","options":[{"label":"galvanis\u00e9 \u00e0 chaud (sans suppl\u00e9ment)","price":"","price_type":"quantity_based","image":0,"visibility":true},{"label":"Veuillez indiquer la couleur RAL dans les remarques","price":"700","price_type":"quantity_based","image":0,"visibility":true}],"id":1692861474},{"name":"En cas de rev\u00eatement par poudre, veuillez indiquer la couleur RAL :","type":"custom_textarea","position":3,"required":false,"title_format":"label","default":"","description_enable":false,"description":"","placeholder_enable":false,"placeholder":"","display":"select","restrictions_type":"any_text","adjust_price":false,"price":"","price_type":"flat_fee","restrictions":false,"min":"0","max":"0","options":[],"id":1750833304},{"name":"Syst\u00e8mes de stationnement","type":"multiple_choice","position":4,"required":false,"title_format":"heading","default":"","description_enable":false,"description":"","placeholder_enable":false,"placeholder":"","display":"select","restrictions_type":"any_text","adjust_price":false,"price":"","price_type":"flat_fee","restrictions":false,"min":"0","max":"0","options":[{"label":"Multibike Standard 5 v\u00e9los","price":"345","price_type":"quantity_based","image":0,"visibility":true}],"id":1692861475},{"name":"Securit\u00e9 antivol","type":"multiple_choice","position":5,"required":false,"title_format":"heading","default":"","description_enable":false,"description":"","placeholder_enable":false,"placeholder":"","display":"select","restrictions_type":"any_text","adjust_price":false,"price":"","price_type":"flat_fee","restrictions":false,"min":"0","max":"0","options":[{"label":"Etrier de raccordement 1 pc","price":"56","price_type":"quantity_based","image":0,"visibility":true},{"label":"Etrier de raccordement 2 pc","price":"112","price_type":"quantity_based","image":0,"visibility":true},{"label":"Etrier de raccordement 3 pc","price":"168","price_type":"quantity_based","image":0,"visibility":true},{"label":"Etrier de raccordement 4 pc","price":"224","price_type":"flat_fee","image":0,"visibility":true},{"label":"Etrier de raccordement 5 pc","price":"280","price_type":"flat_fee","image":0,"visibility":true}],"id":1692861476},{"name":"Socle en b\u00e9ton","type":"multiple_choice","position":6,"required":false,"title_format":"heading","default":"","description_enable":false,"description":"","placeholder_enable":false,"placeholder":"","display":"select","restrictions_type":"any_text","adjust_price":false,"price":"","price_type":"flat_fee","restrictions":false,"min":"0","max":"0","options":[{"label":"4 \u00e9l\u00e9ments de 90 cm (prix du set)","price":"490","price_type":"quantity_based","image":0,"visibility":true}],"id":1692861479},{"name":"Avec assemblage","type":"checkbox","position":7,"required":true,"title_format":"heading","default":"","description_enable":true,"description":"<a href=\"https:\/\/velopa.ch\/wp-content\/uploads\/Produktinformation\/FR\/Montagepreise_FR.pdf\" target=\"_blank\">*liste de prix livraison et montage<\/a>","placeholder_enable":false,"placeholder":"","display":"select","restrictions_type":"any_text","adjust_price":false,"price":"","price_type":"flat_fee","restrictions":false,"min":"0","max":"0","options":[{"label":"frais de montage","price":"360","price_type":"quantity_based","image":0,"visibility":true}],"id":1692861480}],"acf":[],"yoast_head":"<!-- This site is optimized with the Yoast SEO plugin v27.2 - https:\/\/yoast.com\/product\/yoast-seo-wordpress\/ -->\n<title>BikeRoof\u00ae 2.0 2.50 m - Velopa Shop<\/title>\n<meta name=\"robots\" content=\"index, follow, max-snippet:-1, max-image-preview:large, max-video-preview:-1\" \/>\n<link rel=\"canonical\" href=\"https:\/\/shop.velopa.ch\/fr\/produit\/bikeroof-2-0-2-50-m\/\" \/>\n<meta property=\"og:locale\" content=\"fr_FR\" \/>\n<meta property=\"og:type\" content=\"article\" \/>\n<meta property=\"og:title\" content=\"BikeRoof\u00ae 2.0 2.50 m - Velopa Shop\" \/>\n<meta property=\"og:description\" content=\"Une protection efficace des v\u00e9los avec un grand confort \u2013 L\u2019abri convainc par sa construction peu encombrante, ses mat\u00e9riaux de haute qualit\u00e9 et son utilisation simple. Plus d\u2019informations sur le produit :\u00a0BikeRoof\u00a0|\u00a0Fiche technique  Autres tailles : BikeRoof 1.50 m\u00a0\u2013\u00a0BikeRoof 2.00 m\" \/>\n<meta property=\"og:url\" content=\"https:\/\/shop.velopa.ch\/fr\/produit\/bikeroof-2-0-2-50-m\/\" \/>\n<meta property=\"og:site_name\" content=\"Velopa Shop\" \/>\n<meta property=\"article:modified_time\" content=\"2025-06-25T07:22:55+00:00\" \/>\n<meta property=\"og:image\" content=\"https:\/\/shop.velopa.ch\/wp-content\/uploads\/2025\/06\/Bikeroof20.jpg\" \/>\n\t<meta property=\"og:image:width\" content=\"700\" \/>\n\t<meta property=\"og:image:height\" content=\"700\" \/>\n\t<meta property=\"og:image:type\" content=\"image\/jpeg\" \/>\n<meta name=\"twitter:card\" content=\"summary_large_image\" \/>\n<meta name=\"twitter:label1\" content=\"Dur\u00e9e de lecture estim\u00e9e\" \/>\n\t<meta name=\"twitter:data1\" content=\"1 minute\" \/>\n<script type=\"application\/ld+json\" class=\"yoast-schema-graph\">{\"@context\":\"https:\/\/schema.org\",\"@graph\":[{\"@type\":\"WebPage\",\"@id\":\"https:\/\/shop.velopa.ch\/fr\/produit\/bikeroof-2-0-2-50-m\/\",\"url\":\"https:\/\/shop.velopa.ch\/fr\/produit\/bikeroof-2-0-2-50-m\/\",\"name\":\"BikeRoof\u00ae 2.0 2.50 m - Velopa Shop\",\"isPartOf\":{\"@id\":\"https:\/\/shop.velopa.ch\/#website\"},\"primaryImageOfPage\":{\"@id\":\"https:\/\/shop.velopa.ch\/fr\/produit\/bikeroof-2-0-2-50-m\/#primaryimage\"},\"image\":{\"@id\":\"https:\/\/shop.velopa.ch\/fr\/produit\/bikeroof-2-0-2-50-m\/#primaryimage\"},\"thumbnailUrl\":\"https:\/\/shop.velopa.ch\/wp-content\/uploads\/2025\/06\/Bikeroof20.jpg\",\"datePublished\":\"2025-06-25T05:28:22+00:00\",\"dateModified\":\"2025-06-25T07:22:55+00:00\",\"breadcrumb\":{\"@id\":\"https:\/\/shop.velopa.ch\/fr\/produit\/bikeroof-2-0-2-50-m\/#breadcrumb\"},\"inLanguage\":\"fr-FR\",\"potentialAction\":[{\"@type\":\"ReadAction\",\"target\":[\"https:\/\/shop.velopa.ch\/fr\/produit\/bikeroof-2-0-2-50-m\/\"]}]},{\"@type\":\"ImageObject\",\"inLanguage\":\"fr-FR\",\"@id\":\"https:\/\/shop.velopa.ch\/fr\/produit\/bikeroof-2-0-2-50-m\/#primaryimage\",\"url\":\"https:\/\/shop.velopa.ch\/wp-content\/uploads\/2025\/06\/Bikeroof20.jpg\",\"contentUrl\":\"https:\/\/shop.velopa.ch\/wp-content\/uploads\/2025\/06\/Bikeroof20.jpg\",\"width\":700,\"height\":700},{\"@type\":\"BreadcrumbList\",\"@id\":\"https:\/\/shop.velopa.ch\/fr\/produit\/bikeroof-2-0-2-50-m\/#breadcrumb\",\"itemListElement\":[{\"@type\":\"ListItem\",\"position\":1,\"name\":\"Home\",\"item\":\"https:\/\/shop.velopa.ch\/fr\/\"},{\"@type\":\"ListItem\",\"position\":2,\"name\":\"Shop\",\"item\":\"https:\/\/shop.velopa.ch\/fr\/\"},{\"@type\":\"ListItem\",\"position\":3,\"name\":\"BikeRoof\u00ae 2.0 2.50 m\"}]},{\"@type\":\"WebSite\",\"@id\":\"https:\/\/shop.velopa.ch\/#website\",\"url\":\"https:\/\/shop.velopa.ch\/\",\"name\":\"Velopa Shop\",\"description\":\"\",\"potentialAction\":[{\"@type\":\"SearchAction\",\"target\":{\"@type\":\"EntryPoint\",\"urlTemplate\":\"https:\/\/shop.velopa.ch\/?s={search_term_string}\"},\"query-input\":{\"@type\":\"PropertyValueSpecification\",\"valueRequired\":true,\"valueName\":\"search_term_string\"}}],\"inLanguage\":\"fr-FR\"}]}<\/script>\n<!-- \/ Yoast SEO plugin. -->","yoast_head_json":{"title":"BikeRoof\u00ae 2.0 2.50 m - Velopa Shop","robots":{"index":"index","follow":"follow","max-snippet":"max-snippet:-1","max-image-preview":"max-image-preview:large","max-video-preview":"max-video-preview:-1"},"canonical":"https:\/\/shop.velopa.ch\/fr\/produit\/bikeroof-2-0-2-50-m\/","og_locale":"fr_FR","og_type":"article","og_title":"BikeRoof\u00ae 2.0 2.50 m - Velopa Shop","og_description":"Une protection efficace des v\u00e9los avec un grand confort \u2013 L\u2019abri convainc par sa construction peu encombrante, ses mat\u00e9riaux de haute qualit\u00e9 et son utilisation simple. Plus d\u2019informations sur le produit :\u00a0BikeRoof\u00a0|\u00a0Fiche technique  Autres tailles : BikeRoof 1.50 m\u00a0\u2013\u00a0BikeRoof 2.00 m","og_url":"https:\/\/shop.velopa.ch\/fr\/produit\/bikeroof-2-0-2-50-m\/","og_site_name":"Velopa Shop","article_modified_time":"2025-06-25T07:22:55+00:00","og_image":[{"width":700,"height":700,"url":"https:\/\/shop.velopa.ch\/wp-content\/uploads\/2025\/06\/Bikeroof20.jpg","type":"image\/jpeg"}],"twitter_card":"summary_large_image","twitter_misc":{"Dur\u00e9e de lecture estim\u00e9e":"1 minute"},"schema":{"@context":"https:\/\/schema.org","@graph":[{"@type":"WebPage","@id":"https:\/\/shop.velopa.ch\/fr\/produit\/bikeroof-2-0-2-50-m\/","url":"https:\/\/shop.velopa.ch\/fr\/produit\/bikeroof-2-0-2-50-m\/","name":"BikeRoof\u00ae 2.0 2.50 m - Velopa Shop","isPartOf":{"@id":"https:\/\/shop.velopa.ch\/#website"},"primaryImageOfPage":{"@id":"https:\/\/shop.velopa.ch\/fr\/produit\/bikeroof-2-0-2-50-m\/#primaryimage"},"image":{"@id":"https:\/\/shop.velopa.ch\/fr\/produit\/bikeroof-2-0-2-50-m\/#primaryimage"},"thumbnailUrl":"https:\/\/shop.velopa.ch\/wp-content\/uploads\/2025\/06\/Bikeroof20.jpg","datePublished":"2025-06-25T05:28:22+00:00","dateModified":"2025-06-25T07:22:55+00:00","breadcrumb":{"@id":"https:\/\/shop.velopa.ch\/fr\/produit\/bikeroof-2-0-2-50-m\/#breadcrumb"},"inLanguage":"fr-FR","potentialAction":[{"@type":"ReadAction","target":["https:\/\/shop.velopa.ch\/fr\/produit\/bikeroof-2-0-2-50-m\/"]}]},{"@type":"ImageObject","inLanguage":"fr-FR","@id":"https:\/\/shop.velopa.ch\/fr\/produit\/bikeroof-2-0-2-50-m\/#primaryimage","url":"https:\/\/shop.velopa.ch\/wp-content\/uploads\/2025\/06\/Bikeroof20.jpg","contentUrl":"https:\/\/shop.velopa.ch\/wp-content\/uploads\/2025\/06\/Bikeroof20.jpg","width":700,"height":700},{"@type":"BreadcrumbList","@id":"https:\/\/shop.velopa.ch\/fr\/produit\/bikeroof-2-0-2-50-m\/#breadcrumb","itemListElement":[{"@type":"ListItem","position":1,"name":"Home","item":"https:\/\/shop.velopa.ch\/fr\/"},{"@type":"ListItem","position":2,"name":"Shop","item":"https:\/\/shop.velopa.ch\/fr\/"},{"@type":"ListItem","position":3,"name":"BikeRoof\u00ae 2.0 2.50 m"}]},{"@type":"WebSite","@id":"https:\/\/shop.velopa.ch\/#website","url":"https:\/\/shop.velopa.ch\/","name":"Velopa Shop","description":"","potentialAction":[{"@type":"SearchAction","target":{"@type":"EntryPoint","urlTemplate":"https:\/\/shop.velopa.ch\/?s={search_term_string}"},"query-input":{"@type":"PropertyValueSpecification","valueRequired":true,"valueName":"search_term_string"}}],"inLanguage":"fr-FR"}]}},"_links":{"self":[{"href":"https:\/\/shop.velopa.ch\/fr\/wp-json\/wp\/v2\/product\/37274","targetHints":{"allow":["GET"]}}],"collection":[{"href":"https:\/\/shop.velopa.ch\/fr\/wp-json\/wp\/v2\/product"}],"about":[{"href":"https:\/\/shop.velopa.ch\/fr\/wp-json\/wp\/v2\/types\/product"}],"wp:featuredmedia":[{"embeddable":true,"href":"https:\/\/shop.velopa.ch\/fr\/wp-json\/wp\/v2\/media\/37230"}],"wp:attachment":[{"href":"https:\/\/shop.velopa.ch\/fr\/wp-json\/wp\/v2\/media?parent=37274"}],"wp:term":[{"taxonomy":"product_brand","embeddable":true,"href":"https:\/\/shop.velopa.ch\/fr\/wp-json\/wp\/v2\/product_brand?post=37274"},{"taxonomy":"product_cat","embeddable":true,"href":"https:\/\/shop.velopa.ch\/fr\/wp-json\/wp\/v2\/product_cat?post=37274"},{"taxonomy":"product_tag","embeddable":true,"href":"https:\/\/shop.velopa.ch\/fr\/wp-json\/wp\/v2\/product_tag?post=37274"}],"curies":[{"name":"wp","href":"https:\/\/api.w.org\/{rel}","templated":true}]}}