{"id":392,"date":"2018-03-29T13:49:55","date_gmt":"2018-03-29T11:49:55","guid":{"rendered":"https:\/\/shop.velopa.ch\/product\/autopa-spezial\/"},"modified":"2019-01-02T19:03:03","modified_gmt":"2019-01-02T18:03:03","slug":"autopa-spezial","status":"publish","type":"product","link":"https:\/\/shop.velopa.ch\/fr\/produit\/autopa-spezial\/","title":{"rendered":"Autopa\u00ae Spezial"},"content":{"rendered":"<p>Les potelets de d\u00e9limitation pour parking Autopa sp\u00e9cial (avec \u00e9trier lat\u00e9ral) et Autopa se rabattent manuellement et reposent sous le v\u00e9hicule gar\u00e9. Dans le but de s\u00e9curiser leur utilisation, les produits sont \u00e9quip\u00e9s d\u2019une \u00e9tiquette fluorescente et d\u2019une bande de s\u00e9curit\u00e9 rouge r\u00e9fl\u00e9chissante. Les potelets de d\u00e9limitation robustes en acier galvanis\u00e9 avec cylindre de serrure inoxydable de qualit\u00e9 suisse, ainsi que le pied de montage en fonte sont fabriqu\u00e9s dans nos \u00e9tablissements. En cas d\u2019accident, les produits sont faciles \u00e0 r\u00e9parer.<\/p>\n<p>Disponible dans les variantes \u00e0 verrouiller suivantes :<\/p>\n<p>KESO\u00a0\u00e0 fermeture identique<br \/>\nKESO\u00a0\u00e0 fermeture diff\u00e9rente<br \/>\nKABA\u00a05000 (fermeture d\u2019urgence)<br \/>\nPr\u00e9par\u00e9 pour le cylindre de votre choix<br \/>\nOptions :<\/p>\n<p>douille de fixation \u00e0 sceller dans le b\u00e9ton<br \/>\nClef suppl\u00e9mentaire<\/p>\n","protected":false},"excerpt":{"rendered":"<p>Ces potelets de d\u00e9limitation pour parking sont solides et prot\u00e8gent efficacement votre place de parking contre les usagers non autoris\u00e9s. Lorsque la place de parking est occup\u00e9e, ils reposent sous le v\u00e9hicule. Apr\u00e8s avoir quitt\u00e9 le parking, il suffit de relever le potelet Autopa et de le verrouiller.<\/p>\n","protected":false},"featured_media":393,"template":"","meta":{"_acf_changed":false,"_et_pb_use_builder":"","_et_pb_old_content":"","_et_gb_content_width":""},"product_brand":[],"product_cat":[42],"product_tag":[],"class_list":{"0":"post-392","1":"product","2":"type-product","3":"status-publish","4":"has-post-thumbnail","6":"product_cat-systemes-de-delimitation-manuels","7":"product_shipping_class-autopa-spezial-1-4-fr","9":"first","10":"instock","11":"taxable","12":"shipping-taxable","13":"purchasable","14":"product-type-variable"},"exclude_global_add_ons":[],"addons":[],"acf":[],"yoast_head":"<!-- This site is optimized with the Yoast SEO plugin v27.2 - https:\/\/yoast.com\/product\/yoast-seo-wordpress\/ -->\n<title>Autopa\u00ae Spezial - Velopa Shop<\/title>\n<meta name=\"robots\" content=\"index, follow, max-snippet:-1, max-image-preview:large, max-video-preview:-1\" \/>\n<link rel=\"canonical\" href=\"https:\/\/shop.velopa.ch\/fr\/produit\/autopa-spezial\/\" \/>\n<meta property=\"og:locale\" content=\"fr_FR\" \/>\n<meta property=\"og:type\" content=\"article\" \/>\n<meta property=\"og:title\" content=\"Autopa\u00ae Spezial - Velopa Shop\" \/>\n<meta property=\"og:description\" content=\"Ces potelets de d\u00e9limitation pour parking sont solides et prot\u00e8gent efficacement votre place de parking contre les usagers non autoris\u00e9s. Lorsque la place de parking est occup\u00e9e, ils reposent sous le v\u00e9hicule. Apr\u00e8s avoir quitt\u00e9 le parking, il suffit de relever le potelet Autopa et de le verrouiller.\" \/>\n<meta property=\"og:url\" content=\"https:\/\/shop.velopa.ch\/fr\/produit\/autopa-spezial\/\" \/>\n<meta property=\"og:site_name\" content=\"Velopa Shop\" \/>\n<meta property=\"article:modified_time\" content=\"2019-01-02T18:03:03+00:00\" \/>\n<meta property=\"og:image\" content=\"https:\/\/shop.velopa.ch\/wp-content\/uploads\/2018\/03\/Autopa-Spez.jpg\" \/>\n\t<meta property=\"og:image:width\" content=\"1552\" \/>\n\t<meta property=\"og:image:height\" content=\"1536\" \/>\n\t<meta property=\"og:image:type\" content=\"image\/jpeg\" \/>\n<meta name=\"twitter:card\" content=\"summary_large_image\" \/>\n<meta name=\"twitter:label1\" content=\"Dur\u00e9e de lecture estim\u00e9e\" \/>\n\t<meta name=\"twitter:data1\" content=\"1 minute\" \/>\n<script type=\"application\/ld+json\" class=\"yoast-schema-graph\">{\"@context\":\"https:\/\/schema.org\",\"@graph\":[{\"@type\":\"WebPage\",\"@id\":\"https:\/\/shop.velopa.ch\/fr\/produit\/autopa-spezial\/\",\"url\":\"https:\/\/shop.velopa.ch\/fr\/produit\/autopa-spezial\/\",\"name\":\"Autopa\u00ae Spezial - Velopa Shop\",\"isPartOf\":{\"@id\":\"https:\/\/shop.velopa.ch\/#website\"},\"primaryImageOfPage\":{\"@id\":\"https:\/\/shop.velopa.ch\/fr\/produit\/autopa-spezial\/#primaryimage\"},\"image\":{\"@id\":\"https:\/\/shop.velopa.ch\/fr\/produit\/autopa-spezial\/#primaryimage\"},\"thumbnailUrl\":\"https:\/\/shop.velopa.ch\/wp-content\/uploads\/2018\/03\/Autopa-Spez.jpg\",\"datePublished\":\"2018-03-29T11:49:55+00:00\",\"dateModified\":\"2019-01-02T18:03:03+00:00\",\"breadcrumb\":{\"@id\":\"https:\/\/shop.velopa.ch\/fr\/produit\/autopa-spezial\/#breadcrumb\"},\"inLanguage\":\"fr-FR\",\"potentialAction\":[{\"@type\":\"ReadAction\",\"target\":[\"https:\/\/shop.velopa.ch\/fr\/produit\/autopa-spezial\/\"]}]},{\"@type\":\"ImageObject\",\"inLanguage\":\"fr-FR\",\"@id\":\"https:\/\/shop.velopa.ch\/fr\/produit\/autopa-spezial\/#primaryimage\",\"url\":\"https:\/\/shop.velopa.ch\/wp-content\/uploads\/2018\/03\/Autopa-Spez.jpg\",\"contentUrl\":\"https:\/\/shop.velopa.ch\/wp-content\/uploads\/2018\/03\/Autopa-Spez.jpg\",\"width\":1552,\"height\":1536},{\"@type\":\"BreadcrumbList\",\"@id\":\"https:\/\/shop.velopa.ch\/fr\/produit\/autopa-spezial\/#breadcrumb\",\"itemListElement\":[{\"@type\":\"ListItem\",\"position\":1,\"name\":\"Home\",\"item\":\"https:\/\/shop.velopa.ch\/fr\/\"},{\"@type\":\"ListItem\",\"position\":2,\"name\":\"Shop\",\"item\":\"https:\/\/shop.velopa.ch\/fr\/\"},{\"@type\":\"ListItem\",\"position\":3,\"name\":\"Autopa\u00ae Spezial\"}]},{\"@type\":\"WebSite\",\"@id\":\"https:\/\/shop.velopa.ch\/#website\",\"url\":\"https:\/\/shop.velopa.ch\/\",\"name\":\"Velopa Shop\",\"description\":\"\",\"potentialAction\":[{\"@type\":\"SearchAction\",\"target\":{\"@type\":\"EntryPoint\",\"urlTemplate\":\"https:\/\/shop.velopa.ch\/?s={search_term_string}\"},\"query-input\":{\"@type\":\"PropertyValueSpecification\",\"valueRequired\":true,\"valueName\":\"search_term_string\"}}],\"inLanguage\":\"fr-FR\"}]}<\/script>\n<!-- \/ Yoast SEO plugin. -->","yoast_head_json":{"title":"Autopa\u00ae Spezial - Velopa Shop","robots":{"index":"index","follow":"follow","max-snippet":"max-snippet:-1","max-image-preview":"max-image-preview:large","max-video-preview":"max-video-preview:-1"},"canonical":"https:\/\/shop.velopa.ch\/fr\/produit\/autopa-spezial\/","og_locale":"fr_FR","og_type":"article","og_title":"Autopa\u00ae Spezial - Velopa Shop","og_description":"Ces potelets de d\u00e9limitation pour parking sont solides et prot\u00e8gent efficacement votre place de parking contre les usagers non autoris\u00e9s. Lorsque la place de parking est occup\u00e9e, ils reposent sous le v\u00e9hicule. Apr\u00e8s avoir quitt\u00e9 le parking, il suffit de relever le potelet Autopa et de le verrouiller.","og_url":"https:\/\/shop.velopa.ch\/fr\/produit\/autopa-spezial\/","og_site_name":"Velopa Shop","article_modified_time":"2019-01-02T18:03:03+00:00","og_image":[{"width":1552,"height":1536,"url":"https:\/\/shop.velopa.ch\/wp-content\/uploads\/2018\/03\/Autopa-Spez.jpg","type":"image\/jpeg"}],"twitter_card":"summary_large_image","twitter_misc":{"Dur\u00e9e de lecture estim\u00e9e":"1 minute"},"schema":{"@context":"https:\/\/schema.org","@graph":[{"@type":"WebPage","@id":"https:\/\/shop.velopa.ch\/fr\/produit\/autopa-spezial\/","url":"https:\/\/shop.velopa.ch\/fr\/produit\/autopa-spezial\/","name":"Autopa\u00ae Spezial - Velopa Shop","isPartOf":{"@id":"https:\/\/shop.velopa.ch\/#website"},"primaryImageOfPage":{"@id":"https:\/\/shop.velopa.ch\/fr\/produit\/autopa-spezial\/#primaryimage"},"image":{"@id":"https:\/\/shop.velopa.ch\/fr\/produit\/autopa-spezial\/#primaryimage"},"thumbnailUrl":"https:\/\/shop.velopa.ch\/wp-content\/uploads\/2018\/03\/Autopa-Spez.jpg","datePublished":"2018-03-29T11:49:55+00:00","dateModified":"2019-01-02T18:03:03+00:00","breadcrumb":{"@id":"https:\/\/shop.velopa.ch\/fr\/produit\/autopa-spezial\/#breadcrumb"},"inLanguage":"fr-FR","potentialAction":[{"@type":"ReadAction","target":["https:\/\/shop.velopa.ch\/fr\/produit\/autopa-spezial\/"]}]},{"@type":"ImageObject","inLanguage":"fr-FR","@id":"https:\/\/shop.velopa.ch\/fr\/produit\/autopa-spezial\/#primaryimage","url":"https:\/\/shop.velopa.ch\/wp-content\/uploads\/2018\/03\/Autopa-Spez.jpg","contentUrl":"https:\/\/shop.velopa.ch\/wp-content\/uploads\/2018\/03\/Autopa-Spez.jpg","width":1552,"height":1536},{"@type":"BreadcrumbList","@id":"https:\/\/shop.velopa.ch\/fr\/produit\/autopa-spezial\/#breadcrumb","itemListElement":[{"@type":"ListItem","position":1,"name":"Home","item":"https:\/\/shop.velopa.ch\/fr\/"},{"@type":"ListItem","position":2,"name":"Shop","item":"https:\/\/shop.velopa.ch\/fr\/"},{"@type":"ListItem","position":3,"name":"Autopa\u00ae Spezial"}]},{"@type":"WebSite","@id":"https:\/\/shop.velopa.ch\/#website","url":"https:\/\/shop.velopa.ch\/","name":"Velopa Shop","description":"","potentialAction":[{"@type":"SearchAction","target":{"@type":"EntryPoint","urlTemplate":"https:\/\/shop.velopa.ch\/?s={search_term_string}"},"query-input":{"@type":"PropertyValueSpecification","valueRequired":true,"valueName":"search_term_string"}}],"inLanguage":"fr-FR"}]}},"_links":{"self":[{"href":"https:\/\/shop.velopa.ch\/fr\/wp-json\/wp\/v2\/product\/392","targetHints":{"allow":["GET"]}}],"collection":[{"href":"https:\/\/shop.velopa.ch\/fr\/wp-json\/wp\/v2\/product"}],"about":[{"href":"https:\/\/shop.velopa.ch\/fr\/wp-json\/wp\/v2\/types\/product"}],"wp:featuredmedia":[{"embeddable":true,"href":"https:\/\/shop.velopa.ch\/fr\/wp-json\/wp\/v2\/media\/393"}],"wp:attachment":[{"href":"https:\/\/shop.velopa.ch\/fr\/wp-json\/wp\/v2\/media?parent=392"}],"wp:term":[{"taxonomy":"product_brand","embeddable":true,"href":"https:\/\/shop.velopa.ch\/fr\/wp-json\/wp\/v2\/product_brand?post=392"},{"taxonomy":"product_cat","embeddable":true,"href":"https:\/\/shop.velopa.ch\/fr\/wp-json\/wp\/v2\/product_cat?post=392"},{"taxonomy":"product_tag","embeddable":true,"href":"https:\/\/shop.velopa.ch\/fr\/wp-json\/wp\/v2\/product_tag?post=392"}],"curies":[{"name":"wp","href":"https:\/\/api.w.org\/{rel}","templated":true}]}}