{"id":419,"date":"2018-08-17T08:09:15","date_gmt":"2018-08-17T06:09:35","guid":{"rendered":"https:\/\/shop.velopa.ch\/?post_type=product&#038;p=419"},"modified":"2019-09-17T13:16:38","modified_gmt":"2019-09-17T11:16:38","slug":"parcs-a-velos-a-fourches","status":"publish","type":"product","link":"https:\/\/shop.velopa.ch\/fr\/produit\/parcs-a-velos-a-fourches\/","title":{"rendered":"Parcs \u00e0 v\u00e9los \u00e0 fourches classic"},"content":{"rendered":"<p>Ce support pour v\u00e9los a \u00e9volu\u00e9 au fil du temps et convient aux v\u00e9los les plus r\u00e9cents. Afin de pouvoir sans probl\u00e8mes croiser les guidons, le parc \u00e0 v\u00e9los \u00e0 fourches permet le rangement sur diff\u00e9rents niveaux. Sa forme arrondie sp\u00e9cialement con\u00e7ue s\u2019adapte \u00e0 tous les types de v\u00e9los et les maintient parfaitement.<\/p>\n","protected":false},"excerpt":{"rendered":"<p>Ce support pour v\u00e9los a \u00e9volu\u00e9 au fil du temps et convient aux v\u00e9los les plus r\u00e9cents. Afin de pouvoir sans probl\u00e8mes croiser les guidons, le parc \u00e0 v\u00e9los \u00e0 fourches permet le rangement sur diff\u00e9rents niveaux. Sa forme arrondie sp\u00e9cialement con\u00e7ue s\u2019adapte \u00e0 tous les types de v\u00e9los et les maintient parfaitement.<\/p>\n","protected":false},"featured_media":2035,"template":"","meta":{"_acf_changed":false,"_et_pb_use_builder":"","_et_pb_old_content":"","_et_gb_content_width":""},"product_brand":[],"product_cat":[43],"product_tag":[],"class_list":{"0":"post-419","1":"product","2":"type-product","3":"status-publish","4":"has-post-thumbnail","6":"product_cat-systemes-de-stationnement","7":"product_shipping_class-livraison-dpd","9":"first","10":"instock","11":"taxable","12":"shipping-taxable","13":"purchasable","14":"product-type-variable"},"exclude_global_add_ons":[],"addons":[],"acf":[],"yoast_head":"<!-- This site is optimized with the Yoast SEO plugin v27.2 - https:\/\/yoast.com\/product\/yoast-seo-wordpress\/ -->\n<title>Parcs \u00e0 v\u00e9los \u00e0 fourches classic - Velopa Shop<\/title>\n<meta name=\"robots\" content=\"index, follow, max-snippet:-1, max-image-preview:large, max-video-preview:-1\" \/>\n<link rel=\"canonical\" href=\"https:\/\/shop.velopa.ch\/fr\/produit\/parcs-a-velos-a-fourches\/\" \/>\n<meta property=\"og:locale\" content=\"fr_FR\" \/>\n<meta property=\"og:type\" content=\"article\" \/>\n<meta property=\"og:title\" content=\"Parcs \u00e0 v\u00e9los \u00e0 fourches classic - Velopa Shop\" \/>\n<meta property=\"og:description\" content=\"Ce support pour v\u00e9los a \u00e9volu\u00e9 au fil du temps et convient aux v\u00e9los les plus r\u00e9cents. Afin de pouvoir sans probl\u00e8mes croiser les guidons, le parc \u00e0 v\u00e9los \u00e0 fourches permet le rangement sur diff\u00e9rents niveaux. Sa forme arrondie sp\u00e9cialement con\u00e7ue s\u2019adapte \u00e0 tous les types de v\u00e9los et les maintient parfaitement.\" \/>\n<meta property=\"og:url\" content=\"https:\/\/shop.velopa.ch\/fr\/produit\/parcs-a-velos-a-fourches\/\" \/>\n<meta property=\"og:site_name\" content=\"Velopa Shop\" \/>\n<meta property=\"article:modified_time\" content=\"2019-09-17T11:16:38+00:00\" \/>\n<meta property=\"og:image\" content=\"https:\/\/shop.velopa.ch\/wp-content\/uploads\/2018\/08\/B\u00f6glist\u00e4nder-1.jpg\" \/>\n\t<meta property=\"og:image:width\" content=\"600\" \/>\n\t<meta property=\"og:image:height\" content=\"600\" \/>\n\t<meta property=\"og:image:type\" content=\"image\/jpeg\" \/>\n<meta name=\"twitter:card\" content=\"summary_large_image\" \/>\n<script type=\"application\/ld+json\" class=\"yoast-schema-graph\">{\"@context\":\"https:\/\/schema.org\",\"@graph\":[{\"@type\":\"WebPage\",\"@id\":\"https:\/\/shop.velopa.ch\/fr\/produit\/parcs-a-velos-a-fourches\/\",\"url\":\"https:\/\/shop.velopa.ch\/fr\/produit\/parcs-a-velos-a-fourches\/\",\"name\":\"Parcs \u00e0 v\u00e9los \u00e0 fourches classic - Velopa Shop\",\"isPartOf\":{\"@id\":\"https:\/\/shop.velopa.ch\/#website\"},\"primaryImageOfPage\":{\"@id\":\"https:\/\/shop.velopa.ch\/fr\/produit\/parcs-a-velos-a-fourches\/#primaryimage\"},\"image\":{\"@id\":\"https:\/\/shop.velopa.ch\/fr\/produit\/parcs-a-velos-a-fourches\/#primaryimage\"},\"thumbnailUrl\":\"https:\/\/shop.velopa.ch\/wp-content\/uploads\/2018\/08\/B\u00f6glist\u00e4nder-1.jpg\",\"datePublished\":\"2018-08-17T06:09:35+00:00\",\"dateModified\":\"2019-09-17T11:16:38+00:00\",\"breadcrumb\":{\"@id\":\"https:\/\/shop.velopa.ch\/fr\/produit\/parcs-a-velos-a-fourches\/#breadcrumb\"},\"inLanguage\":\"fr-FR\",\"potentialAction\":[{\"@type\":\"ReadAction\",\"target\":[\"https:\/\/shop.velopa.ch\/fr\/produit\/parcs-a-velos-a-fourches\/\"]}]},{\"@type\":\"ImageObject\",\"inLanguage\":\"fr-FR\",\"@id\":\"https:\/\/shop.velopa.ch\/fr\/produit\/parcs-a-velos-a-fourches\/#primaryimage\",\"url\":\"https:\/\/shop.velopa.ch\/wp-content\/uploads\/2018\/08\/B\u00f6glist\u00e4nder-1.jpg\",\"contentUrl\":\"https:\/\/shop.velopa.ch\/wp-content\/uploads\/2018\/08\/B\u00f6glist\u00e4nder-1.jpg\",\"width\":600,\"height\":600},{\"@type\":\"BreadcrumbList\",\"@id\":\"https:\/\/shop.velopa.ch\/fr\/produit\/parcs-a-velos-a-fourches\/#breadcrumb\",\"itemListElement\":[{\"@type\":\"ListItem\",\"position\":1,\"name\":\"Home\",\"item\":\"https:\/\/shop.velopa.ch\/fr\/\"},{\"@type\":\"ListItem\",\"position\":2,\"name\":\"Shop\",\"item\":\"https:\/\/shop.velopa.ch\/fr\/\"},{\"@type\":\"ListItem\",\"position\":3,\"name\":\"Parcs \u00e0 v\u00e9los \u00e0 fourches classic\"}]},{\"@type\":\"WebSite\",\"@id\":\"https:\/\/shop.velopa.ch\/#website\",\"url\":\"https:\/\/shop.velopa.ch\/\",\"name\":\"Velopa Shop\",\"description\":\"\",\"potentialAction\":[{\"@type\":\"SearchAction\",\"target\":{\"@type\":\"EntryPoint\",\"urlTemplate\":\"https:\/\/shop.velopa.ch\/?s={search_term_string}\"},\"query-input\":{\"@type\":\"PropertyValueSpecification\",\"valueRequired\":true,\"valueName\":\"search_term_string\"}}],\"inLanguage\":\"fr-FR\"}]}<\/script>\n<!-- \/ Yoast SEO plugin. -->","yoast_head_json":{"title":"Parcs \u00e0 v\u00e9los \u00e0 fourches classic - Velopa Shop","robots":{"index":"index","follow":"follow","max-snippet":"max-snippet:-1","max-image-preview":"max-image-preview:large","max-video-preview":"max-video-preview:-1"},"canonical":"https:\/\/shop.velopa.ch\/fr\/produit\/parcs-a-velos-a-fourches\/","og_locale":"fr_FR","og_type":"article","og_title":"Parcs \u00e0 v\u00e9los \u00e0 fourches classic - Velopa Shop","og_description":"Ce support pour v\u00e9los a \u00e9volu\u00e9 au fil du temps et convient aux v\u00e9los les plus r\u00e9cents. Afin de pouvoir sans probl\u00e8mes croiser les guidons, le parc \u00e0 v\u00e9los \u00e0 fourches permet le rangement sur diff\u00e9rents niveaux. Sa forme arrondie sp\u00e9cialement con\u00e7ue s\u2019adapte \u00e0 tous les types de v\u00e9los et les maintient parfaitement.","og_url":"https:\/\/shop.velopa.ch\/fr\/produit\/parcs-a-velos-a-fourches\/","og_site_name":"Velopa Shop","article_modified_time":"2019-09-17T11:16:38+00:00","og_image":[{"width":600,"height":600,"url":"https:\/\/shop.velopa.ch\/wp-content\/uploads\/2018\/08\/B\u00f6glist\u00e4nder-1.jpg","type":"image\/jpeg"}],"twitter_card":"summary_large_image","schema":{"@context":"https:\/\/schema.org","@graph":[{"@type":"WebPage","@id":"https:\/\/shop.velopa.ch\/fr\/produit\/parcs-a-velos-a-fourches\/","url":"https:\/\/shop.velopa.ch\/fr\/produit\/parcs-a-velos-a-fourches\/","name":"Parcs \u00e0 v\u00e9los \u00e0 fourches classic - Velopa Shop","isPartOf":{"@id":"https:\/\/shop.velopa.ch\/#website"},"primaryImageOfPage":{"@id":"https:\/\/shop.velopa.ch\/fr\/produit\/parcs-a-velos-a-fourches\/#primaryimage"},"image":{"@id":"https:\/\/shop.velopa.ch\/fr\/produit\/parcs-a-velos-a-fourches\/#primaryimage"},"thumbnailUrl":"https:\/\/shop.velopa.ch\/wp-content\/uploads\/2018\/08\/B\u00f6glist\u00e4nder-1.jpg","datePublished":"2018-08-17T06:09:35+00:00","dateModified":"2019-09-17T11:16:38+00:00","breadcrumb":{"@id":"https:\/\/shop.velopa.ch\/fr\/produit\/parcs-a-velos-a-fourches\/#breadcrumb"},"inLanguage":"fr-FR","potentialAction":[{"@type":"ReadAction","target":["https:\/\/shop.velopa.ch\/fr\/produit\/parcs-a-velos-a-fourches\/"]}]},{"@type":"ImageObject","inLanguage":"fr-FR","@id":"https:\/\/shop.velopa.ch\/fr\/produit\/parcs-a-velos-a-fourches\/#primaryimage","url":"https:\/\/shop.velopa.ch\/wp-content\/uploads\/2018\/08\/B\u00f6glist\u00e4nder-1.jpg","contentUrl":"https:\/\/shop.velopa.ch\/wp-content\/uploads\/2018\/08\/B\u00f6glist\u00e4nder-1.jpg","width":600,"height":600},{"@type":"BreadcrumbList","@id":"https:\/\/shop.velopa.ch\/fr\/produit\/parcs-a-velos-a-fourches\/#breadcrumb","itemListElement":[{"@type":"ListItem","position":1,"name":"Home","item":"https:\/\/shop.velopa.ch\/fr\/"},{"@type":"ListItem","position":2,"name":"Shop","item":"https:\/\/shop.velopa.ch\/fr\/"},{"@type":"ListItem","position":3,"name":"Parcs \u00e0 v\u00e9los \u00e0 fourches classic"}]},{"@type":"WebSite","@id":"https:\/\/shop.velopa.ch\/#website","url":"https:\/\/shop.velopa.ch\/","name":"Velopa Shop","description":"","potentialAction":[{"@type":"SearchAction","target":{"@type":"EntryPoint","urlTemplate":"https:\/\/shop.velopa.ch\/?s={search_term_string}"},"query-input":{"@type":"PropertyValueSpecification","valueRequired":true,"valueName":"search_term_string"}}],"inLanguage":"fr-FR"}]}},"_links":{"self":[{"href":"https:\/\/shop.velopa.ch\/fr\/wp-json\/wp\/v2\/product\/419","targetHints":{"allow":["GET"]}}],"collection":[{"href":"https:\/\/shop.velopa.ch\/fr\/wp-json\/wp\/v2\/product"}],"about":[{"href":"https:\/\/shop.velopa.ch\/fr\/wp-json\/wp\/v2\/types\/product"}],"wp:featuredmedia":[{"embeddable":true,"href":"https:\/\/shop.velopa.ch\/fr\/wp-json\/wp\/v2\/media\/2035"}],"wp:attachment":[{"href":"https:\/\/shop.velopa.ch\/fr\/wp-json\/wp\/v2\/media?parent=419"}],"wp:term":[{"taxonomy":"product_brand","embeddable":true,"href":"https:\/\/shop.velopa.ch\/fr\/wp-json\/wp\/v2\/product_brand?post=419"},{"taxonomy":"product_cat","embeddable":true,"href":"https:\/\/shop.velopa.ch\/fr\/wp-json\/wp\/v2\/product_cat?post=419"},{"taxonomy":"product_tag","embeddable":true,"href":"https:\/\/shop.velopa.ch\/fr\/wp-json\/wp\/v2\/product_tag?post=419"}],"curies":[{"name":"wp","href":"https:\/\/api.w.org\/{rel}","templated":true}]}}