{"id":583,"date":"2018-08-29T14:46:46","date_gmt":"2018-08-29T12:47:03","guid":{"rendered":"https:\/\/shop.velopa.ch\/?post_type=product&#038;p=583"},"modified":"2019-01-02T19:01:45","modified_gmt":"2019-01-02T18:01:45","slug":"quader","status":"publish","type":"product","link":"https:\/\/shop.velopa.ch\/fr\/produit\/quader\/","title":{"rendered":"Quader"},"content":{"rendered":"<p>Potelet de blocage robuste en acier galvanis\u00e9 \u00e0 chaud, carr\u00e9<br \/>\n70 x 70 mm, hauteur depuis le sol 900 mm. La douille de pied<br \/>\nest scell\u00e9e dans le b\u00e9ton et le potelet peut \u00eatre verrouill\u00e9 dans<br \/>\ncelle-ci. Un couvercle est fourni pour couvrir la douille vide.<\/p>\n<p>Disponible dans les variantes \u00e0 verrouiller suivantes<br \/>\n\u279c KABA 5000 (fermeture d\u2019urgence)<br \/>\n\u279c Pr\u00e9par\u00e9 pour un cylindre \u00e0 votre choix<\/p>\n","protected":false},"excerpt":{"rendered":"<p><strong><a href=\"https:\/\/www.velopa.ch\/wp-content\/uploads\/Produktinformation\/FR\/DB_Absperrpfosten_CNS_FR.pdf\">Datenblatt<\/a><\/strong><\/p>\n<p>Gr\u00e2ce \u00e0 ce potelet, vos voies d\u2019acc\u00e8s resteront toujours libres. Sur demande, nous installons les accessoires n\u00e9cessaires au montage des cha\u00eenes selon vos instructions.<\/p>\n","protected":false},"featured_media":602,"template":"","meta":{"_acf_changed":false,"_et_pb_use_builder":"","_et_pb_old_content":"","_et_gb_content_width":""},"product_brand":[],"product_cat":[42],"product_tag":[],"class_list":{"0":"post-583","1":"product","2":"type-product","3":"status-publish","4":"has-post-thumbnail","6":"product_cat-systemes-de-delimitation-manuels","7":"product_shipping_class-autopa-1-12-fr","9":"first","10":"instock","11":"taxable","12":"shipping-taxable","13":"purchasable","14":"product-type-variable"},"exclude_global_add_ons":[],"addons":[],"acf":[],"yoast_head":"<!-- This site is optimized with the Yoast SEO plugin v27.2 - https:\/\/yoast.com\/product\/yoast-seo-wordpress\/ -->\n<title>Quader - Velopa Shop<\/title>\n<meta name=\"robots\" content=\"index, follow, max-snippet:-1, max-image-preview:large, max-video-preview:-1\" \/>\n<link rel=\"canonical\" href=\"https:\/\/shop.velopa.ch\/fr\/produit\/quader\/\" \/>\n<meta property=\"og:locale\" content=\"fr_FR\" \/>\n<meta property=\"og:type\" content=\"article\" \/>\n<meta property=\"og:title\" content=\"Quader - Velopa Shop\" \/>\n<meta property=\"og:description\" content=\"Datenblatt  Gr\u00e2ce \u00e0 ce potelet, vos voies d\u2019acc\u00e8s resteront toujours libres. Sur demande, nous installons les accessoires n\u00e9cessaires au montage des cha\u00eenes selon vos instructions.\" \/>\n<meta property=\"og:url\" content=\"https:\/\/shop.velopa.ch\/fr\/produit\/quader\/\" \/>\n<meta property=\"og:site_name\" content=\"Velopa Shop\" \/>\n<meta property=\"article:modified_time\" content=\"2019-01-02T18:01:45+00:00\" \/>\n<meta property=\"og:image\" content=\"https:\/\/shop.velopa.ch\/wp-content\/uploads\/2018\/08\/Vorschau_Quader-1-1.jpg\" \/>\n\t<meta property=\"og:image:width\" content=\"1552\" \/>\n\t<meta property=\"og:image:height\" content=\"1536\" \/>\n\t<meta property=\"og:image:type\" content=\"image\/jpeg\" \/>\n<meta name=\"twitter:card\" content=\"summary_large_image\" \/>\n<script type=\"application\/ld+json\" class=\"yoast-schema-graph\">{\"@context\":\"https:\/\/schema.org\",\"@graph\":[{\"@type\":\"WebPage\",\"@id\":\"https:\/\/shop.velopa.ch\/fr\/produit\/quader\/\",\"url\":\"https:\/\/shop.velopa.ch\/fr\/produit\/quader\/\",\"name\":\"Quader - Velopa Shop\",\"isPartOf\":{\"@id\":\"https:\/\/shop.velopa.ch\/#website\"},\"primaryImageOfPage\":{\"@id\":\"https:\/\/shop.velopa.ch\/fr\/produit\/quader\/#primaryimage\"},\"image\":{\"@id\":\"https:\/\/shop.velopa.ch\/fr\/produit\/quader\/#primaryimage\"},\"thumbnailUrl\":\"https:\/\/shop.velopa.ch\/wp-content\/uploads\/2018\/08\/Vorschau_Quader-1-1.jpg\",\"datePublished\":\"2018-08-29T12:47:03+00:00\",\"dateModified\":\"2019-01-02T18:01:45+00:00\",\"breadcrumb\":{\"@id\":\"https:\/\/shop.velopa.ch\/fr\/produit\/quader\/#breadcrumb\"},\"inLanguage\":\"fr-FR\",\"potentialAction\":[{\"@type\":\"ReadAction\",\"target\":[\"https:\/\/shop.velopa.ch\/fr\/produit\/quader\/\"]}]},{\"@type\":\"ImageObject\",\"inLanguage\":\"fr-FR\",\"@id\":\"https:\/\/shop.velopa.ch\/fr\/produit\/quader\/#primaryimage\",\"url\":\"https:\/\/shop.velopa.ch\/wp-content\/uploads\/2018\/08\/Vorschau_Quader-1-1.jpg\",\"contentUrl\":\"https:\/\/shop.velopa.ch\/wp-content\/uploads\/2018\/08\/Vorschau_Quader-1-1.jpg\",\"width\":1552,\"height\":1536},{\"@type\":\"BreadcrumbList\",\"@id\":\"https:\/\/shop.velopa.ch\/fr\/produit\/quader\/#breadcrumb\",\"itemListElement\":[{\"@type\":\"ListItem\",\"position\":1,\"name\":\"Home\",\"item\":\"https:\/\/shop.velopa.ch\/fr\/\"},{\"@type\":\"ListItem\",\"position\":2,\"name\":\"Shop\",\"item\":\"https:\/\/shop.velopa.ch\/fr\/\"},{\"@type\":\"ListItem\",\"position\":3,\"name\":\"Quader\"}]},{\"@type\":\"WebSite\",\"@id\":\"https:\/\/shop.velopa.ch\/#website\",\"url\":\"https:\/\/shop.velopa.ch\/\",\"name\":\"Velopa Shop\",\"description\":\"\",\"potentialAction\":[{\"@type\":\"SearchAction\",\"target\":{\"@type\":\"EntryPoint\",\"urlTemplate\":\"https:\/\/shop.velopa.ch\/?s={search_term_string}\"},\"query-input\":{\"@type\":\"PropertyValueSpecification\",\"valueRequired\":true,\"valueName\":\"search_term_string\"}}],\"inLanguage\":\"fr-FR\"}]}<\/script>\n<!-- \/ Yoast SEO plugin. -->","yoast_head_json":{"title":"Quader - Velopa Shop","robots":{"index":"index","follow":"follow","max-snippet":"max-snippet:-1","max-image-preview":"max-image-preview:large","max-video-preview":"max-video-preview:-1"},"canonical":"https:\/\/shop.velopa.ch\/fr\/produit\/quader\/","og_locale":"fr_FR","og_type":"article","og_title":"Quader - Velopa Shop","og_description":"Datenblatt  Gr\u00e2ce \u00e0 ce potelet, vos voies d\u2019acc\u00e8s resteront toujours libres. Sur demande, nous installons les accessoires n\u00e9cessaires au montage des cha\u00eenes selon vos instructions.","og_url":"https:\/\/shop.velopa.ch\/fr\/produit\/quader\/","og_site_name":"Velopa Shop","article_modified_time":"2019-01-02T18:01:45+00:00","og_image":[{"width":1552,"height":1536,"url":"https:\/\/shop.velopa.ch\/wp-content\/uploads\/2018\/08\/Vorschau_Quader-1-1.jpg","type":"image\/jpeg"}],"twitter_card":"summary_large_image","schema":{"@context":"https:\/\/schema.org","@graph":[{"@type":"WebPage","@id":"https:\/\/shop.velopa.ch\/fr\/produit\/quader\/","url":"https:\/\/shop.velopa.ch\/fr\/produit\/quader\/","name":"Quader - Velopa Shop","isPartOf":{"@id":"https:\/\/shop.velopa.ch\/#website"},"primaryImageOfPage":{"@id":"https:\/\/shop.velopa.ch\/fr\/produit\/quader\/#primaryimage"},"image":{"@id":"https:\/\/shop.velopa.ch\/fr\/produit\/quader\/#primaryimage"},"thumbnailUrl":"https:\/\/shop.velopa.ch\/wp-content\/uploads\/2018\/08\/Vorschau_Quader-1-1.jpg","datePublished":"2018-08-29T12:47:03+00:00","dateModified":"2019-01-02T18:01:45+00:00","breadcrumb":{"@id":"https:\/\/shop.velopa.ch\/fr\/produit\/quader\/#breadcrumb"},"inLanguage":"fr-FR","potentialAction":[{"@type":"ReadAction","target":["https:\/\/shop.velopa.ch\/fr\/produit\/quader\/"]}]},{"@type":"ImageObject","inLanguage":"fr-FR","@id":"https:\/\/shop.velopa.ch\/fr\/produit\/quader\/#primaryimage","url":"https:\/\/shop.velopa.ch\/wp-content\/uploads\/2018\/08\/Vorschau_Quader-1-1.jpg","contentUrl":"https:\/\/shop.velopa.ch\/wp-content\/uploads\/2018\/08\/Vorschau_Quader-1-1.jpg","width":1552,"height":1536},{"@type":"BreadcrumbList","@id":"https:\/\/shop.velopa.ch\/fr\/produit\/quader\/#breadcrumb","itemListElement":[{"@type":"ListItem","position":1,"name":"Home","item":"https:\/\/shop.velopa.ch\/fr\/"},{"@type":"ListItem","position":2,"name":"Shop","item":"https:\/\/shop.velopa.ch\/fr\/"},{"@type":"ListItem","position":3,"name":"Quader"}]},{"@type":"WebSite","@id":"https:\/\/shop.velopa.ch\/#website","url":"https:\/\/shop.velopa.ch\/","name":"Velopa Shop","description":"","potentialAction":[{"@type":"SearchAction","target":{"@type":"EntryPoint","urlTemplate":"https:\/\/shop.velopa.ch\/?s={search_term_string}"},"query-input":{"@type":"PropertyValueSpecification","valueRequired":true,"valueName":"search_term_string"}}],"inLanguage":"fr-FR"}]}},"_links":{"self":[{"href":"https:\/\/shop.velopa.ch\/fr\/wp-json\/wp\/v2\/product\/583","targetHints":{"allow":["GET"]}}],"collection":[{"href":"https:\/\/shop.velopa.ch\/fr\/wp-json\/wp\/v2\/product"}],"about":[{"href":"https:\/\/shop.velopa.ch\/fr\/wp-json\/wp\/v2\/types\/product"}],"wp:featuredmedia":[{"embeddable":true,"href":"https:\/\/shop.velopa.ch\/fr\/wp-json\/wp\/v2\/media\/602"}],"wp:attachment":[{"href":"https:\/\/shop.velopa.ch\/fr\/wp-json\/wp\/v2\/media?parent=583"}],"wp:term":[{"taxonomy":"product_brand","embeddable":true,"href":"https:\/\/shop.velopa.ch\/fr\/wp-json\/wp\/v2\/product_brand?post=583"},{"taxonomy":"product_cat","embeddable":true,"href":"https:\/\/shop.velopa.ch\/fr\/wp-json\/wp\/v2\/product_cat?post=583"},{"taxonomy":"product_tag","embeddable":true,"href":"https:\/\/shop.velopa.ch\/fr\/wp-json\/wp\/v2\/product_tag?post=583"}],"curies":[{"name":"wp","href":"https:\/\/api.w.org\/{rel}","templated":true}]}}