{"id":620,"date":"2018-08-29T15:37:35","date_gmt":"2018-08-29T13:38:12","guid":{"rendered":"https:\/\/shop.velopa.ch\/?post_type=product&#038;p=620"},"modified":"2019-05-22T16:32:01","modified_gmt":"2019-05-22T14:32:01","slug":"range-velo-carrousel-pro","status":"publish","type":"product","link":"https:\/\/shop.velopa.ch\/fr\/produit\/range-velo-carrousel-pro\/","title":{"rendered":"Range-V\u00e9lo-Carrousel Pro"},"content":{"rendered":"<p>Un range-v\u00e9lo qui a du style<\/p>\n<p>Le range-v\u00e9los-Carrousel Pro de Velopa permet de stationner 12 v\u00e9los en position verticale, ce qui permet d\u2019\u00e9conomiser un maximum d\u2019espace. Ce dispositif de rangement convient m\u00eame aux espaces les plus restreints. Les 12 v\u00e9los n\u00e9cessitent un espace de rangement minime : un emplacement avec un diam\u00e8tre de 2,70 m et une hauteur de 2,10 m suffit. Les crochets de suspension \u00e0 rev\u00eatement plastifi\u00e9 permettent de manipuler les v\u00e9los stationn\u00e9s tout en prot\u00e9geant les jantes. Le range-v\u00e9los-Carrousel Pro est rotatif \u00e0 360\u00b0, un voie d\u2019acc\u00e8s unique suffit donc pour acc\u00e9der facilement \u00e0 n\u2019importe quel v\u00e9lo. Sa fonction de levage dot\u00e9e d\u2019un syst\u00e8me d\u2019amortisseurs \u00e0 gaz int\u00e9gr\u00e9 permet de ranger et de sortir les v\u00e9los de mani\u00e8re simple et rapide.<\/p>\n<p>Il suffit de tirer l\u00e9g\u00e8rement sur la selle pour que le v\u00e9lo glisse alors doucement vers le haut, idem pour le redescendre lorsqu\u2019on veut le sortir. Gr\u00e2ce aux amortisseurs \u00e0 gaz et aux roulements \u00e0 billes de haute qualit\u00e9 int\u00e9gr\u00e9s au dispositif, ce range-v\u00e9lo ne n\u00e9cessite ni entretien ni intervention sur le long terme. Le pied en croix dot\u00e9 d\u2019un syst\u00e8me de nivellement compense les asp\u00e9rit\u00e9s du sol ; un ancrage au sol n\u2019est pas n\u00e9cessaire. Tous les \u00e9l\u00e9ments en acier sont par ailleurs galvanis\u00e9s \u00e0 chaud.<\/p>\n","protected":false},"excerpt":{"rendered":"<p>Tournez man\u00e8ge\u2026 Le range-v\u00e9los-Carrousel Pro permet de stationner rapidement jusqu\u2019\u00e0 12 v\u00e9los en \u00e9conomisant l\u2019espace au maximum. Tout est dans le nom : le range-v\u00e9los-Carrousel Pro est rotatif \u00e0 360\u00b0. Sa fonction de levage dot\u00e9e d\u2019un syst\u00e8me d\u2019amortisseurs \u00e0 gaz int\u00e9gr\u00e9 permet de ranger et de sortir les v\u00e9los de mani\u00e8re simple et rapide.<\/p>\n","protected":false},"featured_media":638,"template":"","meta":{"_acf_changed":false,"_et_pb_use_builder":"","_et_pb_old_content":"","_et_gb_content_width":""},"product_brand":[],"product_cat":[43],"product_tag":[],"class_list":{"0":"post-620","1":"product","2":"type-product","3":"status-publish","4":"has-post-thumbnail","6":"product_cat-systemes-de-stationnement","8":"first","9":"instock","10":"taxable","11":"shipping-taxable","12":"product-type-variable"},"exclude_global_add_ons":[],"addons":[],"acf":[],"yoast_head":"<!-- This site is optimized with the Yoast SEO plugin v27.2 - https:\/\/yoast.com\/product\/yoast-seo-wordpress\/ -->\n<title>Range-V\u00e9lo-Carrousel Pro - Velopa Shop<\/title>\n<meta name=\"robots\" content=\"index, follow, max-snippet:-1, max-image-preview:large, max-video-preview:-1\" \/>\n<link rel=\"canonical\" href=\"https:\/\/shop.velopa.ch\/fr\/produit\/range-velo-carrousel-pro\/\" \/>\n<meta property=\"og:locale\" content=\"fr_FR\" \/>\n<meta property=\"og:type\" content=\"article\" \/>\n<meta property=\"og:title\" content=\"Range-V\u00e9lo-Carrousel Pro - Velopa Shop\" \/>\n<meta property=\"og:description\" content=\"Tournez man\u00e8ge\u2026 Le range-v\u00e9los-Carrousel Pro permet de stationner rapidement jusqu\u2019\u00e0 12 v\u00e9los en \u00e9conomisant l\u2019espace au maximum. Tout est dans le nom : le range-v\u00e9los-Carrousel Pro est rotatif \u00e0 360\u00b0. Sa fonction de levage dot\u00e9e d\u2019un syst\u00e8me d\u2019amortisseurs \u00e0 gaz int\u00e9gr\u00e9 permet de ranger et de sortir les v\u00e9los de mani\u00e8re simple et rapide.\" \/>\n<meta property=\"og:url\" content=\"https:\/\/shop.velopa.ch\/fr\/produit\/range-velo-carrousel-pro\/\" \/>\n<meta property=\"og:site_name\" content=\"Velopa Shop\" \/>\n<meta property=\"article:modified_time\" content=\"2019-05-22T14:32:01+00:00\" \/>\n<meta property=\"og:image\" content=\"https:\/\/shop.velopa.ch\/wp-content\/uploads\/2018\/08\/Karussellparker.jpg\" \/>\n\t<meta property=\"og:image:width\" content=\"1552\" \/>\n\t<meta property=\"og:image:height\" content=\"1536\" \/>\n\t<meta property=\"og:image:type\" content=\"image\/jpeg\" \/>\n<meta name=\"twitter:card\" content=\"summary_large_image\" \/>\n<meta name=\"twitter:label1\" content=\"Dur\u00e9e de lecture estim\u00e9e\" \/>\n\t<meta name=\"twitter:data1\" content=\"1 minute\" \/>\n<script type=\"application\/ld+json\" class=\"yoast-schema-graph\">{\"@context\":\"https:\/\/schema.org\",\"@graph\":[{\"@type\":\"WebPage\",\"@id\":\"https:\/\/shop.velopa.ch\/fr\/produit\/range-velo-carrousel-pro\/\",\"url\":\"https:\/\/shop.velopa.ch\/fr\/produit\/range-velo-carrousel-pro\/\",\"name\":\"Range-V\u00e9lo-Carrousel Pro - Velopa Shop\",\"isPartOf\":{\"@id\":\"https:\/\/shop.velopa.ch\/#website\"},\"primaryImageOfPage\":{\"@id\":\"https:\/\/shop.velopa.ch\/fr\/produit\/range-velo-carrousel-pro\/#primaryimage\"},\"image\":{\"@id\":\"https:\/\/shop.velopa.ch\/fr\/produit\/range-velo-carrousel-pro\/#primaryimage\"},\"thumbnailUrl\":\"https:\/\/shop.velopa.ch\/wp-content\/uploads\/2018\/08\/Karussellparker.jpg\",\"datePublished\":\"2018-08-29T13:38:12+00:00\",\"dateModified\":\"2019-05-22T14:32:01+00:00\",\"breadcrumb\":{\"@id\":\"https:\/\/shop.velopa.ch\/fr\/produit\/range-velo-carrousel-pro\/#breadcrumb\"},\"inLanguage\":\"fr-FR\",\"potentialAction\":[{\"@type\":\"ReadAction\",\"target\":[\"https:\/\/shop.velopa.ch\/fr\/produit\/range-velo-carrousel-pro\/\"]}]},{\"@type\":\"ImageObject\",\"inLanguage\":\"fr-FR\",\"@id\":\"https:\/\/shop.velopa.ch\/fr\/produit\/range-velo-carrousel-pro\/#primaryimage\",\"url\":\"https:\/\/shop.velopa.ch\/wp-content\/uploads\/2018\/08\/Karussellparker.jpg\",\"contentUrl\":\"https:\/\/shop.velopa.ch\/wp-content\/uploads\/2018\/08\/Karussellparker.jpg\",\"width\":1552,\"height\":1536},{\"@type\":\"BreadcrumbList\",\"@id\":\"https:\/\/shop.velopa.ch\/fr\/produit\/range-velo-carrousel-pro\/#breadcrumb\",\"itemListElement\":[{\"@type\":\"ListItem\",\"position\":1,\"name\":\"Home\",\"item\":\"https:\/\/shop.velopa.ch\/fr\/\"},{\"@type\":\"ListItem\",\"position\":2,\"name\":\"Shop\",\"item\":\"https:\/\/shop.velopa.ch\/fr\/\"},{\"@type\":\"ListItem\",\"position\":3,\"name\":\"Range-V\u00e9lo-Carrousel Pro\"}]},{\"@type\":\"WebSite\",\"@id\":\"https:\/\/shop.velopa.ch\/#website\",\"url\":\"https:\/\/shop.velopa.ch\/\",\"name\":\"Velopa Shop\",\"description\":\"\",\"potentialAction\":[{\"@type\":\"SearchAction\",\"target\":{\"@type\":\"EntryPoint\",\"urlTemplate\":\"https:\/\/shop.velopa.ch\/?s={search_term_string}\"},\"query-input\":{\"@type\":\"PropertyValueSpecification\",\"valueRequired\":true,\"valueName\":\"search_term_string\"}}],\"inLanguage\":\"fr-FR\"}]}<\/script>\n<!-- \/ Yoast SEO plugin. -->","yoast_head_json":{"title":"Range-V\u00e9lo-Carrousel Pro - Velopa Shop","robots":{"index":"index","follow":"follow","max-snippet":"max-snippet:-1","max-image-preview":"max-image-preview:large","max-video-preview":"max-video-preview:-1"},"canonical":"https:\/\/shop.velopa.ch\/fr\/produit\/range-velo-carrousel-pro\/","og_locale":"fr_FR","og_type":"article","og_title":"Range-V\u00e9lo-Carrousel Pro - Velopa Shop","og_description":"Tournez man\u00e8ge\u2026 Le range-v\u00e9los-Carrousel Pro permet de stationner rapidement jusqu\u2019\u00e0 12 v\u00e9los en \u00e9conomisant l\u2019espace au maximum. Tout est dans le nom : le range-v\u00e9los-Carrousel Pro est rotatif \u00e0 360\u00b0. Sa fonction de levage dot\u00e9e d\u2019un syst\u00e8me d\u2019amortisseurs \u00e0 gaz int\u00e9gr\u00e9 permet de ranger et de sortir les v\u00e9los de mani\u00e8re simple et rapide.","og_url":"https:\/\/shop.velopa.ch\/fr\/produit\/range-velo-carrousel-pro\/","og_site_name":"Velopa Shop","article_modified_time":"2019-05-22T14:32:01+00:00","og_image":[{"width":1552,"height":1536,"url":"https:\/\/shop.velopa.ch\/wp-content\/uploads\/2018\/08\/Karussellparker.jpg","type":"image\/jpeg"}],"twitter_card":"summary_large_image","twitter_misc":{"Dur\u00e9e de lecture estim\u00e9e":"1 minute"},"schema":{"@context":"https:\/\/schema.org","@graph":[{"@type":"WebPage","@id":"https:\/\/shop.velopa.ch\/fr\/produit\/range-velo-carrousel-pro\/","url":"https:\/\/shop.velopa.ch\/fr\/produit\/range-velo-carrousel-pro\/","name":"Range-V\u00e9lo-Carrousel Pro - Velopa Shop","isPartOf":{"@id":"https:\/\/shop.velopa.ch\/#website"},"primaryImageOfPage":{"@id":"https:\/\/shop.velopa.ch\/fr\/produit\/range-velo-carrousel-pro\/#primaryimage"},"image":{"@id":"https:\/\/shop.velopa.ch\/fr\/produit\/range-velo-carrousel-pro\/#primaryimage"},"thumbnailUrl":"https:\/\/shop.velopa.ch\/wp-content\/uploads\/2018\/08\/Karussellparker.jpg","datePublished":"2018-08-29T13:38:12+00:00","dateModified":"2019-05-22T14:32:01+00:00","breadcrumb":{"@id":"https:\/\/shop.velopa.ch\/fr\/produit\/range-velo-carrousel-pro\/#breadcrumb"},"inLanguage":"fr-FR","potentialAction":[{"@type":"ReadAction","target":["https:\/\/shop.velopa.ch\/fr\/produit\/range-velo-carrousel-pro\/"]}]},{"@type":"ImageObject","inLanguage":"fr-FR","@id":"https:\/\/shop.velopa.ch\/fr\/produit\/range-velo-carrousel-pro\/#primaryimage","url":"https:\/\/shop.velopa.ch\/wp-content\/uploads\/2018\/08\/Karussellparker.jpg","contentUrl":"https:\/\/shop.velopa.ch\/wp-content\/uploads\/2018\/08\/Karussellparker.jpg","width":1552,"height":1536},{"@type":"BreadcrumbList","@id":"https:\/\/shop.velopa.ch\/fr\/produit\/range-velo-carrousel-pro\/#breadcrumb","itemListElement":[{"@type":"ListItem","position":1,"name":"Home","item":"https:\/\/shop.velopa.ch\/fr\/"},{"@type":"ListItem","position":2,"name":"Shop","item":"https:\/\/shop.velopa.ch\/fr\/"},{"@type":"ListItem","position":3,"name":"Range-V\u00e9lo-Carrousel Pro"}]},{"@type":"WebSite","@id":"https:\/\/shop.velopa.ch\/#website","url":"https:\/\/shop.velopa.ch\/","name":"Velopa Shop","description":"","potentialAction":[{"@type":"SearchAction","target":{"@type":"EntryPoint","urlTemplate":"https:\/\/shop.velopa.ch\/?s={search_term_string}"},"query-input":{"@type":"PropertyValueSpecification","valueRequired":true,"valueName":"search_term_string"}}],"inLanguage":"fr-FR"}]}},"_links":{"self":[{"href":"https:\/\/shop.velopa.ch\/fr\/wp-json\/wp\/v2\/product\/620","targetHints":{"allow":["GET"]}}],"collection":[{"href":"https:\/\/shop.velopa.ch\/fr\/wp-json\/wp\/v2\/product"}],"about":[{"href":"https:\/\/shop.velopa.ch\/fr\/wp-json\/wp\/v2\/types\/product"}],"wp:featuredmedia":[{"embeddable":true,"href":"https:\/\/shop.velopa.ch\/fr\/wp-json\/wp\/v2\/media\/638"}],"wp:attachment":[{"href":"https:\/\/shop.velopa.ch\/fr\/wp-json\/wp\/v2\/media?parent=620"}],"wp:term":[{"taxonomy":"product_brand","embeddable":true,"href":"https:\/\/shop.velopa.ch\/fr\/wp-json\/wp\/v2\/product_brand?post=620"},{"taxonomy":"product_cat","embeddable":true,"href":"https:\/\/shop.velopa.ch\/fr\/wp-json\/wp\/v2\/product_cat?post=620"},{"taxonomy":"product_tag","embeddable":true,"href":"https:\/\/shop.velopa.ch\/fr\/wp-json\/wp\/v2\/product_tag?post=620"}],"curies":[{"name":"wp","href":"https:\/\/api.w.org\/{rel}","templated":true}]}}