{"id":683,"date":"2018-12-31T12:08:43","date_gmt":"2018-12-31T11:08:46","guid":{"rendered":"https:\/\/shop.velopa.ch\/?post_type=product&#038;p=683"},"modified":"2019-09-17T13:23:50","modified_gmt":"2019-09-17T11:23:50","slug":"chrochet-de-suspension","status":"publish","type":"product","link":"https:\/\/shop.velopa.ch\/fr\/produit\/chrochet-de-suspension\/","title":{"rendered":"Chrochet de suspension hook"},"content":{"rendered":"<p>Personnaliser un local \u00e0 v\u00e9los.<\/p>\n<p>Les crochets \u00e0 suspension Velopa sont particuli\u00e8rement r\u00e9sistants et offrent un r\u00e9el gain d\u2019espace lorsqu\u2019ils sont install\u00e9s en hauteur. Le dispositif est compos\u00e9 de crochets \u00e0 suspension permettant ainsi d\u2019am\u00e9nager et de personnaliser les locaux \u00e0 v\u00e9los pour optimiser au maximum l\u2019espace disponible. Les crochets de suspension Velopa conviennent \u00e0 tous les types de v\u00e9los, peu importe leur largeur de pneu. Ils sont parfaits pour un montage sous plafond.<\/p>\n<p>Le crochet court contre-coud\u00e9 est \u00e9galement id\u00e9al en cas de montage mural. Ces deux produits d\u2019une finition soign\u00e9e sont enti\u00e8rement galvanis\u00e9s pour une utilisation durable. Ce dispositif dispose de crochets recouverts d\u2019une gaine de mati\u00e8re synth\u00e9tique qui prot\u00e8ge les jantes. Les c\u00e2bles de verrouillage en option permettent d\u2019accrocher solidement le v\u00e9lo \u00e0 la structure. Gr\u00e2ce aux accroches en hauteur, les pneus ne sont pas en contact avec le sol et se d\u00e9gonflent donc moins rapidement.<\/p>\n","protected":false},"excerpt":{"rendered":"<p>Les crochets de suspension conviennent parfaitement pour ranger dans un minimum d\u2019espace tout type de v\u00e9lo. Chaque crochet \u00e0 suspension se monte individuellement, directement au plafond ou au mur; ce qui permet d\u2019optimiser l\u2019espace disponible au maximum. Les jantes et les pneus sont prot\u00e9g\u00e9s puisqu\u2019ils ne sont pas en contact avec le sol.<\/p>\n","protected":false},"featured_media":2026,"template":"","meta":{"_acf_changed":false,"_et_pb_use_builder":"off","_et_pb_old_content":"Velor\u00e4ume individuell einrichten\r\n\r\nDie Velopa Veloaufh\u00e4ngung ist \u00fcberaus belastbar und bei h\u00f6henversetzter Aufh\u00e4ngung sehr platzsparend. Aufh\u00e4ngehaken werden eingesetzt, um Velor\u00e4ume individuell einzurichten, damit die Platzverh\u00e4ltnisse optimal genutzt werden. Aufh\u00e4ngehaken von Velopa sind f\u00fcr alle Fahrradtypen und Reifenbreiten geeignet und passen hervorragend f\u00fcr die Deckenmontage.\u00a0Der kurze, gekr\u00f6pfte Aufh\u00e4ngehaken ist zudem auch ideal f\u00fcr die Wandmontage geeignet.\r\n\r\nBeide Typen sind perfekt verarbeitet und f\u00fcr den langfristigen Einsatz im Vollbad feuerverzinkt. Zur Schonung der Felgen sind die Haltevorrichtungen mit einer Kunststoffh\u00fclle ummantelt. Durch die optionale Verwendung von Sicherungskabeln kann das Rad fest an der Vorrichtung angeschlossen werden. H\u00e4ngend parkierte Velos erzeugen keinen Druck auf die Reifen, was den Luftverlust verhindert.","_et_gb_content_width":""},"product_brand":[],"product_cat":[45,43],"product_tag":[],"class_list":{"0":"post-683","1":"product","2":"type-product","3":"status-publish","4":"has-post-thumbnail","6":"product_cat-clients-prives","7":"product_cat-systemes-de-stationnement","8":"product_shipping_class-chrochet-de-suspension","10":"first","11":"instock","12":"taxable","13":"shipping-taxable","14":"purchasable","15":"product-type-variable"},"exclude_global_add_ons":[],"addons":[],"acf":[],"yoast_head":"<!-- This site is optimized with the Yoast SEO plugin v27.2 - https:\/\/yoast.com\/product\/yoast-seo-wordpress\/ -->\n<title>Chrochet de suspension hook - Velopa Shop<\/title>\n<meta name=\"robots\" content=\"index, follow, max-snippet:-1, max-image-preview:large, max-video-preview:-1\" \/>\n<link rel=\"canonical\" href=\"https:\/\/shop.velopa.ch\/produit\/aufhaengehaken\/\" \/>\n<meta property=\"og:locale\" content=\"fr_FR\" \/>\n<meta property=\"og:type\" content=\"article\" \/>\n<meta property=\"og:title\" content=\"Chrochet de suspension hook - Velopa Shop\" \/>\n<meta property=\"og:description\" content=\"Les crochets de suspension conviennent parfaitement pour ranger dans un minimum d\u2019espace tout type de v\u00e9lo. Chaque crochet \u00e0 suspension se monte individuellement, directement au plafond ou au mur; ce qui permet d\u2019optimiser l\u2019espace disponible au maximum. Les jantes et les pneus sont prot\u00e9g\u00e9s puisqu\u2019ils ne sont pas en contact avec le sol.\" \/>\n<meta property=\"og:url\" content=\"https:\/\/shop.velopa.ch\/produit\/aufhaengehaken\/\" \/>\n<meta property=\"og:site_name\" content=\"Velopa Shop\" \/>\n<meta property=\"article:modified_time\" content=\"2019-09-17T11:23:50+00:00\" \/>\n<meta property=\"og:image\" content=\"https:\/\/shop.velopa.ch\/wp-content\/uploads\/2018\/12\/Aufh\u00e4ngehaken.jpg\" \/>\n\t<meta property=\"og:image:width\" content=\"600\" \/>\n\t<meta property=\"og:image:height\" content=\"600\" \/>\n\t<meta property=\"og:image:type\" content=\"image\/jpeg\" \/>\n<meta name=\"twitter:card\" content=\"summary_large_image\" \/>\n<meta name=\"twitter:label1\" content=\"Dur\u00e9e de lecture estim\u00e9e\" \/>\n\t<meta name=\"twitter:data1\" content=\"1 minute\" \/>\n<script type=\"application\/ld+json\" class=\"yoast-schema-graph\">{\"@context\":\"https:\/\/schema.org\",\"@graph\":[{\"@type\":\"WebPage\",\"@id\":\"https:\/\/shop.velopa.ch\/produit\/aufhaengehaken\/\",\"url\":\"https:\/\/shop.velopa.ch\/produit\/aufhaengehaken\/\",\"name\":\"Chrochet de suspension hook - Velopa Shop\",\"isPartOf\":{\"@id\":\"https:\/\/shop.velopa.ch\/#website\"},\"primaryImageOfPage\":{\"@id\":\"https:\/\/shop.velopa.ch\/produit\/aufhaengehaken\/#primaryimage\"},\"image\":{\"@id\":\"https:\/\/shop.velopa.ch\/produit\/aufhaengehaken\/#primaryimage\"},\"thumbnailUrl\":\"https:\/\/shop.velopa.ch\/wp-content\/uploads\/2018\/12\/Aufh\u00e4ngehaken.jpg\",\"datePublished\":\"2018-12-31T11:08:46+00:00\",\"dateModified\":\"2019-09-17T11:23:50+00:00\",\"breadcrumb\":{\"@id\":\"https:\/\/shop.velopa.ch\/produit\/aufhaengehaken\/#breadcrumb\"},\"inLanguage\":\"fr-FR\",\"potentialAction\":[{\"@type\":\"ReadAction\",\"target\":[\"https:\/\/shop.velopa.ch\/produit\/aufhaengehaken\/\"]}]},{\"@type\":\"ImageObject\",\"inLanguage\":\"fr-FR\",\"@id\":\"https:\/\/shop.velopa.ch\/produit\/aufhaengehaken\/#primaryimage\",\"url\":\"https:\/\/shop.velopa.ch\/wp-content\/uploads\/2018\/12\/Aufh\u00e4ngehaken.jpg\",\"contentUrl\":\"https:\/\/shop.velopa.ch\/wp-content\/uploads\/2018\/12\/Aufh\u00e4ngehaken.jpg\",\"width\":600,\"height\":600},{\"@type\":\"BreadcrumbList\",\"@id\":\"https:\/\/shop.velopa.ch\/produit\/aufhaengehaken\/#breadcrumb\",\"itemListElement\":[{\"@type\":\"ListItem\",\"position\":1,\"name\":\"Home\",\"item\":\"https:\/\/shop.velopa.ch\/fr\/\"},{\"@type\":\"ListItem\",\"position\":2,\"name\":\"Shop\",\"item\":\"https:\/\/shop.velopa.ch\/fr\/\"},{\"@type\":\"ListItem\",\"position\":3,\"name\":\"Chrochet de suspension hook\"}]},{\"@type\":\"WebSite\",\"@id\":\"https:\/\/shop.velopa.ch\/#website\",\"url\":\"https:\/\/shop.velopa.ch\/\",\"name\":\"Velopa Shop\",\"description\":\"\",\"potentialAction\":[{\"@type\":\"SearchAction\",\"target\":{\"@type\":\"EntryPoint\",\"urlTemplate\":\"https:\/\/shop.velopa.ch\/?s={search_term_string}\"},\"query-input\":{\"@type\":\"PropertyValueSpecification\",\"valueRequired\":true,\"valueName\":\"search_term_string\"}}],\"inLanguage\":\"fr-FR\"}]}<\/script>\n<!-- \/ Yoast SEO plugin. -->","yoast_head_json":{"title":"Chrochet de suspension hook - Velopa Shop","robots":{"index":"index","follow":"follow","max-snippet":"max-snippet:-1","max-image-preview":"max-image-preview:large","max-video-preview":"max-video-preview:-1"},"canonical":"https:\/\/shop.velopa.ch\/produit\/aufhaengehaken\/","og_locale":"fr_FR","og_type":"article","og_title":"Chrochet de suspension hook - Velopa Shop","og_description":"Les crochets de suspension conviennent parfaitement pour ranger dans un minimum d\u2019espace tout type de v\u00e9lo. Chaque crochet \u00e0 suspension se monte individuellement, directement au plafond ou au mur; ce qui permet d\u2019optimiser l\u2019espace disponible au maximum. Les jantes et les pneus sont prot\u00e9g\u00e9s puisqu\u2019ils ne sont pas en contact avec le sol.","og_url":"https:\/\/shop.velopa.ch\/produit\/aufhaengehaken\/","og_site_name":"Velopa Shop","article_modified_time":"2019-09-17T11:23:50+00:00","og_image":[{"width":600,"height":600,"url":"https:\/\/shop.velopa.ch\/wp-content\/uploads\/2018\/12\/Aufh\u00e4ngehaken.jpg","type":"image\/jpeg"}],"twitter_card":"summary_large_image","twitter_misc":{"Dur\u00e9e de lecture estim\u00e9e":"1 minute"},"schema":{"@context":"https:\/\/schema.org","@graph":[{"@type":"WebPage","@id":"https:\/\/shop.velopa.ch\/produit\/aufhaengehaken\/","url":"https:\/\/shop.velopa.ch\/produit\/aufhaengehaken\/","name":"Chrochet de suspension hook - Velopa Shop","isPartOf":{"@id":"https:\/\/shop.velopa.ch\/#website"},"primaryImageOfPage":{"@id":"https:\/\/shop.velopa.ch\/produit\/aufhaengehaken\/#primaryimage"},"image":{"@id":"https:\/\/shop.velopa.ch\/produit\/aufhaengehaken\/#primaryimage"},"thumbnailUrl":"https:\/\/shop.velopa.ch\/wp-content\/uploads\/2018\/12\/Aufh\u00e4ngehaken.jpg","datePublished":"2018-12-31T11:08:46+00:00","dateModified":"2019-09-17T11:23:50+00:00","breadcrumb":{"@id":"https:\/\/shop.velopa.ch\/produit\/aufhaengehaken\/#breadcrumb"},"inLanguage":"fr-FR","potentialAction":[{"@type":"ReadAction","target":["https:\/\/shop.velopa.ch\/produit\/aufhaengehaken\/"]}]},{"@type":"ImageObject","inLanguage":"fr-FR","@id":"https:\/\/shop.velopa.ch\/produit\/aufhaengehaken\/#primaryimage","url":"https:\/\/shop.velopa.ch\/wp-content\/uploads\/2018\/12\/Aufh\u00e4ngehaken.jpg","contentUrl":"https:\/\/shop.velopa.ch\/wp-content\/uploads\/2018\/12\/Aufh\u00e4ngehaken.jpg","width":600,"height":600},{"@type":"BreadcrumbList","@id":"https:\/\/shop.velopa.ch\/produit\/aufhaengehaken\/#breadcrumb","itemListElement":[{"@type":"ListItem","position":1,"name":"Home","item":"https:\/\/shop.velopa.ch\/fr\/"},{"@type":"ListItem","position":2,"name":"Shop","item":"https:\/\/shop.velopa.ch\/fr\/"},{"@type":"ListItem","position":3,"name":"Chrochet de suspension hook"}]},{"@type":"WebSite","@id":"https:\/\/shop.velopa.ch\/#website","url":"https:\/\/shop.velopa.ch\/","name":"Velopa Shop","description":"","potentialAction":[{"@type":"SearchAction","target":{"@type":"EntryPoint","urlTemplate":"https:\/\/shop.velopa.ch\/?s={search_term_string}"},"query-input":{"@type":"PropertyValueSpecification","valueRequired":true,"valueName":"search_term_string"}}],"inLanguage":"fr-FR"}]}},"_links":{"self":[{"href":"https:\/\/shop.velopa.ch\/fr\/wp-json\/wp\/v2\/product\/683","targetHints":{"allow":["GET"]}}],"collection":[{"href":"https:\/\/shop.velopa.ch\/fr\/wp-json\/wp\/v2\/product"}],"about":[{"href":"https:\/\/shop.velopa.ch\/fr\/wp-json\/wp\/v2\/types\/product"}],"wp:featuredmedia":[{"embeddable":true,"href":"https:\/\/shop.velopa.ch\/fr\/wp-json\/wp\/v2\/media\/2026"}],"wp:attachment":[{"href":"https:\/\/shop.velopa.ch\/fr\/wp-json\/wp\/v2\/media?parent=683"}],"wp:term":[{"taxonomy":"product_brand","embeddable":true,"href":"https:\/\/shop.velopa.ch\/fr\/wp-json\/wp\/v2\/product_brand?post=683"},{"taxonomy":"product_cat","embeddable":true,"href":"https:\/\/shop.velopa.ch\/fr\/wp-json\/wp\/v2\/product_cat?post=683"},{"taxonomy":"product_tag","embeddable":true,"href":"https:\/\/shop.velopa.ch\/fr\/wp-json\/wp\/v2\/product_tag?post=683"}],"curies":[{"name":"wp","href":"https:\/\/api.w.org\/{rel}","templated":true}]}}