{"id":74,"date":"2018-03-29T13:29:30","date_gmt":"2018-04-03T09:01:08","guid":{"rendered":"https:\/\/shop.velopa.ch\/?post_type=product&#038;p=74"},"modified":"2023-06-20T06:46:05","modified_gmt":"2023-06-20T06:46:05","slug":"etriers-dappui-trapezio","status":"publish","type":"product","link":"https:\/\/shop.velopa.ch\/fr\/produit\/etriers-dappui-trapezio\/","title":{"rendered":"\u00c9triers d\u2019appui Trapezio"},"content":{"rendered":"<p>\u00c9triers d\u2019appui Trapezio: un design styl\u00e9<\/p>\n<p>Les \u00e9triers d\u2019appui Trapezio permettent d\u2019optimiser l\u2019espace disponible et offrent un emplacement s\u00e9curitaire pour garer tous les types de v\u00e9los gr\u00e2ce \u00e0 leur structure durable et solide. Les v\u00e9los prennent appui contre les \u00e9triers, ce qui leur \u00e9vite d\u2019\u00eatre ab\u00eem\u00e9s par une chute \u00e9ventuelle.<\/p>\n<p>Le design cubique et intemporel de ces \u00e9triers donnera une impression de calme et d\u2019harmonie dans les espaces ext\u00e9rieurs, m\u00eame dans des lieux aux exigences esth\u00e9tiques \u00e9lev\u00e9es.<\/p>\n","protected":false},"excerpt":{"rendered":"<p>Ces \u00e9triers d\u2019appui Trapezio, permettent de stationner et d\u2019accrocher tous les types de v\u00e9los de mani\u00e8re s\u00e9curis\u00e9e dans la rue et sur les places.<\/p>\n","protected":false},"featured_media":29695,"template":"","meta":{"_acf_changed":false,"_et_pb_use_builder":"","_et_pb_old_content":"","_et_gb_content_width":""},"product_brand":[],"product_cat":[41],"product_tag":[],"class_list":{"0":"post-74","1":"product","2":"type-product","3":"status-publish","4":"has-post-thumbnail","6":"product_cat-etriers-dappui","7":"product_shipping_class-versand-per-lkw-fr","9":"first","10":"instock","11":"taxable","12":"shipping-taxable","13":"purchasable","14":"product-type-variable","15":"has-default-attributes"},"exclude_global_add_ons":[],"addons":[],"acf":[],"yoast_head":"<!-- This site is optimized with the Yoast SEO plugin v27.2 - https:\/\/yoast.com\/product\/yoast-seo-wordpress\/ -->\n<title>\u00c9triers d\u2019appui Trapezio - Velopa Shop<\/title>\n<meta name=\"robots\" content=\"index, follow, max-snippet:-1, max-image-preview:large, max-video-preview:-1\" \/>\n<link rel=\"canonical\" href=\"https:\/\/shop.velopa.ch\/fr\/produit\/etriers-dappui-trapezio\/\" \/>\n<meta property=\"og:locale\" content=\"fr_FR\" \/>\n<meta property=\"og:type\" content=\"article\" \/>\n<meta property=\"og:title\" content=\"\u00c9triers d\u2019appui Trapezio - Velopa Shop\" \/>\n<meta property=\"og:description\" content=\"Ces \u00e9triers d\u2019appui Trapezio, permettent de stationner et d\u2019accrocher tous les types de v\u00e9los de mani\u00e8re s\u00e9curis\u00e9e dans la rue et sur les places.\" \/>\n<meta property=\"og:url\" content=\"https:\/\/shop.velopa.ch\/fr\/produit\/etriers-dappui-trapezio\/\" \/>\n<meta property=\"og:site_name\" content=\"Velopa Shop\" \/>\n<meta property=\"article:modified_time\" content=\"2023-06-20T06:46:05+00:00\" \/>\n<meta property=\"og:image\" content=\"https:\/\/shop.velopa.ch\/wp-content\/uploads\/2018\/03\/Vorschau_Trapezio.jpg\" \/>\n\t<meta property=\"og:image:width\" content=\"494\" \/>\n\t<meta property=\"og:image:height\" content=\"470\" \/>\n\t<meta property=\"og:image:type\" content=\"image\/jpeg\" \/>\n<meta name=\"twitter:card\" content=\"summary_large_image\" \/>\n<meta name=\"twitter:label1\" content=\"Dur\u00e9e de lecture estim\u00e9e\" \/>\n\t<meta name=\"twitter:data1\" content=\"1 minute\" \/>\n<script type=\"application\/ld+json\" class=\"yoast-schema-graph\">{\"@context\":\"https:\/\/schema.org\",\"@graph\":[{\"@type\":\"WebPage\",\"@id\":\"https:\/\/shop.velopa.ch\/fr\/produit\/etriers-dappui-trapezio\/\",\"url\":\"https:\/\/shop.velopa.ch\/fr\/produit\/etriers-dappui-trapezio\/\",\"name\":\"\u00c9triers d\u2019appui Trapezio - Velopa Shop\",\"isPartOf\":{\"@id\":\"https:\/\/shop.velopa.ch\/#website\"},\"primaryImageOfPage\":{\"@id\":\"https:\/\/shop.velopa.ch\/fr\/produit\/etriers-dappui-trapezio\/#primaryimage\"},\"image\":{\"@id\":\"https:\/\/shop.velopa.ch\/fr\/produit\/etriers-dappui-trapezio\/#primaryimage\"},\"thumbnailUrl\":\"https:\/\/shop.velopa.ch\/wp-content\/uploads\/2018\/03\/Vorschau_Trapezio.jpg\",\"datePublished\":\"2018-04-03T09:01:08+00:00\",\"dateModified\":\"2023-06-20T06:46:05+00:00\",\"breadcrumb\":{\"@id\":\"https:\/\/shop.velopa.ch\/fr\/produit\/etriers-dappui-trapezio\/#breadcrumb\"},\"inLanguage\":\"fr-FR\",\"potentialAction\":[{\"@type\":\"ReadAction\",\"target\":[\"https:\/\/shop.velopa.ch\/fr\/produit\/etriers-dappui-trapezio\/\"]}]},{\"@type\":\"ImageObject\",\"inLanguage\":\"fr-FR\",\"@id\":\"https:\/\/shop.velopa.ch\/fr\/produit\/etriers-dappui-trapezio\/#primaryimage\",\"url\":\"https:\/\/shop.velopa.ch\/wp-content\/uploads\/2018\/03\/Vorschau_Trapezio.jpg\",\"contentUrl\":\"https:\/\/shop.velopa.ch\/wp-content\/uploads\/2018\/03\/Vorschau_Trapezio.jpg\",\"width\":494,\"height\":470},{\"@type\":\"BreadcrumbList\",\"@id\":\"https:\/\/shop.velopa.ch\/fr\/produit\/etriers-dappui-trapezio\/#breadcrumb\",\"itemListElement\":[{\"@type\":\"ListItem\",\"position\":1,\"name\":\"Home\",\"item\":\"https:\/\/shop.velopa.ch\/fr\/\"},{\"@type\":\"ListItem\",\"position\":2,\"name\":\"Shop\",\"item\":\"https:\/\/shop.velopa.ch\/fr\/\"},{\"@type\":\"ListItem\",\"position\":3,\"name\":\"\u00c9triers d\u2019appui Trapezio\"}]},{\"@type\":\"WebSite\",\"@id\":\"https:\/\/shop.velopa.ch\/#website\",\"url\":\"https:\/\/shop.velopa.ch\/\",\"name\":\"Velopa Shop\",\"description\":\"\",\"potentialAction\":[{\"@type\":\"SearchAction\",\"target\":{\"@type\":\"EntryPoint\",\"urlTemplate\":\"https:\/\/shop.velopa.ch\/?s={search_term_string}\"},\"query-input\":{\"@type\":\"PropertyValueSpecification\",\"valueRequired\":true,\"valueName\":\"search_term_string\"}}],\"inLanguage\":\"fr-FR\"}]}<\/script>\n<!-- \/ Yoast SEO plugin. -->","yoast_head_json":{"title":"\u00c9triers d\u2019appui Trapezio - Velopa Shop","robots":{"index":"index","follow":"follow","max-snippet":"max-snippet:-1","max-image-preview":"max-image-preview:large","max-video-preview":"max-video-preview:-1"},"canonical":"https:\/\/shop.velopa.ch\/fr\/produit\/etriers-dappui-trapezio\/","og_locale":"fr_FR","og_type":"article","og_title":"\u00c9triers d\u2019appui Trapezio - Velopa Shop","og_description":"Ces \u00e9triers d\u2019appui Trapezio, permettent de stationner et d\u2019accrocher tous les types de v\u00e9los de mani\u00e8re s\u00e9curis\u00e9e dans la rue et sur les places.","og_url":"https:\/\/shop.velopa.ch\/fr\/produit\/etriers-dappui-trapezio\/","og_site_name":"Velopa Shop","article_modified_time":"2023-06-20T06:46:05+00:00","og_image":[{"width":494,"height":470,"url":"https:\/\/shop.velopa.ch\/wp-content\/uploads\/2018\/03\/Vorschau_Trapezio.jpg","type":"image\/jpeg"}],"twitter_card":"summary_large_image","twitter_misc":{"Dur\u00e9e de lecture estim\u00e9e":"1 minute"},"schema":{"@context":"https:\/\/schema.org","@graph":[{"@type":"WebPage","@id":"https:\/\/shop.velopa.ch\/fr\/produit\/etriers-dappui-trapezio\/","url":"https:\/\/shop.velopa.ch\/fr\/produit\/etriers-dappui-trapezio\/","name":"\u00c9triers d\u2019appui Trapezio - Velopa Shop","isPartOf":{"@id":"https:\/\/shop.velopa.ch\/#website"},"primaryImageOfPage":{"@id":"https:\/\/shop.velopa.ch\/fr\/produit\/etriers-dappui-trapezio\/#primaryimage"},"image":{"@id":"https:\/\/shop.velopa.ch\/fr\/produit\/etriers-dappui-trapezio\/#primaryimage"},"thumbnailUrl":"https:\/\/shop.velopa.ch\/wp-content\/uploads\/2018\/03\/Vorschau_Trapezio.jpg","datePublished":"2018-04-03T09:01:08+00:00","dateModified":"2023-06-20T06:46:05+00:00","breadcrumb":{"@id":"https:\/\/shop.velopa.ch\/fr\/produit\/etriers-dappui-trapezio\/#breadcrumb"},"inLanguage":"fr-FR","potentialAction":[{"@type":"ReadAction","target":["https:\/\/shop.velopa.ch\/fr\/produit\/etriers-dappui-trapezio\/"]}]},{"@type":"ImageObject","inLanguage":"fr-FR","@id":"https:\/\/shop.velopa.ch\/fr\/produit\/etriers-dappui-trapezio\/#primaryimage","url":"https:\/\/shop.velopa.ch\/wp-content\/uploads\/2018\/03\/Vorschau_Trapezio.jpg","contentUrl":"https:\/\/shop.velopa.ch\/wp-content\/uploads\/2018\/03\/Vorschau_Trapezio.jpg","width":494,"height":470},{"@type":"BreadcrumbList","@id":"https:\/\/shop.velopa.ch\/fr\/produit\/etriers-dappui-trapezio\/#breadcrumb","itemListElement":[{"@type":"ListItem","position":1,"name":"Home","item":"https:\/\/shop.velopa.ch\/fr\/"},{"@type":"ListItem","position":2,"name":"Shop","item":"https:\/\/shop.velopa.ch\/fr\/"},{"@type":"ListItem","position":3,"name":"\u00c9triers d\u2019appui Trapezio"}]},{"@type":"WebSite","@id":"https:\/\/shop.velopa.ch\/#website","url":"https:\/\/shop.velopa.ch\/","name":"Velopa Shop","description":"","potentialAction":[{"@type":"SearchAction","target":{"@type":"EntryPoint","urlTemplate":"https:\/\/shop.velopa.ch\/?s={search_term_string}"},"query-input":{"@type":"PropertyValueSpecification","valueRequired":true,"valueName":"search_term_string"}}],"inLanguage":"fr-FR"}]}},"_links":{"self":[{"href":"https:\/\/shop.velopa.ch\/fr\/wp-json\/wp\/v2\/product\/74","targetHints":{"allow":["GET"]}}],"collection":[{"href":"https:\/\/shop.velopa.ch\/fr\/wp-json\/wp\/v2\/product"}],"about":[{"href":"https:\/\/shop.velopa.ch\/fr\/wp-json\/wp\/v2\/types\/product"}],"wp:featuredmedia":[{"embeddable":true,"href":"https:\/\/shop.velopa.ch\/fr\/wp-json\/wp\/v2\/media\/29695"}],"wp:attachment":[{"href":"https:\/\/shop.velopa.ch\/fr\/wp-json\/wp\/v2\/media?parent=74"}],"wp:term":[{"taxonomy":"product_brand","embeddable":true,"href":"https:\/\/shop.velopa.ch\/fr\/wp-json\/wp\/v2\/product_brand?post=74"},{"taxonomy":"product_cat","embeddable":true,"href":"https:\/\/shop.velopa.ch\/fr\/wp-json\/wp\/v2\/product_cat?post=74"},{"taxonomy":"product_tag","embeddable":true,"href":"https:\/\/shop.velopa.ch\/fr\/wp-json\/wp\/v2\/product_tag?post=74"}],"curies":[{"name":"wp","href":"https:\/\/api.w.org\/{rel}","templated":true}]}}