{"id":792,"date":"2018-12-31T14:36:11","date_gmt":"2018-12-31T13:36:18","guid":{"rendered":"https:\/\/shop.velopa.ch\/?post_type=product&#038;p=792"},"modified":"2019-09-17T13:18:27","modified_gmt":"2019-09-17T11:18:27","slug":"pinces-a-velos","status":"publish","type":"product","link":"https:\/\/shop.velopa.ch\/fr\/produit\/pinces-a-velos\/","title":{"rendered":"Pinces \u00e0 v\u00e9los clip"},"content":{"rendered":"<p>Une utilisation optimale de l\u2019espace<\/p>\n<p>Gr\u00e2ce \u00e0 ces pinces \u00e0 v\u00e9lo d\u2019excellente qualit\u00e9, vous pourrez am\u00e9nager votre espace de rangement de mani\u00e8re personnalis\u00e9e en vous adaptant facilement aux sp\u00e9cificit\u00e9s du lieu. Choisissez l\u2019angle de rentr\u00e9e des pinces le mieux adapt\u00e9 pour une utilisation optimale de l\u2019espace : vous pourrez ainsi entreposer un maximum de v\u00e9los dans votre local. Les pinces \u00e0 v\u00e9lo d\u2019excellente qualit\u00e9 sont disponibles en 2 versions : la version KD pour un acc\u00e8s direct et la version KX par fixation du pneu avant.<\/p>\n<p>Le mod\u00e8le KX dispose par ailleurs d\u2019un rail de guidage de la roue muni d\u2019un \u00e9trier de blocage soud\u00e9. Une housse de protection synth\u00e9tique permet \u00e9galement de prot\u00e9ger les jantes et les rayons. Les pinces \u00e0 v\u00e9lo Velopa s\u2019adaptent \u00e0 tous les types de v\u00e9los et peuvent \u00e9galement \u00eatre mont\u00e9es sur un mur existant, en position basse ou altern\u00e9e haut\/bas. Ce dispositif en acier solide dispose de 2 colliers de fixation galvanis\u00e9s \u00e0 chaud. Les pinces peuvent \u00eatre install\u00e9es en int\u00e9rieur comme en ext\u00e9rieur.<\/p>\n","protected":false},"excerpt":{"rendered":"<p>Mur de maison, local \u00e0 v\u00e9los, mur mitoyen : les pinces \u00e0 v\u00e9lo Velopa peuvent \u00eatre install\u00e9es n\u2019importe o\u00f9. \u00c0 vous de choisir l\u2019angle de rentr\u00e9e des pinces et d\u2019opter \u00e9ventuellement pour un montage en position altern\u00e9e haut\/bas. Le but \u00e9tant toujours le m\u00eame : utiliser l\u2019espace disponible de mani\u00e8re optimale ! Ces pinces conviennent \u00e0 tous les types de v\u00e9los en int\u00e9rieur comme en ext\u00e9rieur.<\/p>\n","protected":false},"featured_media":2050,"template":"","meta":{"_acf_changed":false,"_et_pb_use_builder":"","_et_pb_old_content":"","_et_gb_content_width":""},"product_brand":[],"product_cat":[43],"product_tag":[],"class_list":{"0":"post-792","1":"product","2":"type-product","3":"status-publish","4":"has-post-thumbnail","6":"product_cat-systemes-de-stationnement","8":"first","9":"instock","10":"taxable","11":"shipping-taxable","12":"purchasable","13":"product-type-variable","14":"has-default-attributes"},"exclude_global_add_ons":[],"addons":[],"acf":[],"yoast_head":"<!-- This site is optimized with the Yoast SEO plugin v27.2 - https:\/\/yoast.com\/product\/yoast-seo-wordpress\/ -->\n<title>Pinces \u00e0 v\u00e9los clip - Velopa Shop<\/title>\n<meta name=\"robots\" content=\"index, follow, max-snippet:-1, max-image-preview:large, max-video-preview:-1\" \/>\n<link rel=\"canonical\" href=\"https:\/\/shop.velopa.ch\/fr\/produit\/pinces-a-velos\/\" \/>\n<meta property=\"og:locale\" content=\"fr_FR\" \/>\n<meta property=\"og:type\" content=\"article\" \/>\n<meta property=\"og:title\" content=\"Pinces \u00e0 v\u00e9los clip - Velopa Shop\" \/>\n<meta property=\"og:description\" content=\"Mur de maison, local \u00e0 v\u00e9los, mur mitoyen : les pinces \u00e0 v\u00e9lo Velopa peuvent \u00eatre install\u00e9es n\u2019importe o\u00f9. \u00c0 vous de choisir l\u2019angle de rentr\u00e9e des pinces et d\u2019opter \u00e9ventuellement pour un montage en position altern\u00e9e haut\/bas. Le but \u00e9tant toujours le m\u00eame : utiliser l\u2019espace disponible de mani\u00e8re optimale ! Ces pinces conviennent \u00e0 tous les types de v\u00e9los en int\u00e9rieur comme en ext\u00e9rieur.\" \/>\n<meta property=\"og:url\" content=\"https:\/\/shop.velopa.ch\/fr\/produit\/pinces-a-velos\/\" \/>\n<meta property=\"og:site_name\" content=\"Velopa Shop\" \/>\n<meta property=\"article:modified_time\" content=\"2019-09-17T11:18:27+00:00\" \/>\n<meta property=\"og:image\" content=\"https:\/\/shop.velopa.ch\/wp-content\/uploads\/2018\/12\/Halteklammern.jpg\" \/>\n\t<meta property=\"og:image:width\" content=\"600\" \/>\n\t<meta property=\"og:image:height\" content=\"600\" \/>\n\t<meta property=\"og:image:type\" content=\"image\/jpeg\" \/>\n<meta name=\"twitter:card\" content=\"summary_large_image\" \/>\n<meta name=\"twitter:label1\" content=\"Dur\u00e9e de lecture estim\u00e9e\" \/>\n\t<meta name=\"twitter:data1\" content=\"1 minute\" \/>\n<script type=\"application\/ld+json\" class=\"yoast-schema-graph\">{\"@context\":\"https:\/\/schema.org\",\"@graph\":[{\"@type\":\"WebPage\",\"@id\":\"https:\/\/shop.velopa.ch\/fr\/produit\/pinces-a-velos\/\",\"url\":\"https:\/\/shop.velopa.ch\/fr\/produit\/pinces-a-velos\/\",\"name\":\"Pinces \u00e0 v\u00e9los clip - Velopa Shop\",\"isPartOf\":{\"@id\":\"https:\/\/shop.velopa.ch\/#website\"},\"primaryImageOfPage\":{\"@id\":\"https:\/\/shop.velopa.ch\/fr\/produit\/pinces-a-velos\/#primaryimage\"},\"image\":{\"@id\":\"https:\/\/shop.velopa.ch\/fr\/produit\/pinces-a-velos\/#primaryimage\"},\"thumbnailUrl\":\"https:\/\/shop.velopa.ch\/wp-content\/uploads\/2018\/12\/Halteklammern.jpg\",\"datePublished\":\"2018-12-31T13:36:18+00:00\",\"dateModified\":\"2019-09-17T11:18:27+00:00\",\"breadcrumb\":{\"@id\":\"https:\/\/shop.velopa.ch\/fr\/produit\/pinces-a-velos\/#breadcrumb\"},\"inLanguage\":\"fr-FR\",\"potentialAction\":[{\"@type\":\"ReadAction\",\"target\":[\"https:\/\/shop.velopa.ch\/fr\/produit\/pinces-a-velos\/\"]}]},{\"@type\":\"ImageObject\",\"inLanguage\":\"fr-FR\",\"@id\":\"https:\/\/shop.velopa.ch\/fr\/produit\/pinces-a-velos\/#primaryimage\",\"url\":\"https:\/\/shop.velopa.ch\/wp-content\/uploads\/2018\/12\/Halteklammern.jpg\",\"contentUrl\":\"https:\/\/shop.velopa.ch\/wp-content\/uploads\/2018\/12\/Halteklammern.jpg\",\"width\":600,\"height\":600},{\"@type\":\"BreadcrumbList\",\"@id\":\"https:\/\/shop.velopa.ch\/fr\/produit\/pinces-a-velos\/#breadcrumb\",\"itemListElement\":[{\"@type\":\"ListItem\",\"position\":1,\"name\":\"Home\",\"item\":\"https:\/\/shop.velopa.ch\/fr\/\"},{\"@type\":\"ListItem\",\"position\":2,\"name\":\"Shop\",\"item\":\"https:\/\/shop.velopa.ch\/fr\/\"},{\"@type\":\"ListItem\",\"position\":3,\"name\":\"Pinces \u00e0 v\u00e9los clip\"}]},{\"@type\":\"WebSite\",\"@id\":\"https:\/\/shop.velopa.ch\/#website\",\"url\":\"https:\/\/shop.velopa.ch\/\",\"name\":\"Velopa Shop\",\"description\":\"\",\"potentialAction\":[{\"@type\":\"SearchAction\",\"target\":{\"@type\":\"EntryPoint\",\"urlTemplate\":\"https:\/\/shop.velopa.ch\/?s={search_term_string}\"},\"query-input\":{\"@type\":\"PropertyValueSpecification\",\"valueRequired\":true,\"valueName\":\"search_term_string\"}}],\"inLanguage\":\"fr-FR\"}]}<\/script>\n<!-- \/ Yoast SEO plugin. -->","yoast_head_json":{"title":"Pinces \u00e0 v\u00e9los clip - Velopa Shop","robots":{"index":"index","follow":"follow","max-snippet":"max-snippet:-1","max-image-preview":"max-image-preview:large","max-video-preview":"max-video-preview:-1"},"canonical":"https:\/\/shop.velopa.ch\/fr\/produit\/pinces-a-velos\/","og_locale":"fr_FR","og_type":"article","og_title":"Pinces \u00e0 v\u00e9los clip - Velopa Shop","og_description":"Mur de maison, local \u00e0 v\u00e9los, mur mitoyen : les pinces \u00e0 v\u00e9lo Velopa peuvent \u00eatre install\u00e9es n\u2019importe o\u00f9. \u00c0 vous de choisir l\u2019angle de rentr\u00e9e des pinces et d\u2019opter \u00e9ventuellement pour un montage en position altern\u00e9e haut\/bas. Le but \u00e9tant toujours le m\u00eame : utiliser l\u2019espace disponible de mani\u00e8re optimale ! Ces pinces conviennent \u00e0 tous les types de v\u00e9los en int\u00e9rieur comme en ext\u00e9rieur.","og_url":"https:\/\/shop.velopa.ch\/fr\/produit\/pinces-a-velos\/","og_site_name":"Velopa Shop","article_modified_time":"2019-09-17T11:18:27+00:00","og_image":[{"width":600,"height":600,"url":"https:\/\/shop.velopa.ch\/wp-content\/uploads\/2018\/12\/Halteklammern.jpg","type":"image\/jpeg"}],"twitter_card":"summary_large_image","twitter_misc":{"Dur\u00e9e de lecture estim\u00e9e":"1 minute"},"schema":{"@context":"https:\/\/schema.org","@graph":[{"@type":"WebPage","@id":"https:\/\/shop.velopa.ch\/fr\/produit\/pinces-a-velos\/","url":"https:\/\/shop.velopa.ch\/fr\/produit\/pinces-a-velos\/","name":"Pinces \u00e0 v\u00e9los clip - Velopa Shop","isPartOf":{"@id":"https:\/\/shop.velopa.ch\/#website"},"primaryImageOfPage":{"@id":"https:\/\/shop.velopa.ch\/fr\/produit\/pinces-a-velos\/#primaryimage"},"image":{"@id":"https:\/\/shop.velopa.ch\/fr\/produit\/pinces-a-velos\/#primaryimage"},"thumbnailUrl":"https:\/\/shop.velopa.ch\/wp-content\/uploads\/2018\/12\/Halteklammern.jpg","datePublished":"2018-12-31T13:36:18+00:00","dateModified":"2019-09-17T11:18:27+00:00","breadcrumb":{"@id":"https:\/\/shop.velopa.ch\/fr\/produit\/pinces-a-velos\/#breadcrumb"},"inLanguage":"fr-FR","potentialAction":[{"@type":"ReadAction","target":["https:\/\/shop.velopa.ch\/fr\/produit\/pinces-a-velos\/"]}]},{"@type":"ImageObject","inLanguage":"fr-FR","@id":"https:\/\/shop.velopa.ch\/fr\/produit\/pinces-a-velos\/#primaryimage","url":"https:\/\/shop.velopa.ch\/wp-content\/uploads\/2018\/12\/Halteklammern.jpg","contentUrl":"https:\/\/shop.velopa.ch\/wp-content\/uploads\/2018\/12\/Halteklammern.jpg","width":600,"height":600},{"@type":"BreadcrumbList","@id":"https:\/\/shop.velopa.ch\/fr\/produit\/pinces-a-velos\/#breadcrumb","itemListElement":[{"@type":"ListItem","position":1,"name":"Home","item":"https:\/\/shop.velopa.ch\/fr\/"},{"@type":"ListItem","position":2,"name":"Shop","item":"https:\/\/shop.velopa.ch\/fr\/"},{"@type":"ListItem","position":3,"name":"Pinces \u00e0 v\u00e9los clip"}]},{"@type":"WebSite","@id":"https:\/\/shop.velopa.ch\/#website","url":"https:\/\/shop.velopa.ch\/","name":"Velopa Shop","description":"","potentialAction":[{"@type":"SearchAction","target":{"@type":"EntryPoint","urlTemplate":"https:\/\/shop.velopa.ch\/?s={search_term_string}"},"query-input":{"@type":"PropertyValueSpecification","valueRequired":true,"valueName":"search_term_string"}}],"inLanguage":"fr-FR"}]}},"_links":{"self":[{"href":"https:\/\/shop.velopa.ch\/fr\/wp-json\/wp\/v2\/product\/792","targetHints":{"allow":["GET"]}}],"collection":[{"href":"https:\/\/shop.velopa.ch\/fr\/wp-json\/wp\/v2\/product"}],"about":[{"href":"https:\/\/shop.velopa.ch\/fr\/wp-json\/wp\/v2\/types\/product"}],"wp:featuredmedia":[{"embeddable":true,"href":"https:\/\/shop.velopa.ch\/fr\/wp-json\/wp\/v2\/media\/2050"}],"wp:attachment":[{"href":"https:\/\/shop.velopa.ch\/fr\/wp-json\/wp\/v2\/media?parent=792"}],"wp:term":[{"taxonomy":"product_brand","embeddable":true,"href":"https:\/\/shop.velopa.ch\/fr\/wp-json\/wp\/v2\/product_brand?post=792"},{"taxonomy":"product_cat","embeddable":true,"href":"https:\/\/shop.velopa.ch\/fr\/wp-json\/wp\/v2\/product_cat?post=792"},{"taxonomy":"product_tag","embeddable":true,"href":"https:\/\/shop.velopa.ch\/fr\/wp-json\/wp\/v2\/product_tag?post=792"}],"curies":[{"name":"wp","href":"https:\/\/api.w.org\/{rel}","templated":true}]}}