{"id":852,"date":"2018-12-31T15:34:38","date_gmt":"2018-12-31T14:34:38","guid":{"rendered":"https:\/\/shop.velopa.ch\/product\/traverses-tubulaires\/"},"modified":"2019-09-17T13:28:46","modified_gmt":"2019-09-17T11:28:46","slug":"traverses-tubulaires","status":"publish","type":"product","link":"https:\/\/shop.velopa.ch\/fr\/produit\/traverses-tubulaires\/","title":{"rendered":"Traversa"},"content":{"rendered":"<p>Traverses tubulaires, stationnement optimal<\/p>\n<p>Ce support \u00e0 v\u00e9los peut \u00eatre adapt\u00e9 \u00e0 une utilisation unilat\u00e9rale ou bilat\u00e9rale. Les traverses tubulaires \u00e9prouv\u00e9es, au d\u00e9part utilis\u00e9es dans les caves et les garages, conviennent \u00e9galement \u00e0 merveille aux abris et aux espaces d\u00e9gag\u00e9s. Le support offre un entretien facile et permet d\u2019\u00e9conomiser l\u2019espace disponible au maximum. Ces pinces de grande qualit\u00e9 sont solidement soud\u00e9es \u00e0 la traverse tubulaire.<\/p>\n<p>Les pinces KD offrent un acc\u00e8s direct tandis que les pinces KX permettent d\u2019accrocher la roue avant. Le mod\u00e8le dispose \u00e9galement d\u2019un guide-roues avec \u00e9trier en acier galvanis\u00e9. Un rev\u00eatement plastique permet de prot\u00e9ger les jantes et les rayons. Les traverses tubulaires Velopa peuvent \u00eatre \u00e9quip\u00e9es des pinces KD et KX ou uniquement du mod\u00e8le KS au choix.<\/p>\n","protected":false},"excerpt":{"rendered":"<p>Les pinces \u00e0 v\u00e9los KD et KX de ce support \u00e0 v\u00e9los sont solidement soud\u00e9es \u00e0 la traverse tubulaire. Compar\u00e9 aux pinces \u00e0 v\u00e9los individuelles, le montage ici est plus rapide et efficace. Le mod\u00e8le de base comporte des plaques de montage soud\u00e9es destin\u00e9es au montage mural<\/p>\n","protected":false},"featured_media":2192,"template":"","meta":{"_acf_changed":false,"_et_pb_use_builder":"","_et_pb_old_content":"","_et_gb_content_width":""},"product_brand":[],"product_cat":[43],"product_tag":[],"class_list":{"0":"post-852","1":"product","2":"type-product","3":"status-publish","4":"has-post-thumbnail","6":"product_cat-systemes-de-stationnement","8":"first","9":"instock","10":"taxable","11":"shipping-taxable","12":"purchasable","13":"product-type-variable"},"exclude_global_add_ons":[],"addons":[],"acf":[],"yoast_head":"<!-- This site is optimized with the Yoast SEO plugin v27.2 - https:\/\/yoast.com\/product\/yoast-seo-wordpress\/ -->\n<title>Traversa - Velopa Shop<\/title>\n<meta name=\"robots\" content=\"index, follow, max-snippet:-1, max-image-preview:large, max-video-preview:-1\" \/>\n<link rel=\"canonical\" href=\"https:\/\/shop.velopa.ch\/fr\/produit\/traverses-tubulaires\/\" \/>\n<meta property=\"og:locale\" content=\"fr_FR\" \/>\n<meta property=\"og:type\" content=\"article\" \/>\n<meta property=\"og:title\" content=\"Traversa - Velopa Shop\" \/>\n<meta property=\"og:description\" content=\"Les pinces \u00e0 v\u00e9los KD et KX de ce support \u00e0 v\u00e9los sont solidement soud\u00e9es \u00e0 la traverse tubulaire. Compar\u00e9 aux pinces \u00e0 v\u00e9los individuelles, le montage ici est plus rapide et efficace. Le mod\u00e8le de base comporte des plaques de montage soud\u00e9es destin\u00e9es au montage mural\" \/>\n<meta property=\"og:url\" content=\"https:\/\/shop.velopa.ch\/fr\/produit\/traverses-tubulaires\/\" \/>\n<meta property=\"og:site_name\" content=\"Velopa Shop\" \/>\n<meta property=\"article:modified_time\" content=\"2019-09-17T11:28:46+00:00\" \/>\n<meta property=\"og:image\" content=\"https:\/\/shop.velopa.ch\/wp-content\/uploads\/2018\/12\/Rohrtraverse.jpg\" \/>\n\t<meta property=\"og:image:width\" content=\"600\" \/>\n\t<meta property=\"og:image:height\" content=\"600\" \/>\n\t<meta property=\"og:image:type\" content=\"image\/jpeg\" \/>\n<meta name=\"twitter:card\" content=\"summary_large_image\" \/>\n<meta name=\"twitter:label1\" content=\"Dur\u00e9e de lecture estim\u00e9e\" \/>\n\t<meta name=\"twitter:data1\" content=\"1 minute\" \/>\n<script type=\"application\/ld+json\" class=\"yoast-schema-graph\">{\"@context\":\"https:\/\/schema.org\",\"@graph\":[{\"@type\":\"WebPage\",\"@id\":\"https:\/\/shop.velopa.ch\/fr\/produit\/traverses-tubulaires\/\",\"url\":\"https:\/\/shop.velopa.ch\/fr\/produit\/traverses-tubulaires\/\",\"name\":\"Traversa - Velopa Shop\",\"isPartOf\":{\"@id\":\"https:\/\/shop.velopa.ch\/#website\"},\"primaryImageOfPage\":{\"@id\":\"https:\/\/shop.velopa.ch\/fr\/produit\/traverses-tubulaires\/#primaryimage\"},\"image\":{\"@id\":\"https:\/\/shop.velopa.ch\/fr\/produit\/traverses-tubulaires\/#primaryimage\"},\"thumbnailUrl\":\"https:\/\/shop.velopa.ch\/wp-content\/uploads\/2018\/12\/Rohrtraverse.jpg\",\"datePublished\":\"2018-12-31T14:34:38+00:00\",\"dateModified\":\"2019-09-17T11:28:46+00:00\",\"breadcrumb\":{\"@id\":\"https:\/\/shop.velopa.ch\/fr\/produit\/traverses-tubulaires\/#breadcrumb\"},\"inLanguage\":\"fr-FR\",\"potentialAction\":[{\"@type\":\"ReadAction\",\"target\":[\"https:\/\/shop.velopa.ch\/fr\/produit\/traverses-tubulaires\/\"]}]},{\"@type\":\"ImageObject\",\"inLanguage\":\"fr-FR\",\"@id\":\"https:\/\/shop.velopa.ch\/fr\/produit\/traverses-tubulaires\/#primaryimage\",\"url\":\"https:\/\/shop.velopa.ch\/wp-content\/uploads\/2018\/12\/Rohrtraverse.jpg\",\"contentUrl\":\"https:\/\/shop.velopa.ch\/wp-content\/uploads\/2018\/12\/Rohrtraverse.jpg\",\"width\":600,\"height\":600},{\"@type\":\"BreadcrumbList\",\"@id\":\"https:\/\/shop.velopa.ch\/fr\/produit\/traverses-tubulaires\/#breadcrumb\",\"itemListElement\":[{\"@type\":\"ListItem\",\"position\":1,\"name\":\"Home\",\"item\":\"https:\/\/shop.velopa.ch\/fr\/\"},{\"@type\":\"ListItem\",\"position\":2,\"name\":\"Shop\",\"item\":\"https:\/\/shop.velopa.ch\/fr\/\"},{\"@type\":\"ListItem\",\"position\":3,\"name\":\"Traversa\"}]},{\"@type\":\"WebSite\",\"@id\":\"https:\/\/shop.velopa.ch\/#website\",\"url\":\"https:\/\/shop.velopa.ch\/\",\"name\":\"Velopa Shop\",\"description\":\"\",\"potentialAction\":[{\"@type\":\"SearchAction\",\"target\":{\"@type\":\"EntryPoint\",\"urlTemplate\":\"https:\/\/shop.velopa.ch\/?s={search_term_string}\"},\"query-input\":{\"@type\":\"PropertyValueSpecification\",\"valueRequired\":true,\"valueName\":\"search_term_string\"}}],\"inLanguage\":\"fr-FR\"}]}<\/script>\n<!-- \/ Yoast SEO plugin. -->","yoast_head_json":{"title":"Traversa - Velopa Shop","robots":{"index":"index","follow":"follow","max-snippet":"max-snippet:-1","max-image-preview":"max-image-preview:large","max-video-preview":"max-video-preview:-1"},"canonical":"https:\/\/shop.velopa.ch\/fr\/produit\/traverses-tubulaires\/","og_locale":"fr_FR","og_type":"article","og_title":"Traversa - Velopa Shop","og_description":"Les pinces \u00e0 v\u00e9los KD et KX de ce support \u00e0 v\u00e9los sont solidement soud\u00e9es \u00e0 la traverse tubulaire. Compar\u00e9 aux pinces \u00e0 v\u00e9los individuelles, le montage ici est plus rapide et efficace. Le mod\u00e8le de base comporte des plaques de montage soud\u00e9es destin\u00e9es au montage mural","og_url":"https:\/\/shop.velopa.ch\/fr\/produit\/traverses-tubulaires\/","og_site_name":"Velopa Shop","article_modified_time":"2019-09-17T11:28:46+00:00","og_image":[{"width":600,"height":600,"url":"https:\/\/shop.velopa.ch\/wp-content\/uploads\/2018\/12\/Rohrtraverse.jpg","type":"image\/jpeg"}],"twitter_card":"summary_large_image","twitter_misc":{"Dur\u00e9e de lecture estim\u00e9e":"1 minute"},"schema":{"@context":"https:\/\/schema.org","@graph":[{"@type":"WebPage","@id":"https:\/\/shop.velopa.ch\/fr\/produit\/traverses-tubulaires\/","url":"https:\/\/shop.velopa.ch\/fr\/produit\/traverses-tubulaires\/","name":"Traversa - Velopa Shop","isPartOf":{"@id":"https:\/\/shop.velopa.ch\/#website"},"primaryImageOfPage":{"@id":"https:\/\/shop.velopa.ch\/fr\/produit\/traverses-tubulaires\/#primaryimage"},"image":{"@id":"https:\/\/shop.velopa.ch\/fr\/produit\/traverses-tubulaires\/#primaryimage"},"thumbnailUrl":"https:\/\/shop.velopa.ch\/wp-content\/uploads\/2018\/12\/Rohrtraverse.jpg","datePublished":"2018-12-31T14:34:38+00:00","dateModified":"2019-09-17T11:28:46+00:00","breadcrumb":{"@id":"https:\/\/shop.velopa.ch\/fr\/produit\/traverses-tubulaires\/#breadcrumb"},"inLanguage":"fr-FR","potentialAction":[{"@type":"ReadAction","target":["https:\/\/shop.velopa.ch\/fr\/produit\/traverses-tubulaires\/"]}]},{"@type":"ImageObject","inLanguage":"fr-FR","@id":"https:\/\/shop.velopa.ch\/fr\/produit\/traverses-tubulaires\/#primaryimage","url":"https:\/\/shop.velopa.ch\/wp-content\/uploads\/2018\/12\/Rohrtraverse.jpg","contentUrl":"https:\/\/shop.velopa.ch\/wp-content\/uploads\/2018\/12\/Rohrtraverse.jpg","width":600,"height":600},{"@type":"BreadcrumbList","@id":"https:\/\/shop.velopa.ch\/fr\/produit\/traverses-tubulaires\/#breadcrumb","itemListElement":[{"@type":"ListItem","position":1,"name":"Home","item":"https:\/\/shop.velopa.ch\/fr\/"},{"@type":"ListItem","position":2,"name":"Shop","item":"https:\/\/shop.velopa.ch\/fr\/"},{"@type":"ListItem","position":3,"name":"Traversa"}]},{"@type":"WebSite","@id":"https:\/\/shop.velopa.ch\/#website","url":"https:\/\/shop.velopa.ch\/","name":"Velopa Shop","description":"","potentialAction":[{"@type":"SearchAction","target":{"@type":"EntryPoint","urlTemplate":"https:\/\/shop.velopa.ch\/?s={search_term_string}"},"query-input":{"@type":"PropertyValueSpecification","valueRequired":true,"valueName":"search_term_string"}}],"inLanguage":"fr-FR"}]}},"_links":{"self":[{"href":"https:\/\/shop.velopa.ch\/fr\/wp-json\/wp\/v2\/product\/852","targetHints":{"allow":["GET"]}}],"collection":[{"href":"https:\/\/shop.velopa.ch\/fr\/wp-json\/wp\/v2\/product"}],"about":[{"href":"https:\/\/shop.velopa.ch\/fr\/wp-json\/wp\/v2\/types\/product"}],"wp:featuredmedia":[{"embeddable":true,"href":"https:\/\/shop.velopa.ch\/fr\/wp-json\/wp\/v2\/media\/2192"}],"wp:attachment":[{"href":"https:\/\/shop.velopa.ch\/fr\/wp-json\/wp\/v2\/media?parent=852"}],"wp:term":[{"taxonomy":"product_brand","embeddable":true,"href":"https:\/\/shop.velopa.ch\/fr\/wp-json\/wp\/v2\/product_brand?post=852"},{"taxonomy":"product_cat","embeddable":true,"href":"https:\/\/shop.velopa.ch\/fr\/wp-json\/wp\/v2\/product_cat?post=852"},{"taxonomy":"product_tag","embeddable":true,"href":"https:\/\/shop.velopa.ch\/fr\/wp-json\/wp\/v2\/product_tag?post=852"}],"curies":[{"name":"wp","href":"https:\/\/api.w.org\/{rel}","templated":true}]}}