{"id":868,"date":"2018-12-31T16:05:27","date_gmt":"2018-12-31T15:05:27","guid":{"rendered":"https:\/\/shop.velopa.ch\/product\/velo-mat-solo\/"},"modified":"2019-04-18T15:18:15","modified_gmt":"2019-04-18T13:18:15","slug":"velo-mat-solo","status":"publish","type":"product","link":"https:\/\/shop.velopa.ch\/fr\/produit\/velo-mat-solo\/","title":{"rendered":"Velo-Mat-Solo"},"content":{"rendered":"<p>Stationner son v\u00e9lo devient facile !<\/p>\n<p>Ce dispositif dot\u00e9 d\u2019un bras \u00e9l\u00e9vateur automatis\u00e9 permet de stationner des v\u00e9los \u00e0 la verticale dans les caves, les garages ou en ext\u00e9rieur. Velo-Mat-Solo est \u00e9quip\u00e9 d\u2019un verrin \u00e0 gaz qui fait glisser les v\u00e9los sans effort jusqu\u2019\u00e0 les positionner dans leur emplacement final. Ce dispositif est donc \u00e9galement adapt\u00e9 aux femmes et aux enfants. Le v\u00e9lo est accroch\u00e9 \u00e0 un crochet entour\u00e9 d\u2019un rev\u00eatement plastifi\u00e9, ce qui permet de prot\u00e9ger les jantes. Il suffit de tirer l\u00e9g\u00e8rement sur la selle pour que le v\u00e9lo remonte doucement vers le haut. Pour prendre le v\u00e9lo, il suffit simplement de l\u2019abaisser en tirant la selle et le guidon vers le bas. Vous pourrez m\u00eame stationner des v\u00e9los \u00e9lectriques lourds \u00e0 porter en les disposant \u00e0 la verticale sans effort.<\/p>\n<p>Le dispositif Velo-Mat-Solo avec son bras \u00e9l\u00e9vateur s\u2019adapte \u00e9galement \u00e0 merveille \u00e0 notre Range-v\u00e9los-Carrousel Pro, la petite merveille des syst\u00e8mes de range-v\u00e9los existants ! Avec sa disposition altern\u00e9e haut\/bas, Velo-Mat-Solo peut \u00eatre mont\u00e9 en respectant des distances de 400 \u00e0 450 mm entre chaque \u00e9trier. Des \u00e9querres de montage en option existent si vous souhaitez disposer les \u00e9triers en \u00e9pi \u00e0 45\u00b0. Pour \u00e9viter la d\u00e9gradation des murs, des patins de protection murale sont disponibles.<\/p>\n","protected":false},"excerpt":{"rendered":"<p>Ce porte-v\u00e9los mural pratique se monte directement sur le mur. Gr\u00e2ce au verrin \u00e0 gaz int\u00e9gr\u00e9, vous pourrez facilement accrocher vos v\u00e9los. Le porte-v\u00e9los mural Velo-Mat\u00ae-Solo vous optimise l\u2019espace disponible et permet de stationner un maximum de v\u00e9los dans un minimum d\u2019espace !<\/p>\n","protected":false},"featured_media":2135,"template":"","meta":{"_acf_changed":false,"_et_pb_use_builder":"","_et_pb_old_content":"","_et_gb_content_width":""},"product_brand":[],"product_cat":[45,43],"product_tag":[],"class_list":{"0":"post-868","1":"product","2":"type-product","3":"status-publish","4":"has-post-thumbnail","6":"product_cat-clients-prives","7":"product_cat-systemes-de-stationnement","8":"product_shipping_class-velo-mat-solo-fr","10":"first","11":"instock","12":"taxable","13":"shipping-taxable","14":"purchasable","15":"product-type-variable","16":"has-default-attributes"},"exclude_global_add_ons":[],"addons":[],"acf":[],"yoast_head":"<!-- This site is optimized with the Yoast SEO plugin v27.2 - https:\/\/yoast.com\/product\/yoast-seo-wordpress\/ -->\n<title>Velo-Mat-Solo - Velopa Shop<\/title>\n<meta name=\"robots\" content=\"index, follow, max-snippet:-1, max-image-preview:large, max-video-preview:-1\" \/>\n<link rel=\"canonical\" href=\"https:\/\/shop.velopa.ch\/fr\/produit\/velo-mat-solo\/\" \/>\n<meta property=\"og:locale\" content=\"fr_FR\" \/>\n<meta property=\"og:type\" content=\"article\" \/>\n<meta property=\"og:title\" content=\"Velo-Mat-Solo - Velopa Shop\" \/>\n<meta property=\"og:description\" content=\"Ce porte-v\u00e9los mural pratique se monte directement sur le mur. Gr\u00e2ce au verrin \u00e0 gaz int\u00e9gr\u00e9, vous pourrez facilement accrocher vos v\u00e9los. Le porte-v\u00e9los mural Velo-Mat\u00ae-Solo vous optimise l\u2019espace disponible et permet de stationner un maximum de v\u00e9los dans un minimum d\u2019espace !\" \/>\n<meta property=\"og:url\" content=\"https:\/\/shop.velopa.ch\/fr\/produit\/velo-mat-solo\/\" \/>\n<meta property=\"og:site_name\" content=\"Velopa Shop\" \/>\n<meta property=\"article:modified_time\" content=\"2019-04-18T13:18:15+00:00\" \/>\n<meta property=\"og:image\" content=\"https:\/\/shop.velopa.ch\/wp-content\/uploads\/2018\/12\/Velo-Mat-Solo-1.jpg\" \/>\n\t<meta property=\"og:image:width\" content=\"600\" \/>\n\t<meta property=\"og:image:height\" content=\"600\" \/>\n\t<meta property=\"og:image:type\" content=\"image\/jpeg\" \/>\n<meta name=\"twitter:card\" content=\"summary_large_image\" \/>\n<meta name=\"twitter:label1\" content=\"Dur\u00e9e de lecture estim\u00e9e\" \/>\n\t<meta name=\"twitter:data1\" content=\"1 minute\" \/>\n<script type=\"application\/ld+json\" class=\"yoast-schema-graph\">{\"@context\":\"https:\/\/schema.org\",\"@graph\":[{\"@type\":\"WebPage\",\"@id\":\"https:\/\/shop.velopa.ch\/fr\/produit\/velo-mat-solo\/\",\"url\":\"https:\/\/shop.velopa.ch\/fr\/produit\/velo-mat-solo\/\",\"name\":\"Velo-Mat-Solo - Velopa Shop\",\"isPartOf\":{\"@id\":\"https:\/\/shop.velopa.ch\/#website\"},\"primaryImageOfPage\":{\"@id\":\"https:\/\/shop.velopa.ch\/fr\/produit\/velo-mat-solo\/#primaryimage\"},\"image\":{\"@id\":\"https:\/\/shop.velopa.ch\/fr\/produit\/velo-mat-solo\/#primaryimage\"},\"thumbnailUrl\":\"https:\/\/shop.velopa.ch\/wp-content\/uploads\/2018\/12\/Velo-Mat-Solo-1.jpg\",\"datePublished\":\"2018-12-31T15:05:27+00:00\",\"dateModified\":\"2019-04-18T13:18:15+00:00\",\"breadcrumb\":{\"@id\":\"https:\/\/shop.velopa.ch\/fr\/produit\/velo-mat-solo\/#breadcrumb\"},\"inLanguage\":\"fr-FR\",\"potentialAction\":[{\"@type\":\"ReadAction\",\"target\":[\"https:\/\/shop.velopa.ch\/fr\/produit\/velo-mat-solo\/\"]}]},{\"@type\":\"ImageObject\",\"inLanguage\":\"fr-FR\",\"@id\":\"https:\/\/shop.velopa.ch\/fr\/produit\/velo-mat-solo\/#primaryimage\",\"url\":\"https:\/\/shop.velopa.ch\/wp-content\/uploads\/2018\/12\/Velo-Mat-Solo-1.jpg\",\"contentUrl\":\"https:\/\/shop.velopa.ch\/wp-content\/uploads\/2018\/12\/Velo-Mat-Solo-1.jpg\",\"width\":600,\"height\":600},{\"@type\":\"BreadcrumbList\",\"@id\":\"https:\/\/shop.velopa.ch\/fr\/produit\/velo-mat-solo\/#breadcrumb\",\"itemListElement\":[{\"@type\":\"ListItem\",\"position\":1,\"name\":\"Home\",\"item\":\"https:\/\/shop.velopa.ch\/fr\/\"},{\"@type\":\"ListItem\",\"position\":2,\"name\":\"Shop\",\"item\":\"https:\/\/shop.velopa.ch\/fr\/\"},{\"@type\":\"ListItem\",\"position\":3,\"name\":\"Velo-Mat-Solo\"}]},{\"@type\":\"WebSite\",\"@id\":\"https:\/\/shop.velopa.ch\/#website\",\"url\":\"https:\/\/shop.velopa.ch\/\",\"name\":\"Velopa Shop\",\"description\":\"\",\"potentialAction\":[{\"@type\":\"SearchAction\",\"target\":{\"@type\":\"EntryPoint\",\"urlTemplate\":\"https:\/\/shop.velopa.ch\/?s={search_term_string}\"},\"query-input\":{\"@type\":\"PropertyValueSpecification\",\"valueRequired\":true,\"valueName\":\"search_term_string\"}}],\"inLanguage\":\"fr-FR\"}]}<\/script>\n<!-- \/ Yoast SEO plugin. -->","yoast_head_json":{"title":"Velo-Mat-Solo - Velopa Shop","robots":{"index":"index","follow":"follow","max-snippet":"max-snippet:-1","max-image-preview":"max-image-preview:large","max-video-preview":"max-video-preview:-1"},"canonical":"https:\/\/shop.velopa.ch\/fr\/produit\/velo-mat-solo\/","og_locale":"fr_FR","og_type":"article","og_title":"Velo-Mat-Solo - Velopa Shop","og_description":"Ce porte-v\u00e9los mural pratique se monte directement sur le mur. Gr\u00e2ce au verrin \u00e0 gaz int\u00e9gr\u00e9, vous pourrez facilement accrocher vos v\u00e9los. Le porte-v\u00e9los mural Velo-Mat\u00ae-Solo vous optimise l\u2019espace disponible et permet de stationner un maximum de v\u00e9los dans un minimum d\u2019espace !","og_url":"https:\/\/shop.velopa.ch\/fr\/produit\/velo-mat-solo\/","og_site_name":"Velopa Shop","article_modified_time":"2019-04-18T13:18:15+00:00","og_image":[{"width":600,"height":600,"url":"https:\/\/shop.velopa.ch\/wp-content\/uploads\/2018\/12\/Velo-Mat-Solo-1.jpg","type":"image\/jpeg"}],"twitter_card":"summary_large_image","twitter_misc":{"Dur\u00e9e de lecture estim\u00e9e":"1 minute"},"schema":{"@context":"https:\/\/schema.org","@graph":[{"@type":"WebPage","@id":"https:\/\/shop.velopa.ch\/fr\/produit\/velo-mat-solo\/","url":"https:\/\/shop.velopa.ch\/fr\/produit\/velo-mat-solo\/","name":"Velo-Mat-Solo - Velopa Shop","isPartOf":{"@id":"https:\/\/shop.velopa.ch\/#website"},"primaryImageOfPage":{"@id":"https:\/\/shop.velopa.ch\/fr\/produit\/velo-mat-solo\/#primaryimage"},"image":{"@id":"https:\/\/shop.velopa.ch\/fr\/produit\/velo-mat-solo\/#primaryimage"},"thumbnailUrl":"https:\/\/shop.velopa.ch\/wp-content\/uploads\/2018\/12\/Velo-Mat-Solo-1.jpg","datePublished":"2018-12-31T15:05:27+00:00","dateModified":"2019-04-18T13:18:15+00:00","breadcrumb":{"@id":"https:\/\/shop.velopa.ch\/fr\/produit\/velo-mat-solo\/#breadcrumb"},"inLanguage":"fr-FR","potentialAction":[{"@type":"ReadAction","target":["https:\/\/shop.velopa.ch\/fr\/produit\/velo-mat-solo\/"]}]},{"@type":"ImageObject","inLanguage":"fr-FR","@id":"https:\/\/shop.velopa.ch\/fr\/produit\/velo-mat-solo\/#primaryimage","url":"https:\/\/shop.velopa.ch\/wp-content\/uploads\/2018\/12\/Velo-Mat-Solo-1.jpg","contentUrl":"https:\/\/shop.velopa.ch\/wp-content\/uploads\/2018\/12\/Velo-Mat-Solo-1.jpg","width":600,"height":600},{"@type":"BreadcrumbList","@id":"https:\/\/shop.velopa.ch\/fr\/produit\/velo-mat-solo\/#breadcrumb","itemListElement":[{"@type":"ListItem","position":1,"name":"Home","item":"https:\/\/shop.velopa.ch\/fr\/"},{"@type":"ListItem","position":2,"name":"Shop","item":"https:\/\/shop.velopa.ch\/fr\/"},{"@type":"ListItem","position":3,"name":"Velo-Mat-Solo"}]},{"@type":"WebSite","@id":"https:\/\/shop.velopa.ch\/#website","url":"https:\/\/shop.velopa.ch\/","name":"Velopa Shop","description":"","potentialAction":[{"@type":"SearchAction","target":{"@type":"EntryPoint","urlTemplate":"https:\/\/shop.velopa.ch\/?s={search_term_string}"},"query-input":{"@type":"PropertyValueSpecification","valueRequired":true,"valueName":"search_term_string"}}],"inLanguage":"fr-FR"}]}},"_links":{"self":[{"href":"https:\/\/shop.velopa.ch\/fr\/wp-json\/wp\/v2\/product\/868","targetHints":{"allow":["GET"]}}],"collection":[{"href":"https:\/\/shop.velopa.ch\/fr\/wp-json\/wp\/v2\/product"}],"about":[{"href":"https:\/\/shop.velopa.ch\/fr\/wp-json\/wp\/v2\/types\/product"}],"wp:featuredmedia":[{"embeddable":true,"href":"https:\/\/shop.velopa.ch\/fr\/wp-json\/wp\/v2\/media\/2135"}],"wp:attachment":[{"href":"https:\/\/shop.velopa.ch\/fr\/wp-json\/wp\/v2\/media?parent=868"}],"wp:term":[{"taxonomy":"product_brand","embeddable":true,"href":"https:\/\/shop.velopa.ch\/fr\/wp-json\/wp\/v2\/product_brand?post=868"},{"taxonomy":"product_cat","embeddable":true,"href":"https:\/\/shop.velopa.ch\/fr\/wp-json\/wp\/v2\/product_cat?post=868"},{"taxonomy":"product_tag","embeddable":true,"href":"https:\/\/shop.velopa.ch\/fr\/wp-json\/wp\/v2\/product_tag?post=868"}],"curies":[{"name":"wp","href":"https:\/\/api.w.org\/{rel}","templated":true}]}}