{"id":911,"date":"2019-01-01T21:43:25","date_gmt":"2019-01-01T20:43:25","guid":{"rendered":"https:\/\/shop.velopa.ch\/product\/posto-oe-60mm-fr\/"},"modified":"2019-04-18T15:17:36","modified_gmt":"2019-04-18T13:17:36","slug":"posto-oe-60mm-fr","status":"publish","type":"product","link":"https:\/\/shop.velopa.ch\/fr\/produit\/posto-oe-60mm-fr\/","title":{"rendered":"Posto \u00d8 60mm"},"content":{"rendered":"<p>Un syst\u00e8me polyvalent<\/p>\n<p>Sur demande, nous installons les accessoires n\u00e9cessaires au montage des cha\u00eenes selon vos instructions. Pour la s\u00e9curit\u00e9 d\u2019utilisation, nous joignons \u00e0 la livraison une bande de s\u00e9curit\u00e9 rouge r\u00e9fl\u00e9chissante. Le potelet de d\u00e9limitation Posto est \u00e0 usage polyvalent, en acier galvanis\u00e9 \u00e0 chaud, rond, dans les variantes \u00d8 60 mm ou \u00d8 80 mm, hauteur \u00e0 partir du sol 900 mm, au choix :<\/p>\n<p>A sceller dans le b\u00e9ton<br \/>\nA visser sur un socle<br \/>\nAvec douille de sol \u00e0 fixer. Le potelet ne peut \u00eatre verrouill\u00e9 dans la douille ! Fourni avec un couvercle pour recouvrir la douille vide<br \/>\nEt surtout, n\u2019oubliez pas : les potelets de d\u00e9limitation Velopa ne sont pas des produits jetables ; ils peuvent \u00eatre r\u00e9par\u00e9s \u00e0 tout moment. Un avantage qu\u2019appr\u00e9cient fortement les responsables des autorit\u00e9s communales et les g\u00e9rants de propri\u00e9t\u00e9s clairvoyants en cas de dommages.<\/p>\n","protected":false},"excerpt":{"rendered":"<p>Nous vous fournissons le potelet adapt\u00e9 \u00e0 chaque situation n\u00e9cessitant une d\u00e9limitation ! Vous trouverez certainement la solution \u00e0 votre probl\u00e8me de d\u00e9limitation parmi notre large gamme de produits.<\/p>\n","protected":false},"featured_media":2200,"template":"","meta":{"_acf_changed":false,"_et_pb_use_builder":"","_et_pb_old_content":"","_et_gb_content_width":""},"product_brand":[],"product_cat":[42],"product_tag":[],"class_list":{"0":"post-911","1":"product","2":"type-product","3":"status-publish","4":"has-post-thumbnail","6":"product_cat-systemes-de-delimitation-manuels","7":"product_shipping_class-autopa-1-12-fr","9":"first","10":"instock","11":"taxable","12":"shipping-taxable","13":"purchasable","14":"product-type-variable"},"exclude_global_add_ons":[],"addons":[],"acf":[],"yoast_head":"<!-- This site is optimized with the Yoast SEO plugin v27.2 - https:\/\/yoast.com\/product\/yoast-seo-wordpress\/ -->\n<title>Posto \u00d8 60mm - Velopa Shop<\/title>\n<meta name=\"robots\" content=\"index, follow, max-snippet:-1, max-image-preview:large, max-video-preview:-1\" \/>\n<link rel=\"canonical\" href=\"https:\/\/shop.velopa.ch\/fr\/produit\/posto-oe-60mm-fr\/\" \/>\n<meta property=\"og:locale\" content=\"fr_FR\" \/>\n<meta property=\"og:type\" content=\"article\" \/>\n<meta property=\"og:title\" content=\"Posto \u00d8 60mm - Velopa Shop\" \/>\n<meta property=\"og:description\" content=\"Nous vous fournissons le potelet adapt\u00e9 \u00e0 chaque situation n\u00e9cessitant une d\u00e9limitation ! Vous trouverez certainement la solution \u00e0 votre probl\u00e8me de d\u00e9limitation parmi notre large gamme de produits.\" \/>\n<meta property=\"og:url\" content=\"https:\/\/shop.velopa.ch\/fr\/produit\/posto-oe-60mm-fr\/\" \/>\n<meta property=\"og:site_name\" content=\"Velopa Shop\" \/>\n<meta property=\"article:modified_time\" content=\"2019-04-18T13:17:36+00:00\" \/>\n<meta property=\"og:image\" content=\"https:\/\/shop.velopa.ch\/wp-content\/uploads\/2019\/01\/Posto.jpg\" \/>\n\t<meta property=\"og:image:width\" content=\"600\" \/>\n\t<meta property=\"og:image:height\" content=\"600\" \/>\n\t<meta property=\"og:image:type\" content=\"image\/jpeg\" \/>\n<meta name=\"twitter:card\" content=\"summary_large_image\" \/>\n<meta name=\"twitter:label1\" content=\"Dur\u00e9e de lecture estim\u00e9e\" \/>\n\t<meta name=\"twitter:data1\" content=\"1 minute\" \/>\n<script type=\"application\/ld+json\" class=\"yoast-schema-graph\">{\"@context\":\"https:\/\/schema.org\",\"@graph\":[{\"@type\":\"WebPage\",\"@id\":\"https:\/\/shop.velopa.ch\/fr\/produit\/posto-oe-60mm-fr\/\",\"url\":\"https:\/\/shop.velopa.ch\/fr\/produit\/posto-oe-60mm-fr\/\",\"name\":\"Posto \u00d8 60mm - Velopa Shop\",\"isPartOf\":{\"@id\":\"https:\/\/shop.velopa.ch\/#website\"},\"primaryImageOfPage\":{\"@id\":\"https:\/\/shop.velopa.ch\/fr\/produit\/posto-oe-60mm-fr\/#primaryimage\"},\"image\":{\"@id\":\"https:\/\/shop.velopa.ch\/fr\/produit\/posto-oe-60mm-fr\/#primaryimage\"},\"thumbnailUrl\":\"https:\/\/shop.velopa.ch\/wp-content\/uploads\/2019\/01\/Posto.jpg\",\"datePublished\":\"2019-01-01T20:43:25+00:00\",\"dateModified\":\"2019-04-18T13:17:36+00:00\",\"breadcrumb\":{\"@id\":\"https:\/\/shop.velopa.ch\/fr\/produit\/posto-oe-60mm-fr\/#breadcrumb\"},\"inLanguage\":\"fr-FR\",\"potentialAction\":[{\"@type\":\"ReadAction\",\"target\":[\"https:\/\/shop.velopa.ch\/fr\/produit\/posto-oe-60mm-fr\/\"]}]},{\"@type\":\"ImageObject\",\"inLanguage\":\"fr-FR\",\"@id\":\"https:\/\/shop.velopa.ch\/fr\/produit\/posto-oe-60mm-fr\/#primaryimage\",\"url\":\"https:\/\/shop.velopa.ch\/wp-content\/uploads\/2019\/01\/Posto.jpg\",\"contentUrl\":\"https:\/\/shop.velopa.ch\/wp-content\/uploads\/2019\/01\/Posto.jpg\",\"width\":600,\"height\":600},{\"@type\":\"BreadcrumbList\",\"@id\":\"https:\/\/shop.velopa.ch\/fr\/produit\/posto-oe-60mm-fr\/#breadcrumb\",\"itemListElement\":[{\"@type\":\"ListItem\",\"position\":1,\"name\":\"Home\",\"item\":\"https:\/\/shop.velopa.ch\/fr\/\"},{\"@type\":\"ListItem\",\"position\":2,\"name\":\"Shop\",\"item\":\"https:\/\/shop.velopa.ch\/fr\/\"},{\"@type\":\"ListItem\",\"position\":3,\"name\":\"Posto \u00d8 60mm\"}]},{\"@type\":\"WebSite\",\"@id\":\"https:\/\/shop.velopa.ch\/#website\",\"url\":\"https:\/\/shop.velopa.ch\/\",\"name\":\"Velopa Shop\",\"description\":\"\",\"potentialAction\":[{\"@type\":\"SearchAction\",\"target\":{\"@type\":\"EntryPoint\",\"urlTemplate\":\"https:\/\/shop.velopa.ch\/?s={search_term_string}\"},\"query-input\":{\"@type\":\"PropertyValueSpecification\",\"valueRequired\":true,\"valueName\":\"search_term_string\"}}],\"inLanguage\":\"fr-FR\"}]}<\/script>\n<!-- \/ Yoast SEO plugin. -->","yoast_head_json":{"title":"Posto \u00d8 60mm - Velopa Shop","robots":{"index":"index","follow":"follow","max-snippet":"max-snippet:-1","max-image-preview":"max-image-preview:large","max-video-preview":"max-video-preview:-1"},"canonical":"https:\/\/shop.velopa.ch\/fr\/produit\/posto-oe-60mm-fr\/","og_locale":"fr_FR","og_type":"article","og_title":"Posto \u00d8 60mm - Velopa Shop","og_description":"Nous vous fournissons le potelet adapt\u00e9 \u00e0 chaque situation n\u00e9cessitant une d\u00e9limitation ! Vous trouverez certainement la solution \u00e0 votre probl\u00e8me de d\u00e9limitation parmi notre large gamme de produits.","og_url":"https:\/\/shop.velopa.ch\/fr\/produit\/posto-oe-60mm-fr\/","og_site_name":"Velopa Shop","article_modified_time":"2019-04-18T13:17:36+00:00","og_image":[{"width":600,"height":600,"url":"https:\/\/shop.velopa.ch\/wp-content\/uploads\/2019\/01\/Posto.jpg","type":"image\/jpeg"}],"twitter_card":"summary_large_image","twitter_misc":{"Dur\u00e9e de lecture estim\u00e9e":"1 minute"},"schema":{"@context":"https:\/\/schema.org","@graph":[{"@type":"WebPage","@id":"https:\/\/shop.velopa.ch\/fr\/produit\/posto-oe-60mm-fr\/","url":"https:\/\/shop.velopa.ch\/fr\/produit\/posto-oe-60mm-fr\/","name":"Posto \u00d8 60mm - Velopa Shop","isPartOf":{"@id":"https:\/\/shop.velopa.ch\/#website"},"primaryImageOfPage":{"@id":"https:\/\/shop.velopa.ch\/fr\/produit\/posto-oe-60mm-fr\/#primaryimage"},"image":{"@id":"https:\/\/shop.velopa.ch\/fr\/produit\/posto-oe-60mm-fr\/#primaryimage"},"thumbnailUrl":"https:\/\/shop.velopa.ch\/wp-content\/uploads\/2019\/01\/Posto.jpg","datePublished":"2019-01-01T20:43:25+00:00","dateModified":"2019-04-18T13:17:36+00:00","breadcrumb":{"@id":"https:\/\/shop.velopa.ch\/fr\/produit\/posto-oe-60mm-fr\/#breadcrumb"},"inLanguage":"fr-FR","potentialAction":[{"@type":"ReadAction","target":["https:\/\/shop.velopa.ch\/fr\/produit\/posto-oe-60mm-fr\/"]}]},{"@type":"ImageObject","inLanguage":"fr-FR","@id":"https:\/\/shop.velopa.ch\/fr\/produit\/posto-oe-60mm-fr\/#primaryimage","url":"https:\/\/shop.velopa.ch\/wp-content\/uploads\/2019\/01\/Posto.jpg","contentUrl":"https:\/\/shop.velopa.ch\/wp-content\/uploads\/2019\/01\/Posto.jpg","width":600,"height":600},{"@type":"BreadcrumbList","@id":"https:\/\/shop.velopa.ch\/fr\/produit\/posto-oe-60mm-fr\/#breadcrumb","itemListElement":[{"@type":"ListItem","position":1,"name":"Home","item":"https:\/\/shop.velopa.ch\/fr\/"},{"@type":"ListItem","position":2,"name":"Shop","item":"https:\/\/shop.velopa.ch\/fr\/"},{"@type":"ListItem","position":3,"name":"Posto \u00d8 60mm"}]},{"@type":"WebSite","@id":"https:\/\/shop.velopa.ch\/#website","url":"https:\/\/shop.velopa.ch\/","name":"Velopa Shop","description":"","potentialAction":[{"@type":"SearchAction","target":{"@type":"EntryPoint","urlTemplate":"https:\/\/shop.velopa.ch\/?s={search_term_string}"},"query-input":{"@type":"PropertyValueSpecification","valueRequired":true,"valueName":"search_term_string"}}],"inLanguage":"fr-FR"}]}},"_links":{"self":[{"href":"https:\/\/shop.velopa.ch\/fr\/wp-json\/wp\/v2\/product\/911","targetHints":{"allow":["GET"]}}],"collection":[{"href":"https:\/\/shop.velopa.ch\/fr\/wp-json\/wp\/v2\/product"}],"about":[{"href":"https:\/\/shop.velopa.ch\/fr\/wp-json\/wp\/v2\/types\/product"}],"wp:featuredmedia":[{"embeddable":true,"href":"https:\/\/shop.velopa.ch\/fr\/wp-json\/wp\/v2\/media\/2200"}],"wp:attachment":[{"href":"https:\/\/shop.velopa.ch\/fr\/wp-json\/wp\/v2\/media?parent=911"}],"wp:term":[{"taxonomy":"product_brand","embeddable":true,"href":"https:\/\/shop.velopa.ch\/fr\/wp-json\/wp\/v2\/product_brand?post=911"},{"taxonomy":"product_cat","embeddable":true,"href":"https:\/\/shop.velopa.ch\/fr\/wp-json\/wp\/v2\/product_cat?post=911"},{"taxonomy":"product_tag","embeddable":true,"href":"https:\/\/shop.velopa.ch\/fr\/wp-json\/wp\/v2\/product_tag?post=911"}],"curies":[{"name":"wp","href":"https:\/\/api.w.org\/{rel}","templated":true}]}}