{"id":958,"date":"2019-01-01T22:11:51","date_gmt":"2019-01-01T21:12:03","guid":{"rendered":"https:\/\/shop.velopa.ch\/?post_type=product&#038;p=958"},"modified":"2019-04-23T16:10:57","modified_gmt":"2019-04-23T14:10:57","slug":"autopa-mini","status":"publish","type":"product","link":"https:\/\/shop.velopa.ch\/fr\/produit\/autopa-mini\/","title":{"rendered":"Autopa\u00ae Mini"},"content":{"rendered":"<p>Le grand classique en petit format<\/p>\n<p>Autopa-sp\u00e9cial, le mod\u00e8le classique et \u00e9prouv\u00e9 de Velopa est \u00e0 pr\u00e9sent \u00e9galement disponible en petit format. Selon le coloris choisi, le potelet s\u2019int\u00e8gre de fa\u00e7on joyeuse, harmonieuse ou dynamique \u00e0 son environnement. Vous donnez ainsi \u00e0 votre place de parking un accent tr\u00e8s personnel, lui permettant d\u2019\u00eatre assorti \u00e0 la maison ou aux murs et cl\u00f4tures. Les nouveaux Autopa Minis de couleur vive enrichissent la diversit\u00e9 de notre gamme existante. Pour leur s\u00e9curit\u00e9 d\u2019utilisation, les produits peuvent \u00eatre munis d\u2019une \u00e9tiquette fluorescente et d\u2019une bande de s\u00e9curit\u00e9 r\u00e9fl\u00e9chissante rouge ou blanche, \u00e0 la demande du client. Les potelets robustes en acier galvanis\u00e9 et le pied de montage en fonte sont fabriqu\u00e9s dans nos \u00e9tablissements. En cas d\u2019accident, les produits sont faciles \u00e0 r\u00e9parer.<\/p>\n<p>Dimensions<\/p>\n<p>Hauteur : 630 mm (Autopa-sp\u00e9cial: 880 mm)<br \/>\nLargeur : 700 mm<br \/>\n\u00d8 tuyau en fonte : 60 mm<br \/>\n\u00d8 \u00e9trier lat\u00e9ral : 30 mm<br \/>\nLe montage est extr\u00eamement simple<br \/>\nLes potelets de d\u00e9limitation sont scell\u00e9s dans un sol en b\u00e9ton ou fix\u00e9s sur une base \u00e0 l\u2019aide des trois vis d\u2019ancrage M10 (inclus dans la livraison). Une notice de montage et d\u2019utilisation est \u00e9galement fournie.<\/p>\n<p>Disponible dans les variantes \u00e0 verrouiller suivantes :<\/p>\n<p>KESO \u00e0 fermeture identique<br \/>\nKESO \u00e0 fermeture diff\u00e9rente<br \/>\nKABA 5000 (fermeture d\u2019urgence)<br \/>\nPr\u00e9par\u00e9 pour le cylindre de votre choix<br \/>\nOptions<\/p>\n<p>Tube rond \u00e0 sceller dans le b\u00e9ton<br \/>\nCl\u00e9 suppl\u00e9mentaire<\/p>\n","protected":false},"excerpt":{"rendered":"<p>Le potelet Autopa Mini se rabat manuellement et repose sous le v\u00e9hicule gar\u00e9. Losqu\u2019on quitte l\u2019emplacement de parking, il suffit de relever et verrouiller le potelet.<\/p>\n","protected":false},"featured_media":1375,"template":"","meta":{"_acf_changed":false,"_et_pb_use_builder":"","_et_pb_old_content":"","_et_gb_content_width":""},"product_brand":[],"product_cat":[42],"product_tag":[],"class_list":{"0":"post-958","1":"product","2":"type-product","3":"status-publish","4":"has-post-thumbnail","6":"product_cat-systemes-de-delimitation-manuels","7":"product_shipping_class-autopa-spezial-1-4-fr","9":"first","10":"instock","11":"taxable","12":"shipping-taxable","13":"purchasable","14":"product-type-variable"},"exclude_global_add_ons":[],"addons":[],"acf":[],"yoast_head":"<!-- This site is optimized with the Yoast SEO plugin v27.2 - https:\/\/yoast.com\/product\/yoast-seo-wordpress\/ -->\n<title>Autopa\u00ae Mini - Velopa Shop<\/title>\n<meta name=\"robots\" content=\"index, follow, max-snippet:-1, max-image-preview:large, max-video-preview:-1\" \/>\n<link rel=\"canonical\" href=\"https:\/\/shop.velopa.ch\/fr\/produit\/autopa-mini\/\" \/>\n<meta property=\"og:locale\" content=\"fr_FR\" \/>\n<meta property=\"og:type\" content=\"article\" \/>\n<meta property=\"og:title\" content=\"Autopa\u00ae Mini - Velopa Shop\" \/>\n<meta property=\"og:description\" content=\"Le potelet Autopa Mini se rabat manuellement et repose sous le v\u00e9hicule gar\u00e9. Losqu\u2019on quitte l\u2019emplacement de parking, il suffit de relever et verrouiller le potelet.\" \/>\n<meta property=\"og:url\" content=\"https:\/\/shop.velopa.ch\/fr\/produit\/autopa-mini\/\" \/>\n<meta property=\"og:site_name\" content=\"Velopa Shop\" \/>\n<meta property=\"article:modified_time\" content=\"2019-04-23T14:10:57+00:00\" \/>\n<meta property=\"og:image\" content=\"https:\/\/shop.velopa.ch\/wp-content\/uploads\/2019\/01\/AutopaMini.jpg\" \/>\n\t<meta property=\"og:image:width\" content=\"600\" \/>\n\t<meta property=\"og:image:height\" content=\"600\" \/>\n\t<meta property=\"og:image:type\" content=\"image\/jpeg\" \/>\n<meta name=\"twitter:card\" content=\"summary_large_image\" \/>\n<meta name=\"twitter:label1\" content=\"Dur\u00e9e de lecture estim\u00e9e\" \/>\n\t<meta name=\"twitter:data1\" content=\"1 minute\" \/>\n<script type=\"application\/ld+json\" class=\"yoast-schema-graph\">{\"@context\":\"https:\/\/schema.org\",\"@graph\":[{\"@type\":\"WebPage\",\"@id\":\"https:\/\/shop.velopa.ch\/fr\/produit\/autopa-mini\/\",\"url\":\"https:\/\/shop.velopa.ch\/fr\/produit\/autopa-mini\/\",\"name\":\"Autopa\u00ae Mini - Velopa Shop\",\"isPartOf\":{\"@id\":\"https:\/\/shop.velopa.ch\/#website\"},\"primaryImageOfPage\":{\"@id\":\"https:\/\/shop.velopa.ch\/fr\/produit\/autopa-mini\/#primaryimage\"},\"image\":{\"@id\":\"https:\/\/shop.velopa.ch\/fr\/produit\/autopa-mini\/#primaryimage\"},\"thumbnailUrl\":\"https:\/\/shop.velopa.ch\/wp-content\/uploads\/2019\/01\/AutopaMini.jpg\",\"datePublished\":\"2019-01-01T21:12:03+00:00\",\"dateModified\":\"2019-04-23T14:10:57+00:00\",\"breadcrumb\":{\"@id\":\"https:\/\/shop.velopa.ch\/fr\/produit\/autopa-mini\/#breadcrumb\"},\"inLanguage\":\"fr-FR\",\"potentialAction\":[{\"@type\":\"ReadAction\",\"target\":[\"https:\/\/shop.velopa.ch\/fr\/produit\/autopa-mini\/\"]}]},{\"@type\":\"ImageObject\",\"inLanguage\":\"fr-FR\",\"@id\":\"https:\/\/shop.velopa.ch\/fr\/produit\/autopa-mini\/#primaryimage\",\"url\":\"https:\/\/shop.velopa.ch\/wp-content\/uploads\/2019\/01\/AutopaMini.jpg\",\"contentUrl\":\"https:\/\/shop.velopa.ch\/wp-content\/uploads\/2019\/01\/AutopaMini.jpg\",\"width\":600,\"height\":600},{\"@type\":\"BreadcrumbList\",\"@id\":\"https:\/\/shop.velopa.ch\/fr\/produit\/autopa-mini\/#breadcrumb\",\"itemListElement\":[{\"@type\":\"ListItem\",\"position\":1,\"name\":\"Home\",\"item\":\"https:\/\/shop.velopa.ch\/fr\/\"},{\"@type\":\"ListItem\",\"position\":2,\"name\":\"Shop\",\"item\":\"https:\/\/shop.velopa.ch\/fr\/\"},{\"@type\":\"ListItem\",\"position\":3,\"name\":\"Autopa\u00ae Mini\"}]},{\"@type\":\"WebSite\",\"@id\":\"https:\/\/shop.velopa.ch\/#website\",\"url\":\"https:\/\/shop.velopa.ch\/\",\"name\":\"Velopa Shop\",\"description\":\"\",\"potentialAction\":[{\"@type\":\"SearchAction\",\"target\":{\"@type\":\"EntryPoint\",\"urlTemplate\":\"https:\/\/shop.velopa.ch\/?s={search_term_string}\"},\"query-input\":{\"@type\":\"PropertyValueSpecification\",\"valueRequired\":true,\"valueName\":\"search_term_string\"}}],\"inLanguage\":\"fr-FR\"}]}<\/script>\n<!-- \/ Yoast SEO plugin. -->","yoast_head_json":{"title":"Autopa\u00ae Mini - Velopa Shop","robots":{"index":"index","follow":"follow","max-snippet":"max-snippet:-1","max-image-preview":"max-image-preview:large","max-video-preview":"max-video-preview:-1"},"canonical":"https:\/\/shop.velopa.ch\/fr\/produit\/autopa-mini\/","og_locale":"fr_FR","og_type":"article","og_title":"Autopa\u00ae Mini - Velopa Shop","og_description":"Le potelet Autopa Mini se rabat manuellement et repose sous le v\u00e9hicule gar\u00e9. Losqu\u2019on quitte l\u2019emplacement de parking, il suffit de relever et verrouiller le potelet.","og_url":"https:\/\/shop.velopa.ch\/fr\/produit\/autopa-mini\/","og_site_name":"Velopa Shop","article_modified_time":"2019-04-23T14:10:57+00:00","og_image":[{"width":600,"height":600,"url":"https:\/\/shop.velopa.ch\/wp-content\/uploads\/2019\/01\/AutopaMini.jpg","type":"image\/jpeg"}],"twitter_card":"summary_large_image","twitter_misc":{"Dur\u00e9e de lecture estim\u00e9e":"1 minute"},"schema":{"@context":"https:\/\/schema.org","@graph":[{"@type":"WebPage","@id":"https:\/\/shop.velopa.ch\/fr\/produit\/autopa-mini\/","url":"https:\/\/shop.velopa.ch\/fr\/produit\/autopa-mini\/","name":"Autopa\u00ae Mini - Velopa Shop","isPartOf":{"@id":"https:\/\/shop.velopa.ch\/#website"},"primaryImageOfPage":{"@id":"https:\/\/shop.velopa.ch\/fr\/produit\/autopa-mini\/#primaryimage"},"image":{"@id":"https:\/\/shop.velopa.ch\/fr\/produit\/autopa-mini\/#primaryimage"},"thumbnailUrl":"https:\/\/shop.velopa.ch\/wp-content\/uploads\/2019\/01\/AutopaMini.jpg","datePublished":"2019-01-01T21:12:03+00:00","dateModified":"2019-04-23T14:10:57+00:00","breadcrumb":{"@id":"https:\/\/shop.velopa.ch\/fr\/produit\/autopa-mini\/#breadcrumb"},"inLanguage":"fr-FR","potentialAction":[{"@type":"ReadAction","target":["https:\/\/shop.velopa.ch\/fr\/produit\/autopa-mini\/"]}]},{"@type":"ImageObject","inLanguage":"fr-FR","@id":"https:\/\/shop.velopa.ch\/fr\/produit\/autopa-mini\/#primaryimage","url":"https:\/\/shop.velopa.ch\/wp-content\/uploads\/2019\/01\/AutopaMini.jpg","contentUrl":"https:\/\/shop.velopa.ch\/wp-content\/uploads\/2019\/01\/AutopaMini.jpg","width":600,"height":600},{"@type":"BreadcrumbList","@id":"https:\/\/shop.velopa.ch\/fr\/produit\/autopa-mini\/#breadcrumb","itemListElement":[{"@type":"ListItem","position":1,"name":"Home","item":"https:\/\/shop.velopa.ch\/fr\/"},{"@type":"ListItem","position":2,"name":"Shop","item":"https:\/\/shop.velopa.ch\/fr\/"},{"@type":"ListItem","position":3,"name":"Autopa\u00ae Mini"}]},{"@type":"WebSite","@id":"https:\/\/shop.velopa.ch\/#website","url":"https:\/\/shop.velopa.ch\/","name":"Velopa Shop","description":"","potentialAction":[{"@type":"SearchAction","target":{"@type":"EntryPoint","urlTemplate":"https:\/\/shop.velopa.ch\/?s={search_term_string}"},"query-input":{"@type":"PropertyValueSpecification","valueRequired":true,"valueName":"search_term_string"}}],"inLanguage":"fr-FR"}]}},"_links":{"self":[{"href":"https:\/\/shop.velopa.ch\/fr\/wp-json\/wp\/v2\/product\/958","targetHints":{"allow":["GET"]}}],"collection":[{"href":"https:\/\/shop.velopa.ch\/fr\/wp-json\/wp\/v2\/product"}],"about":[{"href":"https:\/\/shop.velopa.ch\/fr\/wp-json\/wp\/v2\/types\/product"}],"wp:featuredmedia":[{"embeddable":true,"href":"https:\/\/shop.velopa.ch\/fr\/wp-json\/wp\/v2\/media\/1375"}],"wp:attachment":[{"href":"https:\/\/shop.velopa.ch\/fr\/wp-json\/wp\/v2\/media?parent=958"}],"wp:term":[{"taxonomy":"product_brand","embeddable":true,"href":"https:\/\/shop.velopa.ch\/fr\/wp-json\/wp\/v2\/product_brand?post=958"},{"taxonomy":"product_cat","embeddable":true,"href":"https:\/\/shop.velopa.ch\/fr\/wp-json\/wp\/v2\/product_cat?post=958"},{"taxonomy":"product_tag","embeddable":true,"href":"https:\/\/shop.velopa.ch\/fr\/wp-json\/wp\/v2\/product_tag?post=958"}],"curies":[{"name":"wp","href":"https:\/\/api.w.org\/{rel}","templated":true}]}}