{"id":9615,"date":"2020-06-26T11:28:36","date_gmt":"2020-06-26T09:32:06","guid":{"rendered":"https:\/\/shop.velopa.ch\/?post_type=product&#038;p=9615"},"modified":"2020-06-26T11:32:06","modified_gmt":"2020-06-26T09:32:06","slug":"poubelle-maggiolino","status":"publish","type":"product","link":"https:\/\/shop.velopa.ch\/fr\/produit\/poubelle-maggiolino\/","title":{"rendered":"Poubelle MAGGIOLINO"},"content":{"rendered":"","protected":false},"excerpt":{"rendered":"<p>Version: d\u00e9montable avec toit de protection et bac de vidange<br \/>\nDes informations d\u00e9taill\u00e9es<br \/>\nContenu du conteneur \u00e0 d\u00e9chets: 32 litres<br \/>\nType de montage: pour montage mural \/ sur poteau<br \/>\n\u00d8 x P x H: 300 x 350 x 590 mm<br \/>\nPoids: 9 kg<br \/>\nSurface: galvanis\u00e9 \u00e0 chaud<br \/>\nAuto-extinguible: non<\/p>\n","protected":false},"featured_media":9628,"template":"","meta":{"_acf_changed":false,"_et_pb_use_builder":"","_et_pb_old_content":"","_et_gb_content_width":""},"product_brand":[],"product_cat":[959,834],"product_tag":[],"class_list":{"0":"post-9615","1":"product","2":"type-product","3":"status-publish","4":"has-post-thumbnail","6":"product_cat-poubelles-et-cendriers","7":"product_cat-promotions","9":"first","10":"instock","11":"sale","12":"taxable","13":"shipping-taxable","14":"purchasable","15":"product-type-simple"},"exclude_global_add_ons":[],"addons":[],"acf":[],"yoast_head":"<!-- This site is optimized with the Yoast SEO plugin v27.2 - https:\/\/yoast.com\/product\/yoast-seo-wordpress\/ -->\n<title>Poubelle MAGGIOLINO - Velopa Shop<\/title>\n<meta name=\"robots\" content=\"index, follow, max-snippet:-1, max-image-preview:large, max-video-preview:-1\" \/>\n<link rel=\"canonical\" href=\"https:\/\/shop.velopa.ch\/fr\/produit\/poubelle-maggiolino\/\" \/>\n<meta property=\"og:locale\" content=\"fr_FR\" \/>\n<meta property=\"og:type\" content=\"article\" \/>\n<meta property=\"og:title\" content=\"Poubelle MAGGIOLINO - Velopa Shop\" \/>\n<meta property=\"og:description\" content=\"Version: d\u00e9montable avec toit de protection et bac de vidange Des informations d\u00e9taill\u00e9es Contenu du conteneur \u00e0 d\u00e9chets: 32 litres Type de montage: pour montage mural \/ sur poteau \u00d8 x P x H: 300 x 350 x 590 mm Poids: 9 kg Surface: galvanis\u00e9 \u00e0 chaud Auto-extinguible: non\" \/>\n<meta property=\"og:url\" content=\"https:\/\/shop.velopa.ch\/fr\/produit\/poubelle-maggiolino\/\" \/>\n<meta property=\"og:site_name\" content=\"Velopa Shop\" \/>\n<meta property=\"og:image\" content=\"https:\/\/shop.velopa.ch\/wp-content\/uploads\/2020\/06\/Maggiolono-Abfallbeh\u00e4lter-1.jpg\" \/>\n\t<meta property=\"og:image:width\" content=\"600\" \/>\n\t<meta property=\"og:image:height\" content=\"600\" \/>\n\t<meta property=\"og:image:type\" content=\"image\/jpeg\" \/>\n<meta name=\"twitter:card\" content=\"summary_large_image\" \/>\n<script type=\"application\/ld+json\" class=\"yoast-schema-graph\">{\"@context\":\"https:\/\/schema.org\",\"@graph\":[{\"@type\":\"WebPage\",\"@id\":\"https:\/\/shop.velopa.ch\/fr\/produit\/poubelle-maggiolino\/\",\"url\":\"https:\/\/shop.velopa.ch\/fr\/produit\/poubelle-maggiolino\/\",\"name\":\"Poubelle MAGGIOLINO - Velopa Shop\",\"isPartOf\":{\"@id\":\"https:\/\/shop.velopa.ch\/#website\"},\"primaryImageOfPage\":{\"@id\":\"https:\/\/shop.velopa.ch\/fr\/produit\/poubelle-maggiolino\/#primaryimage\"},\"image\":{\"@id\":\"https:\/\/shop.velopa.ch\/fr\/produit\/poubelle-maggiolino\/#primaryimage\"},\"thumbnailUrl\":\"https:\/\/shop.velopa.ch\/wp-content\/uploads\/2020\/06\/Maggiolono-Abfallbeh\u00e4lter-1.jpg\",\"datePublished\":\"2020-06-26T09:32:06+00:00\",\"breadcrumb\":{\"@id\":\"https:\/\/shop.velopa.ch\/fr\/produit\/poubelle-maggiolino\/#breadcrumb\"},\"inLanguage\":\"fr-FR\",\"potentialAction\":[{\"@type\":\"ReadAction\",\"target\":[\"https:\/\/shop.velopa.ch\/fr\/produit\/poubelle-maggiolino\/\"]}]},{\"@type\":\"ImageObject\",\"inLanguage\":\"fr-FR\",\"@id\":\"https:\/\/shop.velopa.ch\/fr\/produit\/poubelle-maggiolino\/#primaryimage\",\"url\":\"https:\/\/shop.velopa.ch\/wp-content\/uploads\/2020\/06\/Maggiolono-Abfallbeh\u00e4lter-1.jpg\",\"contentUrl\":\"https:\/\/shop.velopa.ch\/wp-content\/uploads\/2020\/06\/Maggiolono-Abfallbeh\u00e4lter-1.jpg\",\"width\":600,\"height\":600},{\"@type\":\"BreadcrumbList\",\"@id\":\"https:\/\/shop.velopa.ch\/fr\/produit\/poubelle-maggiolino\/#breadcrumb\",\"itemListElement\":[{\"@type\":\"ListItem\",\"position\":1,\"name\":\"Home\",\"item\":\"https:\/\/shop.velopa.ch\/fr\/\"},{\"@type\":\"ListItem\",\"position\":2,\"name\":\"Shop\",\"item\":\"https:\/\/shop.velopa.ch\/fr\/\"},{\"@type\":\"ListItem\",\"position\":3,\"name\":\"Poubelle MAGGIOLINO\"}]},{\"@type\":\"WebSite\",\"@id\":\"https:\/\/shop.velopa.ch\/#website\",\"url\":\"https:\/\/shop.velopa.ch\/\",\"name\":\"Velopa Shop\",\"description\":\"\",\"potentialAction\":[{\"@type\":\"SearchAction\",\"target\":{\"@type\":\"EntryPoint\",\"urlTemplate\":\"https:\/\/shop.velopa.ch\/?s={search_term_string}\"},\"query-input\":{\"@type\":\"PropertyValueSpecification\",\"valueRequired\":true,\"valueName\":\"search_term_string\"}}],\"inLanguage\":\"fr-FR\"}]}<\/script>\n<!-- \/ Yoast SEO plugin. -->","yoast_head_json":{"title":"Poubelle MAGGIOLINO - Velopa Shop","robots":{"index":"index","follow":"follow","max-snippet":"max-snippet:-1","max-image-preview":"max-image-preview:large","max-video-preview":"max-video-preview:-1"},"canonical":"https:\/\/shop.velopa.ch\/fr\/produit\/poubelle-maggiolino\/","og_locale":"fr_FR","og_type":"article","og_title":"Poubelle MAGGIOLINO - Velopa Shop","og_description":"Version: d\u00e9montable avec toit de protection et bac de vidange Des informations d\u00e9taill\u00e9es Contenu du conteneur \u00e0 d\u00e9chets: 32 litres Type de montage: pour montage mural \/ sur poteau \u00d8 x P x H: 300 x 350 x 590 mm Poids: 9 kg Surface: galvanis\u00e9 \u00e0 chaud Auto-extinguible: non","og_url":"https:\/\/shop.velopa.ch\/fr\/produit\/poubelle-maggiolino\/","og_site_name":"Velopa Shop","og_image":[{"width":600,"height":600,"url":"https:\/\/shop.velopa.ch\/wp-content\/uploads\/2020\/06\/Maggiolono-Abfallbeh\u00e4lter-1.jpg","type":"image\/jpeg"}],"twitter_card":"summary_large_image","schema":{"@context":"https:\/\/schema.org","@graph":[{"@type":"WebPage","@id":"https:\/\/shop.velopa.ch\/fr\/produit\/poubelle-maggiolino\/","url":"https:\/\/shop.velopa.ch\/fr\/produit\/poubelle-maggiolino\/","name":"Poubelle MAGGIOLINO - Velopa Shop","isPartOf":{"@id":"https:\/\/shop.velopa.ch\/#website"},"primaryImageOfPage":{"@id":"https:\/\/shop.velopa.ch\/fr\/produit\/poubelle-maggiolino\/#primaryimage"},"image":{"@id":"https:\/\/shop.velopa.ch\/fr\/produit\/poubelle-maggiolino\/#primaryimage"},"thumbnailUrl":"https:\/\/shop.velopa.ch\/wp-content\/uploads\/2020\/06\/Maggiolono-Abfallbeh\u00e4lter-1.jpg","datePublished":"2020-06-26T09:32:06+00:00","breadcrumb":{"@id":"https:\/\/shop.velopa.ch\/fr\/produit\/poubelle-maggiolino\/#breadcrumb"},"inLanguage":"fr-FR","potentialAction":[{"@type":"ReadAction","target":["https:\/\/shop.velopa.ch\/fr\/produit\/poubelle-maggiolino\/"]}]},{"@type":"ImageObject","inLanguage":"fr-FR","@id":"https:\/\/shop.velopa.ch\/fr\/produit\/poubelle-maggiolino\/#primaryimage","url":"https:\/\/shop.velopa.ch\/wp-content\/uploads\/2020\/06\/Maggiolono-Abfallbeh\u00e4lter-1.jpg","contentUrl":"https:\/\/shop.velopa.ch\/wp-content\/uploads\/2020\/06\/Maggiolono-Abfallbeh\u00e4lter-1.jpg","width":600,"height":600},{"@type":"BreadcrumbList","@id":"https:\/\/shop.velopa.ch\/fr\/produit\/poubelle-maggiolino\/#breadcrumb","itemListElement":[{"@type":"ListItem","position":1,"name":"Home","item":"https:\/\/shop.velopa.ch\/fr\/"},{"@type":"ListItem","position":2,"name":"Shop","item":"https:\/\/shop.velopa.ch\/fr\/"},{"@type":"ListItem","position":3,"name":"Poubelle MAGGIOLINO"}]},{"@type":"WebSite","@id":"https:\/\/shop.velopa.ch\/#website","url":"https:\/\/shop.velopa.ch\/","name":"Velopa Shop","description":"","potentialAction":[{"@type":"SearchAction","target":{"@type":"EntryPoint","urlTemplate":"https:\/\/shop.velopa.ch\/?s={search_term_string}"},"query-input":{"@type":"PropertyValueSpecification","valueRequired":true,"valueName":"search_term_string"}}],"inLanguage":"fr-FR"}]}},"_links":{"self":[{"href":"https:\/\/shop.velopa.ch\/fr\/wp-json\/wp\/v2\/product\/9615","targetHints":{"allow":["GET"]}}],"collection":[{"href":"https:\/\/shop.velopa.ch\/fr\/wp-json\/wp\/v2\/product"}],"about":[{"href":"https:\/\/shop.velopa.ch\/fr\/wp-json\/wp\/v2\/types\/product"}],"wp:featuredmedia":[{"embeddable":true,"href":"https:\/\/shop.velopa.ch\/fr\/wp-json\/wp\/v2\/media\/9628"}],"wp:attachment":[{"href":"https:\/\/shop.velopa.ch\/fr\/wp-json\/wp\/v2\/media?parent=9615"}],"wp:term":[{"taxonomy":"product_brand","embeddable":true,"href":"https:\/\/shop.velopa.ch\/fr\/wp-json\/wp\/v2\/product_brand?post=9615"},{"taxonomy":"product_cat","embeddable":true,"href":"https:\/\/shop.velopa.ch\/fr\/wp-json\/wp\/v2\/product_cat?post=9615"},{"taxonomy":"product_tag","embeddable":true,"href":"https:\/\/shop.velopa.ch\/fr\/wp-json\/wp\/v2\/product_tag?post=9615"}],"curies":[{"name":"wp","href":"https:\/\/api.w.org\/{rel}","templated":true}]}}