{"id":980,"date":"2019-01-01T22:36:31","date_gmt":"2019-01-01T21:36:31","guid":{"rendered":"https:\/\/shop.velopa.ch\/product\/etriers-dappui-cube\/"},"modified":"2022-03-10T15:01:36","modified_gmt":"2022-03-10T15:01:36","slug":"etriers-dappui-cube","status":"publish","type":"product","link":"https:\/\/shop.velopa.ch\/fr\/produit\/etriers-dappui-cube\/","title":{"rendered":"Etriers d&rsquo;appui Cube"},"content":{"rendered":"<p>Un espace de stationnement efficace<\/p>\n<p>L\u2019\u00e9trier d\u2019appui pour v\u00e9lo Cube rev\u00eat une apparence douce tout en sobri\u00e9t\u00e9. Son design discret mais au caract\u00e8re marqu\u00e9 offre une place de stationnement confortable m\u00eame sur une petite surface. Robuste et r\u00e9sistant aux intemp\u00e9ries, cet \u00e9trier d\u2019appui existe en version \u00e0 sceller dans le b\u00e9ton ou \u00e0 cheviller, au choix avec ou sans barre transversale. L\u2019\u00e9trier d\u2019appui Cube est con\u00e7u en acier plat. Si vous souhaitez installer une rang\u00e9e enti\u00e8re de places de stationnement pour v\u00e9los, nous recommandons une distance d\u2019au moins 800 mm entre les \u00e9triers.<\/p>\n<p>Hauteur \u00e0 partir du sol : 850 mm, longueur : 850 mm<br \/>\nDimensions plaques de montage : 80 x 200 mm (\u00e0 visser avec embasse)<br \/>\nProfondeur utile : 250 mm (\u00e0 sceller dans le b\u00e9ton)<br \/>\nTraverse 500 mm \u00e0 partir du sol (en option)<\/p>\n","protected":false},"excerpt":{"rendered":"<p>L\u2019\u00e9trier d\u2019appui pour v\u00e9lo Cube offre une apparence sobre et discr\u00e8te. Ce dispositif s\u2019int\u00e8grera partout et convient parfaitement aux lieux de stationnement restreints.<\/p>\n","protected":false},"featured_media":1373,"template":"","meta":{"_acf_changed":false,"_et_pb_use_builder":"","_et_pb_old_content":"","_et_gb_content_width":""},"product_brand":[],"product_cat":[41],"product_tag":[],"class_list":{"0":"post-980","1":"product","2":"type-product","3":"status-publish","4":"has-post-thumbnail","6":"product_cat-etriers-dappui","7":"product_shipping_class-versand-per-lkw-fr","9":"first","10":"instock","11":"taxable","12":"shipping-taxable","13":"purchasable","14":"product-type-variable"},"exclude_global_add_ons":[],"addons":[],"acf":[],"yoast_head":"<!-- This site is optimized with the Yoast SEO plugin v27.2 - https:\/\/yoast.com\/product\/yoast-seo-wordpress\/ -->\n<title>Etriers d&#039;appui Cube - Velopa Shop<\/title>\n<meta name=\"robots\" content=\"index, follow, max-snippet:-1, max-image-preview:large, max-video-preview:-1\" \/>\n<link rel=\"canonical\" href=\"https:\/\/shop.velopa.ch\/fr\/produit\/etriers-dappui-cube\/\" \/>\n<meta property=\"og:locale\" content=\"fr_FR\" \/>\n<meta property=\"og:type\" content=\"article\" \/>\n<meta property=\"og:title\" content=\"Etriers d&#039;appui Cube - Velopa Shop\" \/>\n<meta property=\"og:description\" content=\"L\u2019\u00e9trier d\u2019appui pour v\u00e9lo Cube offre une apparence sobre et discr\u00e8te. Ce dispositif s\u2019int\u00e8grera partout et convient parfaitement aux lieux de stationnement restreints.\" \/>\n<meta property=\"og:url\" content=\"https:\/\/shop.velopa.ch\/fr\/produit\/etriers-dappui-cube\/\" \/>\n<meta property=\"og:site_name\" content=\"Velopa Shop\" \/>\n<meta property=\"article:modified_time\" content=\"2022-03-10T15:01:36+00:00\" \/>\n<meta property=\"og:image\" content=\"https:\/\/shop.velopa.ch\/wp-content\/uploads\/2019\/01\/Cube.jpg\" \/>\n\t<meta property=\"og:image:width\" content=\"600\" \/>\n\t<meta property=\"og:image:height\" content=\"600\" \/>\n\t<meta property=\"og:image:type\" content=\"image\/jpeg\" \/>\n<meta name=\"twitter:card\" content=\"summary_large_image\" \/>\n<meta name=\"twitter:label1\" content=\"Dur\u00e9e de lecture estim\u00e9e\" \/>\n\t<meta name=\"twitter:data1\" content=\"1 minute\" \/>\n<script type=\"application\/ld+json\" class=\"yoast-schema-graph\">{\"@context\":\"https:\/\/schema.org\",\"@graph\":[{\"@type\":\"WebPage\",\"@id\":\"https:\/\/shop.velopa.ch\/fr\/produit\/etriers-dappui-cube\/\",\"url\":\"https:\/\/shop.velopa.ch\/fr\/produit\/etriers-dappui-cube\/\",\"name\":\"Etriers d'appui Cube - Velopa Shop\",\"isPartOf\":{\"@id\":\"https:\/\/shop.velopa.ch\/#website\"},\"primaryImageOfPage\":{\"@id\":\"https:\/\/shop.velopa.ch\/fr\/produit\/etriers-dappui-cube\/#primaryimage\"},\"image\":{\"@id\":\"https:\/\/shop.velopa.ch\/fr\/produit\/etriers-dappui-cube\/#primaryimage\"},\"thumbnailUrl\":\"https:\/\/shop.velopa.ch\/wp-content\/uploads\/2019\/01\/Cube.jpg\",\"datePublished\":\"2019-01-01T21:36:31+00:00\",\"dateModified\":\"2022-03-10T15:01:36+00:00\",\"breadcrumb\":{\"@id\":\"https:\/\/shop.velopa.ch\/fr\/produit\/etriers-dappui-cube\/#breadcrumb\"},\"inLanguage\":\"fr-FR\",\"potentialAction\":[{\"@type\":\"ReadAction\",\"target\":[\"https:\/\/shop.velopa.ch\/fr\/produit\/etriers-dappui-cube\/\"]}]},{\"@type\":\"ImageObject\",\"inLanguage\":\"fr-FR\",\"@id\":\"https:\/\/shop.velopa.ch\/fr\/produit\/etriers-dappui-cube\/#primaryimage\",\"url\":\"https:\/\/shop.velopa.ch\/wp-content\/uploads\/2019\/01\/Cube.jpg\",\"contentUrl\":\"https:\/\/shop.velopa.ch\/wp-content\/uploads\/2019\/01\/Cube.jpg\",\"width\":600,\"height\":600},{\"@type\":\"BreadcrumbList\",\"@id\":\"https:\/\/shop.velopa.ch\/fr\/produit\/etriers-dappui-cube\/#breadcrumb\",\"itemListElement\":[{\"@type\":\"ListItem\",\"position\":1,\"name\":\"Home\",\"item\":\"https:\/\/shop.velopa.ch\/fr\/\"},{\"@type\":\"ListItem\",\"position\":2,\"name\":\"Shop\",\"item\":\"https:\/\/shop.velopa.ch\/fr\/\"},{\"@type\":\"ListItem\",\"position\":3,\"name\":\"Etriers d&rsquo;appui Cube\"}]},{\"@type\":\"WebSite\",\"@id\":\"https:\/\/shop.velopa.ch\/#website\",\"url\":\"https:\/\/shop.velopa.ch\/\",\"name\":\"Velopa Shop\",\"description\":\"\",\"potentialAction\":[{\"@type\":\"SearchAction\",\"target\":{\"@type\":\"EntryPoint\",\"urlTemplate\":\"https:\/\/shop.velopa.ch\/?s={search_term_string}\"},\"query-input\":{\"@type\":\"PropertyValueSpecification\",\"valueRequired\":true,\"valueName\":\"search_term_string\"}}],\"inLanguage\":\"fr-FR\"}]}<\/script>\n<!-- \/ Yoast SEO plugin. -->","yoast_head_json":{"title":"Etriers d'appui Cube - Velopa Shop","robots":{"index":"index","follow":"follow","max-snippet":"max-snippet:-1","max-image-preview":"max-image-preview:large","max-video-preview":"max-video-preview:-1"},"canonical":"https:\/\/shop.velopa.ch\/fr\/produit\/etriers-dappui-cube\/","og_locale":"fr_FR","og_type":"article","og_title":"Etriers d'appui Cube - Velopa Shop","og_description":"L\u2019\u00e9trier d\u2019appui pour v\u00e9lo Cube offre une apparence sobre et discr\u00e8te. Ce dispositif s\u2019int\u00e8grera partout et convient parfaitement aux lieux de stationnement restreints.","og_url":"https:\/\/shop.velopa.ch\/fr\/produit\/etriers-dappui-cube\/","og_site_name":"Velopa Shop","article_modified_time":"2022-03-10T15:01:36+00:00","og_image":[{"width":600,"height":600,"url":"https:\/\/shop.velopa.ch\/wp-content\/uploads\/2019\/01\/Cube.jpg","type":"image\/jpeg"}],"twitter_card":"summary_large_image","twitter_misc":{"Dur\u00e9e de lecture estim\u00e9e":"1 minute"},"schema":{"@context":"https:\/\/schema.org","@graph":[{"@type":"WebPage","@id":"https:\/\/shop.velopa.ch\/fr\/produit\/etriers-dappui-cube\/","url":"https:\/\/shop.velopa.ch\/fr\/produit\/etriers-dappui-cube\/","name":"Etriers d'appui Cube - Velopa Shop","isPartOf":{"@id":"https:\/\/shop.velopa.ch\/#website"},"primaryImageOfPage":{"@id":"https:\/\/shop.velopa.ch\/fr\/produit\/etriers-dappui-cube\/#primaryimage"},"image":{"@id":"https:\/\/shop.velopa.ch\/fr\/produit\/etriers-dappui-cube\/#primaryimage"},"thumbnailUrl":"https:\/\/shop.velopa.ch\/wp-content\/uploads\/2019\/01\/Cube.jpg","datePublished":"2019-01-01T21:36:31+00:00","dateModified":"2022-03-10T15:01:36+00:00","breadcrumb":{"@id":"https:\/\/shop.velopa.ch\/fr\/produit\/etriers-dappui-cube\/#breadcrumb"},"inLanguage":"fr-FR","potentialAction":[{"@type":"ReadAction","target":["https:\/\/shop.velopa.ch\/fr\/produit\/etriers-dappui-cube\/"]}]},{"@type":"ImageObject","inLanguage":"fr-FR","@id":"https:\/\/shop.velopa.ch\/fr\/produit\/etriers-dappui-cube\/#primaryimage","url":"https:\/\/shop.velopa.ch\/wp-content\/uploads\/2019\/01\/Cube.jpg","contentUrl":"https:\/\/shop.velopa.ch\/wp-content\/uploads\/2019\/01\/Cube.jpg","width":600,"height":600},{"@type":"BreadcrumbList","@id":"https:\/\/shop.velopa.ch\/fr\/produit\/etriers-dappui-cube\/#breadcrumb","itemListElement":[{"@type":"ListItem","position":1,"name":"Home","item":"https:\/\/shop.velopa.ch\/fr\/"},{"@type":"ListItem","position":2,"name":"Shop","item":"https:\/\/shop.velopa.ch\/fr\/"},{"@type":"ListItem","position":3,"name":"Etriers d&rsquo;appui Cube"}]},{"@type":"WebSite","@id":"https:\/\/shop.velopa.ch\/#website","url":"https:\/\/shop.velopa.ch\/","name":"Velopa Shop","description":"","potentialAction":[{"@type":"SearchAction","target":{"@type":"EntryPoint","urlTemplate":"https:\/\/shop.velopa.ch\/?s={search_term_string}"},"query-input":{"@type":"PropertyValueSpecification","valueRequired":true,"valueName":"search_term_string"}}],"inLanguage":"fr-FR"}]}},"_links":{"self":[{"href":"https:\/\/shop.velopa.ch\/fr\/wp-json\/wp\/v2\/product\/980","targetHints":{"allow":["GET"]}}],"collection":[{"href":"https:\/\/shop.velopa.ch\/fr\/wp-json\/wp\/v2\/product"}],"about":[{"href":"https:\/\/shop.velopa.ch\/fr\/wp-json\/wp\/v2\/types\/product"}],"wp:featuredmedia":[{"embeddable":true,"href":"https:\/\/shop.velopa.ch\/fr\/wp-json\/wp\/v2\/media\/1373"}],"wp:attachment":[{"href":"https:\/\/shop.velopa.ch\/fr\/wp-json\/wp\/v2\/media?parent=980"}],"wp:term":[{"taxonomy":"product_brand","embeddable":true,"href":"https:\/\/shop.velopa.ch\/fr\/wp-json\/wp\/v2\/product_brand?post=980"},{"taxonomy":"product_cat","embeddable":true,"href":"https:\/\/shop.velopa.ch\/fr\/wp-json\/wp\/v2\/product_cat?post=980"},{"taxonomy":"product_tag","embeddable":true,"href":"https:\/\/shop.velopa.ch\/fr\/wp-json\/wp\/v2\/product_tag?post=980"}],"curies":[{"name":"wp","href":"https:\/\/api.w.org\/{rel}","templated":true}]}}